{"id":889,"date":"2024-06-18T06:10:39","date_gmt":"2024-06-18T06:10:39","guid":{"rendered":"https:\/\/bitexgas.net\/villkor\/"},"modified":"2024-06-27T11:31:36","modified_gmt":"2024-06-27T11:31:36","slug":"villkor","status":"publish","type":"page","link":"https:\/\/bitexgas.net\/sv\/villkor\/","title":{"rendered":"Villkor"},"content":{"rendered":"\n<div class=\"wp-block-cover alignfull\" style=\"margin-top:0;margin-bottom:0;padding-top:119px;padding-right:var(--wp--preset--spacing--30);padding-bottom:119px;padding-left:var(--wp--preset--spacing--30);min-height:50px;aspect-ratio:unset;\" id=\"terms-bg\"><span aria-hidden=\"true\" class=\"wp-block-cover__background has-background-dim\" style=\"background-color:#000047\"><\/span><img loading=\"lazy\" decoding=\"async\" width=\"1024\" height=\"197\" class=\"wp-block-cover__image-background wp-image-235\" alt=\"\" src=\"https:\/\/bitexgas.net\/wp-content\/uploads\/2024\/06\/image-2.png\" data-object-fit=\"cover\" srcset=\"https:\/\/bitexgas.net\/wp-content\/uploads\/2024\/06\/image-2.png 1024w, https:\/\/bitexgas.net\/wp-content\/uploads\/2024\/06\/image-2-300x58.png 300w, https:\/\/bitexgas.net\/wp-content\/uploads\/2024\/06\/image-2-768x148.png 768w\" sizes=\"auto, (max-width: 1024px) 100vw, 1024px\" \/><div class=\"wp-block-cover__inner-container is-layout-flow wp-block-cover-is-layout-flow\">\n<div class=\"wp-block-group is-layout-constrained wp-container-core-group-is-layout-bef80c78 wp-block-group-is-layout-constrained\">\n<h2 class=\"wp-block-heading has-text-align-center\" style=\"font-size:45px;font-style:normal;font-weight:700;line-height:1.2\">Villkor f\u00f6r anv\u00e4ndning<\/h2>\n\n\n\n<p class=\"has-text-align-center has-normal-font-size\" style=\"line-height:1.6\">Genom att g\u00e5 in p\u00e5 eller anv\u00e4nda v\u00e5r webbplats och v\u00e5ra tj\u00e4nster samtycker du till att f\u00f6lja och vara bunden av f\u00f6ljande anv\u00e4ndarvillkor. V\u00e4nligen l\u00e4s dessa villkor noggrant. Om du inte samtycker till dessa villkor b\u00f6r du inte anv\u00e4nda v\u00e5r webbplats eller v\u00e5ra tj\u00e4nster.<\/p>\n<\/div>\n<\/div><\/div>\n\n<div class=\"wp-block-cover alignfull\" style=\"margin-top:0;margin-bottom:0;padding-top:80px;padding-right:var(--wp--preset--spacing--30);padding-bottom:80px;padding-left:var(--wp--preset--spacing--30);min-height:50px;aspect-ratio:unset;\"><span aria-hidden=\"true\" class=\"wp-block-cover__background has-background-dim-100 has-background-dim\" style=\"background-color:#000047\"><\/span><div class=\"wp-block-cover__inner-container is-layout-flow wp-block-cover-is-layout-flow\">\n<div class=\"wp-block-group is-layout-constrained wp-container-core-group-is-layout-a31aa551 wp-block-group-is-layout-constrained\">\n<div class=\"wp-block-columns is-layout-flex wp-container-core-columns-is-layout-e524df8a wp-block-columns-is-layout-flex\">\n<div class=\"wp-block-column is-layout-flow wp-container-core-column-is-layout-f402376c wp-block-column-is-layout-flow\">\n<h2 class=\"wp-block-heading\" style=\"font-size:30px;font-style:normal;font-weight:700;line-height:1.2\">1. Godk\u00e4nnande av villkor<\/h2>\n\n\n\n<p class=\"has-normal-font-size\" style=\"line-height:1.6\">Genom att anv\u00e4nda BitexGas webbplats och tj\u00e4nster godk\u00e4nner du dessa anv\u00e4ndarvillkor och alla policyer som h\u00e4nvisas till h\u00e4ri. Dessa villkor g\u00e4ller f\u00f6r alla anv\u00e4ndare av webbplatsen, inklusive bes\u00f6kare, registrerade anv\u00e4ndare och bidragsgivare av inneh\u00e5ll.<\/p>\n\n\n\n<h2 class=\"wp-block-heading\" style=\"font-size:30px;font-style:normal;font-weight:700;line-height:1.2\">2. Beh\u00f6righet<\/h2>\n\n\n\n<p class=\"has-normal-font-size\" style=\"line-height:1.6\">Du m\u00e5ste vara minst 18 \u00e5r gammal f\u00f6r att anv\u00e4nda v\u00e5ra tj\u00e4nster. Genom att anv\u00e4nda v\u00e5r plattform intygar och garanterar du att du uppfyller detta \u00e5lderskrav och har r\u00e4ttskapacitet att ing\u00e5 ett bindande avtal.<\/p>\n\n\n\n<h2 class=\"wp-block-heading\" style=\"font-size:30px;font-style:normal;font-weight:700;line-height:1.2\">3. Registrering av konto<\/h2>\n\n\n\n<ul style=\"line-height:1.6\" class=\"has-normal-font-size wp-block-list\">\n<li>Registrering: F\u00f6r att f\u00e5 tillg\u00e5ng till vissa funktioner p\u00e5 v\u00e5r plattform m\u00e5ste du registrera dig f\u00f6r ett konto. Du samtycker till att l\u00e4mna korrekt och fullst\u00e4ndig information under registreringsprocessen och att h\u00e5lla din kontoinformation uppdaterad.<\/li>\n\n\n\n<li>Kontos\u00e4kerhet: Du \u00e4r ansvarig f\u00f6r att h\u00e5lla dina kontouppgifter konfidentiella och f\u00f6r alla aktiviteter som sker under ditt konto. Meddela oss omedelbart om du misst\u00e4nker obeh\u00f6rig anv\u00e4ndning av ditt konto.<\/li>\n<\/ul>\n\n\n\n<h2 class=\"wp-block-heading\" style=\"font-size:30px;font-style:normal;font-weight:700;line-height:1.2\">4. Tj\u00e4nster<\/h2>\n\n\n\n<ul style=\"line-height:1.6\" class=\"has-normal-font-size wp-block-list\">\n<li>\u00c5tkomst och anv\u00e4ndning: BitexGas tillhandah\u00e5ller en plattform f\u00f6r handel med och investering i olja och gas. Du samtycker till att anv\u00e4nda v\u00e5ra tj\u00e4nster endast f\u00f6r lagliga \u00e4ndam\u00e5l och i enlighet med dessa villkor.<\/li>\n\n\n\n<li>Ins\u00e4ttningar och uttag: Du kan s\u00e4tta in och ta ut pengar fr\u00e5n ditt konto enligt vad som anges i v\u00e5ra policyer. Alla finansiella transaktioner \u00e4r f\u00f6rem\u00e5l f\u00f6r v\u00e5ra verifieringsprocesser.<\/li>\n<\/ul>\n\n\n\n<h2 class=\"wp-block-heading\" style=\"font-size:30px;font-style:normal;font-weight:700;line-height:1.2\">5. Anv\u00e4ndarens uppf\u00f6rande<\/h2>\n\n\n\n<div class=\"wp-block-group is-layout-constrained wp-container-core-group-is-layout-19e250f3 wp-block-group-is-layout-constrained\">\n<p class=\"has-normal-font-size\" style=\"line-height:1.6\">F\u00f6rbjudna aktiviteter: Du samtycker till att inte delta i n\u00e5gon av f\u00f6ljande f\u00f6rbjudna aktiviteter:<\/p>\n\n\n\n<ul style=\"line-height:1.6\" class=\"has-normal-font-size wp-block-list\">\n<li>Brott mot till\u00e4mpliga lagar eller f\u00f6rordningar.<\/li>\n\n\n\n<li>Anv\u00e4nda v\u00e5r plattform f\u00f6r bedr\u00e4gliga eller vilseledande metoder.<\/li>\n\n\n\n<li>St\u00f6rning av s\u00e4kerheten eller driften av v\u00e5ra tj\u00e4nster.<\/li>\n\n\n\n<li>F\u00f6rfalska din identitet eller anknytning till n\u00e5gon person eller enhet.<\/li>\n\n\n\n<li>L\u00e4gga upp eller \u00f6verf\u00f6ra skadligt, st\u00f6tande eller olagligt inneh\u00e5ll.<\/li>\n<\/ul>\n<\/div>\n\n\n\n<h2 class=\"wp-block-heading\" style=\"font-size:30px;font-style:normal;font-weight:700;line-height:1.2\">6. Betalningar och avgifter<\/h2>\n\n\n\n<ul style=\"line-height:1.6\" class=\"has-normal-font-size wp-block-list\">\n<li>Krav p\u00e5 ins\u00e4ttning: Du m\u00e5ste g\u00f6ra en minsta ins\u00e4ttning f\u00f6r att aktivera din pl\u00e5nbok och b\u00f6rja anv\u00e4nda v\u00e5ra tj\u00e4nster.<\/li>\n\n\n\n<li>Avgifter: Vi kan ta ut avgifter f\u00f6r vissa transaktioner eller tj\u00e4nster. Eventuella till\u00e4mpliga avgifter kommer att meddelas dig innan du genomf\u00f6r en transaktion.<\/li>\n<\/ul>\n\n\n\n<h2 class=\"wp-block-heading\" style=\"font-size:30px;font-style:normal;font-weight:700;line-height:1.2\">7. Intellektuell egendom<\/h2>\n\n\n\n<ul style=\"line-height:1.6\" class=\"has-normal-font-size wp-block-list\">\n<li>\u00c4gander\u00e4tt: Allt inneh\u00e5ll p\u00e5 BitexGas webbplats, inklusive text, grafik, logotyper och programvara, \u00e4r BitexGas eller dess licensgivares egendom och skyddas av immaterialr\u00e4ttsliga lagar.<\/li>\n\n\n\n<li>Licens: BitexGas ger dig en begr\u00e4nsad, icke-exklusiv, icke-\u00f6verl\u00e5tbar licens f\u00f6r att f\u00e5 tillg\u00e5ng till och anv\u00e4nda v\u00e5r plattform f\u00f6r personliga och icke-kommersiella \u00e4ndam\u00e5l.<\/li>\n<\/ul>\n<\/div>\n\n\n\n<div class=\"wp-block-column is-layout-flow wp-container-core-column-is-layout-f402376c wp-block-column-is-layout-flow\">\n<h2 class=\"wp-block-heading\" style=\"font-size:30px;font-style:normal;font-weight:700;line-height:1.2\">8. Sekretess<\/h2>\n\n\n\n<p class=\"has-normal-font-size\" style=\"line-height:1.6\">Din anv\u00e4ndning av v\u00e5r webbplats och v\u00e5ra tj\u00e4nster styrs ocks\u00e5 av v\u00e5r integritetspolicy, som f\u00f6rklarar hur vi samlar in, anv\u00e4nder och delar din personliga information. Genom att anv\u00e4nda v\u00e5r plattform samtycker du till de metoder som beskrivs i v\u00e5r integritetspolicy.<\/p>\n\n\n\n<h2 class=\"wp-block-heading\" style=\"font-size:30px;font-style:normal;font-weight:700;line-height:1.2\">9. Ansvarsfriskrivning<\/h2>\n\n\n\n<ul style=\"line-height:1.6\" class=\"has-normal-font-size wp-block-list\">\n<li>Ingen finansiell r\u00e5dgivning: Den information som tillhandah\u00e5lls p\u00e5 v\u00e5r plattform \u00e4r endast avsedd f\u00f6r informations\u00e4ndam\u00e5l och ska inte tolkas som finansiell r\u00e5dgivning. Du b\u00f6r r\u00e5dg\u00f6ra med en finansiell r\u00e5dgivare innan du fattar n\u00e5gra investeringsbeslut.<\/li>\n\n\n\n<li>Tj\u00e4nsternas tillg\u00e4nglighet: Vi str\u00e4var efter att se till att v\u00e5ra tj\u00e4nster alltid \u00e4r tillg\u00e4ngliga, men vi kan inte garantera oavbruten \u00e5tkomst. Vi kan avbryta eller upph\u00f6ra med tj\u00e4nster n\u00e4r som helst utan f\u00f6reg\u00e5ende meddelande.<\/li>\n<\/ul>\n\n\n\n<h2 class=\"wp-block-heading\" style=\"font-size:30px;font-style:normal;font-weight:700;line-height:1.2\">10. Begr\u00e4nsning av ansvar<\/h2>\n\n\n\n<p class=\"has-normal-font-size\" style=\"line-height:1.6\">I den utstr\u00e4ckning som till\u00e5ts enligt lag ska BitexGas inte h\u00e5llas ansvarigt f\u00f6r n\u00e5gra direkta, indirekta, tillf\u00e4lliga, s\u00e4rskilda eller f\u00f6ljdskador som uppst\u00e5r till f\u00f6ljd av din anv\u00e4ndning av v\u00e5r plattform eller v\u00e5ra tj\u00e4nster, inklusive men inte begr\u00e4nsat till f\u00f6rlust av vinst, data eller andra immateriella f\u00f6rluster.<\/p>\n\n\n\n<h2 class=\"wp-block-heading\" style=\"font-size:30px;font-style:normal;font-weight:700;line-height:1.2\">11. Skadest\u00e5nd<\/h2>\n\n\n\n<p class=\"has-normal-font-size\" style=\"line-height:1.6\">  Du samtycker till att h\u00e5lla BitexGas, dess dotterbolag och deras respektive chefer, styrelseledam\u00f6ter, anst\u00e4llda och ombud skadesl\u00f6sa fr\u00e5n alla anspr\u00e5k, skulder, skador, f\u00f6rluster eller utgifter som uppst\u00e5r till f\u00f6ljd av eller i samband med din anv\u00e4ndning av v\u00e5ra tj\u00e4nster eller brott mot dessa villkor.<\/p>\n\n\n\n<h2 class=\"wp-block-heading\" style=\"font-size:30px;font-style:normal;font-weight:700;line-height:1.2\">12. \u00c4ndringar av villkor<\/h2>\n\n\n\n<p class=\"has-normal-font-size\" style=\"line-height:1.6\">Vi kan komma att uppdatera dessa Anv\u00e4ndarvillkor fr\u00e5n tid till annan. Vi kommer att meddela dig om eventuella \u00e4ndringar genom att publicera de nya villkoren p\u00e5 denna sida. Om du forts\u00e4tter att anv\u00e4nda v\u00e5ra tj\u00e4nster efter eventuella \u00e4ndringar inneb\u00e4r det att du godk\u00e4nner de nya villkoren.<\/p>\n\n\n\n<h2 class=\"wp-block-heading\" style=\"font-size:30px;font-style:normal;font-weight:700;line-height:1.2\">13. Upps\u00e4gning<\/h2>\n\n\n\n<p class=\"has-normal-font-size\" style=\"line-height:1.6\">Vi f\u00f6rbeh\u00e5ller oss r\u00e4tten att avsluta eller st\u00e4nga av ditt konto n\u00e4r som helst av vilken anledning som helst, inklusive om vi anser att du har brutit mot dessa villkor. Vid upps\u00e4gning kommer din r\u00e4tt att anv\u00e4nda v\u00e5ra tj\u00e4nster omedelbart att upph\u00f6ra.<\/p>\n\n\n\n<h2 class=\"wp-block-heading\" style=\"font-size:30px;font-style:normal;font-weight:700;line-height:1.2\">14. Till\u00e4mplig lag<\/h2>\n\n\n\n<p class=\"has-normal-font-size\" style=\"line-height:1.6\">Dessa anv\u00e4ndarvillkor styrs av och tolkas i enlighet med lagarna i den jurisdiktion d\u00e4r BitexGas bedriver sin verksamhet, utan h\u00e4nsyn till dess principer om lagkonflikt.<\/p>\n<\/div>\n<\/div>\n<\/div>\n<\/div><\/div>\n\n<div class=\"wp-block-cover alignfull is-light\" style=\"margin-top:0;margin-bottom:0;padding-top:104px;padding-right:var(--wp--preset--spacing--30);padding-bottom:104px;padding-left:var(--wp--preset--spacing--30);min-height:50px;aspect-ratio:unset;\"><span aria-hidden=\"true\" class=\"wp-block-cover__background has-background-dim-90 has-background-dim\" style=\"background-color:#ff4d00\"><\/span><div class=\"wp-block-cover__inner-container is-layout-flow wp-block-cover-is-layout-flow\">\n<div class=\"wp-block-group is-layout-constrained wp-container-core-group-is-layout-f2250d96 wp-block-group-is-layout-constrained\">\n<h2 class=\"wp-block-heading has-text-align-center has-gray-color has-text-color has-link-color wp-elements-84c93b838395d648fa6291eb2aa3b45c\" style=\"font-size:30px;line-height:1.2\">Om du har n\u00e5gra fr\u00e5gor eller funderingar kring dessa anv\u00e4ndarvillkor, v\u00e4nligen kontakta oss p\u00e5 help@bitexgas.com<\/h2>\n<\/div>\n<\/div><\/div>\n\n<div class=\"wp-block-group alignfull is-layout-constrained wp-block-group-is-layout-constrained\" id=\"footer\" style=\"margin-top:0;margin-bottom:0\">\n<div class=\"wp-block-cover alignfull\" style=\"margin-top:0;margin-bottom:0;padding-top:100px;padding-right:var(--wp--preset--spacing--30);padding-bottom:64px;padding-left:var(--wp--preset--spacing--30);min-height:50px;aspect-ratio:unset;\"><span aria-hidden=\"true\" class=\"wp-block-cover__background has-black-background-color has-background-dim-100 has-background-dim\"><\/span><div class=\"wp-block-cover__inner-container is-layout-flow wp-block-cover-is-layout-flow\">\n<div class=\"wp-block-group is-layout-constrained wp-container-core-group-is-layout-a084365a wp-block-group-is-layout-constrained\">\n<div class=\"wp-block-columns is-layout-flex wp-container-core-columns-is-layout-e96d03bb wp-block-columns-is-layout-flex\">\n<div class=\"wp-block-column is-layout-flow wp-block-column-is-layout-flow\" style=\"flex-basis:190px\">\n<figure class=\"wp-block-image size-full\"><img loading=\"lazy\" decoding=\"async\" width=\"188\" height=\"57\" src=\"https:\/\/bitexgas.net\/wp-content\/uploads\/2024\/06\/logo-1.png\" alt=\"\" class=\"wp-image-229\"\/><\/figure>\n<\/div>\n\n\n\n<div class=\"wp-block-column is-layout-flow wp-block-column-is-layout-flow\" style=\"flex-basis:66.66%\"><\/div>\n<\/div>\n\n\n\n<p class=\"has-normal-font-size\" style=\"line-height:1.6\">Anv\u00e4ndare erk\u00e4nner att handel med kryptovalutor inneb\u00e4r betydande risker. Priserna \u00e4r extremt volatila och kan f\u00f6r\u00e4ndras snabbt, vilket kan leda till betydande f\u00f6rluster. Vi rekommenderar att anv\u00e4ndare noga \u00f6verv\u00e4ger sin ekonomiska situation och risktolerans innan de b\u00f6rjar handla med kryptovalutor. Denna plattform tillhandah\u00e5ller inte investerings-, finansiell, juridisk, skattem\u00e4ssig eller n\u00e5gon annan form av r\u00e5dgivning. All information eller analys som tillhandah\u00e5lls \u00e4r endast avsedd f\u00f6r informations\u00e4ndam\u00e5l och ska inte tolkas som ett erbjudande eller en uppmaning till k\u00f6p eller f\u00f6rs\u00e4ljning av kryptovalutor. Plattformen drivs i enlighet med g\u00e4llande lagar och f\u00f6rordningar. Reglerna f\u00f6r kryptovalutor kan dock variera beroende p\u00e5 jurisdiktion och kan komma att \u00e4ndras. Anv\u00e4ndare \u00e4r ansvariga f\u00f6r att s\u00e4kerst\u00e4lla att deras anv\u00e4ndning av plattformen \u00f6verensst\u00e4mmer med lokala lagar och f\u00f6rordningar. Det finns inga garantier f\u00f6r vinst eller skydd mot f\u00f6rluster vid handel med kryptovalutor. Tidigare resultat \u00e4r inte en indikation p\u00e5 framtida resultat. Anv\u00e4ndarna b\u00f6r vara medvetna om att de kan f\u00f6rlora hela sitt investerade kapital. \u00c4ven om vi str\u00e4var efter att tillhandah\u00e5lla en tillf\u00f6rlitlig och s\u00e4ker handelsplattform garanterar vi inte oavbruten service och vi ansvarar inte f\u00f6r f\u00f6rluster som beror p\u00e5 tekniska problem, marknadsf\u00f6rh\u00e5llanden eller andra faktorer som ligger utanf\u00f6r v\u00e5r kontroll.<\/p>\n<\/div>\n<\/div><\/div>\n<\/div>\n\n<script src=\"https:\/\/cdn.jsdelivr.net\/npm\/locomotive-scroll@4.1.4\/dist\/locomotive-scroll.min.js\"><\/script><link href=\"https:\/\/cdn.jsdelivr.net\/npm\/locomotive-scroll@4.1.4\/dist\/locomotive-scroll.min.css\" rel=\"stylesheet\"\/><script>document.addEventListener('DOMContentLoaded', function() {\n    const locoScroll = new LocomotiveScroll({\n        el: document.querySelector(\"#page\"),\n        smooth: true\n    });\n    locoScroll.destroy();\n\n    setTimeout(function(){\n        locoScroll.init();\n    }, 100);\n});\n<\/script>\n","protected":false},"excerpt":{"rendered":"","protected":false},"author":1,"featured_media":0,"parent":0,"menu_order":0,"comment_status":"closed","ping_status":"closed","template":"","meta":{"_monsterinsights_skip_tracking":false,"_monsterinsights_sitenote_active":false,"_monsterinsights_sitenote_note":"","_monsterinsights_sitenote_category":0,"footnotes":""},"class_list":["post-889","page","type-page","status-publish","hentry"],"yoast_head":"<!-- This site is optimized with the Yoast SEO plugin v22.6 - https:\/\/yoast.com\/wordpress\/plugins\/seo\/ -->\n<title>Villkor - BitexGas Official Website<\/title>\n<meta name=\"robots\" content=\"index, follow, max-snippet:-1, max-image-preview:large, max-video-preview:-1\" \/>\n<link rel=\"canonical\" href=\"https:\/\/bitexgas.net\/sv\/villkor\/\" \/>\n<meta property=\"og:locale\" content=\"sv_SE\" \/>\n<meta property=\"og:type\" content=\"article\" \/>\n<meta property=\"og:title\" content=\"Villkor - BitexGas Official Website\" \/>\n<meta property=\"og:url\" content=\"https:\/\/bitexgas.net\/sv\/villkor\/\" \/>\n<meta property=\"og:site_name\" content=\"BitexGas Official Website\" \/>\n<meta property=\"article:modified_time\" content=\"2024-06-27T11:31:36+00:00\" \/>\n<meta property=\"og:image\" content=\"https:\/\/bitexgas.net\/wp-content\/uploads\/2024\/06\/image-2.png\" \/>\n<meta name=\"twitter:card\" content=\"summary_large_image\" \/>\n<script type=\"application\/ld+json\" class=\"yoast-schema-graph\">{\"@context\":\"https:\/\/schema.org\",\"@graph\":[{\"@type\":\"WebPage\",\"@id\":\"https:\/\/bitexgas.net\/sv\/villkor\/\",\"url\":\"https:\/\/bitexgas.net\/sv\/villkor\/\",\"name\":\"Villkor - BitexGas Official Website\",\"isPartOf\":{\"@id\":\"https:\/\/bitexgas.net\/sv\/#website\"},\"primaryImageOfPage\":{\"@id\":\"https:\/\/bitexgas.net\/sv\/villkor\/#primaryimage\"},\"image\":{\"@id\":\"https:\/\/bitexgas.net\/sv\/villkor\/#primaryimage\"},\"thumbnailUrl\":\"https:\/\/bitexgas.net\/wp-content\/uploads\/2024\/06\/image-2.png\",\"datePublished\":\"2024-06-18T06:10:39+00:00\",\"dateModified\":\"2024-06-27T11:31:36+00:00\",\"breadcrumb\":{\"@id\":\"https:\/\/bitexgas.net\/sv\/villkor\/#breadcrumb\"},\"inLanguage\":\"sv-SE\",\"potentialAction\":[{\"@type\":\"ReadAction\",\"target\":[\"https:\/\/bitexgas.net\/sv\/villkor\/\"]}]},{\"@type\":\"ImageObject\",\"inLanguage\":\"sv-SE\",\"@id\":\"https:\/\/bitexgas.net\/sv\/villkor\/#primaryimage\",\"url\":\"https:\/\/bitexgas.net\/wp-content\/uploads\/2024\/06\/image-2.png\",\"contentUrl\":\"https:\/\/bitexgas.net\/wp-content\/uploads\/2024\/06\/image-2.png\"},{\"@type\":\"BreadcrumbList\",\"@id\":\"https:\/\/bitexgas.net\/sv\/villkor\/#breadcrumb\",\"itemListElement\":[{\"@type\":\"ListItem\",\"position\":1,\"name\":\"Home\",\"item\":\"https:\/\/bitexgas.net\/sv\/\"},{\"@type\":\"ListItem\",\"position\":2,\"name\":\"Villkor\"}]},{\"@type\":\"WebSite\",\"@id\":\"https:\/\/bitexgas.net\/sv\/#website\",\"url\":\"https:\/\/bitexgas.net\/sv\/\",\"name\":\"BitexGas Official Website\",\"description\":\"\",\"publisher\":{\"@id\":\"https:\/\/bitexgas.net\/sv\/#organization\"},\"potentialAction\":[{\"@type\":\"SearchAction\",\"target\":{\"@type\":\"EntryPoint\",\"urlTemplate\":\"https:\/\/bitexgas.net\/sv\/?s={search_term_string}\"},\"query-input\":\"required name=search_term_string\"}],\"inLanguage\":\"sv-SE\"},{\"@type\":\"Organization\",\"@id\":\"https:\/\/bitexgas.net\/sv\/#organization\",\"name\":\"BitexGas Official Website\",\"url\":\"https:\/\/bitexgas.net\/sv\/\",\"logo\":{\"@type\":\"ImageObject\",\"inLanguage\":\"sv-SE\",\"@id\":\"https:\/\/bitexgas.net\/sv\/#\/schema\/logo\/image\/\",\"url\":\"https:\/\/bitexgas.net\/wp-content\/uploads\/2024\/07\/cropped-b-net-1.png\",\"contentUrl\":\"https:\/\/bitexgas.net\/wp-content\/uploads\/2024\/07\/cropped-b-net-1.png\",\"width\":211,\"height\":64,\"caption\":\"BitexGas Official Website\"},\"image\":{\"@id\":\"https:\/\/bitexgas.net\/sv\/#\/schema\/logo\/image\/\"}}]}<\/script>\n<!-- \/ Yoast SEO plugin. -->","yoast_head_json":{"title":"Villkor - BitexGas Official Website","robots":{"index":"index","follow":"follow","max-snippet":"max-snippet:-1","max-image-preview":"max-image-preview:large","max-video-preview":"max-video-preview:-1"},"canonical":"https:\/\/bitexgas.net\/sv\/villkor\/","og_locale":"sv_SE","og_type":"article","og_title":"Villkor - BitexGas Official Website","og_url":"https:\/\/bitexgas.net\/sv\/villkor\/","og_site_name":"BitexGas Official Website","article_modified_time":"2024-06-27T11:31:36+00:00","og_image":[{"url":"https:\/\/bitexgas.net\/wp-content\/uploads\/2024\/06\/image-2.png"}],"twitter_card":"summary_large_image","schema":{"@context":"https:\/\/schema.org","@graph":[{"@type":"WebPage","@id":"https:\/\/bitexgas.net\/sv\/villkor\/","url":"https:\/\/bitexgas.net\/sv\/villkor\/","name":"Villkor - BitexGas Official Website","isPartOf":{"@id":"https:\/\/bitexgas.net\/sv\/#website"},"primaryImageOfPage":{"@id":"https:\/\/bitexgas.net\/sv\/villkor\/#primaryimage"},"image":{"@id":"https:\/\/bitexgas.net\/sv\/villkor\/#primaryimage"},"thumbnailUrl":"https:\/\/bitexgas.net\/wp-content\/uploads\/2024\/06\/image-2.png","datePublished":"2024-06-18T06:10:39+00:00","dateModified":"2024-06-27T11:31:36+00:00","breadcrumb":{"@id":"https:\/\/bitexgas.net\/sv\/villkor\/#breadcrumb"},"inLanguage":"sv-SE","potentialAction":[{"@type":"ReadAction","target":["https:\/\/bitexgas.net\/sv\/villkor\/"]}]},{"@type":"ImageObject","inLanguage":"sv-SE","@id":"https:\/\/bitexgas.net\/sv\/villkor\/#primaryimage","url":"https:\/\/bitexgas.net\/wp-content\/uploads\/2024\/06\/image-2.png","contentUrl":"https:\/\/bitexgas.net\/wp-content\/uploads\/2024\/06\/image-2.png"},{"@type":"BreadcrumbList","@id":"https:\/\/bitexgas.net\/sv\/villkor\/#breadcrumb","itemListElement":[{"@type":"ListItem","position":1,"name":"Home","item":"https:\/\/bitexgas.net\/sv\/"},{"@type":"ListItem","position":2,"name":"Villkor"}]},{"@type":"WebSite","@id":"https:\/\/bitexgas.net\/sv\/#website","url":"https:\/\/bitexgas.net\/sv\/","name":"BitexGas Official Website","description":"","publisher":{"@id":"https:\/\/bitexgas.net\/sv\/#organization"},"potentialAction":[{"@type":"SearchAction","target":{"@type":"EntryPoint","urlTemplate":"https:\/\/bitexgas.net\/sv\/?s={search_term_string}"},"query-input":"required name=search_term_string"}],"inLanguage":"sv-SE"},{"@type":"Organization","@id":"https:\/\/bitexgas.net\/sv\/#organization","name":"BitexGas Official Website","url":"https:\/\/bitexgas.net\/sv\/","logo":{"@type":"ImageObject","inLanguage":"sv-SE","@id":"https:\/\/bitexgas.net\/sv\/#\/schema\/logo\/image\/","url":"https:\/\/bitexgas.net\/wp-content\/uploads\/2024\/07\/cropped-b-net-1.png","contentUrl":"https:\/\/bitexgas.net\/wp-content\/uploads\/2024\/07\/cropped-b-net-1.png","width":211,"height":64,"caption":"BitexGas Official Website"},"image":{"@id":"https:\/\/bitexgas.net\/sv\/#\/schema\/logo\/image\/"}}]}},"_links":{"self":[{"href":"https:\/\/bitexgas.net\/sv\/wp-json\/wp\/v2\/pages\/889","targetHints":{"allow":["GET"]}}],"collection":[{"href":"https:\/\/bitexgas.net\/sv\/wp-json\/wp\/v2\/pages"}],"about":[{"href":"https:\/\/bitexgas.net\/sv\/wp-json\/wp\/v2\/types\/page"}],"author":[{"embeddable":true,"href":"https:\/\/bitexgas.net\/sv\/wp-json\/wp\/v2\/users\/1"}],"replies":[{"embeddable":true,"href":"https:\/\/bitexgas.net\/sv\/wp-json\/wp\/v2\/comments?post=889"}],"version-history":[{"count":1,"href":"https:\/\/bitexgas.net\/sv\/wp-json\/wp\/v2\/pages\/889\/revisions"}],"predecessor-version":[{"id":891,"href":"https:\/\/bitexgas.net\/sv\/wp-json\/wp\/v2\/pages\/889\/revisions\/891"}],"wp:attachment":[{"href":"https:\/\/bitexgas.net\/sv\/wp-json\/wp\/v2\/media?parent=889"}],"curies":[{"name":"wp","href":"https:\/\/api.w.org\/{rel}","templated":true}]}}