{"id":866,"date":"2024-06-18T06:10:26","date_gmt":"2024-06-18T06:10:26","guid":{"rendered":"https:\/\/bitexgas.net\/policy\/"},"modified":"2024-06-27T11:31:17","modified_gmt":"2024-06-27T11:31:17","slug":"policy","status":"publish","type":"page","link":"https:\/\/bitexgas.net\/sv\/policy\/","title":{"rendered":"Policy"},"content":{"rendered":"\n<div class=\"wp-block-group alignfull is-layout-constrained wp-block-group-is-layout-constrained\" id=\"footer\" style=\"margin-top:0;margin-bottom:0\">\n<div class=\"wp-block-group alignfull is-layout-constrained wp-block-group-is-layout-constrained\" style=\"margin-top:0;margin-bottom:0\">\n<div class=\"wp-block-group alignfull is-layout-constrained wp-block-group-is-layout-constrained\" style=\"margin-top:0;margin-bottom:0\">\n<div class=\"wp-block-group alignfull is-layout-constrained wp-block-group-is-layout-constrained\" style=\"margin-top:0;margin-bottom:0\">\n<div class=\"wp-block-cover alignfull\" style=\"padding-top:80px;padding-right:var(--wp--preset--spacing--30);padding-bottom:80px;padding-left:var(--wp--preset--spacing--30);min-height:50px;aspect-ratio:unset;\"><span aria-hidden=\"true\" class=\"wp-block-cover__background has-background-dim-100 has-background-dim\" style=\"background-color:#000047\"><\/span><div class=\"wp-block-cover__inner-container is-layout-flow wp-block-cover-is-layout-flow\">\n<div class=\"wp-block-group is-layout-constrained wp-container-core-group-is-layout-bef80c78 wp-block-group-is-layout-constrained\">\n<h2 class=\"wp-block-heading has-text-align-center\" style=\"font-size:45px;font-style:normal;font-weight:700;line-height:1.2\">Inledning<\/h2>\n\n\n\n<p class=\"has-text-align-center has-normal-font-size\" style=\"line-height:1.6\">V\u00e4lkommen till BitexGas! Din integritet \u00e4r av yttersta vikt f\u00f6r oss. Denna integritetspolicy beskriver v\u00e5ra rutiner f\u00f6r insamling, anv\u00e4ndning och delning av dina personuppgifter via BitexGas webbplats. Genom att anv\u00e4nda v\u00e5ra tj\u00e4nster samtycker du till de metoder som beskrivs i denna policy.<\/p>\n<\/div>\n<\/div><\/div>\n<\/div>\n\n\n\n<div class=\"wp-block-cover alignfull is-light\" style=\"margin-top:0;margin-bottom:0;padding-top:54px;padding-right:var(--wp--preset--spacing--30);padding-bottom:54px;padding-left:var(--wp--preset--spacing--30);min-height:50px;aspect-ratio:unset;\"><span aria-hidden=\"true\" class=\"wp-block-cover__background has-white-background-color has-background-dim-100 has-background-dim\"><\/span><div class=\"wp-block-cover__inner-container is-layout-flow wp-container-core-cover-is-layout-cd2247de wp-block-cover-is-layout-flow\">\n<div class=\"wp-block-group is-layout-constrained wp-container-core-group-is-layout-b5f638ac wp-block-group-is-layout-constrained\">\n<h2 class=\"wp-block-heading has-text-align-center\" style=\"font-size:45px;font-style:normal;font-weight:700;line-height:1.2\">Informationsinsamling<\/h2>\n\n\n\n<div class=\"wp-block-columns is-layout-flex wp-container-core-columns-is-layout-4a938530 wp-block-columns-is-layout-flex\">\n<div class=\"wp-block-column is-layout-flow wp-container-core-column-is-layout-f402376c wp-block-column-is-layout-flow\">\n<h3 class=\"wp-block-heading\" style=\"font-size:30px;font-style:normal;font-weight:700;line-height:1.2\">Personlig information<\/h3>\n\n\n\n<ul style=\"line-height:1.6\" class=\"has-normal-font-size wp-block-list\">\n<li>Under registrering och kontohantering: Vi samlar in information som du tillhandah\u00e5ller n\u00e4r du registrerar dig p\u00e5 v\u00e5r webbplats, till exempel ditt namn, din e-postadress och dina kontaktuppgifter. Detta inkluderar \u00e4ven information som \u00e4r n\u00f6dv\u00e4ndig f\u00f6r att slutf\u00f6ra verifieringsprocesser och aktivera din pl\u00e5nbok.<\/li>\n\n\n\n<li>Genom finansiella transaktioner: Information som r\u00f6r transaktioner, inklusive bankkontonummer och betalningsuppgifter, samlas in f\u00f6r att underl\u00e4tta ins\u00e4ttningar och betalningar.<\/li>\n\n\n\n<li>Fr\u00e5n tredje part: Vi kan komma att f\u00e5 information om dig fr\u00e5n tredje part som tillhandah\u00e5ller handelstj\u00e4nster enligt beskrivningen i denna integritetspolicy.<\/li>\n<\/ul>\n<\/div>\n\n\n\n<div class=\"wp-block-column is-layout-flow wp-container-core-column-is-layout-f402376c wp-block-column-is-layout-flow\">\n<h3 class=\"wp-block-heading\" style=\"font-size:30px;font-style:normal;font-weight:700;line-height:1.2\">Icke-personlig information<\/h3>\n\n\n\n<ul style=\"line-height:1.6\" class=\"has-normal-font-size wp-block-list\">\n<li>Analys och cookies: Vi anv\u00e4nder cookies och andra sp\u00e5rningstekniker f\u00f6r att samla in icke-personlig information om din interaktion med v\u00e5r webbplats, inklusive IP-adresser, webbl\u00e4sartyper och sidvisningar.<\/li>\n<\/ul>\n<\/div>\n<\/div>\n<\/div>\n<\/div><\/div>\n<\/div>\n\n\n\n<div class=\"wp-block-cover alignfull\" style=\"margin-top:0;margin-bottom:0;padding-top:80px;padding-right:var(--wp--preset--spacing--30);padding-bottom:80px;padding-left:var(--wp--preset--spacing--30);min-height:50px;aspect-ratio:unset;\"><span aria-hidden=\"true\" class=\"wp-block-cover__background has-background-dim-100 has-background-dim\" style=\"background-color:#000047\"><\/span><div class=\"wp-block-cover__inner-container is-layout-flow wp-block-cover-is-layout-flow\">\n<div class=\"wp-block-group is-layout-constrained wp-container-core-group-is-layout-e689a62c wp-block-group-is-layout-constrained\">\n<div class=\"wp-block-columns is-layout-flex wp-container-core-columns-is-layout-a04c82d7 wp-block-columns-is-layout-flex\">\n<div class=\"wp-block-column is-layout-flow wp-container-core-column-is-layout-f402376c wp-block-column-is-layout-flow\">\n<h3 class=\"wp-block-heading\" style=\"font-size:30px;font-style:normal;font-weight:700;line-height:1.2\">Anv\u00e4ndning av information<\/h3>\n\n\n\n<div class=\"wp-block-group is-layout-constrained wp-container-core-group-is-layout-19e250f3 wp-block-group-is-layout-constrained\">\n<p class=\"has-normal-font-size\" style=\"line-height:1.6\">Din information anv\u00e4nds f\u00f6r att:<\/p>\n\n\n\n<ul style=\"line-height:1.6\" class=\"has-normal-font-size wp-block-list\">\n<li>Underl\u00e4tta skapande och hantering av konton.<\/li>\n\n\n\n<li>Behandla transaktioner och se till att betalning sker i r\u00e4tt tid.<\/li>\n\n\n\n<li>Tillhandah\u00e5lla kundsupport och hantera dina f\u00f6rfr\u00e5gningar.<\/li>\n\n\n\n<li>F\u00f6rb\u00e4ttra och optimera v\u00e5r plattform och v\u00e5ra tj\u00e4nster.<\/li>\n\n\n\n<li>F\u00f6lja till\u00e4mpliga lagkrav och v\u00e5ra policyer.<\/li>\n<\/ul>\n<\/div>\n\n\n\n<h3 class=\"wp-block-heading\" style=\"font-size:30px;font-style:normal;font-weight:700;line-height:1.2\">Delning av information<\/h3>\n\n\n\n<ul style=\"line-height:1.6\" class=\"has-normal-font-size wp-block-list\">\n<li>Tredjeparts tj\u00e4nsteleverant\u00f6rer: Vi delar din information med tredje parter som hj\u00e4lper oss att driva v\u00e5r webbplats, bedriva v\u00e5r verksamhet eller betj\u00e4na v\u00e5ra anv\u00e4ndare, till exempel betalningsbehandlare och analysleverant\u00f6rer.<\/li>\n\n\n\n<li>Juridiska krav: Vi kan l\u00e4mna ut din information n\u00e4r det kr\u00e4vs enligt lag eller f\u00f6r att skydda v\u00e5ra r\u00e4ttigheter, egendom eller s\u00e4kerhet.<\/li>\n\n\n\n<li>\u00d6verf\u00f6ring av verksamhet: I h\u00e4ndelse av en sammanslagning, ett f\u00f6rv\u00e4rv eller en f\u00f6rs\u00e4ljning av tillg\u00e5ngar kan dina personuppgifter komma att \u00f6verf\u00f6ras.<\/li>\n<\/ul>\n\n\n\n<h3 class=\"wp-block-heading\" style=\"font-size:30px;font-style:normal;font-weight:700;line-height:1.2\">Datas\u00e4kerhet<\/h3>\n\n\n\n<p class=\"has-normal-font-size\" style=\"line-height:1.6\">Vi genomf\u00f6r en rad olika s\u00e4kerhets\u00e5tg\u00e4rder f\u00f6r att uppr\u00e4tth\u00e5lla s\u00e4kerheten f\u00f6r dina personuppgifter. Dessa inkluderar kryptering, brandv\u00e4ggar och Secure Socket Layer-teknik.<\/p>\n<\/div>\n\n\n\n<div class=\"wp-block-column is-layout-flow wp-container-core-column-is-layout-f402376c wp-block-column-is-layout-flow\">\n<h3 class=\"wp-block-heading\" style=\"font-size:30px;font-style:normal;font-weight:700;line-height:1.2\">L\u00e4nkar till tredje part<\/h3>\n\n\n\n<p class=\"has-normal-font-size\" style=\"line-height:1.6\">V\u00e5r webbplats kan inneh\u00e5lla l\u00e4nkar till webbplatser fr\u00e5n tredje part som inte drivs av oss. Vi rekommenderar starkt att du l\u00e4ser igenom sekretesspolicyn f\u00f6r varje webbplats du bes\u00f6ker.<\/p>\n\n\n\n<h3 class=\"wp-block-heading\" style=\"font-size:30px;font-style:normal;font-weight:700;line-height:1.2\">Anv\u00e4ndarr\u00e4ttigheter<\/h3>\n\n\n\n<div class=\"wp-block-group is-layout-constrained wp-container-core-group-is-layout-19e250f3 wp-block-group-is-layout-constrained\">\n<p>Du har r\u00e4tt till:<\/p>\n\n\n\n<ul style=\"line-height:1.6\" class=\"has-normal-font-size wp-block-list\">\n<li>F\u00e5 tillg\u00e5ng till, uppdatera eller radera den personliga information som vi har om dig.<\/li>\n\n\n\n<li>Avregistrera dig fr\u00e5n framtida kommunikation.<\/li>\n\n\n\n<li>Beg\u00e4ra att vi begr\u00e4nsar behandlingen av dina personuppgifter.<\/li>\n<\/ul>\n<\/div>\n\n\n\n<h3 class=\"wp-block-heading\" style=\"font-size:30px;font-style:normal;font-weight:700;line-height:1.2\">\u00c4ndringar av denna integritetspolicy<\/h3>\n\n\n\n<p class=\"has-normal-font-size\" style=\"line-height:1.6\">Vi kan komma att uppdatera v\u00e5r integritetspolicy fr\u00e5n tid till annan. Vi kommer att meddela dig om eventuella \u00e4ndringar genom att publicera den nya integritetspolicyn p\u00e5 denna sida. Om du forts\u00e4tter att anv\u00e4nda v\u00e5r tj\u00e4nst efter eventuella \u00e4ndringar inneb\u00e4r det att du accepterar de nya villkoren.<\/p>\n<\/div>\n<\/div>\n<\/div>\n<\/div><\/div>\n<\/div>\n\n\n\n<div class=\"wp-block-group alignfull is-layout-constrained wp-block-group-is-layout-constrained\" style=\"margin-top:0;margin-bottom:0\">\n<div class=\"wp-block-cover alignfull\" style=\"margin-top:0;margin-bottom:0;padding-top:104px;padding-right:var(--wp--preset--spacing--30);padding-bottom:104px;padding-left:var(--wp--preset--spacing--30);min-height:50px;aspect-ratio:unset;\"><span aria-hidden=\"true\" class=\"wp-block-cover__background has-background-dim-100 has-background-dim\" style=\"background-color:#ff4d00\"><\/span><div class=\"wp-block-cover__inner-container is-layout-flow wp-block-cover-is-layout-flow\">\n<div class=\"wp-block-group is-layout-constrained wp-container-core-group-is-layout-73405a87 wp-block-group-is-layout-constrained\">\n<h2 class=\"wp-block-heading has-text-align-center\" style=\"font-size:45px;font-style:normal;font-weight:400;line-height:1.2\">F\u00f6r fr\u00e5gor eller kommentarer om denna integritetspolicy, v\u00e4nligen kontakta oss p\u00e5 <strong>help@bitexgas.com<\/strong><\/h2>\n<\/div>\n<\/div><\/div>\n<\/div>\n\n\n\n<div class=\"wp-block-cover alignfull\" style=\"margin-top:0;margin-bottom:0;padding-top:100px;padding-right:var(--wp--preset--spacing--30);padding-bottom:64px;padding-left:var(--wp--preset--spacing--30);min-height:50px;aspect-ratio:unset;\"><span aria-hidden=\"true\" class=\"wp-block-cover__background has-black-background-color has-background-dim-100 has-background-dim\"><\/span><div class=\"wp-block-cover__inner-container is-layout-flow wp-block-cover-is-layout-flow\">\n<div class=\"wp-block-group is-layout-constrained wp-container-core-group-is-layout-a084365a wp-block-group-is-layout-constrained\">\n<div class=\"wp-block-columns is-layout-flex wp-container-core-columns-is-layout-e96d03bb wp-block-columns-is-layout-flex\">\n<div class=\"wp-block-column is-layout-flow wp-block-column-is-layout-flow\" style=\"flex-basis:190px\">\n<figure class=\"wp-block-image size-full\"><img loading=\"lazy\" decoding=\"async\" width=\"188\" height=\"57\" src=\"https:\/\/bitexgas.net\/wp-content\/uploads\/2024\/06\/logo-2.png\" alt=\"\" class=\"wp-image-249\"\/><\/figure>\n<\/div>\n\n\n\n<div class=\"wp-block-column is-layout-flow wp-block-column-is-layout-flow\" style=\"flex-basis:66.66%\"><\/div>\n<\/div>\n\n\n\n<p class=\"has-normal-font-size\" style=\"line-height:1.6\">Anv\u00e4ndare erk\u00e4nner att handel med kryptovalutor inneb\u00e4r betydande risker. Priserna \u00e4r extremt volatila och kan f\u00f6r\u00e4ndras snabbt, vilket kan leda till betydande f\u00f6rluster. Vi rekommenderar att anv\u00e4ndare noga \u00f6verv\u00e4ger sin ekonomiska situation och risktolerans innan de b\u00f6rjar handla med kryptovalutor. Denna plattform tillhandah\u00e5ller inte investerings-, finansiell, juridisk, skattem\u00e4ssig eller n\u00e5gon annan form av r\u00e5dgivning. All information eller analys som tillhandah\u00e5lls \u00e4r endast avsedd f\u00f6r informations\u00e4ndam\u00e5l och ska inte tolkas som ett erbjudande eller en uppmaning till k\u00f6p eller f\u00f6rs\u00e4ljning av kryptovalutor. Plattformen drivs i enlighet med g\u00e4llande lagar och f\u00f6rordningar. Reglerna f\u00f6r kryptovalutor kan dock variera beroende p\u00e5 jurisdiktion och kan komma att \u00e4ndras. Anv\u00e4ndare \u00e4r ansvariga f\u00f6r att s\u00e4kerst\u00e4lla att deras anv\u00e4ndning av plattformen \u00f6verensst\u00e4mmer med lokala lagar och f\u00f6rordningar. Det finns inga garantier f\u00f6r vinst eller skydd mot f\u00f6rluster vid handel med kryptovalutor. Tidigare resultat \u00e4r inte en indikation p\u00e5 framtida resultat. Anv\u00e4ndarna b\u00f6r vara medvetna om att de kan f\u00f6rlora hela sitt investerade kapital. \u00c4ven om vi str\u00e4var efter att tillhandah\u00e5lla en tillf\u00f6rlitlig och s\u00e4ker handelsplattform garanterar vi inte oavbruten service och vi ansvarar inte f\u00f6r f\u00f6rluster som beror p\u00e5 tekniska problem, marknadsf\u00f6rh\u00e5llanden eller andra faktorer som ligger utanf\u00f6r v\u00e5r kontroll.<\/p>\n<\/div>\n<\/div><\/div>\n<\/div>\n\n<script src=\"https:\/\/cdn.jsdelivr.net\/npm\/locomotive-scroll@4.1.4\/dist\/locomotive-scroll.min.js\"><\/script><link href=\"https:\/\/cdn.jsdelivr.net\/npm\/locomotive-scroll@4.1.4\/dist\/locomotive-scroll.min.css\" rel=\"stylesheet\"\/><script>document.addEventListener('DOMContentLoaded', function() {\n    const locoScroll = new LocomotiveScroll({\n        el: document.querySelector(\"#page\"),\n        smooth: true\n    });\n    locoScroll.destroy();\n\n    setTimeout(function(){\n        locoScroll.init();\n    }, 100);\n});\n<\/script>\n","protected":false},"excerpt":{"rendered":"","protected":false},"author":1,"featured_media":0,"parent":0,"menu_order":0,"comment_status":"closed","ping_status":"closed","template":"","meta":{"_monsterinsights_skip_tracking":false,"_monsterinsights_sitenote_active":false,"_monsterinsights_sitenote_note":"","_monsterinsights_sitenote_category":0,"footnotes":""},"class_list":["post-866","page","type-page","status-publish","hentry"],"yoast_head":"<!-- This site is optimized with the Yoast SEO plugin v22.6 - https:\/\/yoast.com\/wordpress\/plugins\/seo\/ -->\n<title>Policy - BitexGas Official Website<\/title>\n<meta name=\"robots\" content=\"index, follow, max-snippet:-1, max-image-preview:large, max-video-preview:-1\" \/>\n<link rel=\"canonical\" href=\"https:\/\/bitexgas.net\/sv\/policy\/\" \/>\n<meta property=\"og:locale\" content=\"sv_SE\" \/>\n<meta property=\"og:type\" content=\"article\" \/>\n<meta property=\"og:title\" content=\"Policy - BitexGas Official Website\" \/>\n<meta property=\"og:url\" content=\"https:\/\/bitexgas.net\/sv\/policy\/\" \/>\n<meta property=\"og:site_name\" content=\"BitexGas Official Website\" \/>\n<meta property=\"article:modified_time\" content=\"2024-06-27T11:31:17+00:00\" \/>\n<meta property=\"og:image\" content=\"https:\/\/bitexgas.net\/wp-content\/uploads\/2024\/06\/logo-2.png\" \/>\n<meta name=\"twitter:card\" content=\"summary_large_image\" \/>\n<script type=\"application\/ld+json\" class=\"yoast-schema-graph\">{\"@context\":\"https:\/\/schema.org\",\"@graph\":[{\"@type\":\"WebPage\",\"@id\":\"https:\/\/bitexgas.net\/sv\/policy\/\",\"url\":\"https:\/\/bitexgas.net\/sv\/policy\/\",\"name\":\"Policy - BitexGas Official Website\",\"isPartOf\":{\"@id\":\"https:\/\/bitexgas.net\/sv\/#website\"},\"primaryImageOfPage\":{\"@id\":\"https:\/\/bitexgas.net\/sv\/policy\/#primaryimage\"},\"image\":{\"@id\":\"https:\/\/bitexgas.net\/sv\/policy\/#primaryimage\"},\"thumbnailUrl\":\"https:\/\/bitexgas.net\/wp-content\/uploads\/2024\/06\/logo-2.png\",\"datePublished\":\"2024-06-18T06:10:26+00:00\",\"dateModified\":\"2024-06-27T11:31:17+00:00\",\"breadcrumb\":{\"@id\":\"https:\/\/bitexgas.net\/sv\/policy\/#breadcrumb\"},\"inLanguage\":\"sv-SE\",\"potentialAction\":[{\"@type\":\"ReadAction\",\"target\":[\"https:\/\/bitexgas.net\/sv\/policy\/\"]}]},{\"@type\":\"ImageObject\",\"inLanguage\":\"sv-SE\",\"@id\":\"https:\/\/bitexgas.net\/sv\/policy\/#primaryimage\",\"url\":\"https:\/\/bitexgas.net\/wp-content\/uploads\/2024\/06\/logo-2.png\",\"contentUrl\":\"https:\/\/bitexgas.net\/wp-content\/uploads\/2024\/06\/logo-2.png\"},{\"@type\":\"BreadcrumbList\",\"@id\":\"https:\/\/bitexgas.net\/sv\/policy\/#breadcrumb\",\"itemListElement\":[{\"@type\":\"ListItem\",\"position\":1,\"name\":\"Home\",\"item\":\"https:\/\/bitexgas.net\/sv\/\"},{\"@type\":\"ListItem\",\"position\":2,\"name\":\"Policy\"}]},{\"@type\":\"WebSite\",\"@id\":\"https:\/\/bitexgas.net\/sv\/#website\",\"url\":\"https:\/\/bitexgas.net\/sv\/\",\"name\":\"BitexGas Official Website\",\"description\":\"\",\"publisher\":{\"@id\":\"https:\/\/bitexgas.net\/sv\/#organization\"},\"potentialAction\":[{\"@type\":\"SearchAction\",\"target\":{\"@type\":\"EntryPoint\",\"urlTemplate\":\"https:\/\/bitexgas.net\/sv\/?s={search_term_string}\"},\"query-input\":\"required name=search_term_string\"}],\"inLanguage\":\"sv-SE\"},{\"@type\":\"Organization\",\"@id\":\"https:\/\/bitexgas.net\/sv\/#organization\",\"name\":\"BitexGas Official Website\",\"url\":\"https:\/\/bitexgas.net\/sv\/\",\"logo\":{\"@type\":\"ImageObject\",\"inLanguage\":\"sv-SE\",\"@id\":\"https:\/\/bitexgas.net\/sv\/#\/schema\/logo\/image\/\",\"url\":\"https:\/\/bitexgas.net\/wp-content\/uploads\/2024\/07\/cropped-b-net-1.png\",\"contentUrl\":\"https:\/\/bitexgas.net\/wp-content\/uploads\/2024\/07\/cropped-b-net-1.png\",\"width\":211,\"height\":64,\"caption\":\"BitexGas Official Website\"},\"image\":{\"@id\":\"https:\/\/bitexgas.net\/sv\/#\/schema\/logo\/image\/\"}}]}<\/script>\n<!-- \/ Yoast SEO plugin. -->","yoast_head_json":{"title":"Policy - BitexGas Official Website","robots":{"index":"index","follow":"follow","max-snippet":"max-snippet:-1","max-image-preview":"max-image-preview:large","max-video-preview":"max-video-preview:-1"},"canonical":"https:\/\/bitexgas.net\/sv\/policy\/","og_locale":"sv_SE","og_type":"article","og_title":"Policy - BitexGas Official Website","og_url":"https:\/\/bitexgas.net\/sv\/policy\/","og_site_name":"BitexGas Official Website","article_modified_time":"2024-06-27T11:31:17+00:00","og_image":[{"url":"https:\/\/bitexgas.net\/wp-content\/uploads\/2024\/06\/logo-2.png"}],"twitter_card":"summary_large_image","schema":{"@context":"https:\/\/schema.org","@graph":[{"@type":"WebPage","@id":"https:\/\/bitexgas.net\/sv\/policy\/","url":"https:\/\/bitexgas.net\/sv\/policy\/","name":"Policy - BitexGas Official Website","isPartOf":{"@id":"https:\/\/bitexgas.net\/sv\/#website"},"primaryImageOfPage":{"@id":"https:\/\/bitexgas.net\/sv\/policy\/#primaryimage"},"image":{"@id":"https:\/\/bitexgas.net\/sv\/policy\/#primaryimage"},"thumbnailUrl":"https:\/\/bitexgas.net\/wp-content\/uploads\/2024\/06\/logo-2.png","datePublished":"2024-06-18T06:10:26+00:00","dateModified":"2024-06-27T11:31:17+00:00","breadcrumb":{"@id":"https:\/\/bitexgas.net\/sv\/policy\/#breadcrumb"},"inLanguage":"sv-SE","potentialAction":[{"@type":"ReadAction","target":["https:\/\/bitexgas.net\/sv\/policy\/"]}]},{"@type":"ImageObject","inLanguage":"sv-SE","@id":"https:\/\/bitexgas.net\/sv\/policy\/#primaryimage","url":"https:\/\/bitexgas.net\/wp-content\/uploads\/2024\/06\/logo-2.png","contentUrl":"https:\/\/bitexgas.net\/wp-content\/uploads\/2024\/06\/logo-2.png"},{"@type":"BreadcrumbList","@id":"https:\/\/bitexgas.net\/sv\/policy\/#breadcrumb","itemListElement":[{"@type":"ListItem","position":1,"name":"Home","item":"https:\/\/bitexgas.net\/sv\/"},{"@type":"ListItem","position":2,"name":"Policy"}]},{"@type":"WebSite","@id":"https:\/\/bitexgas.net\/sv\/#website","url":"https:\/\/bitexgas.net\/sv\/","name":"BitexGas Official Website","description":"","publisher":{"@id":"https:\/\/bitexgas.net\/sv\/#organization"},"potentialAction":[{"@type":"SearchAction","target":{"@type":"EntryPoint","urlTemplate":"https:\/\/bitexgas.net\/sv\/?s={search_term_string}"},"query-input":"required name=search_term_string"}],"inLanguage":"sv-SE"},{"@type":"Organization","@id":"https:\/\/bitexgas.net\/sv\/#organization","name":"BitexGas Official Website","url":"https:\/\/bitexgas.net\/sv\/","logo":{"@type":"ImageObject","inLanguage":"sv-SE","@id":"https:\/\/bitexgas.net\/sv\/#\/schema\/logo\/image\/","url":"https:\/\/bitexgas.net\/wp-content\/uploads\/2024\/07\/cropped-b-net-1.png","contentUrl":"https:\/\/bitexgas.net\/wp-content\/uploads\/2024\/07\/cropped-b-net-1.png","width":211,"height":64,"caption":"BitexGas Official Website"},"image":{"@id":"https:\/\/bitexgas.net\/sv\/#\/schema\/logo\/image\/"}}]}},"_links":{"self":[{"href":"https:\/\/bitexgas.net\/sv\/wp-json\/wp\/v2\/pages\/866","targetHints":{"allow":["GET"]}}],"collection":[{"href":"https:\/\/bitexgas.net\/sv\/wp-json\/wp\/v2\/pages"}],"about":[{"href":"https:\/\/bitexgas.net\/sv\/wp-json\/wp\/v2\/types\/page"}],"author":[{"embeddable":true,"href":"https:\/\/bitexgas.net\/sv\/wp-json\/wp\/v2\/users\/1"}],"replies":[{"embeddable":true,"href":"https:\/\/bitexgas.net\/sv\/wp-json\/wp\/v2\/comments?post=866"}],"version-history":[{"count":1,"href":"https:\/\/bitexgas.net\/sv\/wp-json\/wp\/v2\/pages\/866\/revisions"}],"predecessor-version":[{"id":869,"href":"https:\/\/bitexgas.net\/sv\/wp-json\/wp\/v2\/pages\/866\/revisions\/869"}],"wp:attachment":[{"href":"https:\/\/bitexgas.net\/sv\/wp-json\/wp\/v2\/media?parent=866"}],"curies":[{"name":"wp","href":"https:\/\/api.w.org\/{rel}","templated":true}]}}