{"id":883,"date":"2024-06-18T06:10:39","date_gmt":"2024-06-18T06:10:39","guid":{"rendered":"https:\/\/bitexgas.net\/termos\/"},"modified":"2024-06-27T11:31:36","modified_gmt":"2024-06-27T11:31:36","slug":"termos","status":"publish","type":"page","link":"https:\/\/bitexgas.net\/pt-pt\/termos\/","title":{"rendered":"Termos"},"content":{"rendered":"\n<div class=\"wp-block-cover alignfull\" style=\"margin-top:0;margin-bottom:0;padding-top:119px;padding-right:var(--wp--preset--spacing--30);padding-bottom:119px;padding-left:var(--wp--preset--spacing--30);min-height:50px;aspect-ratio:unset;\" id=\"terms-bg\"><span aria-hidden=\"true\" class=\"wp-block-cover__background has-background-dim\" style=\"background-color:#000047\"><\/span><img loading=\"lazy\" decoding=\"async\" width=\"1024\" height=\"197\" class=\"wp-block-cover__image-background wp-image-235\" alt=\"\" src=\"https:\/\/bitexgas.net\/wp-content\/uploads\/2024\/06\/image-2.png\" data-object-fit=\"cover\" srcset=\"https:\/\/bitexgas.net\/wp-content\/uploads\/2024\/06\/image-2.png 1024w, https:\/\/bitexgas.net\/wp-content\/uploads\/2024\/06\/image-2-300x58.png 300w, https:\/\/bitexgas.net\/wp-content\/uploads\/2024\/06\/image-2-768x148.png 768w\" sizes=\"auto, (max-width: 1024px) 100vw, 1024px\" \/><div class=\"wp-block-cover__inner-container is-layout-flow wp-block-cover-is-layout-flow\">\n<div class=\"wp-block-group is-layout-constrained wp-container-core-group-is-layout-bef80c78 wp-block-group-is-layout-constrained\">\n<h2 class=\"wp-block-heading has-text-align-center\" style=\"font-size:45px;font-style:normal;font-weight:700;line-height:1.2\">Termos de utiliza\u00e7\u00e3o<\/h2>\n\n\n\n<p class=\"has-text-align-center has-normal-font-size\" style=\"line-height:1.6\">Ao aceder ou utilizar o nosso s\u00edtio Web e os nossos servi\u00e7os, aceita cumprir e ficar vinculado \u00e0s seguintes condi\u00e7\u00f5es de utiliza\u00e7\u00e3o. L\u00ea atentamente estas condi\u00e7\u00f5es. Se n\u00e3o concordares com estas condi\u00e7\u00f5es, n\u00e3o deves utilizar o nosso s\u00edtio Web ou os nossos servi\u00e7os.<\/p>\n<\/div>\n<\/div><\/div>\n\n<div class=\"wp-block-cover alignfull\" style=\"margin-top:0;margin-bottom:0;padding-top:80px;padding-right:var(--wp--preset--spacing--30);padding-bottom:80px;padding-left:var(--wp--preset--spacing--30);min-height:50px;aspect-ratio:unset;\"><span aria-hidden=\"true\" class=\"wp-block-cover__background has-background-dim-100 has-background-dim\" style=\"background-color:#000047\"><\/span><div class=\"wp-block-cover__inner-container is-layout-flow wp-block-cover-is-layout-flow\">\n<div class=\"wp-block-group is-layout-constrained wp-container-core-group-is-layout-a31aa551 wp-block-group-is-layout-constrained\">\n<div class=\"wp-block-columns is-layout-flex wp-container-core-columns-is-layout-e524df8a wp-block-columns-is-layout-flex\">\n<div class=\"wp-block-column is-layout-flow wp-container-core-column-is-layout-f402376c wp-block-column-is-layout-flow\">\n<h2 class=\"wp-block-heading\" style=\"font-size:30px;font-style:normal;font-weight:700;line-height:1.2\">1. Aceita\u00e7\u00e3o das condi\u00e7\u00f5es<\/h2>\n\n\n\n<p class=\"has-normal-font-size\" style=\"line-height:1.6\">Ao utilizar o website e os servi\u00e7os da BitexGas, concorda com estes Termos de Utiliza\u00e7\u00e3o e com quaisquer pol\u00edticas aqui referidas. Estas condi\u00e7\u00f5es aplicam-se a todos os utilizadores do s\u00edtio, incluindo visitantes, utilizadores registados e contribuidores de conte\u00fados.<\/p>\n\n\n\n<h2 class=\"wp-block-heading\" style=\"font-size:30px;font-style:normal;font-weight:700;line-height:1.2\">2. Elegibilidade<\/h2>\n\n\n\n<p class=\"has-normal-font-size\" style=\"line-height:1.6\">Tens de ter pelo menos 18 anos de idade para utilizar os nossos servi\u00e7os. Ao utilizares a nossa plataforma, declaras e garantes que cumpres este requisito de idade e que tens capacidade legal para celebrar um contrato vinculativo.<\/p>\n\n\n\n<h2 class=\"wp-block-heading\" style=\"font-size:30px;font-style:normal;font-weight:700;line-height:1.2\">3. Registo da conta<\/h2>\n\n\n\n<ul style=\"line-height:1.6\" class=\"has-normal-font-size wp-block-list\">\n<li>Registo: Para aceder a determinadas funcionalidades da nossa plataforma, tens de te registar numa conta. Concordas em fornecer informa\u00e7\u00f5es exactas e completas durante o processo de registo e em manter as informa\u00e7\u00f5es da tua conta actualizadas.<\/li>\n\n\n\n<li>Seguran\u00e7a da conta: \u00c9s respons\u00e1vel por manter a confidencialidade das credenciais da tua conta e por todas as actividades que ocorram na tua conta. Notifica-nos imediatamente se suspeitares de qualquer utiliza\u00e7\u00e3o n\u00e3o autorizada da tua conta.<\/li>\n<\/ul>\n\n\n\n<h2 class=\"wp-block-heading\" style=\"font-size:30px;font-style:normal;font-weight:700;line-height:1.2\">4. Servi\u00e7os<\/h2>\n\n\n\n<ul style=\"line-height:1.6\" class=\"has-normal-font-size wp-block-list\">\n<li>Acesso e utiliza\u00e7\u00e3o: A BitexGas fornece uma plataforma para negociar e investir em petr\u00f3leo e g\u00e1s. Concordas em utilizar os nossos servi\u00e7os apenas para fins legais e de acordo com estes termos.<\/li>\n\n\n\n<li>Dep\u00f3sitos e levantamentos: Podes depositar e levantar fundos da tua conta conforme especificado nas nossas pol\u00edticas. Todas as transac\u00e7\u00f5es financeiras est\u00e3o sujeitas aos nossos processos de verifica\u00e7\u00e3o.<\/li>\n<\/ul>\n\n\n\n<h2 class=\"wp-block-heading\" style=\"font-size:30px;font-style:normal;font-weight:700;line-height:1.2\">5. Conduta do utilizador<\/h2>\n\n\n\n<div class=\"wp-block-group is-layout-constrained wp-container-core-group-is-layout-19e250f3 wp-block-group-is-layout-constrained\">\n<p class=\"has-normal-font-size\" style=\"line-height:1.6\">Actividades proibidas: Concordas em n\u00e3o te envolveres em nenhuma das seguintes actividades proibidas:<\/p>\n\n\n\n<ul style=\"line-height:1.6\" class=\"has-normal-font-size wp-block-list\">\n<li>Violar quaisquer leis ou regulamentos aplic\u00e1veis.<\/li>\n\n\n\n<li>Utiliza a nossa plataforma para quaisquer pr\u00e1ticas fraudulentas ou enganosas.<\/li>\n\n\n\n<li>Interferir com a seguran\u00e7a ou o funcionamento dos nossos servi\u00e7os.<\/li>\n\n\n\n<li>Deturpar a tua identidade ou afilia\u00e7\u00e3o com qualquer pessoa ou entidade.<\/li>\n\n\n\n<li>Publicar ou transmitir qualquer conte\u00fado prejudicial, ofensivo ou ilegal.<\/li>\n<\/ul>\n<\/div>\n\n\n\n<h2 class=\"wp-block-heading\" style=\"font-size:30px;font-style:normal;font-weight:700;line-height:1.2\">6. Pagamentos e taxas<\/h2>\n\n\n\n<ul style=\"line-height:1.6\" class=\"has-normal-font-size wp-block-list\">\n<li>Requisitos de dep\u00f3sito: Tens de fazer um dep\u00f3sito m\u00ednimo para ativar a tua carteira e come\u00e7ar a utilizar os nossos servi\u00e7os.<\/li>\n\n\n\n<li>Taxas: Poderemos cobrar taxas por determinadas transac\u00e7\u00f5es ou servi\u00e7os. Todas as taxas aplic\u00e1veis ser-te-\u00e3o comunicadas antes de conclu\u00edres uma transa\u00e7\u00e3o.<\/li>\n<\/ul>\n\n\n\n<h2 class=\"wp-block-heading\" style=\"font-size:30px;font-style:normal;font-weight:700;line-height:1.2\">7. Propriedade intelectual<\/h2>\n\n\n\n<ul style=\"line-height:1.6\" class=\"has-normal-font-size wp-block-list\">\n<li>Propriedade: Todo o conte\u00fado do website da BitexGas, incluindo texto, gr\u00e1ficos, log\u00f3tipos e software, \u00e9 propriedade da BitexGas ou dos seus licenciadores e est\u00e1 protegido por leis de propriedade intelectual.<\/li>\n\n\n\n<li>Licen\u00e7a: A BitexGas concede-te uma licen\u00e7a limitada, n\u00e3o exclusiva e n\u00e3o transfer\u00edvel para acederes e utilizares a nossa plataforma para fins pessoais e n\u00e3o comerciais.<\/li>\n<\/ul>\n<\/div>\n\n\n\n<div class=\"wp-block-column is-layout-flow wp-container-core-column-is-layout-f402376c wp-block-column-is-layout-flow\">\n<h2 class=\"wp-block-heading\" style=\"font-size:30px;font-style:normal;font-weight:700;line-height:1.2\">8. Privacidade<\/h2>\n\n\n\n<p class=\"has-normal-font-size\" style=\"line-height:1.6\">A tua utiliza\u00e7\u00e3o do nosso s\u00edtio Web e dos nossos servi\u00e7os tamb\u00e9m \u00e9 regida pela nossa Pol\u00edtica de Privacidade, que explica como recolhemos, utilizamos e partilhamos as tuas informa\u00e7\u00f5es pessoais. Ao utilizar a nossa plataforma, consente com as pr\u00e1ticas descritas na nossa Pol\u00edtica de Privacidade.<\/p>\n\n\n\n<h2 class=\"wp-block-heading\" style=\"font-size:30px;font-style:normal;font-weight:700;line-height:1.2\">9. Avisos legais<\/h2>\n\n\n\n<ul style=\"line-height:1.6\" class=\"has-normal-font-size wp-block-list\">\n<li>N\u00e3o te aconselho financeiramente: As informa\u00e7\u00f5es fornecidas na nossa plataforma s\u00e3o apenas para fins informativos e n\u00e3o devem ser interpretadas como aconselhamento financeiro. Deves consultar um consultor financeiro antes de tomares qualquer decis\u00e3o de investimento.<\/li>\n\n\n\n<li>Disponibilidade do servi\u00e7o: Esfor\u00e7amo-nos por assegurar que os nossos servi\u00e7os est\u00e3o sempre dispon\u00edveis, mas n\u00e3o garantimos um acesso ininterrupto. Podemos suspender ou descontinuar os servi\u00e7os em qualquer altura sem aviso pr\u00e9vio.<\/li>\n<\/ul>\n\n\n\n<h2 class=\"wp-block-heading\" style=\"font-size:30px;font-style:normal;font-weight:700;line-height:1.2\">10. Limita\u00e7\u00e3o da responsabilidade<\/h2>\n\n\n\n<p class=\"has-normal-font-size\" style=\"line-height:1.6\">Na medida m\u00e1xima permitida por lei, a BitexGas n\u00e3o ser\u00e1 respons\u00e1vel por quaisquer danos directos, indirectos, acidentais, especiais ou consequenciais resultantes da sua utiliza\u00e7\u00e3o da nossa plataforma ou servi\u00e7os, incluindo, mas n\u00e3o se limitando a, perda de lucros, dados ou outras perdas intang\u00edveis.<\/p>\n\n\n\n<h2 class=\"wp-block-heading\" style=\"font-size:30px;font-style:normal;font-weight:700;line-height:1.2\">11. Indemniza\u00e7\u00e3o<\/h2>\n\n\n\n<p class=\"has-normal-font-size\" style=\"line-height:1.6\">  Concorda em indemnizar e isentar a BitexGas, as suas afiliadas e os seus respectivos funcion\u00e1rios, directores, empregados e agentes de quaisquer reclama\u00e7\u00f5es, responsabilidades, danos, perdas ou despesas decorrentes ou relacionadas com a sua utiliza\u00e7\u00e3o dos nossos servi\u00e7os ou viola\u00e7\u00e3o destes termos.<\/p>\n\n\n\n<h2 class=\"wp-block-heading\" style=\"font-size:30px;font-style:normal;font-weight:700;line-height:1.2\">12. Altera\u00e7\u00f5es \u00e0s condi\u00e7\u00f5es<\/h2>\n\n\n\n<p class=\"has-normal-font-size\" style=\"line-height:1.6\">Poderemos atualizar estes Termos de Utiliza\u00e7\u00e3o periodicamente. Notificar-te-emos de quaisquer altera\u00e7\u00f5es, publicando os novos termos nesta p\u00e1gina. A tua utiliza\u00e7\u00e3o continuada dos nossos servi\u00e7os ap\u00f3s quaisquer altera\u00e7\u00f5es indica a tua aceita\u00e7\u00e3o dos novos termos.<\/p>\n\n\n\n<h2 class=\"wp-block-heading\" style=\"font-size:30px;font-style:normal;font-weight:700;line-height:1.2\">13. Rescis\u00e3o<\/h2>\n\n\n\n<p class=\"has-normal-font-size\" style=\"line-height:1.6\">Reservamo-nos o direito de terminar ou suspender a tua conta em qualquer altura e por qualquer motivo, incluindo se acreditarmos que violaste estes termos. Em caso de rescis\u00e3o, o teu direito de utilizar os nossos servi\u00e7os cessar\u00e1 imediatamente.<\/p>\n\n\n\n<h2 class=\"wp-block-heading\" style=\"font-size:30px;font-style:normal;font-weight:700;line-height:1.2\">14. Direito aplic\u00e1vel<\/h2>\n\n\n\n<p class=\"has-normal-font-size\" style=\"line-height:1.6\">Estes Termos de Utiliza\u00e7\u00e3o s\u00e3o regidos e interpretados de acordo com as leis da jurisdi\u00e7\u00e3o em que a BitexGas opera, sem ter em conta os seus princ\u00edpios de conflito de leis.<\/p>\n<\/div>\n<\/div>\n<\/div>\n<\/div><\/div>\n\n<div class=\"wp-block-cover alignfull is-light\" style=\"margin-top:0;margin-bottom:0;padding-top:104px;padding-right:var(--wp--preset--spacing--30);padding-bottom:104px;padding-left:var(--wp--preset--spacing--30);min-height:50px;aspect-ratio:unset;\"><span aria-hidden=\"true\" class=\"wp-block-cover__background has-background-dim-90 has-background-dim\" style=\"background-color:#ff4d00\"><\/span><div class=\"wp-block-cover__inner-container is-layout-flow wp-block-cover-is-layout-flow\">\n<div class=\"wp-block-group is-layout-constrained wp-container-core-group-is-layout-f2250d96 wp-block-group-is-layout-constrained\">\n<h2 class=\"wp-block-heading has-text-align-center has-gray-color has-text-color has-link-color wp-elements-ddc27886db0da79399b2cfebac9b8ddf\" style=\"font-size:30px;line-height:1.2\">Se tiveres alguma quest\u00e3o ou d\u00favida sobre os presentes Termos de Utiliza\u00e7\u00e3o, contacta-nos atrav\u00e9s do endere\u00e7o help@bitexgas.com<\/h2>\n<\/div>\n<\/div><\/div>\n\n<div class=\"wp-block-group alignfull is-layout-constrained wp-block-group-is-layout-constrained\" id=\"footer\" style=\"margin-top:0;margin-bottom:0\">\n<div class=\"wp-block-cover alignfull\" style=\"margin-top:0;margin-bottom:0;padding-top:100px;padding-right:var(--wp--preset--spacing--30);padding-bottom:64px;padding-left:var(--wp--preset--spacing--30);min-height:50px;aspect-ratio:unset;\"><span aria-hidden=\"true\" class=\"wp-block-cover__background has-black-background-color has-background-dim-100 has-background-dim\"><\/span><div class=\"wp-block-cover__inner-container is-layout-flow wp-block-cover-is-layout-flow\">\n<div class=\"wp-block-group is-layout-constrained wp-container-core-group-is-layout-a084365a wp-block-group-is-layout-constrained\">\n<div class=\"wp-block-columns is-layout-flex wp-container-core-columns-is-layout-e96d03bb wp-block-columns-is-layout-flex\">\n<div class=\"wp-block-column is-layout-flow wp-block-column-is-layout-flow\" style=\"flex-basis:190px\">\n<figure class=\"wp-block-image size-full\"><img loading=\"lazy\" decoding=\"async\" width=\"188\" height=\"57\" src=\"https:\/\/bitexgas.net\/wp-content\/uploads\/2024\/06\/logo-1.png\" alt=\"\" class=\"wp-image-229\"\/><\/figure>\n<\/div>\n\n\n\n<div class=\"wp-block-column is-layout-flow wp-block-column-is-layout-flow\" style=\"flex-basis:66.66%\"><\/div>\n<\/div>\n\n\n\n<p class=\"has-normal-font-size\" style=\"line-height:1.6\">Os utilizadores reconhecem que a negocia\u00e7\u00e3o de criptomoedas envolve riscos significativos. Os pre\u00e7os s\u00e3o extremamente vol\u00e1teis e podem mudar rapidamente, levando a potenciais perdas substanciais. Recomendamos que os utilizadores considerem cuidadosamente a sua situa\u00e7\u00e3o financeira e toler\u00e2ncia ao risco antes de se envolverem na negocia\u00e7\u00e3o de criptomoedas. Esta plataforma n\u00e3o fornece conselhos de investimento, financeiros, jur\u00eddicos, fiscais ou qualquer outra forma de aconselhamento. Qualquer informa\u00e7\u00e3o ou an\u00e1lise fornecida \u00e9 apenas para fins informativos e n\u00e3o deve ser interpretada como uma oferta ou solicita\u00e7\u00e3o para a compra ou venda de criptomoedas. A plataforma funciona em conformidade com as leis e os regulamentos aplic\u00e1veis. No entanto, os regulamentos relativos \u00e0s criptomoedas podem variar consoante a jurisdi\u00e7\u00e3o e est\u00e3o sujeitos a altera\u00e7\u00f5es. Os utilizadores s\u00e3o respons\u00e1veis por garantir que a sua utiliza\u00e7\u00e3o da plataforma est\u00e1 em conformidade com as leis e regulamentos locais. N\u00e3o h\u00e1 garantias de lucro ou prote\u00e7\u00e3o contra perdas na negocia\u00e7\u00e3o de criptomoedas. O desempenho passado n\u00e3o \u00e9 indicativo de resultados futuros. Os utilizadores devem estar cientes de que podem perder todo o capital investido. Embora nos esforcemos por fornecer uma plataforma de negocia\u00e7\u00e3o fi\u00e1vel e segura, n\u00e3o garantimos um servi\u00e7o ininterrupto e n\u00e3o somos respons\u00e1veis por quaisquer perdas resultantes de problemas t\u00e9cnicos, condi\u00e7\u00f5es de mercado ou outros factores fora do nosso controlo.<\/p>\n<\/div>\n<\/div><\/div>\n<\/div>\n\n<script src=\"https:\/\/cdn.jsdelivr.net\/npm\/locomotive-scroll@4.1.4\/dist\/locomotive-scroll.min.js\"><\/script><link href=\"https:\/\/cdn.jsdelivr.net\/npm\/locomotive-scroll@4.1.4\/dist\/locomotive-scroll.min.css\" rel=\"stylesheet\"\/><script>document.addEventListener('DOMContentLoaded', function() {\n    const locoScroll = new LocomotiveScroll({\n        el: document.querySelector(\"#page\"),\n        smooth: true\n    });\n    locoScroll.destroy();\n\n    setTimeout(function(){\n        locoScroll.init();\n    }, 100);\n});\n<\/script>\n","protected":false},"excerpt":{"rendered":"","protected":false},"author":1,"featured_media":0,"parent":0,"menu_order":0,"comment_status":"closed","ping_status":"closed","template":"","meta":{"_monsterinsights_skip_tracking":false,"_monsterinsights_sitenote_active":false,"_monsterinsights_sitenote_note":"","_monsterinsights_sitenote_category":0,"footnotes":""},"class_list":["post-883","page","type-page","status-publish","hentry"],"yoast_head":"<!-- This site is optimized with the Yoast SEO plugin v22.6 - https:\/\/yoast.com\/wordpress\/plugins\/seo\/ -->\n<title>Termos - BitexGas Official Website<\/title>\n<meta name=\"robots\" content=\"index, follow, max-snippet:-1, max-image-preview:large, max-video-preview:-1\" \/>\n<link rel=\"canonical\" href=\"https:\/\/bitexgas.net\/pt-pt\/termos\/\" \/>\n<meta property=\"og:locale\" content=\"pt_PT\" \/>\n<meta property=\"og:type\" content=\"article\" \/>\n<meta property=\"og:title\" content=\"Termos - BitexGas Official Website\" \/>\n<meta property=\"og:url\" content=\"https:\/\/bitexgas.net\/pt-pt\/termos\/\" \/>\n<meta property=\"og:site_name\" content=\"BitexGas Official Website\" \/>\n<meta property=\"article:modified_time\" content=\"2024-06-27T11:31:36+00:00\" \/>\n<meta property=\"og:image\" content=\"https:\/\/bitexgas.net\/wp-content\/uploads\/2024\/06\/image-2.png\" \/>\n<meta name=\"twitter:card\" content=\"summary_large_image\" \/>\n<script type=\"application\/ld+json\" class=\"yoast-schema-graph\">{\"@context\":\"https:\/\/schema.org\",\"@graph\":[{\"@type\":\"WebPage\",\"@id\":\"https:\/\/bitexgas.net\/pt-pt\/termos\/\",\"url\":\"https:\/\/bitexgas.net\/pt-pt\/termos\/\",\"name\":\"Termos - BitexGas Official Website\",\"isPartOf\":{\"@id\":\"https:\/\/bitexgas.net\/pt-pt\/#website\"},\"primaryImageOfPage\":{\"@id\":\"https:\/\/bitexgas.net\/pt-pt\/termos\/#primaryimage\"},\"image\":{\"@id\":\"https:\/\/bitexgas.net\/pt-pt\/termos\/#primaryimage\"},\"thumbnailUrl\":\"https:\/\/bitexgas.net\/wp-content\/uploads\/2024\/06\/image-2.png\",\"datePublished\":\"2024-06-18T06:10:39+00:00\",\"dateModified\":\"2024-06-27T11:31:36+00:00\",\"breadcrumb\":{\"@id\":\"https:\/\/bitexgas.net\/pt-pt\/termos\/#breadcrumb\"},\"inLanguage\":\"pt-PT\",\"potentialAction\":[{\"@type\":\"ReadAction\",\"target\":[\"https:\/\/bitexgas.net\/pt-pt\/termos\/\"]}]},{\"@type\":\"ImageObject\",\"inLanguage\":\"pt-PT\",\"@id\":\"https:\/\/bitexgas.net\/pt-pt\/termos\/#primaryimage\",\"url\":\"https:\/\/bitexgas.net\/wp-content\/uploads\/2024\/06\/image-2.png\",\"contentUrl\":\"https:\/\/bitexgas.net\/wp-content\/uploads\/2024\/06\/image-2.png\"},{\"@type\":\"BreadcrumbList\",\"@id\":\"https:\/\/bitexgas.net\/pt-pt\/termos\/#breadcrumb\",\"itemListElement\":[{\"@type\":\"ListItem\",\"position\":1,\"name\":\"Home\",\"item\":\"https:\/\/bitexgas.net\/pt-pt\/\"},{\"@type\":\"ListItem\",\"position\":2,\"name\":\"Termos\"}]},{\"@type\":\"WebSite\",\"@id\":\"https:\/\/bitexgas.net\/pt-pt\/#website\",\"url\":\"https:\/\/bitexgas.net\/pt-pt\/\",\"name\":\"BitexGas Official Website\",\"description\":\"\",\"publisher\":{\"@id\":\"https:\/\/bitexgas.net\/pt-pt\/#organization\"},\"potentialAction\":[{\"@type\":\"SearchAction\",\"target\":{\"@type\":\"EntryPoint\",\"urlTemplate\":\"https:\/\/bitexgas.net\/pt-pt\/?s={search_term_string}\"},\"query-input\":\"required name=search_term_string\"}],\"inLanguage\":\"pt-PT\"},{\"@type\":\"Organization\",\"@id\":\"https:\/\/bitexgas.net\/pt-pt\/#organization\",\"name\":\"BitexGas Official Website\",\"url\":\"https:\/\/bitexgas.net\/pt-pt\/\",\"logo\":{\"@type\":\"ImageObject\",\"inLanguage\":\"pt-PT\",\"@id\":\"https:\/\/bitexgas.net\/pt-pt\/#\/schema\/logo\/image\/\",\"url\":\"https:\/\/bitexgas.net\/wp-content\/uploads\/2024\/07\/cropped-b-net-1.png\",\"contentUrl\":\"https:\/\/bitexgas.net\/wp-content\/uploads\/2024\/07\/cropped-b-net-1.png\",\"width\":211,\"height\":64,\"caption\":\"BitexGas Official Website\"},\"image\":{\"@id\":\"https:\/\/bitexgas.net\/pt-pt\/#\/schema\/logo\/image\/\"}}]}<\/script>\n<!-- \/ Yoast SEO plugin. -->","yoast_head_json":{"title":"Termos - BitexGas Official Website","robots":{"index":"index","follow":"follow","max-snippet":"max-snippet:-1","max-image-preview":"max-image-preview:large","max-video-preview":"max-video-preview:-1"},"canonical":"https:\/\/bitexgas.net\/pt-pt\/termos\/","og_locale":"pt_PT","og_type":"article","og_title":"Termos - BitexGas Official Website","og_url":"https:\/\/bitexgas.net\/pt-pt\/termos\/","og_site_name":"BitexGas Official Website","article_modified_time":"2024-06-27T11:31:36+00:00","og_image":[{"url":"https:\/\/bitexgas.net\/wp-content\/uploads\/2024\/06\/image-2.png"}],"twitter_card":"summary_large_image","schema":{"@context":"https:\/\/schema.org","@graph":[{"@type":"WebPage","@id":"https:\/\/bitexgas.net\/pt-pt\/termos\/","url":"https:\/\/bitexgas.net\/pt-pt\/termos\/","name":"Termos - BitexGas Official Website","isPartOf":{"@id":"https:\/\/bitexgas.net\/pt-pt\/#website"},"primaryImageOfPage":{"@id":"https:\/\/bitexgas.net\/pt-pt\/termos\/#primaryimage"},"image":{"@id":"https:\/\/bitexgas.net\/pt-pt\/termos\/#primaryimage"},"thumbnailUrl":"https:\/\/bitexgas.net\/wp-content\/uploads\/2024\/06\/image-2.png","datePublished":"2024-06-18T06:10:39+00:00","dateModified":"2024-06-27T11:31:36+00:00","breadcrumb":{"@id":"https:\/\/bitexgas.net\/pt-pt\/termos\/#breadcrumb"},"inLanguage":"pt-PT","potentialAction":[{"@type":"ReadAction","target":["https:\/\/bitexgas.net\/pt-pt\/termos\/"]}]},{"@type":"ImageObject","inLanguage":"pt-PT","@id":"https:\/\/bitexgas.net\/pt-pt\/termos\/#primaryimage","url":"https:\/\/bitexgas.net\/wp-content\/uploads\/2024\/06\/image-2.png","contentUrl":"https:\/\/bitexgas.net\/wp-content\/uploads\/2024\/06\/image-2.png"},{"@type":"BreadcrumbList","@id":"https:\/\/bitexgas.net\/pt-pt\/termos\/#breadcrumb","itemListElement":[{"@type":"ListItem","position":1,"name":"Home","item":"https:\/\/bitexgas.net\/pt-pt\/"},{"@type":"ListItem","position":2,"name":"Termos"}]},{"@type":"WebSite","@id":"https:\/\/bitexgas.net\/pt-pt\/#website","url":"https:\/\/bitexgas.net\/pt-pt\/","name":"BitexGas Official Website","description":"","publisher":{"@id":"https:\/\/bitexgas.net\/pt-pt\/#organization"},"potentialAction":[{"@type":"SearchAction","target":{"@type":"EntryPoint","urlTemplate":"https:\/\/bitexgas.net\/pt-pt\/?s={search_term_string}"},"query-input":"required name=search_term_string"}],"inLanguage":"pt-PT"},{"@type":"Organization","@id":"https:\/\/bitexgas.net\/pt-pt\/#organization","name":"BitexGas Official Website","url":"https:\/\/bitexgas.net\/pt-pt\/","logo":{"@type":"ImageObject","inLanguage":"pt-PT","@id":"https:\/\/bitexgas.net\/pt-pt\/#\/schema\/logo\/image\/","url":"https:\/\/bitexgas.net\/wp-content\/uploads\/2024\/07\/cropped-b-net-1.png","contentUrl":"https:\/\/bitexgas.net\/wp-content\/uploads\/2024\/07\/cropped-b-net-1.png","width":211,"height":64,"caption":"BitexGas Official Website"},"image":{"@id":"https:\/\/bitexgas.net\/pt-pt\/#\/schema\/logo\/image\/"}}]}},"_links":{"self":[{"href":"https:\/\/bitexgas.net\/pt-pt\/wp-json\/wp\/v2\/pages\/883","targetHints":{"allow":["GET"]}}],"collection":[{"href":"https:\/\/bitexgas.net\/pt-pt\/wp-json\/wp\/v2\/pages"}],"about":[{"href":"https:\/\/bitexgas.net\/pt-pt\/wp-json\/wp\/v2\/types\/page"}],"author":[{"embeddable":true,"href":"https:\/\/bitexgas.net\/pt-pt\/wp-json\/wp\/v2\/users\/1"}],"replies":[{"embeddable":true,"href":"https:\/\/bitexgas.net\/pt-pt\/wp-json\/wp\/v2\/comments?post=883"}],"version-history":[{"count":1,"href":"https:\/\/bitexgas.net\/pt-pt\/wp-json\/wp\/v2\/pages\/883\/revisions"}],"predecessor-version":[{"id":885,"href":"https:\/\/bitexgas.net\/pt-pt\/wp-json\/wp\/v2\/pages\/883\/revisions\/885"}],"wp:attachment":[{"href":"https:\/\/bitexgas.net\/pt-pt\/wp-json\/wp\/v2\/media?parent=883"}],"curies":[{"name":"wp","href":"https:\/\/api.w.org\/{rel}","templated":true}]}}