{"id":858,"date":"2024-06-18T06:10:26","date_gmt":"2024-06-18T06:10:26","guid":{"rendered":"https:\/\/bitexgas.net\/politica\/"},"modified":"2024-06-27T11:31:16","modified_gmt":"2024-06-27T11:31:16","slug":"politica","status":"publish","type":"page","link":"https:\/\/bitexgas.net\/pt-pt\/politica\/","title":{"rendered":"Pol\u00edtica"},"content":{"rendered":"\n<div class=\"wp-block-group alignfull is-layout-constrained wp-block-group-is-layout-constrained\" id=\"footer\" style=\"margin-top:0;margin-bottom:0\">\n<div class=\"wp-block-group alignfull is-layout-constrained wp-block-group-is-layout-constrained\" style=\"margin-top:0;margin-bottom:0\">\n<div class=\"wp-block-group alignfull is-layout-constrained wp-block-group-is-layout-constrained\" style=\"margin-top:0;margin-bottom:0\">\n<div class=\"wp-block-group alignfull is-layout-constrained wp-block-group-is-layout-constrained\" style=\"margin-top:0;margin-bottom:0\">\n<div class=\"wp-block-cover alignfull\" style=\"padding-top:80px;padding-right:var(--wp--preset--spacing--30);padding-bottom:80px;padding-left:var(--wp--preset--spacing--30);min-height:50px;aspect-ratio:unset;\"><span aria-hidden=\"true\" class=\"wp-block-cover__background has-background-dim-100 has-background-dim\" style=\"background-color:#000047\"><\/span><div class=\"wp-block-cover__inner-container is-layout-flow wp-block-cover-is-layout-flow\">\n<div class=\"wp-block-group is-layout-constrained wp-container-core-group-is-layout-bef80c78 wp-block-group-is-layout-constrained\">\n<h2 class=\"wp-block-heading has-text-align-center\" style=\"font-size:45px;font-style:normal;font-weight:700;line-height:1.2\">Introdu\u00e7\u00e3o<\/h2>\n\n\n\n<p class=\"has-text-align-center has-normal-font-size\" style=\"line-height:1.6\">Bem-vindo \u00e0 BitexGas! A tua privacidade \u00e9 de extrema import\u00e2ncia para n\u00f3s. Esta Pol\u00edtica de Privacidade descreve as nossas pr\u00e1ticas relativamente \u00e0 recolha, utiliza\u00e7\u00e3o e partilha das tuas informa\u00e7\u00f5es pessoais atrav\u00e9s do website da BitexGas. Ao utilizar os nossos servi\u00e7os, consente com as pr\u00e1ticas descritas nesta pol\u00edtica.<\/p>\n<\/div>\n<\/div><\/div>\n<\/div>\n\n\n\n<div class=\"wp-block-cover alignfull is-light\" style=\"margin-top:0;margin-bottom:0;padding-top:54px;padding-right:var(--wp--preset--spacing--30);padding-bottom:54px;padding-left:var(--wp--preset--spacing--30);min-height:50px;aspect-ratio:unset;\"><span aria-hidden=\"true\" class=\"wp-block-cover__background has-white-background-color has-background-dim-100 has-background-dim\"><\/span><div class=\"wp-block-cover__inner-container is-layout-flow wp-container-core-cover-is-layout-cd2247de wp-block-cover-is-layout-flow\">\n<div class=\"wp-block-group is-layout-constrained wp-container-core-group-is-layout-b5f638ac wp-block-group-is-layout-constrained\">\n<h2 class=\"wp-block-heading has-text-align-center\" style=\"font-size:45px;font-style:normal;font-weight:700;line-height:1.2\">Recolha de informa\u00e7\u00f5es<\/h2>\n\n\n\n<div class=\"wp-block-columns is-layout-flex wp-container-core-columns-is-layout-4a938530 wp-block-columns-is-layout-flex\">\n<div class=\"wp-block-column is-layout-flow wp-container-core-column-is-layout-f402376c wp-block-column-is-layout-flow\">\n<h3 class=\"wp-block-heading\" style=\"font-size:30px;font-style:normal;font-weight:700;line-height:1.2\">Informa\u00e7\u00f5es pessoais<\/h3>\n\n\n\n<ul style=\"line-height:1.6\" class=\"has-normal-font-size wp-block-list\">\n<li>Durante o registo e a gest\u00e3o da conta: Recolhemos informa\u00e7\u00f5es que forneces quando te registas no nosso site, tais como o teu nome, endere\u00e7o de e-mail e detalhes de contacto. Isto tamb\u00e9m inclui as informa\u00e7\u00f5es necess\u00e1rias para completar os processos de verifica\u00e7\u00e3o e ativar a tua carteira.<\/li>\n\n\n\n<li>Atrav\u00e9s de transac\u00e7\u00f5es financeiras: As informa\u00e7\u00f5es relacionadas com transac\u00e7\u00f5es, incluindo n\u00fameros de contas banc\u00e1rias e detalhes de pagamento, s\u00e3o recolhidas para facilitar dep\u00f3sitos e pagamentos.<\/li>\n\n\n\n<li>De terceiros: Podemos receber informa\u00e7\u00f5es sobre ti de terceiros que fornecem servi\u00e7os de negocia\u00e7\u00e3o, conforme descrito nesta pol\u00edtica de privacidade.<\/li>\n<\/ul>\n<\/div>\n\n\n\n<div class=\"wp-block-column is-layout-flow wp-container-core-column-is-layout-f402376c wp-block-column-is-layout-flow\">\n<h3 class=\"wp-block-heading\" style=\"font-size:30px;font-style:normal;font-weight:700;line-height:1.2\">Informa\u00e7\u00f5es n\u00e3o pessoais<\/h3>\n\n\n\n<ul style=\"line-height:1.6\" class=\"has-normal-font-size wp-block-list\">\n<li>An\u00e1lise e cookies: Utilizamos cookies e outras tecnologias de rastreio para recolher informa\u00e7\u00f5es n\u00e3o pessoais relativas \u00e0 tua intera\u00e7\u00e3o com o nosso Web site, incluindo endere\u00e7os IP, tipos de browser e visualiza\u00e7\u00f5es de p\u00e1ginas.<\/li>\n<\/ul>\n<\/div>\n<\/div>\n<\/div>\n<\/div><\/div>\n<\/div>\n\n\n\n<div class=\"wp-block-cover alignfull\" style=\"margin-top:0;margin-bottom:0;padding-top:80px;padding-right:var(--wp--preset--spacing--30);padding-bottom:80px;padding-left:var(--wp--preset--spacing--30);min-height:50px;aspect-ratio:unset;\"><span aria-hidden=\"true\" class=\"wp-block-cover__background has-background-dim-100 has-background-dim\" style=\"background-color:#000047\"><\/span><div class=\"wp-block-cover__inner-container is-layout-flow wp-block-cover-is-layout-flow\">\n<div class=\"wp-block-group is-layout-constrained wp-container-core-group-is-layout-e689a62c wp-block-group-is-layout-constrained\">\n<div class=\"wp-block-columns is-layout-flex wp-container-core-columns-is-layout-a04c82d7 wp-block-columns-is-layout-flex\">\n<div class=\"wp-block-column is-layout-flow wp-container-core-column-is-layout-f402376c wp-block-column-is-layout-flow\">\n<h3 class=\"wp-block-heading\" style=\"font-size:30px;font-style:normal;font-weight:700;line-height:1.2\">Utiliza\u00e7\u00e3o das informa\u00e7\u00f5es<\/h3>\n\n\n\n<div class=\"wp-block-group is-layout-constrained wp-container-core-group-is-layout-19e250f3 wp-block-group-is-layout-constrained\">\n<p class=\"has-normal-font-size\" style=\"line-height:1.6\">As tuas informa\u00e7\u00f5es s\u00e3o utilizadas para:<\/p>\n\n\n\n<ul style=\"line-height:1.6\" class=\"has-normal-font-size wp-block-list\">\n<li>Facilita a cria\u00e7\u00e3o e a gest\u00e3o de contas.<\/li>\n\n\n\n<li>Processa as transac\u00e7\u00f5es e assegura o pagamento atempado.<\/li>\n\n\n\n<li>Prestar apoio ao cliente e gerir os seus pedidos de informa\u00e7\u00e3o.<\/li>\n\n\n\n<li>Melhorar e otimizar a nossa plataforma e servi\u00e7os.<\/li>\n\n\n\n<li>Cumpre os requisitos legais aplic\u00e1veis e as nossas pol\u00edticas.<\/li>\n<\/ul>\n<\/div>\n\n\n\n<h3 class=\"wp-block-heading\" style=\"font-size:30px;font-style:normal;font-weight:700;line-height:1.2\">Partilha de informa\u00e7\u00f5es<\/h3>\n\n\n\n<ul style=\"line-height:1.6\" class=\"has-normal-font-size wp-block-list\">\n<li>Prestadores de servi\u00e7os terceiros: Partilhamos a tua informa\u00e7\u00e3o com terceiros que nos ajudam a operar o nosso site, a conduzir o nosso neg\u00f3cio ou a servir os nossos utilizadores, tais como processadores de pagamentos e fornecedores de an\u00e1lises.<\/li>\n\n\n\n<li>Requisitos legais: Podemos divulgar as tuas informa\u00e7\u00f5es quando exigido por lei ou para proteger os nossos direitos, propriedade ou seguran\u00e7a.<\/li>\n\n\n\n<li>Transfer\u00eancias comerciais: No caso de uma fus\u00e3o, aquisi\u00e7\u00e3o ou venda de activos, as tuas informa\u00e7\u00f5es pessoais podem ser transferidas.<\/li>\n<\/ul>\n\n\n\n<h3 class=\"wp-block-heading\" style=\"font-size:30px;font-style:normal;font-weight:700;line-height:1.2\">Seguran\u00e7a dos dados<\/h3>\n\n\n\n<p class=\"has-normal-font-size\" style=\"line-height:1.6\">Implementamos uma s\u00e9rie de medidas de seguran\u00e7a para manter a seguran\u00e7a das tuas informa\u00e7\u00f5es pessoais. Estas incluem encripta\u00e7\u00e3o, firewalls e tecnologia de camada de socket seguro.<\/p>\n<\/div>\n\n\n\n<div class=\"wp-block-column is-layout-flow wp-container-core-column-is-layout-f402376c wp-block-column-is-layout-flow\">\n<h3 class=\"wp-block-heading\" style=\"font-size:30px;font-style:normal;font-weight:700;line-height:1.2\">Liga\u00e7\u00f5es de terceiros<\/h3>\n\n\n\n<p class=\"has-normal-font-size\" style=\"line-height:1.6\">O nosso s\u00edtio Web pode conter liga\u00e7\u00f5es para s\u00edtios de terceiros que n\u00e3o s\u00e3o geridos por n\u00f3s. Aconselhamos-te vivamente a rever a Pol\u00edtica de Privacidade de todos os s\u00edtios que visitas.<\/p>\n\n\n\n<h3 class=\"wp-block-heading\" style=\"font-size:30px;font-style:normal;font-weight:700;line-height:1.2\">Direitos do utilizador<\/h3>\n\n\n\n<div class=\"wp-block-group is-layout-constrained wp-container-core-group-is-layout-19e250f3 wp-block-group-is-layout-constrained\">\n<p>Tens o direito de:<\/p>\n\n\n\n<ul style=\"line-height:1.6\" class=\"has-normal-font-size wp-block-list\">\n<li>Aceder, atualizar ou apagar as informa\u00e7\u00f5es pessoais que temos sobre ti.<\/li>\n\n\n\n<li>Desiste de receber futuras comunica\u00e7\u00f5es.<\/li>\n\n\n\n<li>Pedir que limitemos o processamento das tuas informa\u00e7\u00f5es pessoais.<\/li>\n<\/ul>\n<\/div>\n\n\n\n<h3 class=\"wp-block-heading\" style=\"font-size:30px;font-style:normal;font-weight:700;line-height:1.2\">Altera\u00e7\u00f5es a esta pol\u00edtica de privacidade<\/h3>\n\n\n\n<p class=\"has-normal-font-size\" style=\"line-height:1.6\">Poderemos atualizar a nossa Pol\u00edtica de Privacidade ocasionalmente. Notificar-te-emos de quaisquer altera\u00e7\u00f5es, publicando a nova Pol\u00edtica de Privacidade nesta p\u00e1gina. A tua utiliza\u00e7\u00e3o continuada do nosso servi\u00e7o ap\u00f3s quaisquer altera\u00e7\u00f5es indica a tua aceita\u00e7\u00e3o dos novos termos.<\/p>\n<\/div>\n<\/div>\n<\/div>\n<\/div><\/div>\n<\/div>\n\n\n\n<div class=\"wp-block-group alignfull is-layout-constrained wp-block-group-is-layout-constrained\" style=\"margin-top:0;margin-bottom:0\">\n<div class=\"wp-block-cover alignfull\" style=\"margin-top:0;margin-bottom:0;padding-top:104px;padding-right:var(--wp--preset--spacing--30);padding-bottom:104px;padding-left:var(--wp--preset--spacing--30);min-height:50px;aspect-ratio:unset;\"><span aria-hidden=\"true\" class=\"wp-block-cover__background has-background-dim-100 has-background-dim\" style=\"background-color:#ff4d00\"><\/span><div class=\"wp-block-cover__inner-container is-layout-flow wp-block-cover-is-layout-flow\">\n<div class=\"wp-block-group is-layout-constrained wp-container-core-group-is-layout-73405a87 wp-block-group-is-layout-constrained\">\n<h2 class=\"wp-block-heading has-text-align-center\" style=\"font-size:45px;font-style:normal;font-weight:400;line-height:1.2\">Para quaisquer quest\u00f5es ou coment\u00e1rios sobre esta Pol\u00edtica de Privacidade, contacta-nos atrav\u00e9s do endere\u00e7o <strong>help@bitexgas.com<\/strong><\/h2>\n<\/div>\n<\/div><\/div>\n<\/div>\n\n\n\n<div class=\"wp-block-cover alignfull\" style=\"margin-top:0;margin-bottom:0;padding-top:100px;padding-right:var(--wp--preset--spacing--30);padding-bottom:64px;padding-left:var(--wp--preset--spacing--30);min-height:50px;aspect-ratio:unset;\"><span aria-hidden=\"true\" class=\"wp-block-cover__background has-black-background-color has-background-dim-100 has-background-dim\"><\/span><div class=\"wp-block-cover__inner-container is-layout-flow wp-block-cover-is-layout-flow\">\n<div class=\"wp-block-group is-layout-constrained wp-container-core-group-is-layout-a084365a wp-block-group-is-layout-constrained\">\n<div class=\"wp-block-columns is-layout-flex wp-container-core-columns-is-layout-e96d03bb wp-block-columns-is-layout-flex\">\n<div class=\"wp-block-column is-layout-flow wp-block-column-is-layout-flow\" style=\"flex-basis:190px\">\n<figure class=\"wp-block-image size-full\"><img loading=\"lazy\" decoding=\"async\" width=\"188\" height=\"57\" src=\"https:\/\/bitexgas.net\/wp-content\/uploads\/2024\/06\/logo-2.png\" alt=\"\" class=\"wp-image-249\"\/><\/figure>\n<\/div>\n\n\n\n<div class=\"wp-block-column is-layout-flow wp-block-column-is-layout-flow\" style=\"flex-basis:66.66%\"><\/div>\n<\/div>\n\n\n\n<p class=\"has-normal-font-size\" style=\"line-height:1.6\">Os utilizadores reconhecem que a negocia\u00e7\u00e3o de criptomoedas envolve riscos significativos. Os pre\u00e7os s\u00e3o extremamente vol\u00e1teis e podem mudar rapidamente, levando a potenciais perdas substanciais. Recomendamos que os utilizadores considerem cuidadosamente a sua situa\u00e7\u00e3o financeira e toler\u00e2ncia ao risco antes de se envolverem na negocia\u00e7\u00e3o de criptomoedas. Esta plataforma n\u00e3o fornece conselhos de investimento, financeiros, jur\u00eddicos, fiscais ou qualquer outra forma de aconselhamento. Qualquer informa\u00e7\u00e3o ou an\u00e1lise fornecida \u00e9 apenas para fins informativos e n\u00e3o deve ser interpretada como uma oferta ou solicita\u00e7\u00e3o para a compra ou venda de criptomoedas. A plataforma funciona em conformidade com as leis e os regulamentos aplic\u00e1veis. No entanto, os regulamentos relativos \u00e0s criptomoedas podem variar consoante a jurisdi\u00e7\u00e3o e est\u00e3o sujeitos a altera\u00e7\u00f5es. Os utilizadores s\u00e3o respons\u00e1veis por garantir que a sua utiliza\u00e7\u00e3o da plataforma est\u00e1 em conformidade com as leis e regulamentos locais. N\u00e3o h\u00e1 garantias de lucro ou prote\u00e7\u00e3o contra perdas na negocia\u00e7\u00e3o de criptomoedas. O desempenho passado n\u00e3o \u00e9 indicativo de resultados futuros. Os utilizadores devem estar cientes de que podem perder todo o capital investido. Embora nos esforcemos por fornecer uma plataforma de negocia\u00e7\u00e3o fi\u00e1vel e segura, n\u00e3o garantimos um servi\u00e7o ininterrupto e n\u00e3o somos respons\u00e1veis por quaisquer perdas resultantes de problemas t\u00e9cnicos, condi\u00e7\u00f5es de mercado ou outros factores fora do nosso controlo.<\/p>\n<\/div>\n<\/div><\/div>\n<\/div>\n\n<script src=\"https:\/\/cdn.jsdelivr.net\/npm\/locomotive-scroll@4.1.4\/dist\/locomotive-scroll.min.js\"><\/script><link href=\"https:\/\/cdn.jsdelivr.net\/npm\/locomotive-scroll@4.1.4\/dist\/locomotive-scroll.min.css\" rel=\"stylesheet\"\/><script>document.addEventListener('DOMContentLoaded', function() {\n    const locoScroll = new LocomotiveScroll({\n        el: document.querySelector(\"#page\"),\n        smooth: true\n    });\n    locoScroll.destroy();\n\n    setTimeout(function(){\n        locoScroll.init();\n    }, 100);\n});\n<\/script>\n","protected":false},"excerpt":{"rendered":"","protected":false},"author":1,"featured_media":0,"parent":0,"menu_order":0,"comment_status":"closed","ping_status":"closed","template":"","meta":{"_monsterinsights_skip_tracking":false,"_monsterinsights_sitenote_active":false,"_monsterinsights_sitenote_note":"","_monsterinsights_sitenote_category":0,"footnotes":""},"class_list":["post-858","page","type-page","status-publish","hentry"],"yoast_head":"<!-- This site is optimized with the Yoast SEO plugin v22.6 - https:\/\/yoast.com\/wordpress\/plugins\/seo\/ -->\n<title>Pol\u00edtica - BitexGas Official Website<\/title>\n<meta name=\"robots\" content=\"index, follow, max-snippet:-1, max-image-preview:large, max-video-preview:-1\" \/>\n<link rel=\"canonical\" href=\"https:\/\/bitexgas.net\/pt-pt\/politica\/\" \/>\n<meta property=\"og:locale\" content=\"pt_PT\" \/>\n<meta property=\"og:type\" content=\"article\" \/>\n<meta property=\"og:title\" content=\"Pol\u00edtica - BitexGas Official Website\" \/>\n<meta property=\"og:url\" content=\"https:\/\/bitexgas.net\/pt-pt\/politica\/\" \/>\n<meta property=\"og:site_name\" content=\"BitexGas Official Website\" \/>\n<meta property=\"article:modified_time\" content=\"2024-06-27T11:31:16+00:00\" \/>\n<meta property=\"og:image\" content=\"https:\/\/bitexgas.net\/wp-content\/uploads\/2024\/06\/logo-2.png\" \/>\n<meta name=\"twitter:card\" content=\"summary_large_image\" \/>\n<script type=\"application\/ld+json\" class=\"yoast-schema-graph\">{\"@context\":\"https:\/\/schema.org\",\"@graph\":[{\"@type\":\"WebPage\",\"@id\":\"https:\/\/bitexgas.net\/pt-pt\/politica\/\",\"url\":\"https:\/\/bitexgas.net\/pt-pt\/politica\/\",\"name\":\"Pol\u00edtica - BitexGas Official Website\",\"isPartOf\":{\"@id\":\"https:\/\/bitexgas.net\/pt-pt\/#website\"},\"primaryImageOfPage\":{\"@id\":\"https:\/\/bitexgas.net\/pt-pt\/politica\/#primaryimage\"},\"image\":{\"@id\":\"https:\/\/bitexgas.net\/pt-pt\/politica\/#primaryimage\"},\"thumbnailUrl\":\"https:\/\/bitexgas.net\/wp-content\/uploads\/2024\/06\/logo-2.png\",\"datePublished\":\"2024-06-18T06:10:26+00:00\",\"dateModified\":\"2024-06-27T11:31:16+00:00\",\"breadcrumb\":{\"@id\":\"https:\/\/bitexgas.net\/pt-pt\/politica\/#breadcrumb\"},\"inLanguage\":\"pt-PT\",\"potentialAction\":[{\"@type\":\"ReadAction\",\"target\":[\"https:\/\/bitexgas.net\/pt-pt\/politica\/\"]}]},{\"@type\":\"ImageObject\",\"inLanguage\":\"pt-PT\",\"@id\":\"https:\/\/bitexgas.net\/pt-pt\/politica\/#primaryimage\",\"url\":\"https:\/\/bitexgas.net\/wp-content\/uploads\/2024\/06\/logo-2.png\",\"contentUrl\":\"https:\/\/bitexgas.net\/wp-content\/uploads\/2024\/06\/logo-2.png\"},{\"@type\":\"BreadcrumbList\",\"@id\":\"https:\/\/bitexgas.net\/pt-pt\/politica\/#breadcrumb\",\"itemListElement\":[{\"@type\":\"ListItem\",\"position\":1,\"name\":\"Home\",\"item\":\"https:\/\/bitexgas.net\/pt-pt\/\"},{\"@type\":\"ListItem\",\"position\":2,\"name\":\"Pol\u00edtica\"}]},{\"@type\":\"WebSite\",\"@id\":\"https:\/\/bitexgas.net\/pt-pt\/#website\",\"url\":\"https:\/\/bitexgas.net\/pt-pt\/\",\"name\":\"BitexGas Official Website\",\"description\":\"\",\"publisher\":{\"@id\":\"https:\/\/bitexgas.net\/pt-pt\/#organization\"},\"potentialAction\":[{\"@type\":\"SearchAction\",\"target\":{\"@type\":\"EntryPoint\",\"urlTemplate\":\"https:\/\/bitexgas.net\/pt-pt\/?s={search_term_string}\"},\"query-input\":\"required name=search_term_string\"}],\"inLanguage\":\"pt-PT\"},{\"@type\":\"Organization\",\"@id\":\"https:\/\/bitexgas.net\/pt-pt\/#organization\",\"name\":\"BitexGas Official Website\",\"url\":\"https:\/\/bitexgas.net\/pt-pt\/\",\"logo\":{\"@type\":\"ImageObject\",\"inLanguage\":\"pt-PT\",\"@id\":\"https:\/\/bitexgas.net\/pt-pt\/#\/schema\/logo\/image\/\",\"url\":\"https:\/\/bitexgas.net\/wp-content\/uploads\/2024\/07\/cropped-b-net-1.png\",\"contentUrl\":\"https:\/\/bitexgas.net\/wp-content\/uploads\/2024\/07\/cropped-b-net-1.png\",\"width\":211,\"height\":64,\"caption\":\"BitexGas Official Website\"},\"image\":{\"@id\":\"https:\/\/bitexgas.net\/pt-pt\/#\/schema\/logo\/image\/\"}}]}<\/script>\n<!-- \/ Yoast SEO plugin. -->","yoast_head_json":{"title":"Pol\u00edtica - BitexGas Official Website","robots":{"index":"index","follow":"follow","max-snippet":"max-snippet:-1","max-image-preview":"max-image-preview:large","max-video-preview":"max-video-preview:-1"},"canonical":"https:\/\/bitexgas.net\/pt-pt\/politica\/","og_locale":"pt_PT","og_type":"article","og_title":"Pol\u00edtica - BitexGas Official Website","og_url":"https:\/\/bitexgas.net\/pt-pt\/politica\/","og_site_name":"BitexGas Official Website","article_modified_time":"2024-06-27T11:31:16+00:00","og_image":[{"url":"https:\/\/bitexgas.net\/wp-content\/uploads\/2024\/06\/logo-2.png"}],"twitter_card":"summary_large_image","schema":{"@context":"https:\/\/schema.org","@graph":[{"@type":"WebPage","@id":"https:\/\/bitexgas.net\/pt-pt\/politica\/","url":"https:\/\/bitexgas.net\/pt-pt\/politica\/","name":"Pol\u00edtica - BitexGas Official Website","isPartOf":{"@id":"https:\/\/bitexgas.net\/pt-pt\/#website"},"primaryImageOfPage":{"@id":"https:\/\/bitexgas.net\/pt-pt\/politica\/#primaryimage"},"image":{"@id":"https:\/\/bitexgas.net\/pt-pt\/politica\/#primaryimage"},"thumbnailUrl":"https:\/\/bitexgas.net\/wp-content\/uploads\/2024\/06\/logo-2.png","datePublished":"2024-06-18T06:10:26+00:00","dateModified":"2024-06-27T11:31:16+00:00","breadcrumb":{"@id":"https:\/\/bitexgas.net\/pt-pt\/politica\/#breadcrumb"},"inLanguage":"pt-PT","potentialAction":[{"@type":"ReadAction","target":["https:\/\/bitexgas.net\/pt-pt\/politica\/"]}]},{"@type":"ImageObject","inLanguage":"pt-PT","@id":"https:\/\/bitexgas.net\/pt-pt\/politica\/#primaryimage","url":"https:\/\/bitexgas.net\/wp-content\/uploads\/2024\/06\/logo-2.png","contentUrl":"https:\/\/bitexgas.net\/wp-content\/uploads\/2024\/06\/logo-2.png"},{"@type":"BreadcrumbList","@id":"https:\/\/bitexgas.net\/pt-pt\/politica\/#breadcrumb","itemListElement":[{"@type":"ListItem","position":1,"name":"Home","item":"https:\/\/bitexgas.net\/pt-pt\/"},{"@type":"ListItem","position":2,"name":"Pol\u00edtica"}]},{"@type":"WebSite","@id":"https:\/\/bitexgas.net\/pt-pt\/#website","url":"https:\/\/bitexgas.net\/pt-pt\/","name":"BitexGas Official Website","description":"","publisher":{"@id":"https:\/\/bitexgas.net\/pt-pt\/#organization"},"potentialAction":[{"@type":"SearchAction","target":{"@type":"EntryPoint","urlTemplate":"https:\/\/bitexgas.net\/pt-pt\/?s={search_term_string}"},"query-input":"required name=search_term_string"}],"inLanguage":"pt-PT"},{"@type":"Organization","@id":"https:\/\/bitexgas.net\/pt-pt\/#organization","name":"BitexGas Official Website","url":"https:\/\/bitexgas.net\/pt-pt\/","logo":{"@type":"ImageObject","inLanguage":"pt-PT","@id":"https:\/\/bitexgas.net\/pt-pt\/#\/schema\/logo\/image\/","url":"https:\/\/bitexgas.net\/wp-content\/uploads\/2024\/07\/cropped-b-net-1.png","contentUrl":"https:\/\/bitexgas.net\/wp-content\/uploads\/2024\/07\/cropped-b-net-1.png","width":211,"height":64,"caption":"BitexGas Official Website"},"image":{"@id":"https:\/\/bitexgas.net\/pt-pt\/#\/schema\/logo\/image\/"}}]}},"_links":{"self":[{"href":"https:\/\/bitexgas.net\/pt-pt\/wp-json\/wp\/v2\/pages\/858","targetHints":{"allow":["GET"]}}],"collection":[{"href":"https:\/\/bitexgas.net\/pt-pt\/wp-json\/wp\/v2\/pages"}],"about":[{"href":"https:\/\/bitexgas.net\/pt-pt\/wp-json\/wp\/v2\/types\/page"}],"author":[{"embeddable":true,"href":"https:\/\/bitexgas.net\/pt-pt\/wp-json\/wp\/v2\/users\/1"}],"replies":[{"embeddable":true,"href":"https:\/\/bitexgas.net\/pt-pt\/wp-json\/wp\/v2\/comments?post=858"}],"version-history":[{"count":1,"href":"https:\/\/bitexgas.net\/pt-pt\/wp-json\/wp\/v2\/pages\/858\/revisions"}],"predecessor-version":[{"id":862,"href":"https:\/\/bitexgas.net\/pt-pt\/wp-json\/wp\/v2\/pages\/858\/revisions\/862"}],"wp:attachment":[{"href":"https:\/\/bitexgas.net\/pt-pt\/wp-json\/wp\/v2\/media?parent=858"}],"curies":[{"name":"wp","href":"https:\/\/api.w.org\/{rel}","templated":true}]}}