{"id":887,"date":"2024-06-18T06:10:26","date_gmt":"2024-06-18T06:10:26","guid":{"rendered":"https:\/\/bitexgas.net\/retningslinjer\/"},"modified":"2024-06-27T11:31:35","modified_gmt":"2024-06-27T11:31:35","slug":"retningslinjer","status":"publish","type":"page","link":"https:\/\/bitexgas.net\/no\/retningslinjer\/","title":{"rendered":"Retningslinjer"},"content":{"rendered":"\n<div class=\"wp-block-group alignfull is-layout-constrained wp-block-group-is-layout-constrained\" id=\"footer\" style=\"margin-top:0;margin-bottom:0\">\n<div class=\"wp-block-group alignfull is-layout-constrained wp-block-group-is-layout-constrained\" style=\"margin-top:0;margin-bottom:0\">\n<div class=\"wp-block-group alignfull is-layout-constrained wp-block-group-is-layout-constrained\" style=\"margin-top:0;margin-bottom:0\">\n<div class=\"wp-block-group alignfull is-layout-constrained wp-block-group-is-layout-constrained\" style=\"margin-top:0;margin-bottom:0\">\n<div class=\"wp-block-cover alignfull\" style=\"padding-top:80px;padding-right:var(--wp--preset--spacing--30);padding-bottom:80px;padding-left:var(--wp--preset--spacing--30);min-height:50px;aspect-ratio:unset;\"><span aria-hidden=\"true\" class=\"wp-block-cover__background has-background-dim-100 has-background-dim\" style=\"background-color:#000047\"><\/span><div class=\"wp-block-cover__inner-container is-layout-flow wp-block-cover-is-layout-flow\">\n<div class=\"wp-block-group is-layout-constrained wp-container-core-group-is-layout-bef80c78 wp-block-group-is-layout-constrained\">\n<h2 class=\"wp-block-heading has-text-align-center\" style=\"font-size:45px;font-style:normal;font-weight:700;line-height:1.2\">Innledning<\/h2>\n\n\n\n<p class=\"has-text-align-center has-normal-font-size\" style=\"line-height:1.6\">Velkommen til BitexGas! Personvernet ditt er av st\u00f8rste viktighet for oss. Denne personvernerkl\u00e6ringen beskriver v\u00e5r praksis n\u00e5r det gjelder innsamling, bruk og deling av dine personopplysninger via BitexGas&#8217; nettsted. Ved \u00e5 bruke tjenestene v\u00e5re samtykker du til praksisen som er beskrevet i denne erkl\u00e6ringen.<\/p>\n<\/div>\n<\/div><\/div>\n<\/div>\n\n\n\n<div class=\"wp-block-cover alignfull is-light\" style=\"margin-top:0;margin-bottom:0;padding-top:54px;padding-right:var(--wp--preset--spacing--30);padding-bottom:54px;padding-left:var(--wp--preset--spacing--30);min-height:50px;aspect-ratio:unset;\"><span aria-hidden=\"true\" class=\"wp-block-cover__background has-white-background-color has-background-dim-100 has-background-dim\"><\/span><div class=\"wp-block-cover__inner-container is-layout-flow wp-container-core-cover-is-layout-cd2247de wp-block-cover-is-layout-flow\">\n<div class=\"wp-block-group is-layout-constrained wp-container-core-group-is-layout-b5f638ac wp-block-group-is-layout-constrained\">\n<h2 class=\"wp-block-heading has-text-align-center\" style=\"font-size:45px;font-style:normal;font-weight:700;line-height:1.2\">Innsamling av informasjon<\/h2>\n\n\n\n<div class=\"wp-block-columns is-layout-flex wp-container-core-columns-is-layout-4a938530 wp-block-columns-is-layout-flex\">\n<div class=\"wp-block-column is-layout-flow wp-container-core-column-is-layout-f402376c wp-block-column-is-layout-flow\">\n<h3 class=\"wp-block-heading\" style=\"font-size:30px;font-style:normal;font-weight:700;line-height:1.2\">Personlig informasjon<\/h3>\n\n\n\n<ul style=\"line-height:1.6\" class=\"has-normal-font-size wp-block-list\">\n<li>Under registrering og kontoadministrasjon: Vi samler inn informasjon som du oppgir n\u00e5r du registrerer deg p\u00e5 nettstedet v\u00e5rt, for eksempel navn, e-postadresse og kontaktopplysninger. Dette inkluderer ogs\u00e5 informasjon som er n\u00f8dvendig for \u00e5 fullf\u00f8re verifiseringsprosesser og aktivere lommeboken din.<\/li>\n\n\n\n<li>Gjennom finansielle transaksjoner: Informasjon knyttet til transaksjoner, inkludert bankkontonummer og betalingsopplysninger, samles inn for \u00e5 forenkle innskudd og betalinger.<\/li>\n\n\n\n<li>Fra tredjeparter: Vi kan motta informasjon om deg fra tredjeparter som tilbyr handelstjenester som beskrevet i denne personvernerkl\u00e6ringen.<\/li>\n<\/ul>\n<\/div>\n\n\n\n<div class=\"wp-block-column is-layout-flow wp-container-core-column-is-layout-f402376c wp-block-column-is-layout-flow\">\n<h3 class=\"wp-block-heading\" style=\"font-size:30px;font-style:normal;font-weight:700;line-height:1.2\">Ikke-personlig informasjon<\/h3>\n\n\n\n<ul style=\"line-height:1.6\" class=\"has-normal-font-size wp-block-list\">\n<li>Analyse og informasjonskapsler: Vi bruker informasjonskapsler og andre sporingsteknologier for \u00e5 samle inn ikke-personlig informasjon om din interaksjon med nettstedet v\u00e5rt, inkludert IP-adresser, nettlesertyper og sidevisninger.<\/li>\n<\/ul>\n<\/div>\n<\/div>\n<\/div>\n<\/div><\/div>\n<\/div>\n\n\n\n<div class=\"wp-block-cover alignfull\" style=\"margin-top:0;margin-bottom:0;padding-top:80px;padding-right:var(--wp--preset--spacing--30);padding-bottom:80px;padding-left:var(--wp--preset--spacing--30);min-height:50px;aspect-ratio:unset;\"><span aria-hidden=\"true\" class=\"wp-block-cover__background has-background-dim-100 has-background-dim\" style=\"background-color:#000047\"><\/span><div class=\"wp-block-cover__inner-container is-layout-flow wp-block-cover-is-layout-flow\">\n<div class=\"wp-block-group is-layout-constrained wp-container-core-group-is-layout-e689a62c wp-block-group-is-layout-constrained\">\n<div class=\"wp-block-columns is-layout-flex wp-container-core-columns-is-layout-a04c82d7 wp-block-columns-is-layout-flex\">\n<div class=\"wp-block-column is-layout-flow wp-container-core-column-is-layout-f402376c wp-block-column-is-layout-flow\">\n<h3 class=\"wp-block-heading\" style=\"font-size:30px;font-style:normal;font-weight:700;line-height:1.2\">Bruk av informasjon<\/h3>\n\n\n\n<div class=\"wp-block-group is-layout-constrained wp-container-core-group-is-layout-19e250f3 wp-block-group-is-layout-constrained\">\n<p class=\"has-normal-font-size\" style=\"line-height:1.6\">Informasjonen din brukes til \u00e5:<\/p>\n\n\n\n<ul style=\"line-height:1.6\" class=\"has-normal-font-size wp-block-list\">\n<li>Gj\u00f8r det enklere \u00e5 opprette og administrere kontoer.<\/li>\n\n\n\n<li>Behandle transaksjoner og s\u00f8rge for rettidig betaling.<\/li>\n\n\n\n<li>Gi kundest\u00f8tte og h\u00e5ndtere henvendelsene dine.<\/li>\n\n\n\n<li>Forbedre og optimalisere plattformen og tjenestene v\u00e5re.<\/li>\n\n\n\n<li>overholde gjeldende juridiske krav og v\u00e5re retningslinjer.<\/li>\n<\/ul>\n<\/div>\n\n\n\n<h3 class=\"wp-block-heading\" style=\"font-size:30px;font-style:normal;font-weight:700;line-height:1.2\">Deling av informasjon<\/h3>\n\n\n\n<ul style=\"line-height:1.6\" class=\"has-normal-font-size wp-block-list\">\n<li>Tredjeparts tjenesteleverand\u00f8rer: Vi deler informasjonen din med tredjeparter som hjelper oss med \u00e5 drive nettstedet v\u00e5rt, drive virksomheten v\u00e5r eller betjene brukerne v\u00e5re, for eksempel betalingsbehandlere og analyseleverand\u00f8rer.<\/li>\n\n\n\n<li>Juridiske krav: Vi kan utlevere informasjonen din n\u00e5r det kreves av loven eller for \u00e5 beskytte v\u00e5re rettigheter, eiendom eller sikkerhet.<\/li>\n\n\n\n<li>Overf\u00f8ring av virksomhet: I tilfelle fusjon, oppkj\u00f8p eller salg av eiendeler kan personopplysningene dine bli overf\u00f8rt.<\/li>\n<\/ul>\n\n\n\n<h3 class=\"wp-block-heading\" style=\"font-size:30px;font-style:normal;font-weight:700;line-height:1.2\">Datasikkerhet<\/h3>\n\n\n\n<p class=\"has-normal-font-size\" style=\"line-height:1.6\">Vi iverksetter en rekke sikkerhetstiltak for \u00e5 ivareta sikkerheten til personopplysningene dine. Disse inkluderer kryptering, brannmurer og Secure Socket Layer-teknologi.<\/p>\n<\/div>\n\n\n\n<div class=\"wp-block-column is-layout-flow wp-container-core-column-is-layout-f402376c wp-block-column-is-layout-flow\">\n<h3 class=\"wp-block-heading\" style=\"font-size:30px;font-style:normal;font-weight:700;line-height:1.2\">Tredjeparts lenker<\/h3>\n\n\n\n<p class=\"has-normal-font-size\" style=\"line-height:1.6\">Nettstedet v\u00e5rt kan inneholde lenker til tredjeparts nettsteder som ikke drives av oss. Vi anbefaler p\u00e5 det sterkeste at du leser gjennom personvernerkl\u00e6ringen for hvert nettsted du bes\u00f8ker.<\/p>\n\n\n\n<h3 class=\"wp-block-heading\" style=\"font-size:30px;font-style:normal;font-weight:700;line-height:1.2\">Brukerrettigheter<\/h3>\n\n\n\n<div class=\"wp-block-group is-layout-constrained wp-container-core-group-is-layout-19e250f3 wp-block-group-is-layout-constrained\">\n<p>Det har du rett til:<\/p>\n\n\n\n<ul style=\"line-height:1.6\" class=\"has-normal-font-size wp-block-list\">\n<li>F\u00e5 tilgang til, oppdatere eller slette personopplysningene vi har om deg.<\/li>\n\n\n\n<li>Fravelge fremtidig kommunikasjon.<\/li>\n\n\n\n<li>Be om at vi begrenser behandlingen av personopplysningene dine.<\/li>\n<\/ul>\n<\/div>\n\n\n\n<h3 class=\"wp-block-heading\" style=\"font-size:30px;font-style:normal;font-weight:700;line-height:1.2\">Endringer i denne personvernerkl\u00e6ringen<\/h3>\n\n\n\n<p class=\"has-normal-font-size\" style=\"line-height:1.6\">Vi kan oppdatere personvernerkl\u00e6ringen v\u00e5r fra tid til annen. Vi vil varsle deg om eventuelle endringer ved \u00e5 legge ut den nye personvernerkl\u00e6ringen p\u00e5 denne siden. Hvis du fortsetter \u00e5 bruke tjenesten v\u00e5r etter eventuelle endringer, betyr det at du godtar de nye vilk\u00e5rene.<\/p>\n<\/div>\n<\/div>\n<\/div>\n<\/div><\/div>\n<\/div>\n\n\n\n<div class=\"wp-block-group alignfull is-layout-constrained wp-block-group-is-layout-constrained\" style=\"margin-top:0;margin-bottom:0\">\n<div class=\"wp-block-cover alignfull\" style=\"margin-top:0;margin-bottom:0;padding-top:104px;padding-right:var(--wp--preset--spacing--30);padding-bottom:104px;padding-left:var(--wp--preset--spacing--30);min-height:50px;aspect-ratio:unset;\"><span aria-hidden=\"true\" class=\"wp-block-cover__background has-background-dim-100 has-background-dim\" style=\"background-color:#ff4d00\"><\/span><div class=\"wp-block-cover__inner-container is-layout-flow wp-block-cover-is-layout-flow\">\n<div class=\"wp-block-group is-layout-constrained wp-container-core-group-is-layout-73405a87 wp-block-group-is-layout-constrained\">\n<h2 class=\"wp-block-heading has-text-align-center\" style=\"font-size:45px;font-style:normal;font-weight:400;line-height:1.2\">Hvis du har sp\u00f8rsm\u00e5l eller kommentarer til denne personvernerkl\u00e6ringen, kan du kontakte oss p\u00e5 <strong>help@bitexgas.com<\/strong><\/h2>\n<\/div>\n<\/div><\/div>\n<\/div>\n\n\n\n<div class=\"wp-block-cover alignfull\" style=\"margin-top:0;margin-bottom:0;padding-top:100px;padding-right:var(--wp--preset--spacing--30);padding-bottom:64px;padding-left:var(--wp--preset--spacing--30);min-height:50px;aspect-ratio:unset;\"><span aria-hidden=\"true\" class=\"wp-block-cover__background has-black-background-color has-background-dim-100 has-background-dim\"><\/span><div class=\"wp-block-cover__inner-container is-layout-flow wp-block-cover-is-layout-flow\">\n<div class=\"wp-block-group is-layout-constrained wp-container-core-group-is-layout-a084365a wp-block-group-is-layout-constrained\">\n<div class=\"wp-block-columns is-layout-flex wp-container-core-columns-is-layout-e96d03bb wp-block-columns-is-layout-flex\">\n<div class=\"wp-block-column is-layout-flow wp-block-column-is-layout-flow\" style=\"flex-basis:190px\">\n<figure class=\"wp-block-image size-full\"><img loading=\"lazy\" decoding=\"async\" width=\"188\" height=\"57\" src=\"https:\/\/bitexgas.net\/wp-content\/uploads\/2024\/06\/logo-2.png\" alt=\"\" class=\"wp-image-249\"\/><\/figure>\n<\/div>\n\n\n\n<div class=\"wp-block-column is-layout-flow wp-block-column-is-layout-flow\" style=\"flex-basis:66.66%\"><\/div>\n<\/div>\n\n\n\n<p class=\"has-normal-font-size\" style=\"line-height:1.6\">Brukere erkjenner at handel med kryptovalutaer inneb\u00e6rer betydelig risiko. Prisene er ekstremt volatile og kan endre seg raskt, noe som kan f\u00f8re til store tap. Vi anbefaler at brukerne vurderer sin \u00f8konomiske situasjon og risikotoleranse n\u00f8ye f\u00f8r de begynner \u00e5 handle med kryptovaluta. Denne plattformen gir ikke r\u00e5d om investeringer, \u00f8konomi, juss, skatt eller noen annen form for r\u00e5dgivning. All informasjon eller analyse som gis er kun til informasjonsform\u00e5l og skal ikke tolkes som et tilbud eller en oppfordring til kj\u00f8p eller salg av kryptovalutaer. Plattformen drives i samsvar med gjeldende lover og forskrifter. Regelverket for kryptovaluta kan imidlertid variere fra jurisdiksjon til jurisdiksjon og kan endres. Brukerne er ansvarlige for \u00e5 sikre at deres bruk av plattformen er i samsvar med lokale lover og forskrifter. Det finnes ingen garantier for fortjeneste eller beskyttelse mot tap ved handel med kryptovaluta. Tidligere resultater er ikke en indikasjon p\u00e5 fremtidige resultater. Brukere b\u00f8r v\u00e6re oppmerksomme p\u00e5 at de kan miste hele sin investerte kapital. Selv om vi bestreber oss p\u00e5 \u00e5 tilby en p\u00e5litelig og sikker handelsplattform, kan vi ikke garantere uavbrutt tjeneste, og vi er ikke ansvarlige for eventuelle tap som f\u00f8lge av tekniske problemer, markedsforhold eller andre faktorer utenfor v\u00e5r kontroll.<\/p>\n<\/div>\n<\/div><\/div>\n<\/div>\n\n<script src=\"https:\/\/cdn.jsdelivr.net\/npm\/locomotive-scroll@4.1.4\/dist\/locomotive-scroll.min.js\"><\/script><link href=\"https:\/\/cdn.jsdelivr.net\/npm\/locomotive-scroll@4.1.4\/dist\/locomotive-scroll.min.css\" rel=\"stylesheet\"\/><script>document.addEventListener('DOMContentLoaded', function() {\n    const locoScroll = new LocomotiveScroll({\n        el: document.querySelector(\"#page\"),\n        smooth: true\n    });\n    locoScroll.destroy();\n\n    setTimeout(function(){\n        locoScroll.init();\n    }, 100);\n});\n<\/script>\n","protected":false},"excerpt":{"rendered":"","protected":false},"author":1,"featured_media":0,"parent":0,"menu_order":0,"comment_status":"closed","ping_status":"closed","template":"","meta":{"_monsterinsights_skip_tracking":false,"_monsterinsights_sitenote_active":false,"_monsterinsights_sitenote_note":"","_monsterinsights_sitenote_category":0,"footnotes":""},"class_list":["post-887","page","type-page","status-publish","hentry"],"yoast_head":"<!-- This site is optimized with the Yoast SEO plugin v22.6 - https:\/\/yoast.com\/wordpress\/plugins\/seo\/ -->\n<title>Retningslinjer - BitexGas Official Website<\/title>\n<meta name=\"robots\" content=\"index, follow, max-snippet:-1, max-image-preview:large, max-video-preview:-1\" \/>\n<link rel=\"canonical\" href=\"https:\/\/bitexgas.net\/no\/retningslinjer\/\" \/>\n<meta property=\"og:locale\" content=\"nb_NO\" \/>\n<meta property=\"og:type\" content=\"article\" \/>\n<meta property=\"og:title\" content=\"Retningslinjer - BitexGas Official Website\" \/>\n<meta property=\"og:url\" content=\"https:\/\/bitexgas.net\/no\/retningslinjer\/\" \/>\n<meta property=\"og:site_name\" content=\"BitexGas Official Website\" \/>\n<meta property=\"article:modified_time\" content=\"2024-06-27T11:31:35+00:00\" \/>\n<meta property=\"og:image\" content=\"https:\/\/bitexgas.net\/wp-content\/uploads\/2024\/06\/logo-2.png\" \/>\n<meta name=\"twitter:card\" content=\"summary_large_image\" \/>\n<script type=\"application\/ld+json\" class=\"yoast-schema-graph\">{\"@context\":\"https:\/\/schema.org\",\"@graph\":[{\"@type\":\"WebPage\",\"@id\":\"https:\/\/bitexgas.net\/no\/retningslinjer\/\",\"url\":\"https:\/\/bitexgas.net\/no\/retningslinjer\/\",\"name\":\"Retningslinjer - BitexGas Official Website\",\"isPartOf\":{\"@id\":\"https:\/\/bitexgas.net\/no\/#website\"},\"primaryImageOfPage\":{\"@id\":\"https:\/\/bitexgas.net\/no\/retningslinjer\/#primaryimage\"},\"image\":{\"@id\":\"https:\/\/bitexgas.net\/no\/retningslinjer\/#primaryimage\"},\"thumbnailUrl\":\"https:\/\/bitexgas.net\/wp-content\/uploads\/2024\/06\/logo-2.png\",\"datePublished\":\"2024-06-18T06:10:26+00:00\",\"dateModified\":\"2024-06-27T11:31:35+00:00\",\"breadcrumb\":{\"@id\":\"https:\/\/bitexgas.net\/no\/retningslinjer\/#breadcrumb\"},\"inLanguage\":\"nb-NO\",\"potentialAction\":[{\"@type\":\"ReadAction\",\"target\":[\"https:\/\/bitexgas.net\/no\/retningslinjer\/\"]}]},{\"@type\":\"ImageObject\",\"inLanguage\":\"nb-NO\",\"@id\":\"https:\/\/bitexgas.net\/no\/retningslinjer\/#primaryimage\",\"url\":\"https:\/\/bitexgas.net\/wp-content\/uploads\/2024\/06\/logo-2.png\",\"contentUrl\":\"https:\/\/bitexgas.net\/wp-content\/uploads\/2024\/06\/logo-2.png\"},{\"@type\":\"BreadcrumbList\",\"@id\":\"https:\/\/bitexgas.net\/no\/retningslinjer\/#breadcrumb\",\"itemListElement\":[{\"@type\":\"ListItem\",\"position\":1,\"name\":\"Home\",\"item\":\"https:\/\/bitexgas.net\/no\/\"},{\"@type\":\"ListItem\",\"position\":2,\"name\":\"Retningslinjer\"}]},{\"@type\":\"WebSite\",\"@id\":\"https:\/\/bitexgas.net\/no\/#website\",\"url\":\"https:\/\/bitexgas.net\/no\/\",\"name\":\"BitexGas Official Website\",\"description\":\"\",\"publisher\":{\"@id\":\"https:\/\/bitexgas.net\/no\/#organization\"},\"potentialAction\":[{\"@type\":\"SearchAction\",\"target\":{\"@type\":\"EntryPoint\",\"urlTemplate\":\"https:\/\/bitexgas.net\/no\/?s={search_term_string}\"},\"query-input\":\"required name=search_term_string\"}],\"inLanguage\":\"nb-NO\"},{\"@type\":\"Organization\",\"@id\":\"https:\/\/bitexgas.net\/no\/#organization\",\"name\":\"BitexGas Official Website\",\"url\":\"https:\/\/bitexgas.net\/no\/\",\"logo\":{\"@type\":\"ImageObject\",\"inLanguage\":\"nb-NO\",\"@id\":\"https:\/\/bitexgas.net\/no\/#\/schema\/logo\/image\/\",\"url\":\"https:\/\/bitexgas.net\/wp-content\/uploads\/2024\/07\/cropped-b-net-1.png\",\"contentUrl\":\"https:\/\/bitexgas.net\/wp-content\/uploads\/2024\/07\/cropped-b-net-1.png\",\"width\":211,\"height\":64,\"caption\":\"BitexGas Official Website\"},\"image\":{\"@id\":\"https:\/\/bitexgas.net\/no\/#\/schema\/logo\/image\/\"}}]}<\/script>\n<!-- \/ Yoast SEO plugin. -->","yoast_head_json":{"title":"Retningslinjer - BitexGas Official Website","robots":{"index":"index","follow":"follow","max-snippet":"max-snippet:-1","max-image-preview":"max-image-preview:large","max-video-preview":"max-video-preview:-1"},"canonical":"https:\/\/bitexgas.net\/no\/retningslinjer\/","og_locale":"nb_NO","og_type":"article","og_title":"Retningslinjer - BitexGas Official Website","og_url":"https:\/\/bitexgas.net\/no\/retningslinjer\/","og_site_name":"BitexGas Official Website","article_modified_time":"2024-06-27T11:31:35+00:00","og_image":[{"url":"https:\/\/bitexgas.net\/wp-content\/uploads\/2024\/06\/logo-2.png"}],"twitter_card":"summary_large_image","schema":{"@context":"https:\/\/schema.org","@graph":[{"@type":"WebPage","@id":"https:\/\/bitexgas.net\/no\/retningslinjer\/","url":"https:\/\/bitexgas.net\/no\/retningslinjer\/","name":"Retningslinjer - BitexGas Official Website","isPartOf":{"@id":"https:\/\/bitexgas.net\/no\/#website"},"primaryImageOfPage":{"@id":"https:\/\/bitexgas.net\/no\/retningslinjer\/#primaryimage"},"image":{"@id":"https:\/\/bitexgas.net\/no\/retningslinjer\/#primaryimage"},"thumbnailUrl":"https:\/\/bitexgas.net\/wp-content\/uploads\/2024\/06\/logo-2.png","datePublished":"2024-06-18T06:10:26+00:00","dateModified":"2024-06-27T11:31:35+00:00","breadcrumb":{"@id":"https:\/\/bitexgas.net\/no\/retningslinjer\/#breadcrumb"},"inLanguage":"nb-NO","potentialAction":[{"@type":"ReadAction","target":["https:\/\/bitexgas.net\/no\/retningslinjer\/"]}]},{"@type":"ImageObject","inLanguage":"nb-NO","@id":"https:\/\/bitexgas.net\/no\/retningslinjer\/#primaryimage","url":"https:\/\/bitexgas.net\/wp-content\/uploads\/2024\/06\/logo-2.png","contentUrl":"https:\/\/bitexgas.net\/wp-content\/uploads\/2024\/06\/logo-2.png"},{"@type":"BreadcrumbList","@id":"https:\/\/bitexgas.net\/no\/retningslinjer\/#breadcrumb","itemListElement":[{"@type":"ListItem","position":1,"name":"Home","item":"https:\/\/bitexgas.net\/no\/"},{"@type":"ListItem","position":2,"name":"Retningslinjer"}]},{"@type":"WebSite","@id":"https:\/\/bitexgas.net\/no\/#website","url":"https:\/\/bitexgas.net\/no\/","name":"BitexGas Official Website","description":"","publisher":{"@id":"https:\/\/bitexgas.net\/no\/#organization"},"potentialAction":[{"@type":"SearchAction","target":{"@type":"EntryPoint","urlTemplate":"https:\/\/bitexgas.net\/no\/?s={search_term_string}"},"query-input":"required name=search_term_string"}],"inLanguage":"nb-NO"},{"@type":"Organization","@id":"https:\/\/bitexgas.net\/no\/#organization","name":"BitexGas Official Website","url":"https:\/\/bitexgas.net\/no\/","logo":{"@type":"ImageObject","inLanguage":"nb-NO","@id":"https:\/\/bitexgas.net\/no\/#\/schema\/logo\/image\/","url":"https:\/\/bitexgas.net\/wp-content\/uploads\/2024\/07\/cropped-b-net-1.png","contentUrl":"https:\/\/bitexgas.net\/wp-content\/uploads\/2024\/07\/cropped-b-net-1.png","width":211,"height":64,"caption":"BitexGas Official Website"},"image":{"@id":"https:\/\/bitexgas.net\/no\/#\/schema\/logo\/image\/"}}]}},"_links":{"self":[{"href":"https:\/\/bitexgas.net\/no\/wp-json\/wp\/v2\/pages\/887","targetHints":{"allow":["GET"]}}],"collection":[{"href":"https:\/\/bitexgas.net\/no\/wp-json\/wp\/v2\/pages"}],"about":[{"href":"https:\/\/bitexgas.net\/no\/wp-json\/wp\/v2\/types\/page"}],"author":[{"embeddable":true,"href":"https:\/\/bitexgas.net\/no\/wp-json\/wp\/v2\/users\/1"}],"replies":[{"embeddable":true,"href":"https:\/\/bitexgas.net\/no\/wp-json\/wp\/v2\/comments?post=887"}],"version-history":[{"count":1,"href":"https:\/\/bitexgas.net\/no\/wp-json\/wp\/v2\/pages\/887\/revisions"}],"predecessor-version":[{"id":890,"href":"https:\/\/bitexgas.net\/no\/wp-json\/wp\/v2\/pages\/887\/revisions\/890"}],"wp:attachment":[{"href":"https:\/\/bitexgas.net\/no\/wp-json\/wp\/v2\/media?parent=887"}],"curies":[{"name":"wp","href":"https:\/\/api.w.org\/{rel}","templated":true}]}}