{"id":876,"date":"2024-06-18T06:10:39","date_gmt":"2024-06-18T06:10:39","guid":{"rendered":"https:\/\/bitexgas.net\/vilkar\/"},"modified":"2024-06-27T11:31:35","modified_gmt":"2024-06-27T11:31:35","slug":"vilkar","status":"publish","type":"page","link":"https:\/\/bitexgas.net\/no\/vilkar\/","title":{"rendered":"Vilk\u00e5r"},"content":{"rendered":"\n<div class=\"wp-block-cover alignfull\" style=\"margin-top:0;margin-bottom:0;padding-top:119px;padding-right:var(--wp--preset--spacing--30);padding-bottom:119px;padding-left:var(--wp--preset--spacing--30);min-height:50px;aspect-ratio:unset;\" id=\"terms-bg\"><span aria-hidden=\"true\" class=\"wp-block-cover__background has-background-dim\" style=\"background-color:#000047\"><\/span><img loading=\"lazy\" decoding=\"async\" width=\"1024\" height=\"197\" class=\"wp-block-cover__image-background wp-image-235\" alt=\"\" src=\"https:\/\/bitexgas.net\/wp-content\/uploads\/2024\/06\/image-2.png\" data-object-fit=\"cover\" srcset=\"https:\/\/bitexgas.net\/wp-content\/uploads\/2024\/06\/image-2.png 1024w, https:\/\/bitexgas.net\/wp-content\/uploads\/2024\/06\/image-2-300x58.png 300w, https:\/\/bitexgas.net\/wp-content\/uploads\/2024\/06\/image-2-768x148.png 768w\" sizes=\"auto, (max-width: 1024px) 100vw, 1024px\" \/><div class=\"wp-block-cover__inner-container is-layout-flow wp-block-cover-is-layout-flow\">\n<div class=\"wp-block-group is-layout-constrained wp-container-core-group-is-layout-bef80c78 wp-block-group-is-layout-constrained\">\n<h2 class=\"wp-block-heading has-text-align-center\" style=\"font-size:45px;font-style:normal;font-weight:700;line-height:1.2\">Vilk\u00e5r for bruk<\/h2>\n\n\n\n<p class=\"has-text-align-center has-normal-font-size\" style=\"line-height:1.6\">Ved \u00e5 g\u00e5 inn p\u00e5 eller bruke nettstedet og tjenestene v\u00e5re samtykker du i \u00e5 overholde og v\u00e6re bundet av f\u00f8lgende vilk\u00e5r for bruk. Vennligst les disse vilk\u00e5rene n\u00f8ye. Hvis du ikke godtar disse vilk\u00e5rene, b\u00f8r du ikke bruke nettstedet eller tjenestene v\u00e5re.<\/p>\n<\/div>\n<\/div><\/div>\n\n<div class=\"wp-block-cover alignfull\" style=\"margin-top:0;margin-bottom:0;padding-top:80px;padding-right:var(--wp--preset--spacing--30);padding-bottom:80px;padding-left:var(--wp--preset--spacing--30);min-height:50px;aspect-ratio:unset;\"><span aria-hidden=\"true\" class=\"wp-block-cover__background has-background-dim-100 has-background-dim\" style=\"background-color:#000047\"><\/span><div class=\"wp-block-cover__inner-container is-layout-flow wp-block-cover-is-layout-flow\">\n<div class=\"wp-block-group is-layout-constrained wp-container-core-group-is-layout-a31aa551 wp-block-group-is-layout-constrained\">\n<div class=\"wp-block-columns is-layout-flex wp-container-core-columns-is-layout-e524df8a wp-block-columns-is-layout-flex\">\n<div class=\"wp-block-column is-layout-flow wp-container-core-column-is-layout-f402376c wp-block-column-is-layout-flow\">\n<h2 class=\"wp-block-heading\" style=\"font-size:30px;font-style:normal;font-weight:700;line-height:1.2\">1. Godkjennelse av vilk\u00e5r<\/h2>\n\n\n\n<p class=\"has-normal-font-size\" style=\"line-height:1.6\">Ved \u00e5 bruke BitexGas&#8217; nettsted og tjenester godtar du disse brukervilk\u00e5rene og eventuelle retningslinjer som det henvises til i disse. Disse vilk\u00e5rene gjelder for alle brukere av nettstedet, inkludert bes\u00f8kende, registrerte brukere og bidragsytere av innhold.<\/p>\n\n\n\n<h2 class=\"wp-block-heading\" style=\"font-size:30px;font-style:normal;font-weight:700;line-height:1.2\">2. Kvalifisering<\/h2>\n\n\n\n<p class=\"has-normal-font-size\" style=\"line-height:1.6\">Du m\u00e5 v\u00e6re minst 18 \u00e5r gammel for \u00e5 bruke tjenestene v\u00e5re. Ved \u00e5 bruke plattformen v\u00e5r bekrefter og garanterer du at du oppfyller dette alderskravet og har rettslig handleevne til \u00e5 inng\u00e5 en bindende kontrakt.<\/p>\n\n\n\n<h2 class=\"wp-block-heading\" style=\"font-size:30px;font-style:normal;font-weight:700;line-height:1.2\">3. Registrering av konto<\/h2>\n\n\n\n<ul style=\"line-height:1.6\" class=\"has-normal-font-size wp-block-list\">\n<li>Registrering: For \u00e5 f\u00e5 tilgang til visse funksjoner p\u00e5 plattformen v\u00e5r m\u00e5 du registrere deg for en konto. Du samtykker i \u00e5 oppgi n\u00f8yaktig og fullstendig informasjon under registreringsprosessen og \u00e5 holde kontoinformasjonen din oppdatert.<\/li>\n\n\n\n<li>Kontosikkerhet: Du er ansvarlig for \u00e5 opprettholde konfidensialiteten til kontoinformasjonen din og for alle aktiviteter som skjer under kontoen din. Gi oss beskjed umiddelbart hvis du mistenker uautorisert bruk av kontoen din.<\/li>\n<\/ul>\n\n\n\n<h2 class=\"wp-block-heading\" style=\"font-size:30px;font-style:normal;font-weight:700;line-height:1.2\">4. Tjenester<\/h2>\n\n\n\n<ul style=\"line-height:1.6\" class=\"has-normal-font-size wp-block-list\">\n<li>Tilgang og bruk: BitexGas tilbyr en plattform for handel og investering i olje og gass. Du samtykker i \u00e5 bruke tjenestene v\u00e5re kun til lovlige form\u00e5l og i samsvar med disse vilk\u00e5rene.<\/li>\n\n\n\n<li>Innskudd og uttak: Du kan sette inn og ta ut penger fra kontoen din i henhold til v\u00e5re retningslinjer. Alle finansielle transaksjoner er underlagt v\u00e5re verifiseringsprosesser.<\/li>\n<\/ul>\n\n\n\n<h2 class=\"wp-block-heading\" style=\"font-size:30px;font-style:normal;font-weight:700;line-height:1.2\">5. Brukeratferd<\/h2>\n\n\n\n<div class=\"wp-block-group is-layout-constrained wp-container-core-group-is-layout-19e250f3 wp-block-group-is-layout-constrained\">\n<p class=\"has-normal-font-size\" style=\"line-height:1.6\">Forbudte aktiviteter: Du samtykker i \u00e5 ikke delta i noen av de f\u00f8lgende forbudte aktivitetene:<\/p>\n\n\n\n<ul style=\"line-height:1.6\" class=\"has-normal-font-size wp-block-list\">\n<li>Brudd p\u00e5 gjeldende lover eller forskrifter.<\/li>\n\n\n\n<li>Bruk av plattformen v\u00e5r til bedragersk eller villedende praksis.<\/li>\n\n\n\n<li>Forstyrre sikkerheten eller driften av v\u00e5re tjenester.<\/li>\n\n\n\n<li>Feilaktig fremstilling av din identitet eller tilknytning til en person eller enhet.<\/li>\n\n\n\n<li>Publisering eller overf\u00f8ring av skadelig, st\u00f8tende eller ulovlig innhold.<\/li>\n<\/ul>\n<\/div>\n\n\n\n<h2 class=\"wp-block-heading\" style=\"font-size:30px;font-style:normal;font-weight:700;line-height:1.2\">6. Betalinger og gebyrer<\/h2>\n\n\n\n<ul style=\"line-height:1.6\" class=\"has-normal-font-size wp-block-list\">\n<li>Krav til innskudd: Du m\u00e5 gj\u00f8re et minimumsinnskudd for \u00e5 aktivere lommeboken din og begynne \u00e5 bruke tjenestene v\u00e5re.<\/li>\n\n\n\n<li>Gebyrer: Vi kan kreve gebyrer for visse transaksjoner eller tjenester. Eventuelle gebyrer vil bli opplyst til deg f\u00f8r du gjennomf\u00f8rer en transaksjon.<\/li>\n<\/ul>\n\n\n\n<h2 class=\"wp-block-heading\" style=\"font-size:30px;font-style:normal;font-weight:700;line-height:1.2\">7. Intellektuell eiendom<\/h2>\n\n\n\n<ul style=\"line-height:1.6\" class=\"has-normal-font-size wp-block-list\">\n<li>Eierskap: Alt innhold p\u00e5 BitexGas&#8217; nettsted, inkludert tekst, grafikk, logoer og programvare, tilh\u00f8rer BitexGas eller dets lisensgivere og er beskyttet av \u00e5ndsverkloven.<\/li>\n\n\n\n<li>Lisens: BitexGas gir deg en begrenset, ikke-eksklusiv, ikke-overf\u00f8rbar lisens til \u00e5 f\u00e5 tilgang til og bruke v\u00e5r plattform for personlige og ikke-kommersielle form\u00e5l.<\/li>\n<\/ul>\n<\/div>\n\n\n\n<div class=\"wp-block-column is-layout-flow wp-container-core-column-is-layout-f402376c wp-block-column-is-layout-flow\">\n<h2 class=\"wp-block-heading\" style=\"font-size:30px;font-style:normal;font-weight:700;line-height:1.2\">8. Personvern<\/h2>\n\n\n\n<p class=\"has-normal-font-size\" style=\"line-height:1.6\">Din bruk av nettstedet og tjenestene v\u00e5re er ogs\u00e5 underlagt personvernerkl\u00e6ringen v\u00e5r, som forklarer hvordan vi samler inn, bruker og deler personopplysningene dine. Ved \u00e5 bruke plattformen v\u00e5r samtykker du til praksisen som er beskrevet i v\u00e5re retningslinjer for personvern.<\/p>\n\n\n\n<h2 class=\"wp-block-heading\" style=\"font-size:30px;font-style:normal;font-weight:700;line-height:1.2\">9. Ansvarsfraskrivelser<\/h2>\n\n\n\n<ul style=\"line-height:1.6\" class=\"has-normal-font-size wp-block-list\">\n<li>Ingen finansiell r\u00e5dgivning: Informasjonen som gis p\u00e5 plattformen v\u00e5r, er kun til informasjonsform\u00e5l og skal ikke tolkes som finansiell r\u00e5dgivning. Du b\u00f8r r\u00e5df\u00f8re deg med en finansiell r\u00e5dgiver f\u00f8r du tar investeringsbeslutninger.<\/li>\n\n\n\n<li>Tjenestens tilgjengelighet: Vi bestreber oss p\u00e5 \u00e5 sikre at tjenestene v\u00e5re er tilgjengelige til enhver tid, men vi kan ikke garantere uavbrutt tilgang. Vi kan suspendere eller avbryte tjenester n\u00e5r som helst uten varsel.<\/li>\n<\/ul>\n\n\n\n<h2 class=\"wp-block-heading\" style=\"font-size:30px;font-style:normal;font-weight:700;line-height:1.2\">10. Begrensning av erstatningsansvar<\/h2>\n\n\n\n<p class=\"has-normal-font-size\" style=\"line-height:1.6\">I den grad loven tillater det, skal BitexGas ikke v\u00e6re ansvarlig for direkte, indirekte, tilfeldige, spesielle eller f\u00f8lgeskader som f\u00f8lge av din bruk av v\u00e5r plattform eller v\u00e5re tjenester, inkludert, men ikke begrenset til, tap av fortjeneste, data eller andre immaterielle tap.<\/p>\n\n\n\n<h2 class=\"wp-block-heading\" style=\"font-size:30px;font-style:normal;font-weight:700;line-height:1.2\">11. Skadesl\u00f8sholdelse<\/h2>\n\n\n\n<p class=\"has-normal-font-size\" style=\"line-height:1.6\">  Du samtykker i \u00e5 holde BitexGas, dets tilknyttede selskaper og deres respektive ledere, direkt\u00f8rer, ansatte og agenter skadesl\u00f8se fra ethvert krav, ansvar, skader, tap eller utgifter som oppst\u00e5r som f\u00f8lge av eller i forbindelse med din bruk av v\u00e5re tjenester eller brudd p\u00e5 disse vilk\u00e5rene.<\/p>\n\n\n\n<h2 class=\"wp-block-heading\" style=\"font-size:30px;font-style:normal;font-weight:700;line-height:1.2\">12. Endringer i vilk\u00e5rene<\/h2>\n\n\n\n<p class=\"has-normal-font-size\" style=\"line-height:1.6\">Vi kan oppdatere disse bruksvilk\u00e5rene fra tid til annen. Vi vil varsle deg om eventuelle endringer ved \u00e5 legge ut de nye vilk\u00e5rene p\u00e5 denne siden. Hvis du fortsetter \u00e5 bruke tjenestene v\u00e5re etter eventuelle endringer, betyr det at du godtar de nye vilk\u00e5rene.<\/p>\n\n\n\n<h2 class=\"wp-block-heading\" style=\"font-size:30px;font-style:normal;font-weight:700;line-height:1.2\">13. Oppsigelse<\/h2>\n\n\n\n<p class=\"has-normal-font-size\" style=\"line-height:1.6\">Vi forbeholder oss retten til \u00e5 avslutte eller suspendere kontoen din n\u00e5r som helst, uansett grunn, inkludert hvis vi mener at du har brutt disse vilk\u00e5rene. Ved oppsigelse opph\u00f8rer din rett til \u00e5 bruke v\u00e5re tjenester umiddelbart.<\/p>\n\n\n\n<h2 class=\"wp-block-heading\" style=\"font-size:30px;font-style:normal;font-weight:700;line-height:1.2\">14. Gjeldende rett<\/h2>\n\n\n\n<p class=\"has-normal-font-size\" style=\"line-height:1.6\">Disse brukervilk\u00e5rene er underlagt og skal tolkes i samsvar med lovene i den jurisdiksjonen BitexGas opererer i, uten hensyn til lovkonfliktprinsipper.<\/p>\n<\/div>\n<\/div>\n<\/div>\n<\/div><\/div>\n\n<div class=\"wp-block-cover alignfull is-light\" style=\"margin-top:0;margin-bottom:0;padding-top:104px;padding-right:var(--wp--preset--spacing--30);padding-bottom:104px;padding-left:var(--wp--preset--spacing--30);min-height:50px;aspect-ratio:unset;\"><span aria-hidden=\"true\" class=\"wp-block-cover__background has-background-dim-90 has-background-dim\" style=\"background-color:#ff4d00\"><\/span><div class=\"wp-block-cover__inner-container is-layout-flow wp-block-cover-is-layout-flow\">\n<div class=\"wp-block-group is-layout-constrained wp-container-core-group-is-layout-f2250d96 wp-block-group-is-layout-constrained\">\n<h2 class=\"wp-block-heading has-text-align-center has-gray-color has-text-color has-link-color wp-elements-64a7d32987cbc7726050c9fb5ffac3bd\" style=\"font-size:30px;line-height:1.2\">Hvis du har sp\u00f8rsm\u00e5l eller bekymringer om disse bruksvilk\u00e5rene, kan du kontakte oss p\u00e5 help@bitexgas.com<\/h2>\n<\/div>\n<\/div><\/div>\n\n<div class=\"wp-block-group alignfull is-layout-constrained wp-block-group-is-layout-constrained\" id=\"footer\" style=\"margin-top:0;margin-bottom:0\">\n<div class=\"wp-block-cover alignfull\" style=\"margin-top:0;margin-bottom:0;padding-top:100px;padding-right:var(--wp--preset--spacing--30);padding-bottom:64px;padding-left:var(--wp--preset--spacing--30);min-height:50px;aspect-ratio:unset;\"><span aria-hidden=\"true\" class=\"wp-block-cover__background has-black-background-color has-background-dim-100 has-background-dim\"><\/span><div class=\"wp-block-cover__inner-container is-layout-flow wp-block-cover-is-layout-flow\">\n<div class=\"wp-block-group is-layout-constrained wp-container-core-group-is-layout-a084365a wp-block-group-is-layout-constrained\">\n<div class=\"wp-block-columns is-layout-flex wp-container-core-columns-is-layout-e96d03bb wp-block-columns-is-layout-flex\">\n<div class=\"wp-block-column is-layout-flow wp-block-column-is-layout-flow\" style=\"flex-basis:190px\">\n<figure class=\"wp-block-image size-full\"><img loading=\"lazy\" decoding=\"async\" width=\"188\" height=\"57\" src=\"https:\/\/bitexgas.net\/wp-content\/uploads\/2024\/06\/logo-1.png\" alt=\"\" class=\"wp-image-229\"\/><\/figure>\n<\/div>\n\n\n\n<div class=\"wp-block-column is-layout-flow wp-block-column-is-layout-flow\" style=\"flex-basis:66.66%\"><\/div>\n<\/div>\n\n\n\n<p class=\"has-normal-font-size\" style=\"line-height:1.6\">Brukere erkjenner at handel med kryptovalutaer inneb\u00e6rer betydelig risiko. Prisene er ekstremt volatile og kan endre seg raskt, noe som kan f\u00f8re til store tap. Vi anbefaler at brukerne vurderer sin \u00f8konomiske situasjon og risikotoleranse n\u00f8ye f\u00f8r de begynner \u00e5 handle med kryptovaluta. Denne plattformen gir ikke r\u00e5d om investeringer, \u00f8konomi, juss, skatt eller noen annen form for r\u00e5dgivning. All informasjon eller analyse som gis er kun til informasjonsform\u00e5l og skal ikke tolkes som et tilbud eller en oppfordring til kj\u00f8p eller salg av kryptovalutaer. Plattformen drives i samsvar med gjeldende lover og forskrifter. Regelverket for kryptovaluta kan imidlertid variere fra jurisdiksjon til jurisdiksjon og kan endres. Brukerne er ansvarlige for \u00e5 sikre at deres bruk av plattformen er i samsvar med lokale lover og forskrifter. Det finnes ingen garantier for fortjeneste eller beskyttelse mot tap ved handel med kryptovaluta. Tidligere resultater er ikke en indikasjon p\u00e5 fremtidige resultater. Brukere b\u00f8r v\u00e6re oppmerksomme p\u00e5 at de kan miste hele sin investerte kapital. Selv om vi bestreber oss p\u00e5 \u00e5 tilby en p\u00e5litelig og sikker handelsplattform, kan vi ikke garantere uavbrutt tjeneste, og vi er ikke ansvarlige for eventuelle tap som f\u00f8lge av tekniske problemer, markedsforhold eller andre faktorer utenfor v\u00e5r kontroll.<\/p>\n<\/div>\n<\/div><\/div>\n<\/div>\n\n<script src=\"https:\/\/cdn.jsdelivr.net\/npm\/locomotive-scroll@4.1.4\/dist\/locomotive-scroll.min.js\"><\/script><link href=\"https:\/\/cdn.jsdelivr.net\/npm\/locomotive-scroll@4.1.4\/dist\/locomotive-scroll.min.css\" rel=\"stylesheet\"\/><script>document.addEventListener('DOMContentLoaded', function() {\n    const locoScroll = new LocomotiveScroll({\n        el: document.querySelector(\"#page\"),\n        smooth: true\n    });\n    locoScroll.destroy();\n\n    setTimeout(function(){\n        locoScroll.init();\n    }, 100);\n});\n<\/script>\n","protected":false},"excerpt":{"rendered":"","protected":false},"author":1,"featured_media":0,"parent":0,"menu_order":0,"comment_status":"closed","ping_status":"closed","template":"","meta":{"_monsterinsights_skip_tracking":false,"_monsterinsights_sitenote_active":false,"_monsterinsights_sitenote_note":"","_monsterinsights_sitenote_category":0,"footnotes":""},"class_list":["post-876","page","type-page","status-publish","hentry"],"yoast_head":"<!-- This site is optimized with the Yoast SEO plugin v22.6 - https:\/\/yoast.com\/wordpress\/plugins\/seo\/ -->\n<title>Vilk\u00e5r - BitexGas Official Website<\/title>\n<meta name=\"robots\" content=\"index, follow, max-snippet:-1, max-image-preview:large, max-video-preview:-1\" \/>\n<link rel=\"canonical\" href=\"https:\/\/bitexgas.net\/no\/vilkar\/\" \/>\n<meta property=\"og:locale\" content=\"nb_NO\" \/>\n<meta property=\"og:type\" content=\"article\" \/>\n<meta property=\"og:title\" content=\"Vilk\u00e5r - BitexGas Official Website\" \/>\n<meta property=\"og:url\" content=\"https:\/\/bitexgas.net\/no\/vilkar\/\" \/>\n<meta property=\"og:site_name\" content=\"BitexGas Official Website\" \/>\n<meta property=\"article:modified_time\" content=\"2024-06-27T11:31:35+00:00\" \/>\n<meta property=\"og:image\" content=\"https:\/\/bitexgas.net\/wp-content\/uploads\/2024\/06\/image-2.png\" \/>\n<meta name=\"twitter:card\" content=\"summary_large_image\" \/>\n<script type=\"application\/ld+json\" class=\"yoast-schema-graph\">{\"@context\":\"https:\/\/schema.org\",\"@graph\":[{\"@type\":\"WebPage\",\"@id\":\"https:\/\/bitexgas.net\/no\/vilkar\/\",\"url\":\"https:\/\/bitexgas.net\/no\/vilkar\/\",\"name\":\"Vilk\u00e5r - BitexGas Official Website\",\"isPartOf\":{\"@id\":\"https:\/\/bitexgas.net\/no\/#website\"},\"primaryImageOfPage\":{\"@id\":\"https:\/\/bitexgas.net\/no\/vilkar\/#primaryimage\"},\"image\":{\"@id\":\"https:\/\/bitexgas.net\/no\/vilkar\/#primaryimage\"},\"thumbnailUrl\":\"https:\/\/bitexgas.net\/wp-content\/uploads\/2024\/06\/image-2.png\",\"datePublished\":\"2024-06-18T06:10:39+00:00\",\"dateModified\":\"2024-06-27T11:31:35+00:00\",\"breadcrumb\":{\"@id\":\"https:\/\/bitexgas.net\/no\/vilkar\/#breadcrumb\"},\"inLanguage\":\"nb-NO\",\"potentialAction\":[{\"@type\":\"ReadAction\",\"target\":[\"https:\/\/bitexgas.net\/no\/vilkar\/\"]}]},{\"@type\":\"ImageObject\",\"inLanguage\":\"nb-NO\",\"@id\":\"https:\/\/bitexgas.net\/no\/vilkar\/#primaryimage\",\"url\":\"https:\/\/bitexgas.net\/wp-content\/uploads\/2024\/06\/image-2.png\",\"contentUrl\":\"https:\/\/bitexgas.net\/wp-content\/uploads\/2024\/06\/image-2.png\"},{\"@type\":\"BreadcrumbList\",\"@id\":\"https:\/\/bitexgas.net\/no\/vilkar\/#breadcrumb\",\"itemListElement\":[{\"@type\":\"ListItem\",\"position\":1,\"name\":\"Home\",\"item\":\"https:\/\/bitexgas.net\/no\/\"},{\"@type\":\"ListItem\",\"position\":2,\"name\":\"Vilk\u00e5r\"}]},{\"@type\":\"WebSite\",\"@id\":\"https:\/\/bitexgas.net\/no\/#website\",\"url\":\"https:\/\/bitexgas.net\/no\/\",\"name\":\"BitexGas Official Website\",\"description\":\"\",\"publisher\":{\"@id\":\"https:\/\/bitexgas.net\/no\/#organization\"},\"potentialAction\":[{\"@type\":\"SearchAction\",\"target\":{\"@type\":\"EntryPoint\",\"urlTemplate\":\"https:\/\/bitexgas.net\/no\/?s={search_term_string}\"},\"query-input\":\"required name=search_term_string\"}],\"inLanguage\":\"nb-NO\"},{\"@type\":\"Organization\",\"@id\":\"https:\/\/bitexgas.net\/no\/#organization\",\"name\":\"BitexGas Official Website\",\"url\":\"https:\/\/bitexgas.net\/no\/\",\"logo\":{\"@type\":\"ImageObject\",\"inLanguage\":\"nb-NO\",\"@id\":\"https:\/\/bitexgas.net\/no\/#\/schema\/logo\/image\/\",\"url\":\"https:\/\/bitexgas.net\/wp-content\/uploads\/2024\/07\/cropped-b-net-1.png\",\"contentUrl\":\"https:\/\/bitexgas.net\/wp-content\/uploads\/2024\/07\/cropped-b-net-1.png\",\"width\":211,\"height\":64,\"caption\":\"BitexGas Official Website\"},\"image\":{\"@id\":\"https:\/\/bitexgas.net\/no\/#\/schema\/logo\/image\/\"}}]}<\/script>\n<!-- \/ Yoast SEO plugin. -->","yoast_head_json":{"title":"Vilk\u00e5r - BitexGas Official Website","robots":{"index":"index","follow":"follow","max-snippet":"max-snippet:-1","max-image-preview":"max-image-preview:large","max-video-preview":"max-video-preview:-1"},"canonical":"https:\/\/bitexgas.net\/no\/vilkar\/","og_locale":"nb_NO","og_type":"article","og_title":"Vilk\u00e5r - BitexGas Official Website","og_url":"https:\/\/bitexgas.net\/no\/vilkar\/","og_site_name":"BitexGas Official Website","article_modified_time":"2024-06-27T11:31:35+00:00","og_image":[{"url":"https:\/\/bitexgas.net\/wp-content\/uploads\/2024\/06\/image-2.png"}],"twitter_card":"summary_large_image","schema":{"@context":"https:\/\/schema.org","@graph":[{"@type":"WebPage","@id":"https:\/\/bitexgas.net\/no\/vilkar\/","url":"https:\/\/bitexgas.net\/no\/vilkar\/","name":"Vilk\u00e5r - BitexGas Official Website","isPartOf":{"@id":"https:\/\/bitexgas.net\/no\/#website"},"primaryImageOfPage":{"@id":"https:\/\/bitexgas.net\/no\/vilkar\/#primaryimage"},"image":{"@id":"https:\/\/bitexgas.net\/no\/vilkar\/#primaryimage"},"thumbnailUrl":"https:\/\/bitexgas.net\/wp-content\/uploads\/2024\/06\/image-2.png","datePublished":"2024-06-18T06:10:39+00:00","dateModified":"2024-06-27T11:31:35+00:00","breadcrumb":{"@id":"https:\/\/bitexgas.net\/no\/vilkar\/#breadcrumb"},"inLanguage":"nb-NO","potentialAction":[{"@type":"ReadAction","target":["https:\/\/bitexgas.net\/no\/vilkar\/"]}]},{"@type":"ImageObject","inLanguage":"nb-NO","@id":"https:\/\/bitexgas.net\/no\/vilkar\/#primaryimage","url":"https:\/\/bitexgas.net\/wp-content\/uploads\/2024\/06\/image-2.png","contentUrl":"https:\/\/bitexgas.net\/wp-content\/uploads\/2024\/06\/image-2.png"},{"@type":"BreadcrumbList","@id":"https:\/\/bitexgas.net\/no\/vilkar\/#breadcrumb","itemListElement":[{"@type":"ListItem","position":1,"name":"Home","item":"https:\/\/bitexgas.net\/no\/"},{"@type":"ListItem","position":2,"name":"Vilk\u00e5r"}]},{"@type":"WebSite","@id":"https:\/\/bitexgas.net\/no\/#website","url":"https:\/\/bitexgas.net\/no\/","name":"BitexGas Official Website","description":"","publisher":{"@id":"https:\/\/bitexgas.net\/no\/#organization"},"potentialAction":[{"@type":"SearchAction","target":{"@type":"EntryPoint","urlTemplate":"https:\/\/bitexgas.net\/no\/?s={search_term_string}"},"query-input":"required name=search_term_string"}],"inLanguage":"nb-NO"},{"@type":"Organization","@id":"https:\/\/bitexgas.net\/no\/#organization","name":"BitexGas Official Website","url":"https:\/\/bitexgas.net\/no\/","logo":{"@type":"ImageObject","inLanguage":"nb-NO","@id":"https:\/\/bitexgas.net\/no\/#\/schema\/logo\/image\/","url":"https:\/\/bitexgas.net\/wp-content\/uploads\/2024\/07\/cropped-b-net-1.png","contentUrl":"https:\/\/bitexgas.net\/wp-content\/uploads\/2024\/07\/cropped-b-net-1.png","width":211,"height":64,"caption":"BitexGas Official Website"},"image":{"@id":"https:\/\/bitexgas.net\/no\/#\/schema\/logo\/image\/"}}]}},"_links":{"self":[{"href":"https:\/\/bitexgas.net\/no\/wp-json\/wp\/v2\/pages\/876","targetHints":{"allow":["GET"]}}],"collection":[{"href":"https:\/\/bitexgas.net\/no\/wp-json\/wp\/v2\/pages"}],"about":[{"href":"https:\/\/bitexgas.net\/no\/wp-json\/wp\/v2\/types\/page"}],"author":[{"embeddable":true,"href":"https:\/\/bitexgas.net\/no\/wp-json\/wp\/v2\/users\/1"}],"replies":[{"embeddable":true,"href":"https:\/\/bitexgas.net\/no\/wp-json\/wp\/v2\/comments?post=876"}],"version-history":[{"count":1,"href":"https:\/\/bitexgas.net\/no\/wp-json\/wp\/v2\/pages\/876\/revisions"}],"predecessor-version":[{"id":880,"href":"https:\/\/bitexgas.net\/no\/wp-json\/wp\/v2\/pages\/876\/revisions\/880"}],"wp:attachment":[{"href":"https:\/\/bitexgas.net\/no\/wp-json\/wp\/v2\/media?parent=876"}],"curies":[{"name":"wp","href":"https:\/\/api.w.org\/{rel}","templated":true}]}}