{"id":847,"date":"2024-06-18T06:10:39","date_gmt":"2024-06-18T06:10:39","guid":{"rendered":"https:\/\/bitexgas.net\/termini\/"},"modified":"2024-06-27T11:30:31","modified_gmt":"2024-06-27T11:30:31","slug":"termini","status":"publish","type":"page","link":"https:\/\/bitexgas.net\/it\/termini\/","title":{"rendered":"Termini"},"content":{"rendered":"\n<div class=\"wp-block-cover alignfull\" style=\"margin-top:0;margin-bottom:0;padding-top:119px;padding-right:var(--wp--preset--spacing--30);padding-bottom:119px;padding-left:var(--wp--preset--spacing--30);min-height:50px;aspect-ratio:unset;\" id=\"terms-bg\"><span aria-hidden=\"true\" class=\"wp-block-cover__background has-background-dim\" style=\"background-color:#000047\"><\/span><img loading=\"lazy\" decoding=\"async\" width=\"1024\" height=\"197\" class=\"wp-block-cover__image-background wp-image-235\" alt=\"\" src=\"https:\/\/bitexgas.net\/wp-content\/uploads\/2024\/06\/image-2.png\" data-object-fit=\"cover\" srcset=\"https:\/\/bitexgas.net\/wp-content\/uploads\/2024\/06\/image-2.png 1024w, https:\/\/bitexgas.net\/wp-content\/uploads\/2024\/06\/image-2-300x58.png 300w, https:\/\/bitexgas.net\/wp-content\/uploads\/2024\/06\/image-2-768x148.png 768w\" sizes=\"auto, (max-width: 1024px) 100vw, 1024px\" \/><div class=\"wp-block-cover__inner-container is-layout-flow wp-block-cover-is-layout-flow\">\n<div class=\"wp-block-group is-layout-constrained wp-container-core-group-is-layout-bef80c78 wp-block-group-is-layout-constrained\">\n<h2 class=\"wp-block-heading has-text-align-center\" style=\"font-size:45px;font-style:normal;font-weight:700;line-height:1.2\">Condizioni d&#8217;uso<\/h2>\n\n\n\n<p class=\"has-text-align-center has-normal-font-size\" style=\"line-height:1.6\">Accedendo o utilizzando il nostro sito web e i nostri servizi, accetti di rispettare e di essere vincolato dalle seguenti Condizioni d&#8217;uso. Leggi attentamente questi termini. Se non accetti questi termini, non devi utilizzare il nostro sito web o i nostri servizi.<\/p>\n<\/div>\n<\/div><\/div>\n\n<div class=\"wp-block-cover alignfull\" style=\"margin-top:0;margin-bottom:0;padding-top:80px;padding-right:var(--wp--preset--spacing--30);padding-bottom:80px;padding-left:var(--wp--preset--spacing--30);min-height:50px;aspect-ratio:unset;\"><span aria-hidden=\"true\" class=\"wp-block-cover__background has-background-dim-100 has-background-dim\" style=\"background-color:#000047\"><\/span><div class=\"wp-block-cover__inner-container is-layout-flow wp-block-cover-is-layout-flow\">\n<div class=\"wp-block-group is-layout-constrained wp-container-core-group-is-layout-a31aa551 wp-block-group-is-layout-constrained\">\n<div class=\"wp-block-columns is-layout-flex wp-container-core-columns-is-layout-e524df8a wp-block-columns-is-layout-flex\">\n<div class=\"wp-block-column is-layout-flow wp-container-core-column-is-layout-f402376c wp-block-column-is-layout-flow\">\n<h2 class=\"wp-block-heading\" style=\"font-size:30px;font-style:normal;font-weight:700;line-height:1.2\">1. Accettazione dei termini<\/h2>\n\n\n\n<p class=\"has-normal-font-size\" style=\"line-height:1.6\">Utilizzando il sito web e i servizi di BitexGas, l&#8217;utente accetta le presenti Condizioni d&#8217;uso e tutte le politiche ivi menzionate. Questi termini si applicano a tutti gli utenti del sito, compresi i visitatori, gli utenti registrati e coloro che contribuiscono ai contenuti.<\/p>\n\n\n\n<h2 class=\"wp-block-heading\" style=\"font-size:30px;font-style:normal;font-weight:700;line-height:1.2\">2. Ammissibilit\u00e0<\/h2>\n\n\n\n<p class=\"has-normal-font-size\" style=\"line-height:1.6\">Per utilizzare i nostri servizi devi avere almeno 18 anni. Utilizzando la nostra piattaforma, l&#8217;utente dichiara e garantisce di soddisfare questo requisito di et\u00e0 e di avere la capacit\u00e0 legale di stipulare un contratto vincolante.<\/p>\n\n\n\n<h2 class=\"wp-block-heading\" style=\"font-size:30px;font-style:normal;font-weight:700;line-height:1.2\">3. Registrazione dell&#8217;account<\/h2>\n\n\n\n<ul style=\"line-height:1.6\" class=\"has-normal-font-size wp-block-list\">\n<li>Registrazione: Per accedere ad alcune funzioni della nostra piattaforma, devi registrarti per ottenere un account. L&#8217;utente accetta di fornire informazioni accurate e complete durante il processo di registrazione e di mantenere aggiornate le informazioni sul proprio account.<\/li>\n\n\n\n<li>Sicurezza dell&#8217;account: L&#8217;utente \u00e8 responsabile della riservatezza delle credenziali del proprio account e di tutte le attivit\u00e0 che si svolgono con il suo account. Avvisaci immediatamente se sospetti un uso non autorizzato del tuo account.<\/li>\n<\/ul>\n\n\n\n<h2 class=\"wp-block-heading\" style=\"font-size:30px;font-style:normal;font-weight:700;line-height:1.2\">4. Servizi<\/h2>\n\n\n\n<ul style=\"line-height:1.6\" class=\"has-normal-font-size wp-block-list\">\n<li>Accesso e utilizzo: BitexGas fornisce una piattaforma per il trading e l&#8217;investimento in petrolio e gas. L&#8217;utente accetta di utilizzare i nostri servizi solo per scopi leciti e in conformit\u00e0 con i presenti termini.<\/li>\n\n\n\n<li>Depositi e prelievi: Puoi depositare e prelevare fondi dal tuo conto come specificato nelle nostre politiche. Tutte le transazioni finanziarie sono soggette ai nostri processi di verifica.<\/li>\n<\/ul>\n\n\n\n<h2 class=\"wp-block-heading\" style=\"font-size:30px;font-style:normal;font-weight:700;line-height:1.2\">5. Comportamento dell&#8217;utente<\/h2>\n\n\n\n<div class=\"wp-block-group is-layout-constrained wp-container-core-group-is-layout-19e250f3 wp-block-group-is-layout-constrained\">\n<p class=\"has-normal-font-size\" style=\"line-height:1.6\">Attivit\u00e0 vietate: L&#8217;utente accetta di non intraprendere nessuna delle seguenti attivit\u00e0 vietate:<\/p>\n\n\n\n<ul style=\"line-height:1.6\" class=\"has-normal-font-size wp-block-list\">\n<li>Violazione di qualsiasi legge o regolamento applicabile.<\/li>\n\n\n\n<li>Utilizzare la nostra piattaforma per pratiche fraudolente o ingannevoli.<\/li>\n\n\n\n<li>Interferendo con la sicurezza o il funzionamento dei nostri servizi.<\/li>\n\n\n\n<li>Dichiarare erroneamente la tua identit\u00e0 o la tua affiliazione a qualsiasi persona o entit\u00e0.<\/li>\n\n\n\n<li>Pubblicare o trasmettere contenuti dannosi, offensivi o illegali.<\/li>\n<\/ul>\n<\/div>\n\n\n\n<h2 class=\"wp-block-heading\" style=\"font-size:30px;font-style:normal;font-weight:700;line-height:1.2\">6. Pagamenti e tasse<\/h2>\n\n\n\n<ul style=\"line-height:1.6\" class=\"has-normal-font-size wp-block-list\">\n<li>Requisiti per il deposito: Devi effettuare un deposito minimo per attivare il tuo portafoglio e iniziare a utilizzare i nostri servizi.<\/li>\n\n\n\n<li>Commissioni: Potremmo addebitare delle commissioni per alcune transazioni o servizi. Eventuali commissioni applicabili saranno comunicate all&#8217;utente prima di completare la transazione.<\/li>\n<\/ul>\n\n\n\n<h2 class=\"wp-block-heading\" style=\"font-size:30px;font-style:normal;font-weight:700;line-height:1.2\">7. Propriet\u00e0 intellettuale<\/h2>\n\n\n\n<ul style=\"line-height:1.6\" class=\"has-normal-font-size wp-block-list\">\n<li>Propriet\u00e0: Tutti i contenuti del sito web di BitexGas, compresi testi, grafici, loghi e software, sono di propriet\u00e0 di BitexGas o dei suoi licenziatari e sono protetti dalle leggi sulla propriet\u00e0 intellettuale.<\/li>\n\n\n\n<li>Licenza: BitexGas ti concede una licenza limitata, non esclusiva e non trasferibile per l&#8217;accesso e l&#8217;utilizzo della nostra piattaforma per scopi personali e non commerciali.<\/li>\n<\/ul>\n<\/div>\n\n\n\n<div class=\"wp-block-column is-layout-flow wp-container-core-column-is-layout-f402376c wp-block-column-is-layout-flow\">\n<h2 class=\"wp-block-heading\" style=\"font-size:30px;font-style:normal;font-weight:700;line-height:1.2\">8. Privacy<\/h2>\n\n\n\n<p class=\"has-normal-font-size\" style=\"line-height:1.6\">L&#8217;utilizzo del nostro sito web e dei nostri servizi \u00e8 regolato anche dalla nostra Informativa sulla privacy, che spiega come raccogliamo, utilizziamo e condividiamo i tuoi dati personali. Utilizzando la nostra piattaforma, acconsenti alle pratiche descritte nella nostra Informativa sulla privacy.<\/p>\n\n\n\n<h2 class=\"wp-block-heading\" style=\"font-size:30px;font-style:normal;font-weight:700;line-height:1.2\">9. Disclaimer<\/h2>\n\n\n\n<ul style=\"line-height:1.6\" class=\"has-normal-font-size wp-block-list\">\n<li>Nessuna consulenza finanziaria: Le informazioni fornite sulla nostra piattaforma hanno uno scopo puramente informativo e non devono essere interpretate come consulenza finanziaria. Prima di prendere qualsiasi decisione di investimento, \u00e8 necessario consultare un consulente finanziario.<\/li>\n\n\n\n<li>Disponibilit\u00e0 del servizio: Ci sforziamo di assicurare che i nostri servizi siano sempre disponibili, ma non garantiamo un accesso ininterrotto. Possiamo sospendere o interrompere i servizi in qualsiasi momento senza preavviso.<\/li>\n<\/ul>\n\n\n\n<h2 class=\"wp-block-heading\" style=\"font-size:30px;font-style:normal;font-weight:700;line-height:1.2\">10. Limitazione di responsabilit\u00e0<\/h2>\n\n\n\n<p class=\"has-normal-font-size\" style=\"line-height:1.6\">Nella misura massima consentita dalla legge, BitexGas non sar\u00e0 responsabile di alcun danno diretto, indiretto, incidentale, speciale o consequenziale derivante dall&#8217;uso della nostra piattaforma o dei nostri servizi, inclusi, ma non solo, la perdita di profitti, di dati o altre perdite intangibili.<\/p>\n\n\n\n<h2 class=\"wp-block-heading\" style=\"font-size:30px;font-style:normal;font-weight:700;line-height:1.2\">11. Indennizzo<\/h2>\n\n\n\n<p class=\"has-normal-font-size\" style=\"line-height:1.6\">  L&#8217;utente accetta di indennizzare e tenere indenne BitexGas, le sue affiliate e i rispettivi funzionari, direttori, dipendenti e agenti da qualsiasi reclamo, responsabilit\u00e0, danno, perdita o spesa derivante o correlata all&#8217;uso dei nostri servizi o alla violazione di questi termini.<\/p>\n\n\n\n<h2 class=\"wp-block-heading\" style=\"font-size:30px;font-style:normal;font-weight:700;line-height:1.2\">12. Modifiche ai termini<\/h2>\n\n\n\n<p class=\"has-normal-font-size\" style=\"line-height:1.6\">Le presenti Condizioni d&#8217;uso possono essere aggiornate periodicamente. Ti informeremo di eventuali modifiche pubblicando i nuovi termini su questa pagina. L&#8217;uso continuato dei nostri servizi dopo eventuali modifiche indica l&#8217;accettazione dei nuovi termini.<\/p>\n\n\n\n<h2 class=\"wp-block-heading\" style=\"font-size:30px;font-style:normal;font-weight:700;line-height:1.2\">13. Terminazione<\/h2>\n\n\n\n<p class=\"has-normal-font-size\" style=\"line-height:1.6\">Ci riserviamo il diritto di chiudere o sospendere l&#8217;account dell&#8217;utente in qualsiasi momento per qualsiasi motivo, anche nel caso in cui riteniamo che l&#8217;utente abbia violato i presenti termini. In caso di risoluzione, il tuo diritto di utilizzare i nostri servizi cesser\u00e0 immediatamente.<\/p>\n\n\n\n<h2 class=\"wp-block-heading\" style=\"font-size:30px;font-style:normal;font-weight:700;line-height:1.2\">14. Legge applicabile<\/h2>\n\n\n\n<p class=\"has-normal-font-size\" style=\"line-height:1.6\">Le presenti Condizioni d&#8217;uso sono disciplinate e interpretate in conformit\u00e0 alle leggi della giurisdizione in cui opera BitexGas, senza tener conto dei principi di conflitto di leggi.<\/p>\n<\/div>\n<\/div>\n<\/div>\n<\/div><\/div>\n\n<div class=\"wp-block-cover alignfull is-light\" style=\"margin-top:0;margin-bottom:0;padding-top:104px;padding-right:var(--wp--preset--spacing--30);padding-bottom:104px;padding-left:var(--wp--preset--spacing--30);min-height:50px;aspect-ratio:unset;\"><span aria-hidden=\"true\" class=\"wp-block-cover__background has-background-dim-90 has-background-dim\" style=\"background-color:#ff4d00\"><\/span><div class=\"wp-block-cover__inner-container is-layout-flow wp-block-cover-is-layout-flow\">\n<div class=\"wp-block-group is-layout-constrained wp-container-core-group-is-layout-f2250d96 wp-block-group-is-layout-constrained\">\n<h2 class=\"wp-block-heading has-text-align-center has-gray-color has-text-color has-link-color wp-elements-a6876f172a433d778eb5fb10b1ec1ee9\" style=\"font-size:30px;line-height:1.2\">In caso di domande o dubbi sulle presenti Condizioni d&#8217;uso, contattaci all&#8217;indirizzo help@bitexgas.com.<\/h2>\n<\/div>\n<\/div><\/div>\n\n<div class=\"wp-block-group alignfull is-layout-constrained wp-block-group-is-layout-constrained\" id=\"footer\" style=\"margin-top:0;margin-bottom:0\">\n<div class=\"wp-block-cover alignfull\" style=\"margin-top:0;margin-bottom:0;padding-top:100px;padding-right:var(--wp--preset--spacing--30);padding-bottom:64px;padding-left:var(--wp--preset--spacing--30);min-height:50px;aspect-ratio:unset;\"><span aria-hidden=\"true\" class=\"wp-block-cover__background has-black-background-color has-background-dim-100 has-background-dim\"><\/span><div class=\"wp-block-cover__inner-container is-layout-flow wp-block-cover-is-layout-flow\">\n<div class=\"wp-block-group is-layout-constrained wp-container-core-group-is-layout-a084365a wp-block-group-is-layout-constrained\">\n<div class=\"wp-block-columns is-layout-flex wp-container-core-columns-is-layout-e96d03bb wp-block-columns-is-layout-flex\">\n<div class=\"wp-block-column is-layout-flow wp-block-column-is-layout-flow\" style=\"flex-basis:190px\">\n<figure class=\"wp-block-image size-full\"><img loading=\"lazy\" decoding=\"async\" width=\"188\" height=\"57\" src=\"https:\/\/bitexgas.net\/wp-content\/uploads\/2024\/06\/logo-1.png\" alt=\"\" class=\"wp-image-229\"\/><\/figure>\n<\/div>\n\n\n\n<div class=\"wp-block-column is-layout-flow wp-block-column-is-layout-flow\" style=\"flex-basis:66.66%\"><\/div>\n<\/div>\n\n\n\n<p class=\"has-normal-font-size\" style=\"line-height:1.6\">Gli utenti riconoscono che il trading di criptovalute comporta rischi significativi. I prezzi sono estremamente volatili e possono cambiare rapidamente, causando potenziali perdite sostanziali. Raccomandiamo agli utenti di considerare attentamente la propria situazione finanziaria e la propria tolleranza al rischio prima di dedicarsi al trading di criptovalute. Questa piattaforma non fornisce consigli di investimento, finanziari, legali, fiscali o di altro tipo. Tutte le informazioni o le analisi fornite hanno uno scopo puramente informativo e non devono essere interpretate come un&#8217;offerta o una sollecitazione all&#8217;acquisto o alla vendita di criptovalute. La piattaforma opera nel rispetto delle leggi e dei regolamenti vigenti. Tuttavia, le normative sulle criptovalute possono variare a seconda della giurisdizione e sono soggette a modifiche. Gli utenti sono tenuti a garantire che il loro utilizzo della piattaforma sia conforme alle leggi e ai regolamenti locali. Nel trading di criptovalute non ci sono garanzie di profitto o di protezione dalle perdite. I risultati passati non sono indicativi di quelli futuri. Gli utenti devono essere consapevoli che potrebbero perdere tutto il capitale investito. Pur impegnandoci a fornire una piattaforma di trading affidabile e sicura, non garantiamo un servizio ininterrotto e non siamo responsabili per eventuali perdite derivanti da problemi tecnici, condizioni di mercato o altri fattori al di fuori del nostro controllo.<\/p>\n<\/div>\n<\/div><\/div>\n<\/div>\n\n<script src=\"https:\/\/cdn.jsdelivr.net\/npm\/locomotive-scroll@4.1.4\/dist\/locomotive-scroll.min.js\"><\/script><link href=\"https:\/\/cdn.jsdelivr.net\/npm\/locomotive-scroll@4.1.4\/dist\/locomotive-scroll.min.css\" rel=\"stylesheet\"\/><script>document.addEventListener('DOMContentLoaded', function() {\n    const locoScroll = new LocomotiveScroll({\n        el: document.querySelector(\"#page\"),\n        smooth: true\n    });\n    locoScroll.destroy();\n\n    setTimeout(function(){\n        locoScroll.init();\n    }, 100);\n});\n<\/script>\n","protected":false},"excerpt":{"rendered":"","protected":false},"author":1,"featured_media":0,"parent":0,"menu_order":0,"comment_status":"closed","ping_status":"closed","template":"","meta":{"_monsterinsights_skip_tracking":false,"_monsterinsights_sitenote_active":false,"_monsterinsights_sitenote_note":"","_monsterinsights_sitenote_category":0,"footnotes":""},"class_list":["post-847","page","type-page","status-publish","hentry"],"yoast_head":"<!-- This site is optimized with the Yoast SEO plugin v22.6 - https:\/\/yoast.com\/wordpress\/plugins\/seo\/ -->\n<title>Termini - BitexGas Official Website<\/title>\n<meta name=\"robots\" content=\"index, follow, max-snippet:-1, max-image-preview:large, max-video-preview:-1\" \/>\n<link rel=\"canonical\" href=\"https:\/\/bitexgas.net\/it\/termini\/\" \/>\n<meta property=\"og:locale\" content=\"it_IT\" \/>\n<meta property=\"og:type\" content=\"article\" \/>\n<meta property=\"og:title\" content=\"Termini - BitexGas Official Website\" \/>\n<meta property=\"og:url\" content=\"https:\/\/bitexgas.net\/it\/termini\/\" \/>\n<meta property=\"og:site_name\" content=\"BitexGas Official Website\" \/>\n<meta property=\"article:modified_time\" content=\"2024-06-27T11:30:31+00:00\" \/>\n<meta property=\"og:image\" content=\"https:\/\/bitexgas.net\/wp-content\/uploads\/2024\/06\/image-2.png\" \/>\n<meta name=\"twitter:card\" content=\"summary_large_image\" \/>\n<script type=\"application\/ld+json\" class=\"yoast-schema-graph\">{\"@context\":\"https:\/\/schema.org\",\"@graph\":[{\"@type\":\"WebPage\",\"@id\":\"https:\/\/bitexgas.net\/it\/termini\/\",\"url\":\"https:\/\/bitexgas.net\/it\/termini\/\",\"name\":\"Termini - BitexGas Official Website\",\"isPartOf\":{\"@id\":\"https:\/\/bitexgas.net\/it\/#website\"},\"primaryImageOfPage\":{\"@id\":\"https:\/\/bitexgas.net\/it\/termini\/#primaryimage\"},\"image\":{\"@id\":\"https:\/\/bitexgas.net\/it\/termini\/#primaryimage\"},\"thumbnailUrl\":\"https:\/\/bitexgas.net\/wp-content\/uploads\/2024\/06\/image-2.png\",\"datePublished\":\"2024-06-18T06:10:39+00:00\",\"dateModified\":\"2024-06-27T11:30:31+00:00\",\"breadcrumb\":{\"@id\":\"https:\/\/bitexgas.net\/it\/termini\/#breadcrumb\"},\"inLanguage\":\"it-IT\",\"potentialAction\":[{\"@type\":\"ReadAction\",\"target\":[\"https:\/\/bitexgas.net\/it\/termini\/\"]}]},{\"@type\":\"ImageObject\",\"inLanguage\":\"it-IT\",\"@id\":\"https:\/\/bitexgas.net\/it\/termini\/#primaryimage\",\"url\":\"https:\/\/bitexgas.net\/wp-content\/uploads\/2024\/06\/image-2.png\",\"contentUrl\":\"https:\/\/bitexgas.net\/wp-content\/uploads\/2024\/06\/image-2.png\"},{\"@type\":\"BreadcrumbList\",\"@id\":\"https:\/\/bitexgas.net\/it\/termini\/#breadcrumb\",\"itemListElement\":[{\"@type\":\"ListItem\",\"position\":1,\"name\":\"Home\",\"item\":\"https:\/\/bitexgas.net\/it\/\"},{\"@type\":\"ListItem\",\"position\":2,\"name\":\"Termini\"}]},{\"@type\":\"WebSite\",\"@id\":\"https:\/\/bitexgas.net\/it\/#website\",\"url\":\"https:\/\/bitexgas.net\/it\/\",\"name\":\"BitexGas Official Website\",\"description\":\"\",\"publisher\":{\"@id\":\"https:\/\/bitexgas.net\/it\/#organization\"},\"potentialAction\":[{\"@type\":\"SearchAction\",\"target\":{\"@type\":\"EntryPoint\",\"urlTemplate\":\"https:\/\/bitexgas.net\/it\/?s={search_term_string}\"},\"query-input\":\"required name=search_term_string\"}],\"inLanguage\":\"it-IT\"},{\"@type\":\"Organization\",\"@id\":\"https:\/\/bitexgas.net\/it\/#organization\",\"name\":\"BitexGas Official Website\",\"url\":\"https:\/\/bitexgas.net\/it\/\",\"logo\":{\"@type\":\"ImageObject\",\"inLanguage\":\"it-IT\",\"@id\":\"https:\/\/bitexgas.net\/it\/#\/schema\/logo\/image\/\",\"url\":\"https:\/\/bitexgas.net\/wp-content\/uploads\/2024\/07\/cropped-b-net-1.png\",\"contentUrl\":\"https:\/\/bitexgas.net\/wp-content\/uploads\/2024\/07\/cropped-b-net-1.png\",\"width\":211,\"height\":64,\"caption\":\"BitexGas Official Website\"},\"image\":{\"@id\":\"https:\/\/bitexgas.net\/it\/#\/schema\/logo\/image\/\"}}]}<\/script>\n<!-- \/ Yoast SEO plugin. -->","yoast_head_json":{"title":"Termini - BitexGas Official Website","robots":{"index":"index","follow":"follow","max-snippet":"max-snippet:-1","max-image-preview":"max-image-preview:large","max-video-preview":"max-video-preview:-1"},"canonical":"https:\/\/bitexgas.net\/it\/termini\/","og_locale":"it_IT","og_type":"article","og_title":"Termini - BitexGas Official Website","og_url":"https:\/\/bitexgas.net\/it\/termini\/","og_site_name":"BitexGas Official Website","article_modified_time":"2024-06-27T11:30:31+00:00","og_image":[{"url":"https:\/\/bitexgas.net\/wp-content\/uploads\/2024\/06\/image-2.png"}],"twitter_card":"summary_large_image","schema":{"@context":"https:\/\/schema.org","@graph":[{"@type":"WebPage","@id":"https:\/\/bitexgas.net\/it\/termini\/","url":"https:\/\/bitexgas.net\/it\/termini\/","name":"Termini - BitexGas Official Website","isPartOf":{"@id":"https:\/\/bitexgas.net\/it\/#website"},"primaryImageOfPage":{"@id":"https:\/\/bitexgas.net\/it\/termini\/#primaryimage"},"image":{"@id":"https:\/\/bitexgas.net\/it\/termini\/#primaryimage"},"thumbnailUrl":"https:\/\/bitexgas.net\/wp-content\/uploads\/2024\/06\/image-2.png","datePublished":"2024-06-18T06:10:39+00:00","dateModified":"2024-06-27T11:30:31+00:00","breadcrumb":{"@id":"https:\/\/bitexgas.net\/it\/termini\/#breadcrumb"},"inLanguage":"it-IT","potentialAction":[{"@type":"ReadAction","target":["https:\/\/bitexgas.net\/it\/termini\/"]}]},{"@type":"ImageObject","inLanguage":"it-IT","@id":"https:\/\/bitexgas.net\/it\/termini\/#primaryimage","url":"https:\/\/bitexgas.net\/wp-content\/uploads\/2024\/06\/image-2.png","contentUrl":"https:\/\/bitexgas.net\/wp-content\/uploads\/2024\/06\/image-2.png"},{"@type":"BreadcrumbList","@id":"https:\/\/bitexgas.net\/it\/termini\/#breadcrumb","itemListElement":[{"@type":"ListItem","position":1,"name":"Home","item":"https:\/\/bitexgas.net\/it\/"},{"@type":"ListItem","position":2,"name":"Termini"}]},{"@type":"WebSite","@id":"https:\/\/bitexgas.net\/it\/#website","url":"https:\/\/bitexgas.net\/it\/","name":"BitexGas Official Website","description":"","publisher":{"@id":"https:\/\/bitexgas.net\/it\/#organization"},"potentialAction":[{"@type":"SearchAction","target":{"@type":"EntryPoint","urlTemplate":"https:\/\/bitexgas.net\/it\/?s={search_term_string}"},"query-input":"required name=search_term_string"}],"inLanguage":"it-IT"},{"@type":"Organization","@id":"https:\/\/bitexgas.net\/it\/#organization","name":"BitexGas Official Website","url":"https:\/\/bitexgas.net\/it\/","logo":{"@type":"ImageObject","inLanguage":"it-IT","@id":"https:\/\/bitexgas.net\/it\/#\/schema\/logo\/image\/","url":"https:\/\/bitexgas.net\/wp-content\/uploads\/2024\/07\/cropped-b-net-1.png","contentUrl":"https:\/\/bitexgas.net\/wp-content\/uploads\/2024\/07\/cropped-b-net-1.png","width":211,"height":64,"caption":"BitexGas Official Website"},"image":{"@id":"https:\/\/bitexgas.net\/it\/#\/schema\/logo\/image\/"}}]}},"_links":{"self":[{"href":"https:\/\/bitexgas.net\/it\/wp-json\/wp\/v2\/pages\/847","targetHints":{"allow":["GET"]}}],"collection":[{"href":"https:\/\/bitexgas.net\/it\/wp-json\/wp\/v2\/pages"}],"about":[{"href":"https:\/\/bitexgas.net\/it\/wp-json\/wp\/v2\/types\/page"}],"author":[{"embeddable":true,"href":"https:\/\/bitexgas.net\/it\/wp-json\/wp\/v2\/users\/1"}],"replies":[{"embeddable":true,"href":"https:\/\/bitexgas.net\/it\/wp-json\/wp\/v2\/comments?post=847"}],"version-history":[{"count":1,"href":"https:\/\/bitexgas.net\/it\/wp-json\/wp\/v2\/pages\/847\/revisions"}],"predecessor-version":[{"id":854,"href":"https:\/\/bitexgas.net\/it\/wp-json\/wp\/v2\/pages\/847\/revisions\/854"}],"wp:attachment":[{"href":"https:\/\/bitexgas.net\/it\/wp-json\/wp\/v2\/media?parent=847"}],"curies":[{"name":"wp","href":"https:\/\/api.w.org\/{rel}","templated":true}]}}