{"id":848,"date":"2024-06-18T06:10:39","date_gmt":"2024-06-18T06:10:39","guid":{"rendered":"https:\/\/bitexgas.net\/conditions\/"},"modified":"2024-06-27T11:30:31","modified_gmt":"2024-06-27T11:30:31","slug":"conditions","status":"publish","type":"page","link":"https:\/\/bitexgas.net\/fr\/conditions\/","title":{"rendered":"Conditions"},"content":{"rendered":"\n<div class=\"wp-block-cover alignfull\" style=\"margin-top:0;margin-bottom:0;padding-top:119px;padding-right:var(--wp--preset--spacing--30);padding-bottom:119px;padding-left:var(--wp--preset--spacing--30);min-height:50px;aspect-ratio:unset;\" id=\"terms-bg\"><span aria-hidden=\"true\" class=\"wp-block-cover__background has-background-dim\" style=\"background-color:#000047\"><\/span><img loading=\"lazy\" decoding=\"async\" width=\"1024\" height=\"197\" class=\"wp-block-cover__image-background wp-image-235\" alt=\"\" src=\"https:\/\/bitexgas.net\/wp-content\/uploads\/2024\/06\/image-2.png\" data-object-fit=\"cover\" srcset=\"https:\/\/bitexgas.net\/wp-content\/uploads\/2024\/06\/image-2.png 1024w, https:\/\/bitexgas.net\/wp-content\/uploads\/2024\/06\/image-2-300x58.png 300w, https:\/\/bitexgas.net\/wp-content\/uploads\/2024\/06\/image-2-768x148.png 768w\" sizes=\"auto, (max-width: 1024px) 100vw, 1024px\" \/><div class=\"wp-block-cover__inner-container is-layout-flow wp-block-cover-is-layout-flow\">\n<div class=\"wp-block-group is-layout-constrained wp-container-core-group-is-layout-bef80c78 wp-block-group-is-layout-constrained\">\n<h2 class=\"wp-block-heading has-text-align-center\" style=\"font-size:45px;font-style:normal;font-weight:700;line-height:1.2\">Conditions d&rsquo;utilisation<\/h2>\n\n\n\n<p class=\"has-text-align-center has-normal-font-size\" style=\"line-height:1.6\">En acc\u00e9dant \u00e0 notre site web et \u00e0 nos services ou en les utilisant, vous acceptez de vous conformer aux conditions d&rsquo;utilisation suivantes et d&rsquo;\u00eatre li\u00e9 par elles. Veuillez lire attentivement ces conditions. Si vous n&rsquo;acceptez pas ces conditions, vous ne devez pas utiliser notre site web ou nos services.<\/p>\n<\/div>\n<\/div><\/div>\n\n<div class=\"wp-block-cover alignfull\" style=\"margin-top:0;margin-bottom:0;padding-top:80px;padding-right:var(--wp--preset--spacing--30);padding-bottom:80px;padding-left:var(--wp--preset--spacing--30);min-height:50px;aspect-ratio:unset;\"><span aria-hidden=\"true\" class=\"wp-block-cover__background has-background-dim-100 has-background-dim\" style=\"background-color:#000047\"><\/span><div class=\"wp-block-cover__inner-container is-layout-flow wp-block-cover-is-layout-flow\">\n<div class=\"wp-block-group is-layout-constrained wp-container-core-group-is-layout-a31aa551 wp-block-group-is-layout-constrained\">\n<div class=\"wp-block-columns is-layout-flex wp-container-core-columns-is-layout-e524df8a wp-block-columns-is-layout-flex\">\n<div class=\"wp-block-column is-layout-flow wp-container-core-column-is-layout-f402376c wp-block-column-is-layout-flow\">\n<h2 class=\"wp-block-heading\" style=\"font-size:30px;font-style:normal;font-weight:700;line-height:1.2\">1. Acceptation des conditions<\/h2>\n\n\n\n<p class=\"has-normal-font-size\" style=\"line-height:1.6\">En utilisant le site Web et les services d&rsquo;BitexGas, vous acceptez les pr\u00e9sentes conditions d&rsquo;utilisation et toutes les politiques qui y sont mentionn\u00e9es. Ces conditions s&rsquo;appliquent \u00e0 tous les utilisateurs du site, y compris les visiteurs, les utilisateurs enregistr\u00e9s et les contributeurs de contenu.<\/p>\n\n\n\n<h2 class=\"wp-block-heading\" style=\"font-size:30px;font-style:normal;font-weight:700;line-height:1.2\">2. L&rsquo;\u00e9ligibilit\u00e9<\/h2>\n\n\n\n<p class=\"has-normal-font-size\" style=\"line-height:1.6\">Vous devez \u00eatre \u00e2g\u00e9 d&rsquo;au moins 18 ans pour utiliser nos services. En utilisant notre plateforme, vous d\u00e9clarez et garantissez que vous remplissez cette condition d&rsquo;\u00e2ge et que vous avez la capacit\u00e9 juridique de conclure un contrat contraignant.<\/p>\n\n\n\n<h2 class=\"wp-block-heading\" style=\"font-size:30px;font-style:normal;font-weight:700;line-height:1.2\">3. Enregistrement du compte<\/h2>\n\n\n\n<ul style=\"line-height:1.6\" class=\"has-normal-font-size wp-block-list\">\n<li>Inscription : Pour acc\u00e9der \u00e0 certaines fonctionnalit\u00e9s de notre plateforme, vous devez cr\u00e9er un compte. Vous vous engagez \u00e0 fournir des informations exactes et compl\u00e8tes au cours de la proc\u00e9dure d&rsquo;inscription et \u00e0 tenir \u00e0 jour les informations relatives \u00e0 votre compte.<\/li>\n\n\n\n<li>S\u00e9curit\u00e9 du compte : Vous \u00eates responsable de la confidentialit\u00e9 des informations d&rsquo;identification de votre compte et de toutes les activit\u00e9s qui se d\u00e9roulent sous votre compte. Notifiez-nous imm\u00e9diatement si vous soup\u00e7onnez une utilisation non autoris\u00e9e de votre compte.<\/li>\n<\/ul>\n\n\n\n<h2 class=\"wp-block-heading\" style=\"font-size:30px;font-style:normal;font-weight:700;line-height:1.2\">4. Les services<\/h2>\n\n\n\n<ul style=\"line-height:1.6\" class=\"has-normal-font-size wp-block-list\">\n<li>Acc\u00e8s et utilisation : BitexGas fournit une plate-forme pour n\u00e9gocier et investir dans le p\u00e9trole et le gaz. Vous acceptez de n&rsquo;utiliser nos services qu&rsquo;\u00e0 des fins l\u00e9gales et conform\u00e9ment aux pr\u00e9sentes conditions.<\/li>\n\n\n\n<li>D\u00e9p\u00f4ts et retraits : Vous pouvez d\u00e9poser et retirer des fonds de votre compte comme indiqu\u00e9 dans nos politiques. Toutes les transactions financi\u00e8res sont soumises \u00e0 nos processus de v\u00e9rification.<\/li>\n<\/ul>\n\n\n\n<h2 class=\"wp-block-heading\" style=\"font-size:30px;font-style:normal;font-weight:700;line-height:1.2\">5. Comportement de l&rsquo;utilisateur<\/h2>\n\n\n\n<div class=\"wp-block-group is-layout-constrained wp-container-core-group-is-layout-19e250f3 wp-block-group-is-layout-constrained\">\n<p class=\"has-normal-font-size\" style=\"line-height:1.6\">Activit\u00e9s interdites : Vous acceptez de ne pas vous engager dans les activit\u00e9s interdites suivantes :<\/p>\n\n\n\n<ul style=\"line-height:1.6\" class=\"has-normal-font-size wp-block-list\">\n<li>Violation de toute loi ou r\u00e9glementation applicable.<\/li>\n\n\n\n<li>Utiliser notre plateforme pour des pratiques frauduleuses ou trompeuses.<\/li>\n\n\n\n<li>Interf\u00e9rer avec la s\u00e9curit\u00e9 ou le fonctionnement de nos services.<\/li>\n\n\n\n<li>D\u00e9clarer faussement votre identit\u00e9 ou votre affiliation \u00e0 une personne ou \u00e0 une entit\u00e9.<\/li>\n\n\n\n<li>Publier ou transmettre tout contenu nuisible, offensant ou ill\u00e9gal.<\/li>\n<\/ul>\n<\/div>\n\n\n\n<h2 class=\"wp-block-heading\" style=\"font-size:30px;font-style:normal;font-weight:700;line-height:1.2\">6. Paiements et redevances<\/h2>\n\n\n\n<ul style=\"line-height:1.6\" class=\"has-normal-font-size wp-block-list\">\n<li>Exigences de d\u00e9p\u00f4t : Vous devez effectuer un d\u00e9p\u00f4t minimum pour activer votre portefeuille et commencer \u00e0 utiliser nos services.<\/li>\n\n\n\n<li>Frais : Nous pouvons facturer des frais pour certaines transactions ou certains services. Tous les frais applicables vous seront communiqu\u00e9s avant que vous n&rsquo;effectuiez une transaction.<\/li>\n<\/ul>\n\n\n\n<h2 class=\"wp-block-heading\" style=\"font-size:30px;font-style:normal;font-weight:700;line-height:1.2\">7. Propri\u00e9t\u00e9 intellectuelle<\/h2>\n\n\n\n<ul style=\"line-height:1.6\" class=\"has-normal-font-size wp-block-list\">\n<li>Propri\u00e9t\u00e9 : Tout le contenu du site Web d&rsquo;BitexGas, y compris les textes, les graphiques, les logos et les logiciels, est la propri\u00e9t\u00e9 d&rsquo;BitexGas ou de ses conc\u00e9dants de licence et est prot\u00e9g\u00e9 par les lois sur la propri\u00e9t\u00e9 intellectuelle.<\/li>\n\n\n\n<li>Licence : BitexGas vous accorde une licence limit\u00e9e, non exclusive et non transf\u00e9rable pour acc\u00e9der \u00e0 notre plate-forme et l&rsquo;utiliser \u00e0 des fins personnelles et non commerciales.<\/li>\n<\/ul>\n<\/div>\n\n\n\n<div class=\"wp-block-column is-layout-flow wp-container-core-column-is-layout-f402376c wp-block-column-is-layout-flow\">\n<h2 class=\"wp-block-heading\" style=\"font-size:30px;font-style:normal;font-weight:700;line-height:1.2\">8. Respect de la vie priv\u00e9e<\/h2>\n\n\n\n<p class=\"has-normal-font-size\" style=\"line-height:1.6\">Votre utilisation de notre site web et de nos services est \u00e9galement r\u00e9gie par notre politique de confidentialit\u00e9, qui explique comment nous collectons, utilisons et partageons vos informations personnelles. En utilisant notre plateforme, vous acceptez les pratiques d\u00e9crites dans notre politique de confidentialit\u00e9.<\/p>\n\n\n\n<h2 class=\"wp-block-heading\" style=\"font-size:30px;font-style:normal;font-weight:700;line-height:1.2\">9. Clauses de non-responsabilit\u00e9<\/h2>\n\n\n\n<ul style=\"line-height:1.6\" class=\"has-normal-font-size wp-block-list\">\n<li>Aucun conseil financier : Les informations fournies sur notre plateforme le sont \u00e0 titre informatif uniquement et ne doivent pas \u00eatre interpr\u00e9t\u00e9es comme des conseils financiers. Vous devriez consulter un conseiller financier avant de prendre toute d\u00e9cision d&rsquo;investissement.<\/li>\n\n\n\n<li>Disponibilit\u00e9 des services : Nous nous effor\u00e7ons d&rsquo;assurer la disponibilit\u00e9 de nos services \u00e0 tout moment, mais nous ne garantissons pas un acc\u00e8s ininterrompu. Nous pouvons suspendre ou interrompre les services \u00e0 tout moment sans pr\u00e9avis.<\/li>\n<\/ul>\n\n\n\n<h2 class=\"wp-block-heading\" style=\"font-size:30px;font-style:normal;font-weight:700;line-height:1.2\">10. Limitation de la responsabilit\u00e9<\/h2>\n\n\n\n<p class=\"has-normal-font-size\" style=\"line-height:1.6\">Dans toute la mesure permise par la loi, BitexGas ne sera pas responsable des dommages directs, indirects, accessoires, sp\u00e9ciaux ou cons\u00e9cutifs r\u00e9sultant de votre utilisation de notre plate-forme ou de nos services, y compris, mais sans s&rsquo;y limiter, la perte de profits, de donn\u00e9es ou d&rsquo;autres pertes intangibles.<\/p>\n\n\n\n<h2 class=\"wp-block-heading\" style=\"font-size:30px;font-style:normal;font-weight:700;line-height:1.2\">11. Indemnisation<\/h2>\n\n\n\n<p class=\"has-normal-font-size\" style=\"line-height:1.6\">  Vous acceptez d&rsquo;indemniser et de d\u00e9gager de toute responsabilit\u00e9 BitexGas, ses soci\u00e9t\u00e9s affili\u00e9es et leurs dirigeants, administrateurs, employ\u00e9s et agents respectifs en cas de r\u00e9clamations, responsabilit\u00e9s, dommages, pertes ou d\u00e9penses d\u00e9coulant de ou li\u00e9s \u00e0 votre utilisation de nos services ou \u00e0 la violation des pr\u00e9sentes conditions.<\/p>\n\n\n\n<h2 class=\"wp-block-heading\" style=\"font-size:30px;font-style:normal;font-weight:700;line-height:1.2\">12. Modifications des conditions<\/h2>\n\n\n\n<p class=\"has-normal-font-size\" style=\"line-height:1.6\">Nous pouvons mettre \u00e0 jour les pr\u00e9sentes conditions d&rsquo;utilisation de temps \u00e0 autre. Nous vous informerons de toute modification en publiant les nouvelles conditions sur cette page. En continuant \u00e0 utiliser nos services apr\u00e8s toute modification, vous acceptez les nouvelles conditions.<\/p>\n\n\n\n<h2 class=\"wp-block-heading\" style=\"font-size:30px;font-style:normal;font-weight:700;line-height:1.2\">13. R\u00e9siliation<\/h2>\n\n\n\n<p class=\"has-normal-font-size\" style=\"line-height:1.6\">Nous nous r\u00e9servons le droit de r\u00e9silier ou de suspendre votre compte \u00e0 tout moment, pour quelque raison que ce soit, y compris si nous estimons que vous avez enfreint les pr\u00e9sentes conditions. En cas de r\u00e9siliation, votre droit d&rsquo;utiliser nos services cessera imm\u00e9diatement.<\/p>\n\n\n\n<h2 class=\"wp-block-heading\" style=\"font-size:30px;font-style:normal;font-weight:700;line-height:1.2\">14. Droit applicable<\/h2>\n\n\n\n<p class=\"has-normal-font-size\" style=\"line-height:1.6\">Les pr\u00e9sentes conditions d&rsquo;utilisation sont r\u00e9gies et interpr\u00e9t\u00e9es conform\u00e9ment aux lois de la juridiction dans laquelle BitexGas op\u00e8re, sans tenir compte des principes de conflit de lois.<\/p>\n<\/div>\n<\/div>\n<\/div>\n<\/div><\/div>\n\n<div class=\"wp-block-cover alignfull is-light\" style=\"margin-top:0;margin-bottom:0;padding-top:104px;padding-right:var(--wp--preset--spacing--30);padding-bottom:104px;padding-left:var(--wp--preset--spacing--30);min-height:50px;aspect-ratio:unset;\"><span aria-hidden=\"true\" class=\"wp-block-cover__background has-background-dim-90 has-background-dim\" style=\"background-color:#ff4d00\"><\/span><div class=\"wp-block-cover__inner-container is-layout-flow wp-block-cover-is-layout-flow\">\n<div class=\"wp-block-group is-layout-constrained wp-container-core-group-is-layout-f2250d96 wp-block-group-is-layout-constrained\">\n<h2 class=\"wp-block-heading has-text-align-center has-gray-color has-text-color has-link-color wp-elements-c3197f742d3094a00bae0848638780fb\" style=\"font-size:30px;line-height:1.2\">Si vous avez des questions ou des pr\u00e9occupations concernant les pr\u00e9sentes conditions d&rsquo;utilisation, veuillez nous contacter \u00e0 l&rsquo;adresse suivante : help@bitexgas.com<\/h2>\n<\/div>\n<\/div><\/div>\n\n<div class=\"wp-block-group alignfull is-layout-constrained wp-block-group-is-layout-constrained\" id=\"footer\" style=\"margin-top:0;margin-bottom:0\">\n<div class=\"wp-block-cover alignfull\" style=\"margin-top:0;margin-bottom:0;padding-top:100px;padding-right:var(--wp--preset--spacing--30);padding-bottom:64px;padding-left:var(--wp--preset--spacing--30);min-height:50px;aspect-ratio:unset;\"><span aria-hidden=\"true\" class=\"wp-block-cover__background has-black-background-color has-background-dim-100 has-background-dim\"><\/span><div class=\"wp-block-cover__inner-container is-layout-flow wp-block-cover-is-layout-flow\">\n<div class=\"wp-block-group is-layout-constrained wp-container-core-group-is-layout-a084365a wp-block-group-is-layout-constrained\">\n<div class=\"wp-block-columns is-layout-flex wp-container-core-columns-is-layout-e96d03bb wp-block-columns-is-layout-flex\">\n<div class=\"wp-block-column is-layout-flow wp-block-column-is-layout-flow\" style=\"flex-basis:190px\">\n<figure class=\"wp-block-image size-full\"><img loading=\"lazy\" decoding=\"async\" width=\"188\" height=\"57\" src=\"https:\/\/bitexgas.net\/wp-content\/uploads\/2024\/06\/logo-1.png\" alt=\"\" class=\"wp-image-229\"\/><\/figure>\n<\/div>\n\n\n\n<div class=\"wp-block-column is-layout-flow wp-block-column-is-layout-flow\" style=\"flex-basis:66.66%\"><\/div>\n<\/div>\n\n\n\n<p class=\"has-normal-font-size\" style=\"line-height:1.6\">Les utilisateurs reconnaissent que l&rsquo;\u00e9change de crypto-monnaies comporte des risques importants. Les prix sont extr\u00eamement volatils et peuvent changer rapidement, ce qui peut entra\u00eener des pertes substantielles. Nous recommandons aux utilisateurs d&rsquo;examiner attentivement leur situation financi\u00e8re et leur tol\u00e9rance au risque avant de s&rsquo;engager dans l&rsquo;\u00e9change de crypto-monnaies. Cette plateforme ne fournit pas de conseils en mati\u00e8re d&rsquo;investissement, de finance, de droit, de fiscalit\u00e9 ou de toute autre forme de conseil. Toute information ou analyse fournie l&rsquo;est \u00e0 titre informatif uniquement et ne doit pas \u00eatre interpr\u00e9t\u00e9e comme une offre ou une sollicitation pour l&rsquo;achat ou la vente de crypto-monnaies. La plateforme fonctionne dans le respect des lois et r\u00e8glements applicables. Toutefois, les r\u00e9glementations relatives aux crypto-monnaies peuvent varier d&rsquo;une juridiction \u00e0 l&rsquo;autre et sont susceptibles d&rsquo;\u00eatre modifi\u00e9es. Il incombe aux utilisateurs de s&rsquo;assurer que leur utilisation de la plateforme est conforme aux lois et r\u00e9glementations locales. Il n&rsquo;existe aucune garantie de profit ou de protection contre les pertes dans les op\u00e9rations sur crypto-monnaies. Les performances pass\u00e9es ne sont pas indicatives des r\u00e9sultats futurs. Les utilisateurs doivent \u00eatre conscients qu&rsquo;ils peuvent perdre la totalit\u00e9 de leur capital investi. Bien que nous nous efforcions de fournir une plateforme de n\u00e9gociation fiable et s\u00e9curis\u00e9e, nous ne garantissons pas un service ininterrompu et nous ne sommes pas responsables des pertes r\u00e9sultant de probl\u00e8mes techniques, des conditions du march\u00e9 ou d&rsquo;autres facteurs \u00e9chappant \u00e0 notre contr\u00f4le.<\/p>\n<\/div>\n<\/div><\/div>\n<\/div>\n\n<script src=\"https:\/\/cdn.jsdelivr.net\/npm\/locomotive-scroll@4.1.4\/dist\/locomotive-scroll.min.js\"><\/script><link href=\"https:\/\/cdn.jsdelivr.net\/npm\/locomotive-scroll@4.1.4\/dist\/locomotive-scroll.min.css\" rel=\"stylesheet\"\/><script>document.addEventListener('DOMContentLoaded', function() {\n    const locoScroll = new LocomotiveScroll({\n        el: document.querySelector(\"#page\"),\n        smooth: true\n    });\n    locoScroll.destroy();\n\n    setTimeout(function(){\n        locoScroll.init();\n    }, 100);\n});\n<\/script>\n","protected":false},"excerpt":{"rendered":"","protected":false},"author":1,"featured_media":0,"parent":0,"menu_order":0,"comment_status":"closed","ping_status":"closed","template":"","meta":{"_monsterinsights_skip_tracking":false,"_monsterinsights_sitenote_active":false,"_monsterinsights_sitenote_note":"","_monsterinsights_sitenote_category":0,"footnotes":""},"class_list":["post-848","page","type-page","status-publish","hentry"],"yoast_head":"<!-- This site is optimized with the Yoast SEO plugin v22.6 - https:\/\/yoast.com\/wordpress\/plugins\/seo\/ -->\n<title>Conditions - BitexGas Official Website<\/title>\n<meta name=\"robots\" content=\"index, follow, max-snippet:-1, max-image-preview:large, max-video-preview:-1\" \/>\n<link rel=\"canonical\" href=\"https:\/\/bitexgas.net\/fr\/conditions\/\" \/>\n<meta property=\"og:locale\" content=\"fr_FR\" \/>\n<meta property=\"og:type\" content=\"article\" \/>\n<meta property=\"og:title\" content=\"Conditions - BitexGas Official Website\" \/>\n<meta property=\"og:url\" content=\"https:\/\/bitexgas.net\/fr\/conditions\/\" \/>\n<meta property=\"og:site_name\" content=\"BitexGas Official Website\" \/>\n<meta property=\"article:modified_time\" content=\"2024-06-27T11:30:31+00:00\" \/>\n<meta property=\"og:image\" content=\"https:\/\/bitexgas.net\/wp-content\/uploads\/2024\/06\/image-2.png\" \/>\n<meta name=\"twitter:card\" content=\"summary_large_image\" \/>\n<script type=\"application\/ld+json\" class=\"yoast-schema-graph\">{\"@context\":\"https:\/\/schema.org\",\"@graph\":[{\"@type\":\"WebPage\",\"@id\":\"https:\/\/bitexgas.net\/fr\/conditions\/\",\"url\":\"https:\/\/bitexgas.net\/fr\/conditions\/\",\"name\":\"Conditions - BitexGas Official Website\",\"isPartOf\":{\"@id\":\"https:\/\/bitexgas.net\/fr\/#website\"},\"primaryImageOfPage\":{\"@id\":\"https:\/\/bitexgas.net\/fr\/conditions\/#primaryimage\"},\"image\":{\"@id\":\"https:\/\/bitexgas.net\/fr\/conditions\/#primaryimage\"},\"thumbnailUrl\":\"https:\/\/bitexgas.net\/wp-content\/uploads\/2024\/06\/image-2.png\",\"datePublished\":\"2024-06-18T06:10:39+00:00\",\"dateModified\":\"2024-06-27T11:30:31+00:00\",\"breadcrumb\":{\"@id\":\"https:\/\/bitexgas.net\/fr\/conditions\/#breadcrumb\"},\"inLanguage\":\"fr-FR\",\"potentialAction\":[{\"@type\":\"ReadAction\",\"target\":[\"https:\/\/bitexgas.net\/fr\/conditions\/\"]}]},{\"@type\":\"ImageObject\",\"inLanguage\":\"fr-FR\",\"@id\":\"https:\/\/bitexgas.net\/fr\/conditions\/#primaryimage\",\"url\":\"https:\/\/bitexgas.net\/wp-content\/uploads\/2024\/06\/image-2.png\",\"contentUrl\":\"https:\/\/bitexgas.net\/wp-content\/uploads\/2024\/06\/image-2.png\"},{\"@type\":\"BreadcrumbList\",\"@id\":\"https:\/\/bitexgas.net\/fr\/conditions\/#breadcrumb\",\"itemListElement\":[{\"@type\":\"ListItem\",\"position\":1,\"name\":\"Home\",\"item\":\"https:\/\/bitexgas.net\/fr\/\"},{\"@type\":\"ListItem\",\"position\":2,\"name\":\"Conditions\"}]},{\"@type\":\"WebSite\",\"@id\":\"https:\/\/bitexgas.net\/fr\/#website\",\"url\":\"https:\/\/bitexgas.net\/fr\/\",\"name\":\"BitexGas Official Website\",\"description\":\"\",\"publisher\":{\"@id\":\"https:\/\/bitexgas.net\/fr\/#organization\"},\"potentialAction\":[{\"@type\":\"SearchAction\",\"target\":{\"@type\":\"EntryPoint\",\"urlTemplate\":\"https:\/\/bitexgas.net\/fr\/?s={search_term_string}\"},\"query-input\":\"required name=search_term_string\"}],\"inLanguage\":\"fr-FR\"},{\"@type\":\"Organization\",\"@id\":\"https:\/\/bitexgas.net\/fr\/#organization\",\"name\":\"BitexGas Official Website\",\"url\":\"https:\/\/bitexgas.net\/fr\/\",\"logo\":{\"@type\":\"ImageObject\",\"inLanguage\":\"fr-FR\",\"@id\":\"https:\/\/bitexgas.net\/fr\/#\/schema\/logo\/image\/\",\"url\":\"https:\/\/bitexgas.net\/wp-content\/uploads\/2024\/07\/cropped-b-net-1.png\",\"contentUrl\":\"https:\/\/bitexgas.net\/wp-content\/uploads\/2024\/07\/cropped-b-net-1.png\",\"width\":211,\"height\":64,\"caption\":\"BitexGas Official Website\"},\"image\":{\"@id\":\"https:\/\/bitexgas.net\/fr\/#\/schema\/logo\/image\/\"}}]}<\/script>\n<!-- \/ Yoast SEO plugin. -->","yoast_head_json":{"title":"Conditions - BitexGas Official Website","robots":{"index":"index","follow":"follow","max-snippet":"max-snippet:-1","max-image-preview":"max-image-preview:large","max-video-preview":"max-video-preview:-1"},"canonical":"https:\/\/bitexgas.net\/fr\/conditions\/","og_locale":"fr_FR","og_type":"article","og_title":"Conditions - BitexGas Official Website","og_url":"https:\/\/bitexgas.net\/fr\/conditions\/","og_site_name":"BitexGas Official Website","article_modified_time":"2024-06-27T11:30:31+00:00","og_image":[{"url":"https:\/\/bitexgas.net\/wp-content\/uploads\/2024\/06\/image-2.png"}],"twitter_card":"summary_large_image","schema":{"@context":"https:\/\/schema.org","@graph":[{"@type":"WebPage","@id":"https:\/\/bitexgas.net\/fr\/conditions\/","url":"https:\/\/bitexgas.net\/fr\/conditions\/","name":"Conditions - BitexGas Official Website","isPartOf":{"@id":"https:\/\/bitexgas.net\/fr\/#website"},"primaryImageOfPage":{"@id":"https:\/\/bitexgas.net\/fr\/conditions\/#primaryimage"},"image":{"@id":"https:\/\/bitexgas.net\/fr\/conditions\/#primaryimage"},"thumbnailUrl":"https:\/\/bitexgas.net\/wp-content\/uploads\/2024\/06\/image-2.png","datePublished":"2024-06-18T06:10:39+00:00","dateModified":"2024-06-27T11:30:31+00:00","breadcrumb":{"@id":"https:\/\/bitexgas.net\/fr\/conditions\/#breadcrumb"},"inLanguage":"fr-FR","potentialAction":[{"@type":"ReadAction","target":["https:\/\/bitexgas.net\/fr\/conditions\/"]}]},{"@type":"ImageObject","inLanguage":"fr-FR","@id":"https:\/\/bitexgas.net\/fr\/conditions\/#primaryimage","url":"https:\/\/bitexgas.net\/wp-content\/uploads\/2024\/06\/image-2.png","contentUrl":"https:\/\/bitexgas.net\/wp-content\/uploads\/2024\/06\/image-2.png"},{"@type":"BreadcrumbList","@id":"https:\/\/bitexgas.net\/fr\/conditions\/#breadcrumb","itemListElement":[{"@type":"ListItem","position":1,"name":"Home","item":"https:\/\/bitexgas.net\/fr\/"},{"@type":"ListItem","position":2,"name":"Conditions"}]},{"@type":"WebSite","@id":"https:\/\/bitexgas.net\/fr\/#website","url":"https:\/\/bitexgas.net\/fr\/","name":"BitexGas Official Website","description":"","publisher":{"@id":"https:\/\/bitexgas.net\/fr\/#organization"},"potentialAction":[{"@type":"SearchAction","target":{"@type":"EntryPoint","urlTemplate":"https:\/\/bitexgas.net\/fr\/?s={search_term_string}"},"query-input":"required name=search_term_string"}],"inLanguage":"fr-FR"},{"@type":"Organization","@id":"https:\/\/bitexgas.net\/fr\/#organization","name":"BitexGas Official Website","url":"https:\/\/bitexgas.net\/fr\/","logo":{"@type":"ImageObject","inLanguage":"fr-FR","@id":"https:\/\/bitexgas.net\/fr\/#\/schema\/logo\/image\/","url":"https:\/\/bitexgas.net\/wp-content\/uploads\/2024\/07\/cropped-b-net-1.png","contentUrl":"https:\/\/bitexgas.net\/wp-content\/uploads\/2024\/07\/cropped-b-net-1.png","width":211,"height":64,"caption":"BitexGas Official Website"},"image":{"@id":"https:\/\/bitexgas.net\/fr\/#\/schema\/logo\/image\/"}}]}},"_links":{"self":[{"href":"https:\/\/bitexgas.net\/fr\/wp-json\/wp\/v2\/pages\/848","targetHints":{"allow":["GET"]}}],"collection":[{"href":"https:\/\/bitexgas.net\/fr\/wp-json\/wp\/v2\/pages"}],"about":[{"href":"https:\/\/bitexgas.net\/fr\/wp-json\/wp\/v2\/types\/page"}],"author":[{"embeddable":true,"href":"https:\/\/bitexgas.net\/fr\/wp-json\/wp\/v2\/users\/1"}],"replies":[{"embeddable":true,"href":"https:\/\/bitexgas.net\/fr\/wp-json\/wp\/v2\/comments?post=848"}],"version-history":[{"count":1,"href":"https:\/\/bitexgas.net\/fr\/wp-json\/wp\/v2\/pages\/848\/revisions"}],"predecessor-version":[{"id":853,"href":"https:\/\/bitexgas.net\/fr\/wp-json\/wp\/v2\/pages\/848\/revisions\/853"}],"wp:attachment":[{"href":"https:\/\/bitexgas.net\/fr\/wp-json\/wp\/v2\/media?parent=848"}],"curies":[{"name":"wp","href":"https:\/\/api.w.org\/{rel}","templated":true}]}}