{"id":881,"date":"2024-06-18T06:10:26","date_gmt":"2024-06-18T06:10:26","guid":{"rendered":"https:\/\/bitexgas.net\/politica\/"},"modified":"2024-06-27T11:31:35","modified_gmt":"2024-06-27T11:31:35","slug":"politica","status":"publish","type":"page","link":"https:\/\/bitexgas.net\/es-mx\/politica\/","title":{"rendered":"Pol\u00edtica"},"content":{"rendered":"\n<div class=\"wp-block-group alignfull is-layout-constrained wp-block-group-is-layout-constrained\" id=\"footer\" style=\"margin-top:0;margin-bottom:0\">\n<div class=\"wp-block-group alignfull is-layout-constrained wp-block-group-is-layout-constrained\" style=\"margin-top:0;margin-bottom:0\">\n<div class=\"wp-block-group alignfull is-layout-constrained wp-block-group-is-layout-constrained\" style=\"margin-top:0;margin-bottom:0\">\n<div class=\"wp-block-group alignfull is-layout-constrained wp-block-group-is-layout-constrained\" style=\"margin-top:0;margin-bottom:0\">\n<div class=\"wp-block-cover alignfull\" style=\"padding-top:80px;padding-right:var(--wp--preset--spacing--30);padding-bottom:80px;padding-left:var(--wp--preset--spacing--30);min-height:50px;aspect-ratio:unset;\"><span aria-hidden=\"true\" class=\"wp-block-cover__background has-background-dim-100 has-background-dim\" style=\"background-color:#000047\"><\/span><div class=\"wp-block-cover__inner-container is-layout-flow wp-block-cover-is-layout-flow\">\n<div class=\"wp-block-group is-layout-constrained wp-container-core-group-is-layout-bef80c78 wp-block-group-is-layout-constrained\">\n<h2 class=\"wp-block-heading has-text-align-center\" style=\"font-size:45px;font-style:normal;font-weight:700;line-height:1.2\">Introducci\u00f3n<\/h2>\n\n\n\n<p class=\"has-text-align-center has-normal-font-size\" style=\"line-height:1.6\">\u00a1Bienvenido a BitexGas! Tu privacidad es de vital importancia para nosotros. Esta Pol\u00edtica de Privacidad describe nuestras pr\u00e1cticas relativas a la recopilaci\u00f3n, uso e intercambio de tu informaci\u00f3n personal a trav\u00e9s del sitio web de BitexGas. Al utilizar nuestros servicios, aceptas las pr\u00e1cticas descritas en esta pol\u00edtica.<\/p>\n<\/div>\n<\/div><\/div>\n<\/div>\n\n\n\n<div class=\"wp-block-cover alignfull is-light\" style=\"margin-top:0;margin-bottom:0;padding-top:54px;padding-right:var(--wp--preset--spacing--30);padding-bottom:54px;padding-left:var(--wp--preset--spacing--30);min-height:50px;aspect-ratio:unset;\"><span aria-hidden=\"true\" class=\"wp-block-cover__background has-white-background-color has-background-dim-100 has-background-dim\"><\/span><div class=\"wp-block-cover__inner-container is-layout-flow wp-container-core-cover-is-layout-cd2247de wp-block-cover-is-layout-flow\">\n<div class=\"wp-block-group is-layout-constrained wp-container-core-group-is-layout-b5f638ac wp-block-group-is-layout-constrained\">\n<h2 class=\"wp-block-heading has-text-align-center\" style=\"font-size:45px;font-style:normal;font-weight:700;line-height:1.2\">Recogida de informaci\u00f3n<\/h2>\n\n\n\n<div class=\"wp-block-columns is-layout-flex wp-container-core-columns-is-layout-4a938530 wp-block-columns-is-layout-flex\">\n<div class=\"wp-block-column is-layout-flow wp-container-core-column-is-layout-f402376c wp-block-column-is-layout-flow\">\n<h3 class=\"wp-block-heading\" style=\"font-size:30px;font-style:normal;font-weight:700;line-height:1.2\">Informaci\u00f3n personal<\/h3>\n\n\n\n<ul style=\"line-height:1.6\" class=\"has-normal-font-size wp-block-list\">\n<li>Durante el registro y la gesti\u00f3n de la cuenta: Recogemos la informaci\u00f3n que nos proporcionas al registrarte en nuestro sitio, como tu nombre, direcci\u00f3n de correo electr\u00f3nico y datos de contacto. Tambi\u00e9n incluye la informaci\u00f3n necesaria para completar los procesos de verificaci\u00f3n y activar tu monedero.<\/li>\n\n\n\n<li>A trav\u00e9s de transacciones financieras: La informaci\u00f3n relacionada con las transacciones, incluidos los n\u00fameros de las cuentas bancarias y los detalles de los pagos, se recopila para facilitar los dep\u00f3sitos y los pagos.<\/li>\n\n\n\n<li>De terceros: Podemos recibir informaci\u00f3n sobre ti de terceros que presten servicios de negociaci\u00f3n, tal y como se describe en esta pol\u00edtica de privacidad.<\/li>\n<\/ul>\n<\/div>\n\n\n\n<div class=\"wp-block-column is-layout-flow wp-container-core-column-is-layout-f402376c wp-block-column-is-layout-flow\">\n<h3 class=\"wp-block-heading\" style=\"font-size:30px;font-style:normal;font-weight:700;line-height:1.2\">Informaci\u00f3n no personal<\/h3>\n\n\n\n<ul style=\"line-height:1.6\" class=\"has-normal-font-size wp-block-list\">\n<li>An\u00e1lisis y cookies: Utilizamos cookies y otras tecnolog\u00edas de seguimiento para recopilar informaci\u00f3n no personal relativa a tu interacci\u00f3n con nuestro sitio web, incluyendo direcciones IP, tipos de navegador y p\u00e1ginas vistas.<\/li>\n<\/ul>\n<\/div>\n<\/div>\n<\/div>\n<\/div><\/div>\n<\/div>\n\n\n\n<div class=\"wp-block-cover alignfull\" style=\"margin-top:0;margin-bottom:0;padding-top:80px;padding-right:var(--wp--preset--spacing--30);padding-bottom:80px;padding-left:var(--wp--preset--spacing--30);min-height:50px;aspect-ratio:unset;\"><span aria-hidden=\"true\" class=\"wp-block-cover__background has-background-dim-100 has-background-dim\" style=\"background-color:#000047\"><\/span><div class=\"wp-block-cover__inner-container is-layout-flow wp-block-cover-is-layout-flow\">\n<div class=\"wp-block-group is-layout-constrained wp-container-core-group-is-layout-e689a62c wp-block-group-is-layout-constrained\">\n<div class=\"wp-block-columns is-layout-flex wp-container-core-columns-is-layout-a04c82d7 wp-block-columns-is-layout-flex\">\n<div class=\"wp-block-column is-layout-flow wp-container-core-column-is-layout-f402376c wp-block-column-is-layout-flow\">\n<h3 class=\"wp-block-heading\" style=\"font-size:30px;font-style:normal;font-weight:700;line-height:1.2\">Uso de la informaci\u00f3n<\/h3>\n\n\n\n<div class=\"wp-block-group is-layout-constrained wp-container-core-group-is-layout-19e250f3 wp-block-group-is-layout-constrained\">\n<p class=\"has-normal-font-size\" style=\"line-height:1.6\">Tu informaci\u00f3n se utiliza para:<\/p>\n\n\n\n<ul style=\"line-height:1.6\" class=\"has-normal-font-size wp-block-list\">\n<li>Facilitar la creaci\u00f3n y gesti\u00f3n de cuentas.<\/li>\n\n\n\n<li>Procesar las transacciones y garantizar el pago puntual.<\/li>\n\n\n\n<li>Proporcionar atenci\u00f3n al cliente y gestionar sus consultas.<\/li>\n\n\n\n<li>Mejorar y optimizar nuestra plataforma y servicios.<\/li>\n\n\n\n<li>Cumplir los requisitos legales aplicables y nuestras pol\u00edticas.<\/li>\n<\/ul>\n<\/div>\n\n\n\n<h3 class=\"wp-block-heading\" style=\"font-size:30px;font-style:normal;font-weight:700;line-height:1.2\">Intercambio de informaci\u00f3n<\/h3>\n\n\n\n<ul style=\"line-height:1.6\" class=\"has-normal-font-size wp-block-list\">\n<li>Terceros proveedores de servicios: Compartimos tu informaci\u00f3n con terceros que nos ayudan en el funcionamiento de nuestro sitio web, en la realizaci\u00f3n de nuestro negocio o en el servicio a nuestros usuarios, como procesadores de pagos y proveedores de an\u00e1lisis.<\/li>\n\n\n\n<li>Requisitos legales: Podemos revelar tu informaci\u00f3n cuando lo exija la ley o para proteger nuestros derechos, propiedad o seguridad.<\/li>\n\n\n\n<li>Transferencias empresariales: En caso de fusi\u00f3n, adquisici\u00f3n o venta de activos, tu informaci\u00f3n personal puede ser transferida.<\/li>\n<\/ul>\n\n\n\n<h3 class=\"wp-block-heading\" style=\"font-size:30px;font-style:normal;font-weight:700;line-height:1.2\">Seguridad de los datos<\/h3>\n\n\n\n<p class=\"has-normal-font-size\" style=\"line-height:1.6\">Aplicamos diversas medidas de seguridad para mantener la seguridad de tu informaci\u00f3n personal. Entre ellas est\u00e1n la encriptaci\u00f3n, los cortafuegos y la tecnolog\u00eda de capa de conexi\u00f3n segura.<\/p>\n<\/div>\n\n\n\n<div class=\"wp-block-column is-layout-flow wp-container-core-column-is-layout-f402376c wp-block-column-is-layout-flow\">\n<h3 class=\"wp-block-heading\" style=\"font-size:30px;font-style:normal;font-weight:700;line-height:1.2\">Enlaces de terceros<\/h3>\n\n\n\n<p class=\"has-normal-font-size\" style=\"line-height:1.6\">Nuestro sitio web puede contener enlaces a sitios de terceros que no son operados por nosotros. Te recomendamos encarecidamente que revises la Pol\u00edtica de Privacidad de cada sitio que visites.<\/p>\n\n\n\n<h3 class=\"wp-block-heading\" style=\"font-size:30px;font-style:normal;font-weight:700;line-height:1.2\">Derechos del usuario<\/h3>\n\n\n\n<div class=\"wp-block-group is-layout-constrained wp-container-core-group-is-layout-19e250f3 wp-block-group-is-layout-constrained\">\n<p>Tienes derecho a:<\/p>\n\n\n\n<ul style=\"line-height:1.6\" class=\"has-normal-font-size wp-block-list\">\n<li>Acceder, actualizar o eliminar la informaci\u00f3n personal que tenemos sobre ti.<\/li>\n\n\n\n<li>Exclusi\u00f3n voluntaria de futuras comunicaciones.<\/li>\n\n\n\n<li>Solicitar que restrinjamos el tratamiento de tus datos personales.<\/li>\n<\/ul>\n<\/div>\n\n\n\n<h3 class=\"wp-block-heading\" style=\"font-size:30px;font-style:normal;font-weight:700;line-height:1.2\">Cambios en esta Pol\u00edtica de Privacidad<\/h3>\n\n\n\n<p class=\"has-normal-font-size\" style=\"line-height:1.6\">Podemos actualizar nuestra Pol\u00edtica de Privacidad de vez en cuando. Te notificaremos cualquier cambio publicando la nueva Pol\u00edtica de Privacidad en esta p\u00e1gina. El uso continuado de nuestro servicio despu\u00e9s de cualquier cambio indica tu aceptaci\u00f3n de las nuevas condiciones.<\/p>\n<\/div>\n<\/div>\n<\/div>\n<\/div><\/div>\n<\/div>\n\n\n\n<div class=\"wp-block-group alignfull is-layout-constrained wp-block-group-is-layout-constrained\" style=\"margin-top:0;margin-bottom:0\">\n<div class=\"wp-block-cover alignfull\" style=\"margin-top:0;margin-bottom:0;padding-top:104px;padding-right:var(--wp--preset--spacing--30);padding-bottom:104px;padding-left:var(--wp--preset--spacing--30);min-height:50px;aspect-ratio:unset;\"><span aria-hidden=\"true\" class=\"wp-block-cover__background has-background-dim-100 has-background-dim\" style=\"background-color:#ff4d00\"><\/span><div class=\"wp-block-cover__inner-container is-layout-flow wp-block-cover-is-layout-flow\">\n<div class=\"wp-block-group is-layout-constrained wp-container-core-group-is-layout-73405a87 wp-block-group-is-layout-constrained\">\n<h2 class=\"wp-block-heading has-text-align-center\" style=\"font-size:45px;font-style:normal;font-weight:400;line-height:1.2\">Para cualquier pregunta o comentario sobre esta Pol\u00edtica de Privacidad, ponte en contacto con nosotros en <strong>help@bitexgas.com<\/strong>.<\/h2>\n<\/div>\n<\/div><\/div>\n<\/div>\n\n\n\n<div class=\"wp-block-cover alignfull\" style=\"margin-top:0;margin-bottom:0;padding-top:100px;padding-right:var(--wp--preset--spacing--30);padding-bottom:64px;padding-left:var(--wp--preset--spacing--30);min-height:50px;aspect-ratio:unset;\"><span aria-hidden=\"true\" class=\"wp-block-cover__background has-black-background-color has-background-dim-100 has-background-dim\"><\/span><div class=\"wp-block-cover__inner-container is-layout-flow wp-block-cover-is-layout-flow\">\n<div class=\"wp-block-group is-layout-constrained wp-container-core-group-is-layout-a084365a wp-block-group-is-layout-constrained\">\n<div class=\"wp-block-columns is-layout-flex wp-container-core-columns-is-layout-e96d03bb wp-block-columns-is-layout-flex\">\n<div class=\"wp-block-column is-layout-flow wp-block-column-is-layout-flow\" style=\"flex-basis:190px\">\n<figure class=\"wp-block-image size-full\"><img loading=\"lazy\" decoding=\"async\" width=\"188\" height=\"57\" src=\"https:\/\/bitexgas.net\/wp-content\/uploads\/2024\/06\/logo-2.png\" alt=\"\" class=\"wp-image-249\"\/><\/figure>\n<\/div>\n\n\n\n<div class=\"wp-block-column is-layout-flow wp-block-column-is-layout-flow\" style=\"flex-basis:66.66%\"><\/div>\n<\/div>\n\n\n\n<p class=\"has-normal-font-size\" style=\"line-height:1.6\">Los usuarios reconocen que comerciar con criptomonedas implica riesgos significativos. Los precios son extremadamente vol\u00e1tiles y pueden cambiar r\u00e1pidamente, provocando posibles p\u00e9rdidas sustanciales. Recomendamos a los usuarios que consideren detenidamente su situaci\u00f3n financiera y su tolerancia al riesgo antes de dedicarse al comercio de criptomonedas. Esta plataforma no proporciona asesoramiento de inversi\u00f3n, financiero, jur\u00eddico, fiscal ni de ning\u00fan otro tipo. Cualquier informaci\u00f3n o an\u00e1lisis proporcionado s\u00f3lo tiene fines informativos y no debe interpretarse como una oferta o solicitud de compra o venta de criptomonedas. La plataforma opera de acuerdo con las leyes y reglamentos aplicables. Sin embargo, la normativa sobre criptomonedas puede variar seg\u00fan la jurisdicci\u00f3n y est\u00e1 sujeta a cambios. Los usuarios son responsables de garantizar que su uso de la plataforma cumple las leyes y normativas locales. En el comercio de criptomonedas no hay garant\u00edas de beneficios ni de protecci\u00f3n frente a las p\u00e9rdidas. Los resultados pasados no son indicativos de resultados futuros. Los usuarios deben ser conscientes de que pueden perder todo el capital invertido. Aunque nos esforzamos por ofrecer una plataforma de negociaci\u00f3n fiable y segura, no garantizamos un servicio ininterrumpido, y no somos responsables de las p\u00e9rdidas resultantes de problemas t\u00e9cnicos, condiciones del mercado u otros factores que escapen a nuestro control.<\/p>\n<\/div>\n<\/div><\/div>\n<\/div>\n\n<script src=\"https:\/\/cdn.jsdelivr.net\/npm\/locomotive-scroll@4.1.4\/dist\/locomotive-scroll.min.js\"><\/script><link href=\"https:\/\/cdn.jsdelivr.net\/npm\/locomotive-scroll@4.1.4\/dist\/locomotive-scroll.min.css\" rel=\"stylesheet\"\/><script>document.addEventListener('DOMContentLoaded', function() {\n    const locoScroll = new LocomotiveScroll({\n        el: document.querySelector(\"#page\"),\n        smooth: true\n    });\n    locoScroll.destroy();\n\n    setTimeout(function(){\n        locoScroll.init();\n    }, 100);\n});\n<\/script>\n","protected":false},"excerpt":{"rendered":"","protected":false},"author":1,"featured_media":0,"parent":0,"menu_order":0,"comment_status":"closed","ping_status":"closed","template":"","meta":{"_monsterinsights_skip_tracking":false,"_monsterinsights_sitenote_active":false,"_monsterinsights_sitenote_note":"","_monsterinsights_sitenote_category":0,"footnotes":""},"class_list":["post-881","page","type-page","status-publish","hentry"],"yoast_head":"<!-- This site is optimized with the Yoast SEO plugin v22.6 - https:\/\/yoast.com\/wordpress\/plugins\/seo\/ -->\n<title>Pol\u00edtica - BitexGas Official Website<\/title>\n<meta name=\"robots\" content=\"index, follow, max-snippet:-1, max-image-preview:large, max-video-preview:-1\" \/>\n<link rel=\"canonical\" href=\"https:\/\/bitexgas.net\/es-mx\/politica\/\" \/>\n<meta property=\"og:locale\" content=\"es_MX\" \/>\n<meta property=\"og:type\" content=\"article\" \/>\n<meta property=\"og:title\" content=\"Pol\u00edtica - BitexGas Official Website\" \/>\n<meta property=\"og:url\" content=\"https:\/\/bitexgas.net\/es-mx\/politica\/\" \/>\n<meta property=\"og:site_name\" content=\"BitexGas Official Website\" \/>\n<meta property=\"article:modified_time\" content=\"2024-06-27T11:31:35+00:00\" \/>\n<meta property=\"og:image\" content=\"https:\/\/bitexgas.net\/wp-content\/uploads\/2024\/06\/logo-2.png\" \/>\n<meta name=\"twitter:card\" content=\"summary_large_image\" \/>\n<script type=\"application\/ld+json\" class=\"yoast-schema-graph\">{\"@context\":\"https:\/\/schema.org\",\"@graph\":[{\"@type\":\"WebPage\",\"@id\":\"https:\/\/bitexgas.net\/es-mx\/politica\/\",\"url\":\"https:\/\/bitexgas.net\/es-mx\/politica\/\",\"name\":\"Pol\u00edtica - BitexGas Official Website\",\"isPartOf\":{\"@id\":\"https:\/\/bitexgas.net\/es-mx\/#website\"},\"primaryImageOfPage\":{\"@id\":\"https:\/\/bitexgas.net\/es-mx\/politica\/#primaryimage\"},\"image\":{\"@id\":\"https:\/\/bitexgas.net\/es-mx\/politica\/#primaryimage\"},\"thumbnailUrl\":\"https:\/\/bitexgas.net\/wp-content\/uploads\/2024\/06\/logo-2.png\",\"datePublished\":\"2024-06-18T06:10:26+00:00\",\"dateModified\":\"2024-06-27T11:31:35+00:00\",\"breadcrumb\":{\"@id\":\"https:\/\/bitexgas.net\/es-mx\/politica\/#breadcrumb\"},\"inLanguage\":\"es\",\"potentialAction\":[{\"@type\":\"ReadAction\",\"target\":[\"https:\/\/bitexgas.net\/es-mx\/politica\/\"]}]},{\"@type\":\"ImageObject\",\"inLanguage\":\"es\",\"@id\":\"https:\/\/bitexgas.net\/es-mx\/politica\/#primaryimage\",\"url\":\"https:\/\/bitexgas.net\/wp-content\/uploads\/2024\/06\/logo-2.png\",\"contentUrl\":\"https:\/\/bitexgas.net\/wp-content\/uploads\/2024\/06\/logo-2.png\"},{\"@type\":\"BreadcrumbList\",\"@id\":\"https:\/\/bitexgas.net\/es-mx\/politica\/#breadcrumb\",\"itemListElement\":[{\"@type\":\"ListItem\",\"position\":1,\"name\":\"Home\",\"item\":\"https:\/\/bitexgas.net\/es-mx\/\"},{\"@type\":\"ListItem\",\"position\":2,\"name\":\"Pol\u00edtica\"}]},{\"@type\":\"WebSite\",\"@id\":\"https:\/\/bitexgas.net\/es-mx\/#website\",\"url\":\"https:\/\/bitexgas.net\/es-mx\/\",\"name\":\"BitexGas Official Website\",\"description\":\"\",\"publisher\":{\"@id\":\"https:\/\/bitexgas.net\/es-mx\/#organization\"},\"potentialAction\":[{\"@type\":\"SearchAction\",\"target\":{\"@type\":\"EntryPoint\",\"urlTemplate\":\"https:\/\/bitexgas.net\/es-mx\/?s={search_term_string}\"},\"query-input\":\"required name=search_term_string\"}],\"inLanguage\":\"es\"},{\"@type\":\"Organization\",\"@id\":\"https:\/\/bitexgas.net\/es-mx\/#organization\",\"name\":\"BitexGas Official Website\",\"url\":\"https:\/\/bitexgas.net\/es-mx\/\",\"logo\":{\"@type\":\"ImageObject\",\"inLanguage\":\"es\",\"@id\":\"https:\/\/bitexgas.net\/es-mx\/#\/schema\/logo\/image\/\",\"url\":\"https:\/\/bitexgas.net\/wp-content\/uploads\/2024\/07\/cropped-b-net-1.png\",\"contentUrl\":\"https:\/\/bitexgas.net\/wp-content\/uploads\/2024\/07\/cropped-b-net-1.png\",\"width\":211,\"height\":64,\"caption\":\"BitexGas Official Website\"},\"image\":{\"@id\":\"https:\/\/bitexgas.net\/es-mx\/#\/schema\/logo\/image\/\"}}]}<\/script>\n<!-- \/ Yoast SEO plugin. -->","yoast_head_json":{"title":"Pol\u00edtica - BitexGas Official Website","robots":{"index":"index","follow":"follow","max-snippet":"max-snippet:-1","max-image-preview":"max-image-preview:large","max-video-preview":"max-video-preview:-1"},"canonical":"https:\/\/bitexgas.net\/es-mx\/politica\/","og_locale":"es_MX","og_type":"article","og_title":"Pol\u00edtica - BitexGas Official Website","og_url":"https:\/\/bitexgas.net\/es-mx\/politica\/","og_site_name":"BitexGas Official Website","article_modified_time":"2024-06-27T11:31:35+00:00","og_image":[{"url":"https:\/\/bitexgas.net\/wp-content\/uploads\/2024\/06\/logo-2.png"}],"twitter_card":"summary_large_image","schema":{"@context":"https:\/\/schema.org","@graph":[{"@type":"WebPage","@id":"https:\/\/bitexgas.net\/es-mx\/politica\/","url":"https:\/\/bitexgas.net\/es-mx\/politica\/","name":"Pol\u00edtica - BitexGas Official Website","isPartOf":{"@id":"https:\/\/bitexgas.net\/es-mx\/#website"},"primaryImageOfPage":{"@id":"https:\/\/bitexgas.net\/es-mx\/politica\/#primaryimage"},"image":{"@id":"https:\/\/bitexgas.net\/es-mx\/politica\/#primaryimage"},"thumbnailUrl":"https:\/\/bitexgas.net\/wp-content\/uploads\/2024\/06\/logo-2.png","datePublished":"2024-06-18T06:10:26+00:00","dateModified":"2024-06-27T11:31:35+00:00","breadcrumb":{"@id":"https:\/\/bitexgas.net\/es-mx\/politica\/#breadcrumb"},"inLanguage":"es","potentialAction":[{"@type":"ReadAction","target":["https:\/\/bitexgas.net\/es-mx\/politica\/"]}]},{"@type":"ImageObject","inLanguage":"es","@id":"https:\/\/bitexgas.net\/es-mx\/politica\/#primaryimage","url":"https:\/\/bitexgas.net\/wp-content\/uploads\/2024\/06\/logo-2.png","contentUrl":"https:\/\/bitexgas.net\/wp-content\/uploads\/2024\/06\/logo-2.png"},{"@type":"BreadcrumbList","@id":"https:\/\/bitexgas.net\/es-mx\/politica\/#breadcrumb","itemListElement":[{"@type":"ListItem","position":1,"name":"Home","item":"https:\/\/bitexgas.net\/es-mx\/"},{"@type":"ListItem","position":2,"name":"Pol\u00edtica"}]},{"@type":"WebSite","@id":"https:\/\/bitexgas.net\/es-mx\/#website","url":"https:\/\/bitexgas.net\/es-mx\/","name":"BitexGas Official Website","description":"","publisher":{"@id":"https:\/\/bitexgas.net\/es-mx\/#organization"},"potentialAction":[{"@type":"SearchAction","target":{"@type":"EntryPoint","urlTemplate":"https:\/\/bitexgas.net\/es-mx\/?s={search_term_string}"},"query-input":"required name=search_term_string"}],"inLanguage":"es"},{"@type":"Organization","@id":"https:\/\/bitexgas.net\/es-mx\/#organization","name":"BitexGas Official Website","url":"https:\/\/bitexgas.net\/es-mx\/","logo":{"@type":"ImageObject","inLanguage":"es","@id":"https:\/\/bitexgas.net\/es-mx\/#\/schema\/logo\/image\/","url":"https:\/\/bitexgas.net\/wp-content\/uploads\/2024\/07\/cropped-b-net-1.png","contentUrl":"https:\/\/bitexgas.net\/wp-content\/uploads\/2024\/07\/cropped-b-net-1.png","width":211,"height":64,"caption":"BitexGas Official Website"},"image":{"@id":"https:\/\/bitexgas.net\/es-mx\/#\/schema\/logo\/image\/"}}]}},"_links":{"self":[{"href":"https:\/\/bitexgas.net\/es-mx\/wp-json\/wp\/v2\/pages\/881","targetHints":{"allow":["GET"]}}],"collection":[{"href":"https:\/\/bitexgas.net\/es-mx\/wp-json\/wp\/v2\/pages"}],"about":[{"href":"https:\/\/bitexgas.net\/es-mx\/wp-json\/wp\/v2\/types\/page"}],"author":[{"embeddable":true,"href":"https:\/\/bitexgas.net\/es-mx\/wp-json\/wp\/v2\/users\/1"}],"replies":[{"embeddable":true,"href":"https:\/\/bitexgas.net\/es-mx\/wp-json\/wp\/v2\/comments?post=881"}],"version-history":[{"count":1,"href":"https:\/\/bitexgas.net\/es-mx\/wp-json\/wp\/v2\/pages\/881\/revisions"}],"predecessor-version":[{"id":884,"href":"https:\/\/bitexgas.net\/es-mx\/wp-json\/wp\/v2\/pages\/881\/revisions\/884"}],"wp:attachment":[{"href":"https:\/\/bitexgas.net\/es-mx\/wp-json\/wp\/v2\/media?parent=881"}],"curies":[{"name":"wp","href":"https:\/\/api.w.org\/{rel}","templated":true}]}}