{"id":868,"date":"2024-06-18T06:10:39","date_gmt":"2024-06-18T06:10:39","guid":{"rendered":"https:\/\/bitexgas.net\/terminos\/"},"modified":"2024-06-27T11:31:34","modified_gmt":"2024-06-27T11:31:34","slug":"terminos","status":"publish","type":"page","link":"https:\/\/bitexgas.net\/es-mx\/terminos\/","title":{"rendered":"T\u00e9rminos"},"content":{"rendered":"\n<div class=\"wp-block-cover alignfull\" style=\"margin-top:0;margin-bottom:0;padding-top:119px;padding-right:var(--wp--preset--spacing--30);padding-bottom:119px;padding-left:var(--wp--preset--spacing--30);min-height:50px;aspect-ratio:unset;\" id=\"terms-bg\"><span aria-hidden=\"true\" class=\"wp-block-cover__background has-background-dim\" style=\"background-color:#000047\"><\/span><img loading=\"lazy\" decoding=\"async\" width=\"1024\" height=\"197\" class=\"wp-block-cover__image-background wp-image-235\" alt=\"\" src=\"https:\/\/bitexgas.net\/wp-content\/uploads\/2024\/06\/image-2.png\" data-object-fit=\"cover\" srcset=\"https:\/\/bitexgas.net\/wp-content\/uploads\/2024\/06\/image-2.png 1024w, https:\/\/bitexgas.net\/wp-content\/uploads\/2024\/06\/image-2-300x58.png 300w, https:\/\/bitexgas.net\/wp-content\/uploads\/2024\/06\/image-2-768x148.png 768w\" sizes=\"auto, (max-width: 1024px) 100vw, 1024px\" \/><div class=\"wp-block-cover__inner-container is-layout-flow wp-block-cover-is-layout-flow\">\n<div class=\"wp-block-group is-layout-constrained wp-container-core-group-is-layout-bef80c78 wp-block-group-is-layout-constrained\">\n<h2 class=\"wp-block-heading has-text-align-center\" style=\"font-size:45px;font-style:normal;font-weight:700;line-height:1.2\">Condiciones de uso<\/h2>\n\n\n\n<p class=\"has-text-align-center has-normal-font-size\" style=\"line-height:1.6\">Al acceder o utilizar nuestro sitio web y nuestros servicios, aceptas cumplir y quedar vinculado por las siguientes Condiciones de uso. Lee atentamente estas condiciones. Si no est\u00e1s de acuerdo con estas condiciones, no debes utilizar nuestro sitio web ni nuestros servicios.<\/p>\n<\/div>\n<\/div><\/div>\n\n<div class=\"wp-block-cover alignfull\" style=\"margin-top:0;margin-bottom:0;padding-top:80px;padding-right:var(--wp--preset--spacing--30);padding-bottom:80px;padding-left:var(--wp--preset--spacing--30);min-height:50px;aspect-ratio:unset;\"><span aria-hidden=\"true\" class=\"wp-block-cover__background has-background-dim-100 has-background-dim\" style=\"background-color:#000047\"><\/span><div class=\"wp-block-cover__inner-container is-layout-flow wp-block-cover-is-layout-flow\">\n<div class=\"wp-block-group is-layout-constrained wp-container-core-group-is-layout-a31aa551 wp-block-group-is-layout-constrained\">\n<div class=\"wp-block-columns is-layout-flex wp-container-core-columns-is-layout-e524df8a wp-block-columns-is-layout-flex\">\n<div class=\"wp-block-column is-layout-flow wp-container-core-column-is-layout-f402376c wp-block-column-is-layout-flow\">\n<h2 class=\"wp-block-heading\" style=\"font-size:30px;font-style:normal;font-weight:700;line-height:1.2\">1. Aceptaci\u00f3n de las condiciones<\/h2>\n\n\n\n<p class=\"has-normal-font-size\" style=\"line-height:1.6\">Al utilizar el sitio web y los servicios de BitexGas, aceptas estas Condiciones de uso y cualquier pol\u00edtica a la que se haga referencia en ellas. Estas condiciones se aplican a todos los usuarios del sitio, incluidos visitantes, usuarios registrados y colaboradores de contenidos.<\/p>\n\n\n\n<h2 class=\"wp-block-heading\" style=\"font-size:30px;font-style:normal;font-weight:700;line-height:1.2\">2. Elegibilidad<\/h2>\n\n\n\n<p class=\"has-normal-font-size\" style=\"line-height:1.6\">Debes tener al menos 18 a\u00f1os para utilizar nuestros servicios. Al utilizar nuestra plataforma, declaras y garantizas que cumples este requisito de edad y que tienes capacidad legal para celebrar un contrato vinculante.<\/p>\n\n\n\n<h2 class=\"wp-block-heading\" style=\"font-size:30px;font-style:normal;font-weight:700;line-height:1.2\">3. Registro de la cuenta<\/h2>\n\n\n\n<ul style=\"line-height:1.6\" class=\"has-normal-font-size wp-block-list\">\n<li>Registro: Para acceder a determinadas funciones de nuestra plataforma, debes registrarte para obtener una cuenta. Te comprometes a proporcionar informaci\u00f3n precisa y completa durante el proceso de registro y a mantener actualizada la informaci\u00f3n de tu cuenta.<\/li>\n\n\n\n<li>Seguridad de la cuenta: Eres responsable de mantener la confidencialidad de las credenciales de tu cuenta y de todas las actividades que se produzcan en ella. Notif\u00edcanos inmediatamente si sospechas cualquier uso no autorizado de tu cuenta.<\/li>\n<\/ul>\n\n\n\n<h2 class=\"wp-block-heading\" style=\"font-size:30px;font-style:normal;font-weight:700;line-height:1.2\">4. Servicios<\/h2>\n\n\n\n<ul style=\"line-height:1.6\" class=\"has-normal-font-size wp-block-list\">\n<li>Acceso y uso: BitexGas proporciona una plataforma para negociar e invertir en petr\u00f3leo y gas. Te comprometes a utilizar nuestros servicios s\u00f3lo con fines l\u00edcitos y de acuerdo con estas condiciones.<\/li>\n\n\n\n<li>Dep\u00f3sitos y retiradas: Puedes depositar y retirar fondos de tu cuenta seg\u00fan se especifica en nuestras pol\u00edticas. Todas las transacciones financieras est\u00e1n sujetas a nuestros procesos de verificaci\u00f3n.<\/li>\n<\/ul>\n\n\n\n<h2 class=\"wp-block-heading\" style=\"font-size:30px;font-style:normal;font-weight:700;line-height:1.2\">5. Conducta del usuario<\/h2>\n\n\n\n<div class=\"wp-block-group is-layout-constrained wp-container-core-group-is-layout-19e250f3 wp-block-group-is-layout-constrained\">\n<p class=\"has-normal-font-size\" style=\"line-height:1.6\">Actividades prohibidas: Aceptas no participar en ninguna de las siguientes actividades prohibidas:<\/p>\n\n\n\n<ul style=\"line-height:1.6\" class=\"has-normal-font-size wp-block-list\">\n<li>Violar cualquier ley o normativa aplicable.<\/li>\n\n\n\n<li>Utilizar nuestra plataforma para cualquier pr\u00e1ctica fraudulenta o enga\u00f1osa.<\/li>\n\n\n\n<li>Interferir en la seguridad o el funcionamiento de nuestros servicios.<\/li>\n\n\n\n<li>Falsear tu identidad o afiliaci\u00f3n con cualquier persona o entidad.<\/li>\n\n\n\n<li>Publicar o transmitir cualquier contenido da\u00f1ino, ofensivo o ilegal.<\/li>\n<\/ul>\n<\/div>\n\n\n\n<h2 class=\"wp-block-heading\" style=\"font-size:30px;font-style:normal;font-weight:700;line-height:1.2\">6. Pagos y tasas<\/h2>\n\n\n\n<ul style=\"line-height:1.6\" class=\"has-normal-font-size wp-block-list\">\n<li>Requisitos de dep\u00f3sito: Debes realizar un dep\u00f3sito m\u00ednimo para activar tu monedero y empezar a utilizar nuestros servicios.<\/li>\n\n\n\n<li>Comisiones: Podemos cobrar comisiones por determinadas transacciones o servicios. Se te informar\u00e1 de cualquier tasa aplicable antes de que completes una transacci\u00f3n.<\/li>\n<\/ul>\n\n\n\n<h2 class=\"wp-block-heading\" style=\"font-size:30px;font-style:normal;font-weight:700;line-height:1.2\">7. Propiedad intelectual<\/h2>\n\n\n\n<ul style=\"line-height:1.6\" class=\"has-normal-font-size wp-block-list\">\n<li>Propiedad: Todo el contenido del sitio web de BitexGas, incluidos textos, gr\u00e1ficos, logotipos y software, es propiedad de BitexGas o de sus licenciantes y est\u00e1 protegido por las leyes de propiedad intelectual.<\/li>\n\n\n\n<li>Licencia: BitexGas te concede una licencia limitada, no exclusiva e intransferible para acceder y utilizar nuestra plataforma con fines personales y no comerciales.<\/li>\n<\/ul>\n<\/div>\n\n\n\n<div class=\"wp-block-column is-layout-flow wp-container-core-column-is-layout-f402376c wp-block-column-is-layout-flow\">\n<h2 class=\"wp-block-heading\" style=\"font-size:30px;font-style:normal;font-weight:700;line-height:1.2\">8. Privacidad<\/h2>\n\n\n\n<p class=\"has-normal-font-size\" style=\"line-height:1.6\">Tu uso de nuestro sitio web y servicios tambi\u00e9n se rige por nuestra Pol\u00edtica de privacidad, que explica c\u00f3mo recopilamos, utilizamos y compartimos tu informaci\u00f3n personal. Al utilizar nuestra plataforma, aceptas las pr\u00e1cticas descritas en nuestra Pol\u00edtica de Privacidad.<\/p>\n\n\n\n<h2 class=\"wp-block-heading\" style=\"font-size:30px;font-style:normal;font-weight:700;line-height:1.2\">9. Descargos de responsabilidad<\/h2>\n\n\n\n<ul style=\"line-height:1.6\" class=\"has-normal-font-size wp-block-list\">\n<li>Sin asesoramiento financiero: La informaci\u00f3n proporcionada en nuestra plataforma s\u00f3lo tiene fines informativos y no debe interpretarse como asesoramiento financiero. Debes consultar a un asesor financiero antes de tomar cualquier decisi\u00f3n de inversi\u00f3n.<\/li>\n\n\n\n<li>Disponibilidad de los servicios: Nos esforzamos por asegurar que nuestros servicios est\u00e9n disponibles en todo momento, pero no garantizamos un acceso ininterrumpido. Podemos suspender o interrumpir los servicios en cualquier momento sin previo aviso.<\/li>\n<\/ul>\n\n\n\n<h2 class=\"wp-block-heading\" style=\"font-size:30px;font-style:normal;font-weight:700;line-height:1.2\">10. Limitaci\u00f3n de responsabilidad<\/h2>\n\n\n\n<p class=\"has-normal-font-size\" style=\"line-height:1.6\">En la m\u00e1xima medida permitida por la ley, BitexGas no ser\u00e1 responsable de ning\u00fan da\u00f1o directo, indirecto, incidental, especial o consecuente que resulte de tu uso de nuestra plataforma o servicios, incluyendo, pero sin limitarse a, la p\u00e9rdida de beneficios, datos u otras p\u00e9rdidas intangibles.<\/p>\n\n\n\n<h2 class=\"wp-block-heading\" style=\"font-size:30px;font-style:normal;font-weight:700;line-height:1.2\">11. Indemnizaci\u00f3n<\/h2>\n\n\n\n<p class=\"has-normal-font-size\" style=\"line-height:1.6\">  Aceptas indemnizar y eximir de toda responsabilidad a BitexGas, sus filiales y sus respectivos directivos, directores, empleados y agentes por cualquier reclamaci\u00f3n, responsabilidad, da\u00f1os, p\u00e9rdidas o gastos derivados o relacionados con el uso que hagas de nuestros servicios o con la infracci\u00f3n de estas condiciones.<\/p>\n\n\n\n<h2 class=\"wp-block-heading\" style=\"font-size:30px;font-style:normal;font-weight:700;line-height:1.2\">12. Modificaciones de las condiciones<\/h2>\n\n\n\n<p class=\"has-normal-font-size\" style=\"line-height:1.6\">Podemos actualizar estas Condiciones de Uso de vez en cuando. Te notificaremos cualquier cambio publicando las nuevas condiciones en esta p\u00e1gina. El uso continuado de nuestros servicios despu\u00e9s de cualquier cambio indica tu aceptaci\u00f3n de las nuevas condiciones.<\/p>\n\n\n\n<h2 class=\"wp-block-heading\" style=\"font-size:30px;font-style:normal;font-weight:700;line-height:1.2\">13. Terminaci\u00f3n<\/h2>\n\n\n\n<p class=\"has-normal-font-size\" style=\"line-height:1.6\">Nos reservamos el derecho a cancelar o suspender tu cuenta en cualquier momento y por cualquier motivo, incluso si creemos que has incumplido estas condiciones. Tras la rescisi\u00f3n, cesar\u00e1 inmediatamente tu derecho a utilizar nuestros servicios.<\/p>\n\n\n\n<h2 class=\"wp-block-heading\" style=\"font-size:30px;font-style:normal;font-weight:700;line-height:1.2\">14. Ley aplicable<\/h2>\n\n\n\n<p class=\"has-normal-font-size\" style=\"line-height:1.6\">Estas Condiciones de Uso se rigen e interpretan de acuerdo con las leyes de la jurisdicci\u00f3n en la que opera BitexGas, sin tener en cuenta sus principios de conflicto de leyes.<\/p>\n<\/div>\n<\/div>\n<\/div>\n<\/div><\/div>\n\n<div class=\"wp-block-cover alignfull is-light\" style=\"margin-top:0;margin-bottom:0;padding-top:104px;padding-right:var(--wp--preset--spacing--30);padding-bottom:104px;padding-left:var(--wp--preset--spacing--30);min-height:50px;aspect-ratio:unset;\"><span aria-hidden=\"true\" class=\"wp-block-cover__background has-background-dim-90 has-background-dim\" style=\"background-color:#ff4d00\"><\/span><div class=\"wp-block-cover__inner-container is-layout-flow wp-block-cover-is-layout-flow\">\n<div class=\"wp-block-group is-layout-constrained wp-container-core-group-is-layout-f2250d96 wp-block-group-is-layout-constrained\">\n<h2 class=\"wp-block-heading has-text-align-center has-gray-color has-text-color has-link-color wp-elements-4c6c02164d38b9ae19d86873405b54b4\" style=\"font-size:30px;line-height:1.2\">Si tienes alguna pregunta o duda sobre estas Condiciones de uso, ponte en contacto con nosotros en help@bitexgas.com.<\/h2>\n<\/div>\n<\/div><\/div>\n\n<div class=\"wp-block-group alignfull is-layout-constrained wp-block-group-is-layout-constrained\" id=\"footer\" style=\"margin-top:0;margin-bottom:0\">\n<div class=\"wp-block-cover alignfull\" style=\"margin-top:0;margin-bottom:0;padding-top:100px;padding-right:var(--wp--preset--spacing--30);padding-bottom:64px;padding-left:var(--wp--preset--spacing--30);min-height:50px;aspect-ratio:unset;\"><span aria-hidden=\"true\" class=\"wp-block-cover__background has-black-background-color has-background-dim-100 has-background-dim\"><\/span><div class=\"wp-block-cover__inner-container is-layout-flow wp-block-cover-is-layout-flow\">\n<div class=\"wp-block-group is-layout-constrained wp-container-core-group-is-layout-a084365a wp-block-group-is-layout-constrained\">\n<div class=\"wp-block-columns is-layout-flex wp-container-core-columns-is-layout-e96d03bb wp-block-columns-is-layout-flex\">\n<div class=\"wp-block-column is-layout-flow wp-block-column-is-layout-flow\" style=\"flex-basis:190px\">\n<figure class=\"wp-block-image size-full\"><img loading=\"lazy\" decoding=\"async\" width=\"188\" height=\"57\" src=\"https:\/\/bitexgas.net\/wp-content\/uploads\/2024\/06\/logo-1.png\" alt=\"\" class=\"wp-image-229\"\/><\/figure>\n<\/div>\n\n\n\n<div class=\"wp-block-column is-layout-flow wp-block-column-is-layout-flow\" style=\"flex-basis:66.66%\"><\/div>\n<\/div>\n\n\n\n<p class=\"has-normal-font-size\" style=\"line-height:1.6\">Los usuarios reconocen que comerciar con criptomonedas implica riesgos significativos. Los precios son extremadamente vol\u00e1tiles y pueden cambiar r\u00e1pidamente, provocando posibles p\u00e9rdidas sustanciales. Recomendamos a los usuarios que consideren detenidamente su situaci\u00f3n financiera y su tolerancia al riesgo antes de dedicarse al comercio de criptomonedas. Esta plataforma no proporciona asesoramiento de inversi\u00f3n, financiero, jur\u00eddico, fiscal ni de ning\u00fan otro tipo. Cualquier informaci\u00f3n o an\u00e1lisis proporcionado s\u00f3lo tiene fines informativos y no debe interpretarse como una oferta o solicitud de compra o venta de criptomonedas. La plataforma opera de acuerdo con las leyes y reglamentos aplicables. Sin embargo, la normativa sobre criptomonedas puede variar seg\u00fan la jurisdicci\u00f3n y est\u00e1 sujeta a cambios. Los usuarios son responsables de garantizar que su uso de la plataforma cumple las leyes y normativas locales. En el comercio de criptomonedas no hay garant\u00edas de beneficios ni de protecci\u00f3n frente a las p\u00e9rdidas. Los resultados pasados no son indicativos de resultados futuros. Los usuarios deben ser conscientes de que pueden perder todo el capital invertido. Aunque nos esforzamos por ofrecer una plataforma de negociaci\u00f3n fiable y segura, no garantizamos un servicio ininterrumpido, y no somos responsables de las p\u00e9rdidas resultantes de problemas t\u00e9cnicos, condiciones del mercado u otros factores que escapen a nuestro control.<\/p>\n<\/div>\n<\/div><\/div>\n<\/div>\n\n<script src=\"https:\/\/cdn.jsdelivr.net\/npm\/locomotive-scroll@4.1.4\/dist\/locomotive-scroll.min.js\"><\/script><link href=\"https:\/\/cdn.jsdelivr.net\/npm\/locomotive-scroll@4.1.4\/dist\/locomotive-scroll.min.css\" rel=\"stylesheet\"\/><script>document.addEventListener('DOMContentLoaded', function() {\n    const locoScroll = new LocomotiveScroll({\n        el: document.querySelector(\"#page\"),\n        smooth: true\n    });\n    locoScroll.destroy();\n\n    setTimeout(function(){\n        locoScroll.init();\n    }, 100);\n});\n<\/script>\n","protected":false},"excerpt":{"rendered":"","protected":false},"author":1,"featured_media":0,"parent":0,"menu_order":0,"comment_status":"closed","ping_status":"closed","template":"","meta":{"_monsterinsights_skip_tracking":false,"_monsterinsights_sitenote_active":false,"_monsterinsights_sitenote_note":"","_monsterinsights_sitenote_category":0,"footnotes":""},"class_list":["post-868","page","type-page","status-publish","hentry"],"yoast_head":"<!-- This site is optimized with the Yoast SEO plugin v22.6 - https:\/\/yoast.com\/wordpress\/plugins\/seo\/ -->\n<title>T\u00e9rminos - BitexGas Official Website<\/title>\n<meta name=\"robots\" content=\"index, follow, max-snippet:-1, max-image-preview:large, max-video-preview:-1\" \/>\n<link rel=\"canonical\" href=\"https:\/\/bitexgas.net\/es-mx\/terminos\/\" \/>\n<meta property=\"og:locale\" content=\"es_MX\" \/>\n<meta property=\"og:type\" content=\"article\" \/>\n<meta property=\"og:title\" content=\"T\u00e9rminos - BitexGas Official Website\" \/>\n<meta property=\"og:url\" content=\"https:\/\/bitexgas.net\/es-mx\/terminos\/\" \/>\n<meta property=\"og:site_name\" content=\"BitexGas Official Website\" \/>\n<meta property=\"article:modified_time\" content=\"2024-06-27T11:31:34+00:00\" \/>\n<meta property=\"og:image\" content=\"https:\/\/bitexgas.net\/wp-content\/uploads\/2024\/06\/image-2.png\" \/>\n<meta name=\"twitter:card\" content=\"summary_large_image\" \/>\n<script type=\"application\/ld+json\" class=\"yoast-schema-graph\">{\"@context\":\"https:\/\/schema.org\",\"@graph\":[{\"@type\":\"WebPage\",\"@id\":\"https:\/\/bitexgas.net\/es-mx\/terminos\/\",\"url\":\"https:\/\/bitexgas.net\/es-mx\/terminos\/\",\"name\":\"T\u00e9rminos - BitexGas Official Website\",\"isPartOf\":{\"@id\":\"https:\/\/bitexgas.net\/es-mx\/#website\"},\"primaryImageOfPage\":{\"@id\":\"https:\/\/bitexgas.net\/es-mx\/terminos\/#primaryimage\"},\"image\":{\"@id\":\"https:\/\/bitexgas.net\/es-mx\/terminos\/#primaryimage\"},\"thumbnailUrl\":\"https:\/\/bitexgas.net\/wp-content\/uploads\/2024\/06\/image-2.png\",\"datePublished\":\"2024-06-18T06:10:39+00:00\",\"dateModified\":\"2024-06-27T11:31:34+00:00\",\"breadcrumb\":{\"@id\":\"https:\/\/bitexgas.net\/es-mx\/terminos\/#breadcrumb\"},\"inLanguage\":\"es\",\"potentialAction\":[{\"@type\":\"ReadAction\",\"target\":[\"https:\/\/bitexgas.net\/es-mx\/terminos\/\"]}]},{\"@type\":\"ImageObject\",\"inLanguage\":\"es\",\"@id\":\"https:\/\/bitexgas.net\/es-mx\/terminos\/#primaryimage\",\"url\":\"https:\/\/bitexgas.net\/wp-content\/uploads\/2024\/06\/image-2.png\",\"contentUrl\":\"https:\/\/bitexgas.net\/wp-content\/uploads\/2024\/06\/image-2.png\"},{\"@type\":\"BreadcrumbList\",\"@id\":\"https:\/\/bitexgas.net\/es-mx\/terminos\/#breadcrumb\",\"itemListElement\":[{\"@type\":\"ListItem\",\"position\":1,\"name\":\"Home\",\"item\":\"https:\/\/bitexgas.net\/es-mx\/\"},{\"@type\":\"ListItem\",\"position\":2,\"name\":\"T\u00e9rminos\"}]},{\"@type\":\"WebSite\",\"@id\":\"https:\/\/bitexgas.net\/es-mx\/#website\",\"url\":\"https:\/\/bitexgas.net\/es-mx\/\",\"name\":\"BitexGas Official Website\",\"description\":\"\",\"publisher\":{\"@id\":\"https:\/\/bitexgas.net\/es-mx\/#organization\"},\"potentialAction\":[{\"@type\":\"SearchAction\",\"target\":{\"@type\":\"EntryPoint\",\"urlTemplate\":\"https:\/\/bitexgas.net\/es-mx\/?s={search_term_string}\"},\"query-input\":\"required name=search_term_string\"}],\"inLanguage\":\"es\"},{\"@type\":\"Organization\",\"@id\":\"https:\/\/bitexgas.net\/es-mx\/#organization\",\"name\":\"BitexGas Official Website\",\"url\":\"https:\/\/bitexgas.net\/es-mx\/\",\"logo\":{\"@type\":\"ImageObject\",\"inLanguage\":\"es\",\"@id\":\"https:\/\/bitexgas.net\/es-mx\/#\/schema\/logo\/image\/\",\"url\":\"https:\/\/bitexgas.net\/wp-content\/uploads\/2024\/07\/cropped-b-net-1.png\",\"contentUrl\":\"https:\/\/bitexgas.net\/wp-content\/uploads\/2024\/07\/cropped-b-net-1.png\",\"width\":211,\"height\":64,\"caption\":\"BitexGas Official Website\"},\"image\":{\"@id\":\"https:\/\/bitexgas.net\/es-mx\/#\/schema\/logo\/image\/\"}}]}<\/script>\n<!-- \/ Yoast SEO plugin. -->","yoast_head_json":{"title":"T\u00e9rminos - BitexGas Official Website","robots":{"index":"index","follow":"follow","max-snippet":"max-snippet:-1","max-image-preview":"max-image-preview:large","max-video-preview":"max-video-preview:-1"},"canonical":"https:\/\/bitexgas.net\/es-mx\/terminos\/","og_locale":"es_MX","og_type":"article","og_title":"T\u00e9rminos - BitexGas Official Website","og_url":"https:\/\/bitexgas.net\/es-mx\/terminos\/","og_site_name":"BitexGas Official Website","article_modified_time":"2024-06-27T11:31:34+00:00","og_image":[{"url":"https:\/\/bitexgas.net\/wp-content\/uploads\/2024\/06\/image-2.png"}],"twitter_card":"summary_large_image","schema":{"@context":"https:\/\/schema.org","@graph":[{"@type":"WebPage","@id":"https:\/\/bitexgas.net\/es-mx\/terminos\/","url":"https:\/\/bitexgas.net\/es-mx\/terminos\/","name":"T\u00e9rminos - BitexGas Official Website","isPartOf":{"@id":"https:\/\/bitexgas.net\/es-mx\/#website"},"primaryImageOfPage":{"@id":"https:\/\/bitexgas.net\/es-mx\/terminos\/#primaryimage"},"image":{"@id":"https:\/\/bitexgas.net\/es-mx\/terminos\/#primaryimage"},"thumbnailUrl":"https:\/\/bitexgas.net\/wp-content\/uploads\/2024\/06\/image-2.png","datePublished":"2024-06-18T06:10:39+00:00","dateModified":"2024-06-27T11:31:34+00:00","breadcrumb":{"@id":"https:\/\/bitexgas.net\/es-mx\/terminos\/#breadcrumb"},"inLanguage":"es","potentialAction":[{"@type":"ReadAction","target":["https:\/\/bitexgas.net\/es-mx\/terminos\/"]}]},{"@type":"ImageObject","inLanguage":"es","@id":"https:\/\/bitexgas.net\/es-mx\/terminos\/#primaryimage","url":"https:\/\/bitexgas.net\/wp-content\/uploads\/2024\/06\/image-2.png","contentUrl":"https:\/\/bitexgas.net\/wp-content\/uploads\/2024\/06\/image-2.png"},{"@type":"BreadcrumbList","@id":"https:\/\/bitexgas.net\/es-mx\/terminos\/#breadcrumb","itemListElement":[{"@type":"ListItem","position":1,"name":"Home","item":"https:\/\/bitexgas.net\/es-mx\/"},{"@type":"ListItem","position":2,"name":"T\u00e9rminos"}]},{"@type":"WebSite","@id":"https:\/\/bitexgas.net\/es-mx\/#website","url":"https:\/\/bitexgas.net\/es-mx\/","name":"BitexGas Official Website","description":"","publisher":{"@id":"https:\/\/bitexgas.net\/es-mx\/#organization"},"potentialAction":[{"@type":"SearchAction","target":{"@type":"EntryPoint","urlTemplate":"https:\/\/bitexgas.net\/es-mx\/?s={search_term_string}"},"query-input":"required name=search_term_string"}],"inLanguage":"es"},{"@type":"Organization","@id":"https:\/\/bitexgas.net\/es-mx\/#organization","name":"BitexGas Official Website","url":"https:\/\/bitexgas.net\/es-mx\/","logo":{"@type":"ImageObject","inLanguage":"es","@id":"https:\/\/bitexgas.net\/es-mx\/#\/schema\/logo\/image\/","url":"https:\/\/bitexgas.net\/wp-content\/uploads\/2024\/07\/cropped-b-net-1.png","contentUrl":"https:\/\/bitexgas.net\/wp-content\/uploads\/2024\/07\/cropped-b-net-1.png","width":211,"height":64,"caption":"BitexGas Official Website"},"image":{"@id":"https:\/\/bitexgas.net\/es-mx\/#\/schema\/logo\/image\/"}}]}},"_links":{"self":[{"href":"https:\/\/bitexgas.net\/es-mx\/wp-json\/wp\/v2\/pages\/868","targetHints":{"allow":["GET"]}}],"collection":[{"href":"https:\/\/bitexgas.net\/es-mx\/wp-json\/wp\/v2\/pages"}],"about":[{"href":"https:\/\/bitexgas.net\/es-mx\/wp-json\/wp\/v2\/types\/page"}],"author":[{"embeddable":true,"href":"https:\/\/bitexgas.net\/es-mx\/wp-json\/wp\/v2\/users\/1"}],"replies":[{"embeddable":true,"href":"https:\/\/bitexgas.net\/es-mx\/wp-json\/wp\/v2\/comments?post=868"}],"version-history":[{"count":1,"href":"https:\/\/bitexgas.net\/es-mx\/wp-json\/wp\/v2\/pages\/868\/revisions"}],"predecessor-version":[{"id":872,"href":"https:\/\/bitexgas.net\/es-mx\/wp-json\/wp\/v2\/pages\/868\/revisions\/872"}],"wp:attachment":[{"href":"https:\/\/bitexgas.net\/es-mx\/wp-json\/wp\/v2\/media?parent=868"}],"curies":[{"name":"wp","href":"https:\/\/api.w.org\/{rel}","templated":true}]}}