{"id":859,"date":"2024-06-18T06:10:39","date_gmt":"2024-06-18T06:10:39","guid":{"rendered":"https:\/\/bitexgas.net\/begriffe\/"},"modified":"2024-06-27T11:31:34","modified_gmt":"2024-06-27T11:31:34","slug":"begriffe","status":"publish","type":"page","link":"https:\/\/bitexgas.net\/de-lu\/begriffe\/","title":{"rendered":"Begriffe"},"content":{"rendered":"\n<div class=\"wp-block-cover alignfull\" style=\"margin-top:0;margin-bottom:0;padding-top:119px;padding-right:var(--wp--preset--spacing--30);padding-bottom:119px;padding-left:var(--wp--preset--spacing--30);min-height:50px;aspect-ratio:unset;\" id=\"terms-bg\"><span aria-hidden=\"true\" class=\"wp-block-cover__background has-background-dim\" style=\"background-color:#000047\"><\/span><img loading=\"lazy\" decoding=\"async\" width=\"1024\" height=\"197\" class=\"wp-block-cover__image-background wp-image-235\" alt=\"\" src=\"https:\/\/bitexgas.net\/wp-content\/uploads\/2024\/06\/image-2.png\" data-object-fit=\"cover\" srcset=\"https:\/\/bitexgas.net\/wp-content\/uploads\/2024\/06\/image-2.png 1024w, https:\/\/bitexgas.net\/wp-content\/uploads\/2024\/06\/image-2-300x58.png 300w, https:\/\/bitexgas.net\/wp-content\/uploads\/2024\/06\/image-2-768x148.png 768w\" sizes=\"auto, (max-width: 1024px) 100vw, 1024px\" \/><div class=\"wp-block-cover__inner-container is-layout-flow wp-block-cover-is-layout-flow\">\n<div class=\"wp-block-group is-layout-constrained wp-container-core-group-is-layout-bef80c78 wp-block-group-is-layout-constrained\">\n<h2 class=\"wp-block-heading has-text-align-center\" style=\"font-size:45px;font-style:normal;font-weight:700;line-height:1.2\">Nutzungsbedingungen<\/h2>\n\n\n\n<p class=\"has-text-align-center has-normal-font-size\" style=\"line-height:1.6\">Indem Sie auf unsere Website und unsere Dienste zugreifen oder diese nutzen, erkl\u00e4ren Sie sich mit den folgenden Nutzungsbedingungen einverstanden und sind an diese gebunden. Bitte lesen Sie diese Bedingungen sorgf\u00e4ltig durch. Wenn Sie mit diesen Bedingungen nicht einverstanden sind, sollten Sie unsere Website oder Dienste nicht nutzen.<\/p>\n<\/div>\n<\/div><\/div>\n\n<div class=\"wp-block-cover alignfull\" style=\"margin-top:0;margin-bottom:0;padding-top:80px;padding-right:var(--wp--preset--spacing--30);padding-bottom:80px;padding-left:var(--wp--preset--spacing--30);min-height:50px;aspect-ratio:unset;\"><span aria-hidden=\"true\" class=\"wp-block-cover__background has-background-dim-100 has-background-dim\" style=\"background-color:#000047\"><\/span><div class=\"wp-block-cover__inner-container is-layout-flow wp-block-cover-is-layout-flow\">\n<div class=\"wp-block-group is-layout-constrained wp-container-core-group-is-layout-a31aa551 wp-block-group-is-layout-constrained\">\n<div class=\"wp-block-columns is-layout-flex wp-container-core-columns-is-layout-e524df8a wp-block-columns-is-layout-flex\">\n<div class=\"wp-block-column is-layout-flow wp-container-core-column-is-layout-f402376c wp-block-column-is-layout-flow\">\n<h2 class=\"wp-block-heading\" style=\"font-size:30px;font-style:normal;font-weight:700;line-height:1.2\">1. Akzeptanz der Bedingungen<\/h2>\n\n\n\n<p class=\"has-normal-font-size\" style=\"line-height:1.6\">Durch die Nutzung der BitexGas-Website und -Dienste erkl\u00e4ren Sie sich mit diesen Nutzungsbedingungen und allen hierin erw\u00e4hnten Richtlinien einverstanden. Diese Bedingungen gelten f\u00fcr alle Benutzer der Website, einschlie\u00dflich Besucher, registrierte Benutzer und Autoren von Inhalten.<\/p>\n\n\n\n<h2 class=\"wp-block-heading\" style=\"font-size:30px;font-style:normal;font-weight:700;line-height:1.2\">2. Teilnahmeberechtigung<\/h2>\n\n\n\n<p class=\"has-normal-font-size\" style=\"line-height:1.6\">Sie m\u00fcssen mindestens 18 Jahre alt sein, um unsere Dienste nutzen zu k\u00f6nnen. Durch die Nutzung unserer Plattform sichern Sie zu, dass Sie diese Altersvoraussetzung erf\u00fcllen und rechtsf\u00e4hig sind, einen verbindlichen Vertrag einzugehen.<\/p>\n\n\n\n<h2 class=\"wp-block-heading\" style=\"font-size:30px;font-style:normal;font-weight:700;line-height:1.2\">3. Konto-Registrierung<\/h2>\n\n\n\n<ul style=\"line-height:1.6\" class=\"has-normal-font-size wp-block-list\">\n<li>Registrierung: Um auf bestimmte Funktionen unserer Plattform zugreifen zu k\u00f6nnen, m\u00fcssen Sie sich f\u00fcr ein Konto registrieren. Sie verpflichten sich, bei der Registrierung genaue und vollst\u00e4ndige Angaben zu machen und Ihre Kontoinformationen auf dem neuesten Stand zu halten.<\/li>\n\n\n\n<li>Kontosicherheit: Sie sind f\u00fcr die Geheimhaltung Ihrer Kontodaten und f\u00fcr alle Aktivit\u00e4ten, die \u00fcber Ihr Konto erfolgen, verantwortlich. Benachrichtigen Sie uns sofort, wenn Sie eine unbefugte Nutzung Ihres Kontos vermuten.<\/li>\n<\/ul>\n\n\n\n<h2 class=\"wp-block-heading\" style=\"font-size:30px;font-style:normal;font-weight:700;line-height:1.2\">4. Dienstleistungen<\/h2>\n\n\n\n<ul style=\"line-height:1.6\" class=\"has-normal-font-size wp-block-list\">\n<li>Zugang und Nutzung: BitexGas bietet eine Plattform f\u00fcr den Handel und die Investition in \u00d6l und Gas. Sie erkl\u00e4ren sich damit einverstanden, unsere Dienste nur f\u00fcr rechtm\u00e4\u00dfige Zwecke und in \u00dcbereinstimmung mit diesen Bedingungen zu nutzen.<\/li>\n\n\n\n<li>Einzahlungen und Abhebungen: Sie k\u00f6nnen Einzahlungen und Abhebungen von Ihrem Konto vornehmen, wie in unseren Richtlinien angegeben. Alle finanziellen Transaktionen unterliegen unseren Verifizierungsprozessen.<\/li>\n<\/ul>\n\n\n\n<h2 class=\"wp-block-heading\" style=\"font-size:30px;font-style:normal;font-weight:700;line-height:1.2\">5. Benutzerverhalten<\/h2>\n\n\n\n<div class=\"wp-block-group is-layout-constrained wp-container-core-group-is-layout-19e250f3 wp-block-group-is-layout-constrained\">\n<p class=\"has-normal-font-size\" style=\"line-height:1.6\">Verbotene Aktivit\u00e4ten: Sie verpflichten sich, sich nicht an den folgenden verbotenen Aktivit\u00e4ten zu beteiligen:<\/p>\n\n\n\n<ul style=\"line-height:1.6\" class=\"has-normal-font-size wp-block-list\">\n<li>Verst\u00f6\u00dfe gegen geltende Gesetze oder Vorschriften.<\/li>\n\n\n\n<li>Nutzung unserer Plattform f\u00fcr betr\u00fcgerische oder irref\u00fchrende Praktiken.<\/li>\n\n\n\n<li>Beeintr\u00e4chtigung der Sicherheit oder des Betriebs unserer Dienste.<\/li>\n\n\n\n<li>Falsche Darstellung Ihrer Identit\u00e4t oder Zugeh\u00f6rigkeit zu einer nat\u00fcrlichen oder juristischen Person.<\/li>\n\n\n\n<li>Das Einstellen oder \u00dcbertragen von sch\u00e4dlichen, beleidigenden oder illegalen Inhalten.<\/li>\n<\/ul>\n<\/div>\n\n\n\n<h2 class=\"wp-block-heading\" style=\"font-size:30px;font-style:normal;font-weight:700;line-height:1.2\">6. Zahlungen und Geb\u00fchren<\/h2>\n\n\n\n<ul style=\"line-height:1.6\" class=\"has-normal-font-size wp-block-list\">\n<li>Einzahlungsanforderungen: Sie m\u00fcssen eine Mindesteinzahlung leisten, um Ihr Portemonnaie zu aktivieren und unsere Dienste nutzen zu k\u00f6nnen.<\/li>\n\n\n\n<li>Geb\u00fchren: F\u00fcr bestimmte Transaktionen oder Dienstleistungen k\u00f6nnen wir Geb\u00fchren erheben. Alle anfallenden Geb\u00fchren werden Ihnen mitgeteilt, bevor Sie eine Transaktion abschlie\u00dfen.<\/li>\n<\/ul>\n\n\n\n<h2 class=\"wp-block-heading\" style=\"font-size:30px;font-style:normal;font-weight:700;line-height:1.2\">7. Geistiges Eigentum<\/h2>\n\n\n\n<ul style=\"line-height:1.6\" class=\"has-normal-font-size wp-block-list\">\n<li>Eigentum: Der gesamte Inhalt der BitexGas-Website, einschlie\u00dflich Text, Grafiken, Logos und Software, ist Eigentum von BitexGas oder seinen Lizenzgebern und ist durch Gesetze zum Schutz des geistigen Eigentums gesch\u00fctzt.<\/li>\n\n\n\n<li>Lizenz: BitexGas gew\u00e4hrt Ihnen eine begrenzte, nicht exklusive, nicht \u00fcbertragbare Lizenz f\u00fcr den Zugriff auf und die Nutzung unserer Plattform f\u00fcr pers\u00f6nliche und nicht-kommerzielle Zwecke.<\/li>\n<\/ul>\n<\/div>\n\n\n\n<div class=\"wp-block-column is-layout-flow wp-container-core-column-is-layout-f402376c wp-block-column-is-layout-flow\">\n<h2 class=\"wp-block-heading\" style=\"font-size:30px;font-style:normal;font-weight:700;line-height:1.2\">8. Datenschutz<\/h2>\n\n\n\n<p class=\"has-normal-font-size\" style=\"line-height:1.6\">Ihre Nutzung unserer Website und unserer Dienste unterliegt auch unserer Datenschutzrichtlinie, in der erl\u00e4utert wird, wie wir Ihre pers\u00f6nlichen Daten erfassen, verwenden und weitergeben. Durch die Nutzung unserer Plattform erkl\u00e4ren Sie sich mit den in unserer Datenschutzrichtlinie beschriebenen Praktiken einverstanden.<\/p>\n\n\n\n<h2 class=\"wp-block-heading\" style=\"font-size:30px;font-style:normal;font-weight:700;line-height:1.2\">9. Haftungsausschl\u00fcsse<\/h2>\n\n\n\n<ul style=\"line-height:1.6\" class=\"has-normal-font-size wp-block-list\">\n<li>Keine Finanzberatung: Die auf unserer Plattform zur Verf\u00fcgung gestellten Informationen dienen nur zu Informationszwecken und sollten nicht als Finanzberatung verstanden werden. Sie sollten einen Finanzberater konsultieren, bevor Sie eine Anlageentscheidung treffen.<\/li>\n\n\n\n<li>Verf\u00fcgbarkeit der Dienste: Wir bem\u00fchen uns sicherzustellen, dass unsere Dienste jederzeit verf\u00fcgbar sind, k\u00f6nnen jedoch keinen ununterbrochenen Zugang garantieren. Wir k\u00f6nnen unsere Dienste jederzeit und ohne Vorank\u00fcndigung aussetzen oder einstellen.<\/li>\n<\/ul>\n\n\n\n<h2 class=\"wp-block-heading\" style=\"font-size:30px;font-style:normal;font-weight:700;line-height:1.2\">10. Einschr\u00e4nkung der Haftung<\/h2>\n\n\n\n<p class=\"has-normal-font-size\" style=\"line-height:1.6\">Soweit gesetzlich zul\u00e4ssig, haftet BitexGas nicht f\u00fcr direkte, indirekte, zuf\u00e4llige, besondere oder Folgesch\u00e4den, die sich aus der Nutzung unserer Plattform oder unserer Dienste ergeben, einschlie\u00dflich, aber nicht beschr\u00e4nkt auf entgangene Gewinne, Daten oder andere immaterielle Verluste.<\/p>\n\n\n\n<h2 class=\"wp-block-heading\" style=\"font-size:30px;font-style:normal;font-weight:700;line-height:1.2\">11. Entsch\u00e4digung<\/h2>\n\n\n\n<p class=\"has-normal-font-size\" style=\"line-height:1.6\">  Sie erkl\u00e4ren sich damit einverstanden, BitexGas, seine Tochtergesellschaften und deren jeweilige F\u00fchrungskr\u00e4fte, Direktoren, Mitarbeiter und Vertreter von allen Anspr\u00fcchen, Haftungen, Sch\u00e4den, Verlusten oder Ausgaben freizustellen, die sich aus Ihrer Nutzung unserer Dienste oder der Verletzung dieser Bedingungen ergeben oder damit zusammenh\u00e4ngen.<\/p>\n\n\n\n<h2 class=\"wp-block-heading\" style=\"font-size:30px;font-style:normal;font-weight:700;line-height:1.2\">12. \u00c4nderungen der Bedingungen<\/h2>\n\n\n\n<p class=\"has-normal-font-size\" style=\"line-height:1.6\">Wir k\u00f6nnen diese Nutzungsbedingungen von Zeit zu Zeit aktualisieren. Wir werden Sie \u00fcber alle \u00c4nderungen informieren, indem wir die neuen Bedingungen auf dieser Seite ver\u00f6ffentlichen. Wenn Sie unsere Dienste nach einer \u00c4nderung weiterhin nutzen, bedeutet dies, dass Sie die neuen Bedingungen akzeptieren.<\/p>\n\n\n\n<h2 class=\"wp-block-heading\" style=\"font-size:30px;font-style:normal;font-weight:700;line-height:1.2\">13. Beendigung<\/h2>\n\n\n\n<p class=\"has-normal-font-size\" style=\"line-height:1.6\">Wir behalten uns das Recht vor, Ihr Konto jederzeit aus beliebigem Grund zu k\u00fcndigen oder zu sperren, auch wenn wir glauben, dass Sie gegen diese Bedingungen versto\u00dfen haben. Mit der K\u00fcndigung erlischt Ihr Recht, unsere Dienste zu nutzen, sofort.<\/p>\n\n\n\n<h2 class=\"wp-block-heading\" style=\"font-size:30px;font-style:normal;font-weight:700;line-height:1.2\">14. Geltendes Recht<\/h2>\n\n\n\n<p class=\"has-normal-font-size\" style=\"line-height:1.6\">Diese Nutzungsbedingungen unterliegen den Gesetzen der Gerichtsbarkeit, in der BitexGas t\u00e4tig ist, und werden in \u00dcbereinstimmung mit diesen ausgelegt, ohne Ber\u00fccksichtigung der Grunds\u00e4tze des Kollisionsrechts.<\/p>\n<\/div>\n<\/div>\n<\/div>\n<\/div><\/div>\n\n<div class=\"wp-block-cover alignfull is-light\" style=\"margin-top:0;margin-bottom:0;padding-top:104px;padding-right:var(--wp--preset--spacing--30);padding-bottom:104px;padding-left:var(--wp--preset--spacing--30);min-height:50px;aspect-ratio:unset;\"><span aria-hidden=\"true\" class=\"wp-block-cover__background has-background-dim-90 has-background-dim\" style=\"background-color:#ff4d00\"><\/span><div class=\"wp-block-cover__inner-container is-layout-flow wp-block-cover-is-layout-flow\">\n<div class=\"wp-block-group is-layout-constrained wp-container-core-group-is-layout-f2250d96 wp-block-group-is-layout-constrained\">\n<h2 class=\"wp-block-heading has-text-align-center has-gray-color has-text-color has-link-color wp-elements-1de58b653550df57f852505576cb0d03\" style=\"font-size:30px;line-height:1.2\">Wenn Sie Fragen oder Bedenken bez\u00fcglich dieser Nutzungsbedingungen haben, kontaktieren Sie uns bitte unter help@bitexgas.com<\/h2>\n<\/div>\n<\/div><\/div>\n\n<div class=\"wp-block-group alignfull is-layout-constrained wp-block-group-is-layout-constrained\" id=\"footer\" style=\"margin-top:0;margin-bottom:0\">\n<div class=\"wp-block-cover alignfull\" style=\"margin-top:0;margin-bottom:0;padding-top:100px;padding-right:var(--wp--preset--spacing--30);padding-bottom:64px;padding-left:var(--wp--preset--spacing--30);min-height:50px;aspect-ratio:unset;\"><span aria-hidden=\"true\" class=\"wp-block-cover__background has-black-background-color has-background-dim-100 has-background-dim\"><\/span><div class=\"wp-block-cover__inner-container is-layout-flow wp-block-cover-is-layout-flow\">\n<div class=\"wp-block-group is-layout-constrained wp-container-core-group-is-layout-a084365a wp-block-group-is-layout-constrained\">\n<div class=\"wp-block-columns is-layout-flex wp-container-core-columns-is-layout-e96d03bb wp-block-columns-is-layout-flex\">\n<div class=\"wp-block-column is-layout-flow wp-block-column-is-layout-flow\" style=\"flex-basis:190px\">\n<figure class=\"wp-block-image size-full\"><img loading=\"lazy\" decoding=\"async\" width=\"188\" height=\"57\" src=\"https:\/\/bitexgas.net\/wp-content\/uploads\/2024\/06\/logo-1.png\" alt=\"\" class=\"wp-image-229\"\/><\/figure>\n<\/div>\n\n\n\n<div class=\"wp-block-column is-layout-flow wp-block-column-is-layout-flow\" style=\"flex-basis:66.66%\"><\/div>\n<\/div>\n\n\n\n<p class=\"has-normal-font-size\" style=\"line-height:1.6\">Die Nutzer erkennen an, dass der Handel mit Kryptow\u00e4hrungen erhebliche Risiken birgt. Die Preise sind extrem volatil und k\u00f6nnen sich schnell \u00e4ndern, was zu erheblichen Verlusten f\u00fchren kann. Wir empfehlen Nutzern, ihre finanzielle Situation und ihre Risikotoleranz sorgf\u00e4ltig zu pr\u00fcfen, bevor sie sich auf den Handel mit Kryptow\u00e4hrungen einlassen. Diese Plattform stellt keine Anlage-, Finanz-, Rechts-, Steuer- oder sonstige Beratung dar. Alle bereitgestellten Informationen oder Analysen dienen nur zu Informationszwecken und sollten nicht als Angebot oder Aufforderung zum Kauf oder Verkauf von Kryptow\u00e4hrungen verstanden werden. Die Plattform arbeitet in \u00dcbereinstimmung mit den geltenden Gesetzen und Vorschriften. Die Vorschriften f\u00fcr Kryptow\u00e4hrungen k\u00f6nnen jedoch je nach Gerichtsbarkeit variieren und unterliegen \u00c4nderungen. Die Nutzer sind daf\u00fcr verantwortlich, dass ihre Nutzung der Plattform mit den lokalen Gesetzen und Vorschriften \u00fcbereinstimmt. Beim Handel mit Kryptow\u00e4hrungen gibt es keine Garantien f\u00fcr Gewinne oder Schutz vor Verlusten. Die vergangene Performance ist kein Indikator f\u00fcr zuk\u00fcnftige Ergebnisse. Benutzer sollten sich bewusst sein, dass sie ihr gesamtes investiertes Kapital verlieren k\u00f6nnen. Obwohl wir uns bem\u00fchen, eine zuverl\u00e4ssige und sichere Handelsplattform bereitzustellen, k\u00f6nnen wir keinen ununterbrochenen Service garantieren. Wir haften nicht f\u00fcr Verluste, die durch technische Probleme, Marktbedingungen oder andere Faktoren au\u00dferhalb unserer Kontrolle entstehen.<\/p>\n<\/div>\n<\/div><\/div>\n<\/div>\n\n<script src=\"https:\/\/cdn.jsdelivr.net\/npm\/locomotive-scroll@4.1.4\/dist\/locomotive-scroll.min.js\"><\/script><link href=\"https:\/\/cdn.jsdelivr.net\/npm\/locomotive-scroll@4.1.4\/dist\/locomotive-scroll.min.css\" rel=\"stylesheet\"\/><script>document.addEventListener('DOMContentLoaded', function() {\n    const locoScroll = new LocomotiveScroll({\n        el: document.querySelector(\"#page\"),\n        smooth: true\n    });\n    locoScroll.destroy();\n\n    setTimeout(function(){\n        locoScroll.init();\n    }, 100);\n});\n<\/script>\n","protected":false},"excerpt":{"rendered":"","protected":false},"author":1,"featured_media":0,"parent":0,"menu_order":0,"comment_status":"closed","ping_status":"closed","template":"","meta":{"_monsterinsights_skip_tracking":false,"_monsterinsights_sitenote_active":false,"_monsterinsights_sitenote_note":"","_monsterinsights_sitenote_category":0,"footnotes":""},"class_list":["post-859","page","type-page","status-publish","hentry"],"yoast_head":"<!-- This site is optimized with the Yoast SEO plugin v22.6 - https:\/\/yoast.com\/wordpress\/plugins\/seo\/ -->\n<title>Begriffe - BitexGas Official Website<\/title>\n<meta name=\"robots\" content=\"index, follow, max-snippet:-1, max-image-preview:large, max-video-preview:-1\" \/>\n<link rel=\"canonical\" href=\"https:\/\/bitexgas.net\/de-lu\/begriffe\/\" \/>\n<meta property=\"og:locale\" content=\"de_DE\" \/>\n<meta property=\"og:type\" content=\"article\" \/>\n<meta property=\"og:title\" content=\"Begriffe - BitexGas Official Website\" \/>\n<meta property=\"og:url\" content=\"https:\/\/bitexgas.net\/de-lu\/begriffe\/\" \/>\n<meta property=\"og:site_name\" content=\"BitexGas Official Website\" \/>\n<meta property=\"article:modified_time\" content=\"2024-06-27T11:31:34+00:00\" \/>\n<meta property=\"og:image\" content=\"https:\/\/bitexgas.net\/wp-content\/uploads\/2024\/06\/image-2.png\" \/>\n<meta name=\"twitter:card\" content=\"summary_large_image\" \/>\n<script type=\"application\/ld+json\" class=\"yoast-schema-graph\">{\"@context\":\"https:\/\/schema.org\",\"@graph\":[{\"@type\":\"WebPage\",\"@id\":\"https:\/\/bitexgas.net\/de-lu\/begriffe\/\",\"url\":\"https:\/\/bitexgas.net\/de-lu\/begriffe\/\",\"name\":\"Begriffe - BitexGas Official Website\",\"isPartOf\":{\"@id\":\"https:\/\/bitexgas.net\/de-lu\/#website\"},\"primaryImageOfPage\":{\"@id\":\"https:\/\/bitexgas.net\/de-lu\/begriffe\/#primaryimage\"},\"image\":{\"@id\":\"https:\/\/bitexgas.net\/de-lu\/begriffe\/#primaryimage\"},\"thumbnailUrl\":\"https:\/\/bitexgas.net\/wp-content\/uploads\/2024\/06\/image-2.png\",\"datePublished\":\"2024-06-18T06:10:39+00:00\",\"dateModified\":\"2024-06-27T11:31:34+00:00\",\"breadcrumb\":{\"@id\":\"https:\/\/bitexgas.net\/de-lu\/begriffe\/#breadcrumb\"},\"inLanguage\":\"de-LU\",\"potentialAction\":[{\"@type\":\"ReadAction\",\"target\":[\"https:\/\/bitexgas.net\/de-lu\/begriffe\/\"]}]},{\"@type\":\"ImageObject\",\"inLanguage\":\"de-LU\",\"@id\":\"https:\/\/bitexgas.net\/de-lu\/begriffe\/#primaryimage\",\"url\":\"https:\/\/bitexgas.net\/wp-content\/uploads\/2024\/06\/image-2.png\",\"contentUrl\":\"https:\/\/bitexgas.net\/wp-content\/uploads\/2024\/06\/image-2.png\"},{\"@type\":\"BreadcrumbList\",\"@id\":\"https:\/\/bitexgas.net\/de-lu\/begriffe\/#breadcrumb\",\"itemListElement\":[{\"@type\":\"ListItem\",\"position\":1,\"name\":\"Home\",\"item\":\"https:\/\/bitexgas.net\/de-lu\/\"},{\"@type\":\"ListItem\",\"position\":2,\"name\":\"Begriffe\"}]},{\"@type\":\"WebSite\",\"@id\":\"https:\/\/bitexgas.net\/de-lu\/#website\",\"url\":\"https:\/\/bitexgas.net\/de-lu\/\",\"name\":\"BitexGas Official Website\",\"description\":\"\",\"publisher\":{\"@id\":\"https:\/\/bitexgas.net\/de-lu\/#organization\"},\"potentialAction\":[{\"@type\":\"SearchAction\",\"target\":{\"@type\":\"EntryPoint\",\"urlTemplate\":\"https:\/\/bitexgas.net\/de-lu\/?s={search_term_string}\"},\"query-input\":\"required name=search_term_string\"}],\"inLanguage\":\"de-LU\"},{\"@type\":\"Organization\",\"@id\":\"https:\/\/bitexgas.net\/de-lu\/#organization\",\"name\":\"BitexGas Official Website\",\"url\":\"https:\/\/bitexgas.net\/de-lu\/\",\"logo\":{\"@type\":\"ImageObject\",\"inLanguage\":\"de-LU\",\"@id\":\"https:\/\/bitexgas.net\/de-lu\/#\/schema\/logo\/image\/\",\"url\":\"https:\/\/bitexgas.net\/wp-content\/uploads\/2024\/07\/cropped-b-net-1.png\",\"contentUrl\":\"https:\/\/bitexgas.net\/wp-content\/uploads\/2024\/07\/cropped-b-net-1.png\",\"width\":211,\"height\":64,\"caption\":\"BitexGas Official Website\"},\"image\":{\"@id\":\"https:\/\/bitexgas.net\/de-lu\/#\/schema\/logo\/image\/\"}}]}<\/script>\n<!-- \/ Yoast SEO plugin. -->","yoast_head_json":{"title":"Begriffe - BitexGas Official Website","robots":{"index":"index","follow":"follow","max-snippet":"max-snippet:-1","max-image-preview":"max-image-preview:large","max-video-preview":"max-video-preview:-1"},"canonical":"https:\/\/bitexgas.net\/de-lu\/begriffe\/","og_locale":"de_DE","og_type":"article","og_title":"Begriffe - BitexGas Official Website","og_url":"https:\/\/bitexgas.net\/de-lu\/begriffe\/","og_site_name":"BitexGas Official Website","article_modified_time":"2024-06-27T11:31:34+00:00","og_image":[{"url":"https:\/\/bitexgas.net\/wp-content\/uploads\/2024\/06\/image-2.png"}],"twitter_card":"summary_large_image","schema":{"@context":"https:\/\/schema.org","@graph":[{"@type":"WebPage","@id":"https:\/\/bitexgas.net\/de-lu\/begriffe\/","url":"https:\/\/bitexgas.net\/de-lu\/begriffe\/","name":"Begriffe - BitexGas Official Website","isPartOf":{"@id":"https:\/\/bitexgas.net\/de-lu\/#website"},"primaryImageOfPage":{"@id":"https:\/\/bitexgas.net\/de-lu\/begriffe\/#primaryimage"},"image":{"@id":"https:\/\/bitexgas.net\/de-lu\/begriffe\/#primaryimage"},"thumbnailUrl":"https:\/\/bitexgas.net\/wp-content\/uploads\/2024\/06\/image-2.png","datePublished":"2024-06-18T06:10:39+00:00","dateModified":"2024-06-27T11:31:34+00:00","breadcrumb":{"@id":"https:\/\/bitexgas.net\/de-lu\/begriffe\/#breadcrumb"},"inLanguage":"de-LU","potentialAction":[{"@type":"ReadAction","target":["https:\/\/bitexgas.net\/de-lu\/begriffe\/"]}]},{"@type":"ImageObject","inLanguage":"de-LU","@id":"https:\/\/bitexgas.net\/de-lu\/begriffe\/#primaryimage","url":"https:\/\/bitexgas.net\/wp-content\/uploads\/2024\/06\/image-2.png","contentUrl":"https:\/\/bitexgas.net\/wp-content\/uploads\/2024\/06\/image-2.png"},{"@type":"BreadcrumbList","@id":"https:\/\/bitexgas.net\/de-lu\/begriffe\/#breadcrumb","itemListElement":[{"@type":"ListItem","position":1,"name":"Home","item":"https:\/\/bitexgas.net\/de-lu\/"},{"@type":"ListItem","position":2,"name":"Begriffe"}]},{"@type":"WebSite","@id":"https:\/\/bitexgas.net\/de-lu\/#website","url":"https:\/\/bitexgas.net\/de-lu\/","name":"BitexGas Official Website","description":"","publisher":{"@id":"https:\/\/bitexgas.net\/de-lu\/#organization"},"potentialAction":[{"@type":"SearchAction","target":{"@type":"EntryPoint","urlTemplate":"https:\/\/bitexgas.net\/de-lu\/?s={search_term_string}"},"query-input":"required name=search_term_string"}],"inLanguage":"de-LU"},{"@type":"Organization","@id":"https:\/\/bitexgas.net\/de-lu\/#organization","name":"BitexGas Official Website","url":"https:\/\/bitexgas.net\/de-lu\/","logo":{"@type":"ImageObject","inLanguage":"de-LU","@id":"https:\/\/bitexgas.net\/de-lu\/#\/schema\/logo\/image\/","url":"https:\/\/bitexgas.net\/wp-content\/uploads\/2024\/07\/cropped-b-net-1.png","contentUrl":"https:\/\/bitexgas.net\/wp-content\/uploads\/2024\/07\/cropped-b-net-1.png","width":211,"height":64,"caption":"BitexGas Official Website"},"image":{"@id":"https:\/\/bitexgas.net\/de-lu\/#\/schema\/logo\/image\/"}}]}},"_links":{"self":[{"href":"https:\/\/bitexgas.net\/de-lu\/wp-json\/wp\/v2\/pages\/859","targetHints":{"allow":["GET"]}}],"collection":[{"href":"https:\/\/bitexgas.net\/de-lu\/wp-json\/wp\/v2\/pages"}],"about":[{"href":"https:\/\/bitexgas.net\/de-lu\/wp-json\/wp\/v2\/types\/page"}],"author":[{"embeddable":true,"href":"https:\/\/bitexgas.net\/de-lu\/wp-json\/wp\/v2\/users\/1"}],"replies":[{"embeddable":true,"href":"https:\/\/bitexgas.net\/de-lu\/wp-json\/wp\/v2\/comments?post=859"}],"version-history":[{"count":1,"href":"https:\/\/bitexgas.net\/de-lu\/wp-json\/wp\/v2\/pages\/859\/revisions"}],"predecessor-version":[{"id":863,"href":"https:\/\/bitexgas.net\/de-lu\/wp-json\/wp\/v2\/pages\/859\/revisions\/863"}],"wp:attachment":[{"href":"https:\/\/bitexgas.net\/de-lu\/wp-json\/wp\/v2\/media?parent=859"}],"curies":[{"name":"wp","href":"https:\/\/api.w.org\/{rel}","templated":true}]}}