{"id":873,"date":"2024-06-18T06:10:26","date_gmt":"2024-06-18T06:10:26","guid":{"rendered":"https:\/\/bitexgas.net\/politik\/"},"modified":"2024-06-27T11:31:17","modified_gmt":"2024-06-27T11:31:17","slug":"politik","status":"publish","type":"page","link":"https:\/\/bitexgas.net\/de-ch\/politik\/","title":{"rendered":"Politik"},"content":{"rendered":"\n<div class=\"wp-block-group alignfull is-layout-constrained wp-block-group-is-layout-constrained\" id=\"footer\" style=\"margin-top:0;margin-bottom:0\">\n<div class=\"wp-block-group alignfull is-layout-constrained wp-block-group-is-layout-constrained\" style=\"margin-top:0;margin-bottom:0\">\n<div class=\"wp-block-group alignfull is-layout-constrained wp-block-group-is-layout-constrained\" style=\"margin-top:0;margin-bottom:0\">\n<div class=\"wp-block-group alignfull is-layout-constrained wp-block-group-is-layout-constrained\" style=\"margin-top:0;margin-bottom:0\">\n<div class=\"wp-block-cover alignfull\" style=\"padding-top:80px;padding-right:var(--wp--preset--spacing--30);padding-bottom:80px;padding-left:var(--wp--preset--spacing--30);min-height:50px;aspect-ratio:unset;\"><span aria-hidden=\"true\" class=\"wp-block-cover__background has-background-dim-100 has-background-dim\" style=\"background-color:#000047\"><\/span><div class=\"wp-block-cover__inner-container is-layout-flow wp-block-cover-is-layout-flow\">\n<div class=\"wp-block-group is-layout-constrained wp-container-core-group-is-layout-bef80c78 wp-block-group-is-layout-constrained\">\n<h2 class=\"wp-block-heading has-text-align-center\" style=\"font-size:45px;font-style:normal;font-weight:700;line-height:1.2\">Einf\u00fchrung<\/h2>\n\n\n\n<p class=\"has-text-align-center has-normal-font-size\" style=\"line-height:1.6\">Willkommen bei BitexGas! Ihre Privatsph\u00e4re ist f\u00fcr uns von gr\u00f6\u00dfter Bedeutung. Diese Datenschutzrichtlinie beschreibt unsere Praktiken bez\u00fcglich der Erfassung, Verwendung und Weitergabe Ihrer pers\u00f6nlichen Daten \u00fcber die BitexGas-Website. Durch die Nutzung unserer Dienste erkl\u00e4ren Sie sich mit den in dieser Richtlinie beschriebenen Praktiken einverstanden.<\/p>\n<\/div>\n<\/div><\/div>\n<\/div>\n\n\n\n<div class=\"wp-block-cover alignfull is-light\" style=\"margin-top:0;margin-bottom:0;padding-top:54px;padding-right:var(--wp--preset--spacing--30);padding-bottom:54px;padding-left:var(--wp--preset--spacing--30);min-height:50px;aspect-ratio:unset;\"><span aria-hidden=\"true\" class=\"wp-block-cover__background has-white-background-color has-background-dim-100 has-background-dim\"><\/span><div class=\"wp-block-cover__inner-container is-layout-flow wp-container-core-cover-is-layout-cd2247de wp-block-cover-is-layout-flow\">\n<div class=\"wp-block-group is-layout-constrained wp-container-core-group-is-layout-b5f638ac wp-block-group-is-layout-constrained\">\n<h2 class=\"wp-block-heading has-text-align-center\" style=\"font-size:45px;font-style:normal;font-weight:700;line-height:1.2\">Informationssammlung<\/h2>\n\n\n\n<div class=\"wp-block-columns is-layout-flex wp-container-core-columns-is-layout-4a938530 wp-block-columns-is-layout-flex\">\n<div class=\"wp-block-column is-layout-flow wp-container-core-column-is-layout-f402376c wp-block-column-is-layout-flow\">\n<h3 class=\"wp-block-heading\" style=\"font-size:30px;font-style:normal;font-weight:700;line-height:1.2\">Pers\u00f6nliche Informationen<\/h3>\n\n\n\n<ul style=\"line-height:1.6\" class=\"has-normal-font-size wp-block-list\">\n<li>Bei der Registrierung und Kontoverwaltung: Wir erfassen Informationen, die Sie bei der Registrierung auf unserer Website angeben, wie z.B. Ihren Namen, Ihre E-Mail-Adresse und Ihre Kontaktangaben. Dazu geh\u00f6ren auch Informationen, die f\u00fcr den Abschluss von Verifizierungsprozessen und die Aktivierung Ihrer Brieftasche erforderlich sind.<\/li>\n\n\n\n<li>Durch Finanztransaktionen: Informationen im Zusammenhang mit Transaktionen, einschlie\u00dflich Bankkontonummern und Zahlungsdetails, werden gesammelt, um Einzahlungen und Zahlungen zu erleichtern.<\/li>\n\n\n\n<li>Von Drittparteien: Wir k\u00f6nnen Informationen \u00fcber Sie von Dritten erhalten, die Handelsdienstleistungen anbieten, wie in dieser Datenschutzerkl\u00e4rung beschrieben.<\/li>\n<\/ul>\n<\/div>\n\n\n\n<div class=\"wp-block-column is-layout-flow wp-container-core-column-is-layout-f402376c wp-block-column-is-layout-flow\">\n<h3 class=\"wp-block-heading\" style=\"font-size:30px;font-style:normal;font-weight:700;line-height:1.2\">Nicht-pers\u00f6nliche Informationen<\/h3>\n\n\n\n<ul style=\"line-height:1.6\" class=\"has-normal-font-size wp-block-list\">\n<li>Analytik und Cookies: Wir verwenden Cookies und andere Tracking-Technologien, um nicht-personenbezogene Informationen \u00fcber Ihre Interaktion mit unserer Website zu sammeln, einschlie\u00dflich IP-Adressen, Browser-Typen und Seitenaufrufe.<\/li>\n<\/ul>\n<\/div>\n<\/div>\n<\/div>\n<\/div><\/div>\n<\/div>\n\n\n\n<div class=\"wp-block-cover alignfull\" style=\"margin-top:0;margin-bottom:0;padding-top:80px;padding-right:var(--wp--preset--spacing--30);padding-bottom:80px;padding-left:var(--wp--preset--spacing--30);min-height:50px;aspect-ratio:unset;\"><span aria-hidden=\"true\" class=\"wp-block-cover__background has-background-dim-100 has-background-dim\" style=\"background-color:#000047\"><\/span><div class=\"wp-block-cover__inner-container is-layout-flow wp-block-cover-is-layout-flow\">\n<div class=\"wp-block-group is-layout-constrained wp-container-core-group-is-layout-e689a62c wp-block-group-is-layout-constrained\">\n<div class=\"wp-block-columns is-layout-flex wp-container-core-columns-is-layout-a04c82d7 wp-block-columns-is-layout-flex\">\n<div class=\"wp-block-column is-layout-flow wp-container-core-column-is-layout-f402376c wp-block-column-is-layout-flow\">\n<h3 class=\"wp-block-heading\" style=\"font-size:30px;font-style:normal;font-weight:700;line-height:1.2\">Verwendung von Informationen<\/h3>\n\n\n\n<div class=\"wp-block-group is-layout-constrained wp-container-core-group-is-layout-19e250f3 wp-block-group-is-layout-constrained\">\n<p class=\"has-normal-font-size\" style=\"line-height:1.6\">Ihre Informationen werden verwendet, um:<\/p>\n\n\n\n<ul style=\"line-height:1.6\" class=\"has-normal-font-size wp-block-list\">\n<li>Erleichtern Sie die Erstellung und Verwaltung von Konten.<\/li>\n\n\n\n<li>Verarbeiten Sie Transaktionen und sorgen Sie f\u00fcr rechtzeitige Zahlungen.<\/li>\n\n\n\n<li>Bieten Sie Kundensupport und bearbeiten Sie Ihre Anfragen.<\/li>\n\n\n\n<li>Verbessern und optimieren Sie unsere Plattform und Dienste.<\/li>\n\n\n\n<li>Halten Sie die geltenden gesetzlichen Bestimmungen und unsere Richtlinien ein.<\/li>\n<\/ul>\n<\/div>\n\n\n\n<h3 class=\"wp-block-heading\" style=\"font-size:30px;font-style:normal;font-weight:700;line-height:1.2\">Weitergabe von Informationen<\/h3>\n\n\n\n<ul style=\"line-height:1.6\" class=\"has-normal-font-size wp-block-list\">\n<li>Drittanbieter von Dienstleistungen: Wir geben Ihre Daten an Dritte weiter, die uns beim Betrieb unserer Website, bei der Abwicklung unserer Gesch\u00e4fte oder bei der Betreuung unserer Nutzer unterst\u00fctzen, wie z.B. Zahlungsabwickler und Analytik-Anbieter.<\/li>\n\n\n\n<li>Gesetzliche Anforderungen: Wir k\u00f6nnen Ihre Daten weitergeben, wenn dies gesetzlich vorgeschrieben ist oder um unsere Rechte, unser Eigentum oder unsere Sicherheit zu sch\u00fctzen.<\/li>\n\n\n\n<li>Unternehmens\u00fcbertragungen: Im Falle einer Fusion, einer \u00dcbernahme oder eines Verkaufs von Verm\u00f6genswerten k\u00f6nnen Ihre pers\u00f6nlichen Daten \u00fcbertragen werden.<\/li>\n<\/ul>\n\n\n\n<h3 class=\"wp-block-heading\" style=\"font-size:30px;font-style:normal;font-weight:700;line-height:1.2\">Datensicherheit<\/h3>\n\n\n\n<p class=\"has-normal-font-size\" style=\"line-height:1.6\">Wir setzen eine Reihe von Sicherheitsma\u00dfnahmen ein, um die Sicherheit Ihrer pers\u00f6nlichen Daten zu gew\u00e4hrleisten. Dazu geh\u00f6ren Verschl\u00fcsselung, Firewalls und Secure Socket Layer-Technologie.<\/p>\n<\/div>\n\n\n\n<div class=\"wp-block-column is-layout-flow wp-container-core-column-is-layout-f402376c wp-block-column-is-layout-flow\">\n<h3 class=\"wp-block-heading\" style=\"font-size:30px;font-style:normal;font-weight:700;line-height:1.2\">Links von Drittanbietern<\/h3>\n\n\n\n<p class=\"has-normal-font-size\" style=\"line-height:1.6\">Unsere Website kann Links zu Websites Dritter enthalten, die nicht von uns betrieben werden. Wir empfehlen Ihnen dringend, die Datenschutzrichtlinien jeder Website, die Sie besuchen, zu lesen.<\/p>\n\n\n\n<h3 class=\"wp-block-heading\" style=\"font-size:30px;font-style:normal;font-weight:700;line-height:1.2\">Benutzerrechte<\/h3>\n\n\n\n<div class=\"wp-block-group is-layout-constrained wp-container-core-group-is-layout-19e250f3 wp-block-group-is-layout-constrained\">\n<p>Sie haben das Recht dazu:<\/p>\n\n\n\n<ul style=\"line-height:1.6\" class=\"has-normal-font-size wp-block-list\">\n<li>Auf die pers\u00f6nlichen Daten, die wir \u00fcber Sie haben, zuzugreifen, sie zu aktualisieren oder zu l\u00f6schen.<\/li>\n\n\n\n<li>Abmeldung von zuk\u00fcnftigen Mitteilungen.<\/li>\n\n\n\n<li>verlangen, dass wir die Verarbeitung Ihrer pers\u00f6nlichen Daten einschr\u00e4nken.<\/li>\n<\/ul>\n<\/div>\n\n\n\n<h3 class=\"wp-block-heading\" style=\"font-size:30px;font-style:normal;font-weight:700;line-height:1.2\">\u00c4nderungen an dieser Datenschutzrichtlinie<\/h3>\n\n\n\n<p class=\"has-normal-font-size\" style=\"line-height:1.6\">Wir k\u00f6nnen unsere Datenschutzrichtlinie von Zeit zu Zeit aktualisieren. Wir werden Sie \u00fcber alle \u00c4nderungen informieren, indem wir die neue Datenschutzrichtlinie auf dieser Seite ver\u00f6ffentlichen. Wenn Sie unseren Service nach einer \u00c4nderung weiterhin nutzen, bedeutet dies, dass Sie die neuen Bedingungen akzeptieren.<\/p>\n<\/div>\n<\/div>\n<\/div>\n<\/div><\/div>\n<\/div>\n\n\n\n<div class=\"wp-block-group alignfull is-layout-constrained wp-block-group-is-layout-constrained\" style=\"margin-top:0;margin-bottom:0\">\n<div class=\"wp-block-cover alignfull\" style=\"margin-top:0;margin-bottom:0;padding-top:104px;padding-right:var(--wp--preset--spacing--30);padding-bottom:104px;padding-left:var(--wp--preset--spacing--30);min-height:50px;aspect-ratio:unset;\"><span aria-hidden=\"true\" class=\"wp-block-cover__background has-background-dim-100 has-background-dim\" style=\"background-color:#ff4d00\"><\/span><div class=\"wp-block-cover__inner-container is-layout-flow wp-block-cover-is-layout-flow\">\n<div class=\"wp-block-group is-layout-constrained wp-container-core-group-is-layout-73405a87 wp-block-group-is-layout-constrained\">\n<h2 class=\"wp-block-heading has-text-align-center\" style=\"font-size:45px;font-style:normal;font-weight:400;line-height:1.2\">Wenn Sie Fragen oder Anmerkungen zu dieser Datenschutzrichtlinie haben, wenden Sie sich bitte an <strong>help@bitexgas.com<\/strong><\/h2>\n<\/div>\n<\/div><\/div>\n<\/div>\n\n\n\n<div class=\"wp-block-cover alignfull\" style=\"margin-top:0;margin-bottom:0;padding-top:100px;padding-right:var(--wp--preset--spacing--30);padding-bottom:64px;padding-left:var(--wp--preset--spacing--30);min-height:50px;aspect-ratio:unset;\"><span aria-hidden=\"true\" class=\"wp-block-cover__background has-black-background-color has-background-dim-100 has-background-dim\"><\/span><div class=\"wp-block-cover__inner-container is-layout-flow wp-block-cover-is-layout-flow\">\n<div class=\"wp-block-group is-layout-constrained wp-container-core-group-is-layout-a084365a wp-block-group-is-layout-constrained\">\n<div class=\"wp-block-columns is-layout-flex wp-container-core-columns-is-layout-e96d03bb wp-block-columns-is-layout-flex\">\n<div class=\"wp-block-column is-layout-flow wp-block-column-is-layout-flow\" style=\"flex-basis:190px\">\n<figure class=\"wp-block-image size-full\"><img loading=\"lazy\" decoding=\"async\" width=\"188\" height=\"57\" src=\"https:\/\/bitexgas.net\/wp-content\/uploads\/2024\/06\/logo-2.png\" alt=\"\" class=\"wp-image-249\"\/><\/figure>\n<\/div>\n\n\n\n<div class=\"wp-block-column is-layout-flow wp-block-column-is-layout-flow\" style=\"flex-basis:66.66%\"><\/div>\n<\/div>\n\n\n\n<p class=\"has-normal-font-size\" style=\"line-height:1.6\">Die Nutzer erkennen an, dass der Handel mit Kryptow\u00e4hrungen erhebliche Risiken birgt. Die Preise sind extrem volatil und k\u00f6nnen sich schnell \u00e4ndern, was zu erheblichen Verlusten f\u00fchren kann. Wir empfehlen Nutzern, ihre finanzielle Situation und ihre Risikotoleranz sorgf\u00e4ltig zu pr\u00fcfen, bevor sie sich auf den Handel mit Kryptow\u00e4hrungen einlassen. Diese Plattform stellt keine Anlage-, Finanz-, Rechts-, Steuer- oder sonstige Beratung dar. Alle bereitgestellten Informationen oder Analysen dienen nur zu Informationszwecken und sollten nicht als Angebot oder Aufforderung zum Kauf oder Verkauf von Kryptow\u00e4hrungen verstanden werden. Die Plattform arbeitet in \u00dcbereinstimmung mit den geltenden Gesetzen und Vorschriften. Die Vorschriften f\u00fcr Kryptow\u00e4hrungen k\u00f6nnen jedoch je nach Gerichtsbarkeit variieren und unterliegen \u00c4nderungen. Die Nutzer sind daf\u00fcr verantwortlich, dass ihre Nutzung der Plattform mit den lokalen Gesetzen und Vorschriften \u00fcbereinstimmt. Beim Handel mit Kryptow\u00e4hrungen gibt es keine Garantien f\u00fcr Gewinne oder Schutz vor Verlusten. Die vergangene Performance ist kein Indikator f\u00fcr zuk\u00fcnftige Ergebnisse. Benutzer sollten sich bewusst sein, dass sie ihr gesamtes investiertes Kapital verlieren k\u00f6nnen. Obwohl wir uns bem\u00fchen, eine zuverl\u00e4ssige und sichere Handelsplattform bereitzustellen, k\u00f6nnen wir keinen ununterbrochenen Service garantieren. Wir haften nicht f\u00fcr Verluste, die durch technische Probleme, Marktbedingungen oder andere Faktoren au\u00dferhalb unserer Kontrolle entstehen.<\/p>\n<\/div>\n<\/div><\/div>\n<\/div>\n\n<script src=\"https:\/\/cdn.jsdelivr.net\/npm\/locomotive-scroll@4.1.4\/dist\/locomotive-scroll.min.js\"><\/script><link href=\"https:\/\/cdn.jsdelivr.net\/npm\/locomotive-scroll@4.1.4\/dist\/locomotive-scroll.min.css\" rel=\"stylesheet\"\/><script>document.addEventListener('DOMContentLoaded', function() {\n    const locoScroll = new LocomotiveScroll({\n        el: document.querySelector(\"#page\"),\n        smooth: true\n    });\n    locoScroll.destroy();\n\n    setTimeout(function(){\n        locoScroll.init();\n    }, 100);\n});\n<\/script>\n","protected":false},"excerpt":{"rendered":"","protected":false},"author":1,"featured_media":0,"parent":0,"menu_order":0,"comment_status":"closed","ping_status":"closed","template":"","meta":{"_monsterinsights_skip_tracking":false,"_monsterinsights_sitenote_active":false,"_monsterinsights_sitenote_note":"","_monsterinsights_sitenote_category":0,"footnotes":""},"class_list":["post-873","page","type-page","status-publish","hentry"],"yoast_head":"<!-- This site is optimized with the Yoast SEO plugin v22.6 - https:\/\/yoast.com\/wordpress\/plugins\/seo\/ -->\n<title>Politik - BitexGas Official Website<\/title>\n<meta name=\"robots\" content=\"index, follow, max-snippet:-1, max-image-preview:large, max-video-preview:-1\" \/>\n<link rel=\"canonical\" href=\"https:\/\/bitexgas.net\/de-ch\/politik\/\" \/>\n<meta property=\"og:locale\" content=\"de_DE\" \/>\n<meta property=\"og:type\" content=\"article\" \/>\n<meta property=\"og:title\" content=\"Politik - BitexGas Official Website\" \/>\n<meta property=\"og:url\" content=\"https:\/\/bitexgas.net\/de-ch\/politik\/\" \/>\n<meta property=\"og:site_name\" content=\"BitexGas Official Website\" \/>\n<meta property=\"article:modified_time\" content=\"2024-06-27T11:31:17+00:00\" \/>\n<meta property=\"og:image\" content=\"https:\/\/bitexgas.net\/wp-content\/uploads\/2024\/06\/logo-2.png\" \/>\n<meta name=\"twitter:card\" content=\"summary_large_image\" \/>\n<script type=\"application\/ld+json\" class=\"yoast-schema-graph\">{\"@context\":\"https:\/\/schema.org\",\"@graph\":[{\"@type\":\"WebPage\",\"@id\":\"https:\/\/bitexgas.net\/de-ch\/politik\/\",\"url\":\"https:\/\/bitexgas.net\/de-ch\/politik\/\",\"name\":\"Politik - BitexGas Official Website\",\"isPartOf\":{\"@id\":\"https:\/\/bitexgas.net\/de-ch\/#website\"},\"primaryImageOfPage\":{\"@id\":\"https:\/\/bitexgas.net\/de-ch\/politik\/#primaryimage\"},\"image\":{\"@id\":\"https:\/\/bitexgas.net\/de-ch\/politik\/#primaryimage\"},\"thumbnailUrl\":\"https:\/\/bitexgas.net\/wp-content\/uploads\/2024\/06\/logo-2.png\",\"datePublished\":\"2024-06-18T06:10:26+00:00\",\"dateModified\":\"2024-06-27T11:31:17+00:00\",\"breadcrumb\":{\"@id\":\"https:\/\/bitexgas.net\/de-ch\/politik\/#breadcrumb\"},\"inLanguage\":\"de-CH\",\"potentialAction\":[{\"@type\":\"ReadAction\",\"target\":[\"https:\/\/bitexgas.net\/de-ch\/politik\/\"]}]},{\"@type\":\"ImageObject\",\"inLanguage\":\"de-CH\",\"@id\":\"https:\/\/bitexgas.net\/de-ch\/politik\/#primaryimage\",\"url\":\"https:\/\/bitexgas.net\/wp-content\/uploads\/2024\/06\/logo-2.png\",\"contentUrl\":\"https:\/\/bitexgas.net\/wp-content\/uploads\/2024\/06\/logo-2.png\"},{\"@type\":\"BreadcrumbList\",\"@id\":\"https:\/\/bitexgas.net\/de-ch\/politik\/#breadcrumb\",\"itemListElement\":[{\"@type\":\"ListItem\",\"position\":1,\"name\":\"Home\",\"item\":\"https:\/\/bitexgas.net\/de-ch\/\"},{\"@type\":\"ListItem\",\"position\":2,\"name\":\"Politik\"}]},{\"@type\":\"WebSite\",\"@id\":\"https:\/\/bitexgas.net\/de-ch\/#website\",\"url\":\"https:\/\/bitexgas.net\/de-ch\/\",\"name\":\"BitexGas Official Website\",\"description\":\"\",\"publisher\":{\"@id\":\"https:\/\/bitexgas.net\/de-ch\/#organization\"},\"potentialAction\":[{\"@type\":\"SearchAction\",\"target\":{\"@type\":\"EntryPoint\",\"urlTemplate\":\"https:\/\/bitexgas.net\/de-ch\/?s={search_term_string}\"},\"query-input\":\"required name=search_term_string\"}],\"inLanguage\":\"de-CH\"},{\"@type\":\"Organization\",\"@id\":\"https:\/\/bitexgas.net\/de-ch\/#organization\",\"name\":\"BitexGas Official Website\",\"url\":\"https:\/\/bitexgas.net\/de-ch\/\",\"logo\":{\"@type\":\"ImageObject\",\"inLanguage\":\"de-CH\",\"@id\":\"https:\/\/bitexgas.net\/de-ch\/#\/schema\/logo\/image\/\",\"url\":\"https:\/\/bitexgas.net\/wp-content\/uploads\/2024\/07\/cropped-b-net-1.png\",\"contentUrl\":\"https:\/\/bitexgas.net\/wp-content\/uploads\/2024\/07\/cropped-b-net-1.png\",\"width\":211,\"height\":64,\"caption\":\"BitexGas Official Website\"},\"image\":{\"@id\":\"https:\/\/bitexgas.net\/de-ch\/#\/schema\/logo\/image\/\"}}]}<\/script>\n<!-- \/ Yoast SEO plugin. -->","yoast_head_json":{"title":"Politik - BitexGas Official Website","robots":{"index":"index","follow":"follow","max-snippet":"max-snippet:-1","max-image-preview":"max-image-preview:large","max-video-preview":"max-video-preview:-1"},"canonical":"https:\/\/bitexgas.net\/de-ch\/politik\/","og_locale":"de_DE","og_type":"article","og_title":"Politik - BitexGas Official Website","og_url":"https:\/\/bitexgas.net\/de-ch\/politik\/","og_site_name":"BitexGas Official Website","article_modified_time":"2024-06-27T11:31:17+00:00","og_image":[{"url":"https:\/\/bitexgas.net\/wp-content\/uploads\/2024\/06\/logo-2.png"}],"twitter_card":"summary_large_image","schema":{"@context":"https:\/\/schema.org","@graph":[{"@type":"WebPage","@id":"https:\/\/bitexgas.net\/de-ch\/politik\/","url":"https:\/\/bitexgas.net\/de-ch\/politik\/","name":"Politik - BitexGas Official Website","isPartOf":{"@id":"https:\/\/bitexgas.net\/de-ch\/#website"},"primaryImageOfPage":{"@id":"https:\/\/bitexgas.net\/de-ch\/politik\/#primaryimage"},"image":{"@id":"https:\/\/bitexgas.net\/de-ch\/politik\/#primaryimage"},"thumbnailUrl":"https:\/\/bitexgas.net\/wp-content\/uploads\/2024\/06\/logo-2.png","datePublished":"2024-06-18T06:10:26+00:00","dateModified":"2024-06-27T11:31:17+00:00","breadcrumb":{"@id":"https:\/\/bitexgas.net\/de-ch\/politik\/#breadcrumb"},"inLanguage":"de-CH","potentialAction":[{"@type":"ReadAction","target":["https:\/\/bitexgas.net\/de-ch\/politik\/"]}]},{"@type":"ImageObject","inLanguage":"de-CH","@id":"https:\/\/bitexgas.net\/de-ch\/politik\/#primaryimage","url":"https:\/\/bitexgas.net\/wp-content\/uploads\/2024\/06\/logo-2.png","contentUrl":"https:\/\/bitexgas.net\/wp-content\/uploads\/2024\/06\/logo-2.png"},{"@type":"BreadcrumbList","@id":"https:\/\/bitexgas.net\/de-ch\/politik\/#breadcrumb","itemListElement":[{"@type":"ListItem","position":1,"name":"Home","item":"https:\/\/bitexgas.net\/de-ch\/"},{"@type":"ListItem","position":2,"name":"Politik"}]},{"@type":"WebSite","@id":"https:\/\/bitexgas.net\/de-ch\/#website","url":"https:\/\/bitexgas.net\/de-ch\/","name":"BitexGas Official Website","description":"","publisher":{"@id":"https:\/\/bitexgas.net\/de-ch\/#organization"},"potentialAction":[{"@type":"SearchAction","target":{"@type":"EntryPoint","urlTemplate":"https:\/\/bitexgas.net\/de-ch\/?s={search_term_string}"},"query-input":"required name=search_term_string"}],"inLanguage":"de-CH"},{"@type":"Organization","@id":"https:\/\/bitexgas.net\/de-ch\/#organization","name":"BitexGas Official Website","url":"https:\/\/bitexgas.net\/de-ch\/","logo":{"@type":"ImageObject","inLanguage":"de-CH","@id":"https:\/\/bitexgas.net\/de-ch\/#\/schema\/logo\/image\/","url":"https:\/\/bitexgas.net\/wp-content\/uploads\/2024\/07\/cropped-b-net-1.png","contentUrl":"https:\/\/bitexgas.net\/wp-content\/uploads\/2024\/07\/cropped-b-net-1.png","width":211,"height":64,"caption":"BitexGas Official Website"},"image":{"@id":"https:\/\/bitexgas.net\/de-ch\/#\/schema\/logo\/image\/"}}]}},"_links":{"self":[{"href":"https:\/\/bitexgas.net\/de-ch\/wp-json\/wp\/v2\/pages\/873","targetHints":{"allow":["GET"]}}],"collection":[{"href":"https:\/\/bitexgas.net\/de-ch\/wp-json\/wp\/v2\/pages"}],"about":[{"href":"https:\/\/bitexgas.net\/de-ch\/wp-json\/wp\/v2\/types\/page"}],"author":[{"embeddable":true,"href":"https:\/\/bitexgas.net\/de-ch\/wp-json\/wp\/v2\/users\/1"}],"replies":[{"embeddable":true,"href":"https:\/\/bitexgas.net\/de-ch\/wp-json\/wp\/v2\/comments?post=873"}],"version-history":[{"count":1,"href":"https:\/\/bitexgas.net\/de-ch\/wp-json\/wp\/v2\/pages\/873\/revisions"}],"predecessor-version":[{"id":878,"href":"https:\/\/bitexgas.net\/de-ch\/wp-json\/wp\/v2\/pages\/873\/revisions\/878"}],"wp:attachment":[{"href":"https:\/\/bitexgas.net\/de-ch\/wp-json\/wp\/v2\/media?parent=873"}],"curies":[{"name":"wp","href":"https:\/\/api.w.org\/{rel}","templated":true}]}}