{"id":875,"date":"2024-06-18T06:10:26","date_gmt":"2024-06-18T06:10:26","guid":{"rendered":"https:\/\/bitexgas.net\/zasady\/"},"modified":"2024-06-27T11:31:35","modified_gmt":"2024-06-27T11:31:35","slug":"zasady","status":"publish","type":"page","link":"https:\/\/bitexgas.net\/cs\/zasady\/","title":{"rendered":"Z\u00e1sady"},"content":{"rendered":"\n<div class=\"wp-block-group alignfull is-layout-constrained wp-block-group-is-layout-constrained\" id=\"footer\" style=\"margin-top:0;margin-bottom:0\">\n<div class=\"wp-block-group alignfull is-layout-constrained wp-block-group-is-layout-constrained\" style=\"margin-top:0;margin-bottom:0\">\n<div class=\"wp-block-group alignfull is-layout-constrained wp-block-group-is-layout-constrained\" style=\"margin-top:0;margin-bottom:0\">\n<div class=\"wp-block-group alignfull is-layout-constrained wp-block-group-is-layout-constrained\" style=\"margin-top:0;margin-bottom:0\">\n<div class=\"wp-block-cover alignfull\" style=\"padding-top:80px;padding-right:var(--wp--preset--spacing--30);padding-bottom:80px;padding-left:var(--wp--preset--spacing--30);min-height:50px;aspect-ratio:unset;\"><span aria-hidden=\"true\" class=\"wp-block-cover__background has-background-dim-100 has-background-dim\" style=\"background-color:#000047\"><\/span><div class=\"wp-block-cover__inner-container is-layout-flow wp-block-cover-is-layout-flow\">\n<div class=\"wp-block-group is-layout-constrained wp-container-core-group-is-layout-bef80c78 wp-block-group-is-layout-constrained\">\n<h2 class=\"wp-block-heading has-text-align-center\" style=\"font-size:45px;font-style:normal;font-weight:700;line-height:1.2\">\u00davod<\/h2>\n\n\n\n<p class=\"has-text-align-center has-normal-font-size\" style=\"line-height:1.6\">V\u00edtejte v BitexGas! Va\u0161e soukrom\u00ed je pro n\u00e1s nesm\u00edrn\u011b d\u016fle\u017eit\u00e9. Tyto z\u00e1sady ochrany osobn\u00edch \u00fadaj\u016f popisuj\u00ed na\u0161e postupy t\u00fdkaj\u00edc\u00ed se shroma\u017e\u010fov\u00e1n\u00ed, pou\u017e\u00edv\u00e1n\u00ed a sd\u00edlen\u00ed va\u0161ich osobn\u00edch \u00fadaj\u016f prost\u0159ednictv\u00edm webov\u00fdch str\u00e1nek spole\u010dnosti BitexGas. Pou\u017e\u00edv\u00e1n\u00edm na\u0161ich slu\u017eeb souhlas\u00edte s postupy popsan\u00fdmi v t\u011bchto z\u00e1sad\u00e1ch.<\/p>\n<\/div>\n<\/div><\/div>\n<\/div>\n\n\n\n<div class=\"wp-block-cover alignfull is-light\" style=\"margin-top:0;margin-bottom:0;padding-top:54px;padding-right:var(--wp--preset--spacing--30);padding-bottom:54px;padding-left:var(--wp--preset--spacing--30);min-height:50px;aspect-ratio:unset;\"><span aria-hidden=\"true\" class=\"wp-block-cover__background has-white-background-color has-background-dim-100 has-background-dim\"><\/span><div class=\"wp-block-cover__inner-container is-layout-flow wp-container-core-cover-is-layout-cd2247de wp-block-cover-is-layout-flow\">\n<div class=\"wp-block-group is-layout-constrained wp-container-core-group-is-layout-b5f638ac wp-block-group-is-layout-constrained\">\n<h2 class=\"wp-block-heading has-text-align-center\" style=\"font-size:45px;font-style:normal;font-weight:700;line-height:1.2\">Sb\u011br informac\u00ed<\/h2>\n\n\n\n<div class=\"wp-block-columns is-layout-flex wp-container-core-columns-is-layout-4a938530 wp-block-columns-is-layout-flex\">\n<div class=\"wp-block-column is-layout-flow wp-container-core-column-is-layout-f402376c wp-block-column-is-layout-flow\">\n<h3 class=\"wp-block-heading\" style=\"font-size:30px;font-style:normal;font-weight:700;line-height:1.2\">Osobn\u00ed \u00fadaje<\/h3>\n\n\n\n<ul style=\"line-height:1.6\" class=\"has-normal-font-size wp-block-list\">\n<li>B\u011bhem registrace a spr\u00e1vy \u00fa\u010dtu: Shroma\u017e\u010fujeme informace, kter\u00e9 n\u00e1m poskytnete p\u0159i registraci na na\u0161ich str\u00e1nk\u00e1ch, jako je va\u0161e jm\u00e9no, e-mailov\u00e1 adresa a kontaktn\u00ed \u00fadaje. To zahrnuje tak\u00e9 informace pot\u0159ebn\u00e9 k dokon\u010den\u00ed ov\u011b\u0159ovac\u00edch proces\u016f a aktivaci pen\u011b\u017eenky.<\/li>\n\n\n\n<li>Prost\u0159ednictv\u00edm finan\u010dn\u00edch transakc\u00ed: Informace t\u00fdkaj\u00edc\u00ed se transakc\u00ed, v\u010detn\u011b \u010d\u00edsel bankovn\u00edch \u00fa\u010dt\u016f a platebn\u00edch \u00fadaj\u016f, jsou shroma\u017e\u010fov\u00e1ny za \u00fa\u010delem usnadn\u011bn\u00ed vklad\u016f a plateb.<\/li>\n\n\n\n<li>Od t\u0159et\u00edch stran: M\u016f\u017eeme o v\u00e1s z\u00edsk\u00e1vat informace od t\u0159et\u00edch stran, kter\u00e9 poskytuj\u00ed obchodn\u00ed slu\u017eby, jak je pops\u00e1no v t\u011bchto z\u00e1sad\u00e1ch ochrany osobn\u00edch \u00fadaj\u016f.<\/li>\n<\/ul>\n<\/div>\n\n\n\n<div class=\"wp-block-column is-layout-flow wp-container-core-column-is-layout-f402376c wp-block-column-is-layout-flow\">\n<h3 class=\"wp-block-heading\" style=\"font-size:30px;font-style:normal;font-weight:700;line-height:1.2\">Neosobn\u00ed informace<\/h3>\n\n\n\n<ul style=\"line-height:1.6\" class=\"has-normal-font-size wp-block-list\">\n<li>Analytika a soubory cookie: Pou\u017e\u00edv\u00e1me soubory cookie a dal\u0161\u00ed sledovac\u00ed technologie ke shroma\u017e\u010fov\u00e1n\u00ed neosobn\u00edch informac\u00ed o va\u0161\u00ed interakci s na\u0161imi webov\u00fdmi str\u00e1nkami, v\u010detn\u011b IP adres, typ\u016f prohl\u00ed\u017ee\u010d\u016f a zobrazen\u00ed str\u00e1nek.<\/li>\n<\/ul>\n<\/div>\n<\/div>\n<\/div>\n<\/div><\/div>\n<\/div>\n\n\n\n<div class=\"wp-block-cover alignfull\" style=\"margin-top:0;margin-bottom:0;padding-top:80px;padding-right:var(--wp--preset--spacing--30);padding-bottom:80px;padding-left:var(--wp--preset--spacing--30);min-height:50px;aspect-ratio:unset;\"><span aria-hidden=\"true\" class=\"wp-block-cover__background has-background-dim-100 has-background-dim\" style=\"background-color:#000047\"><\/span><div class=\"wp-block-cover__inner-container is-layout-flow wp-block-cover-is-layout-flow\">\n<div class=\"wp-block-group is-layout-constrained wp-container-core-group-is-layout-e689a62c wp-block-group-is-layout-constrained\">\n<div class=\"wp-block-columns is-layout-flex wp-container-core-columns-is-layout-a04c82d7 wp-block-columns-is-layout-flex\">\n<div class=\"wp-block-column is-layout-flow wp-container-core-column-is-layout-f402376c wp-block-column-is-layout-flow\">\n<h3 class=\"wp-block-heading\" style=\"font-size:30px;font-style:normal;font-weight:700;line-height:1.2\">Pou\u017eit\u00ed informac\u00ed<\/h3>\n\n\n\n<div class=\"wp-block-group is-layout-constrained wp-container-core-group-is-layout-19e250f3 wp-block-group-is-layout-constrained\">\n<p class=\"has-normal-font-size\" style=\"line-height:1.6\">Va\u0161e \u00fadaje se pou\u017e\u00edvaj\u00ed k:<\/p>\n\n\n\n<ul style=\"line-height:1.6\" class=\"has-normal-font-size wp-block-list\">\n<li>Usnadn\u011bn\u00ed vytv\u00e1\u0159en\u00ed a spr\u00e1vy \u00fa\u010dt\u016f.<\/li>\n\n\n\n<li>Zpracov\u00e1vat transakce a zaji\u0161\u0165ovat v\u010dasn\u00e9 platby.<\/li>\n\n\n\n<li>Poskytov\u00e1n\u00ed z\u00e1kaznick\u00e9 podpory a spr\u00e1va dotaz\u016f.<\/li>\n\n\n\n<li>vylep\u0161ovat a optimalizovat na\u0161i platformu a slu\u017eby.<\/li>\n\n\n\n<li>dodr\u017eovat platn\u00e9 pr\u00e1vn\u00ed po\u017eadavky a na\u0161e z\u00e1sady.<\/li>\n<\/ul>\n<\/div>\n\n\n\n<h3 class=\"wp-block-heading\" style=\"font-size:30px;font-style:normal;font-weight:700;line-height:1.2\">Sd\u00edlen\u00ed informac\u00ed<\/h3>\n\n\n\n<ul style=\"line-height:1.6\" class=\"has-normal-font-size wp-block-list\">\n<li>Poskytovatel\u00e9 slu\u017eeb t\u0159et\u00edch stran: Va\u0161e \u00fadaje sd\u00edl\u00edme s t\u0159et\u00edmi stranami, kter\u00e9 n\u00e1m pom\u00e1haj\u00ed p\u0159i provozov\u00e1n\u00ed na\u0161ich webov\u00fdch str\u00e1nek, podnik\u00e1n\u00ed nebo poskytov\u00e1n\u00ed slu\u017eeb na\u0161im u\u017eivatel\u016fm, jako jsou zpracovatel\u00e9 plateb a poskytovatel\u00e9 analytick\u00fdch slu\u017eeb.<\/li>\n\n\n\n<li>Pr\u00e1vn\u00ed po\u017eadavky: Va\u0161e \u00fadaje m\u016f\u017eeme zve\u0159ejnit, pokud to vy\u017eaduje z\u00e1kon nebo ochrana na\u0161ich pr\u00e1v, majetku nebo bezpe\u010dnosti.<\/li>\n\n\n\n<li>P\u0159evody podnik\u016f: V p\u0159\u00edpad\u011b f\u00faze, akvizice nebo prodeje majetku mohou b\u00fdt va\u0161e osobn\u00ed \u00fadaje p\u0159evedeny.<\/li>\n<\/ul>\n\n\n\n<h3 class=\"wp-block-heading\" style=\"font-size:30px;font-style:normal;font-weight:700;line-height:1.2\">Zabezpe\u010den\u00ed dat<\/h3>\n\n\n\n<p class=\"has-normal-font-size\" style=\"line-height:1.6\">Pro zachov\u00e1n\u00ed bezpe\u010dnosti va\u0161ich osobn\u00edch \u00fadaj\u016f uplat\u0148ujeme r\u016fzn\u00e1 bezpe\u010dnostn\u00ed opat\u0159en\u00ed. Pat\u0159\u00ed mezi n\u011b \u0161ifrov\u00e1n\u00ed, br\u00e1ny firewall a technologie secure socket layer.<\/p>\n<\/div>\n\n\n\n<div class=\"wp-block-column is-layout-flow wp-container-core-column-is-layout-f402376c wp-block-column-is-layout-flow\">\n<h3 class=\"wp-block-heading\" style=\"font-size:30px;font-style:normal;font-weight:700;line-height:1.2\">Odkazy t\u0159et\u00edch stran<\/h3>\n\n\n\n<p class=\"has-normal-font-size\" style=\"line-height:1.6\">Na\u0161e webov\u00e9 str\u00e1nky mohou obsahovat odkazy na str\u00e1nky t\u0159et\u00edch stran, kter\u00e9 neprovozujeme. D\u016frazn\u011b doporu\u010dujeme, abyste si prostudovali z\u00e1sady ochrany osobn\u00edch \u00fadaj\u016f na ka\u017ed\u00e9 nav\u0161t\u00edven\u00e9 str\u00e1nce.<\/p>\n\n\n\n<h3 class=\"wp-block-heading\" style=\"font-size:30px;font-style:normal;font-weight:700;line-height:1.2\">Pr\u00e1va u\u017eivatel\u016f<\/h3>\n\n\n\n<div class=\"wp-block-group is-layout-constrained wp-container-core-group-is-layout-19e250f3 wp-block-group-is-layout-constrained\">\n<p>M\u00e1te pr\u00e1vo na:<\/p>\n\n\n\n<ul style=\"line-height:1.6\" class=\"has-normal-font-size wp-block-list\">\n<li>P\u0159\u00edstup k osobn\u00edm \u00fadaj\u016fm, kter\u00e9 o v\u00e1s m\u00e1me, jejich aktualizaci nebo vymaz\u00e1n\u00ed.<\/li>\n\n\n\n<li>Odhl\u00e1\u0161en\u00ed od budouc\u00ed komunikace.<\/li>\n\n\n\n<li>po\u017eadovat, abychom omezili zpracov\u00e1n\u00ed va\u0161ich osobn\u00edch \u00fadaj\u016f.<\/li>\n<\/ul>\n<\/div>\n\n\n\n<h3 class=\"wp-block-heading\" style=\"font-size:30px;font-style:normal;font-weight:700;line-height:1.2\">Zm\u011bny t\u011bchto z\u00e1sad ochrany osobn\u00edch \u00fadaj\u016f<\/h3>\n\n\n\n<p class=\"has-normal-font-size\" style=\"line-height:1.6\">Na\u0161e z\u00e1sady ochrany osobn\u00edch \u00fadaj\u016f m\u016f\u017eeme \u010das od \u010dasu aktualizovat. O v\u0161ech zm\u011bn\u00e1ch v\u00e1s budeme informovat zve\u0159ejn\u011bn\u00edm nov\u00fdch z\u00e1sad ochrany osobn\u00edch \u00fadaj\u016f na t\u00e9to str\u00e1nce. Pokud budete i nad\u00e1le pou\u017e\u00edvat na\u0161e slu\u017eby po jak\u00fdchkoli zm\u011bn\u00e1ch, znamen\u00e1 to, \u017ee s nov\u00fdmi podm\u00ednkami souhlas\u00edte.<\/p>\n<\/div>\n<\/div>\n<\/div>\n<\/div><\/div>\n<\/div>\n\n\n\n<div class=\"wp-block-group alignfull is-layout-constrained wp-block-group-is-layout-constrained\" style=\"margin-top:0;margin-bottom:0\">\n<div class=\"wp-block-cover alignfull\" style=\"margin-top:0;margin-bottom:0;padding-top:104px;padding-right:var(--wp--preset--spacing--30);padding-bottom:104px;padding-left:var(--wp--preset--spacing--30);min-height:50px;aspect-ratio:unset;\"><span aria-hidden=\"true\" class=\"wp-block-cover__background has-background-dim-100 has-background-dim\" style=\"background-color:#ff4d00\"><\/span><div class=\"wp-block-cover__inner-container is-layout-flow wp-block-cover-is-layout-flow\">\n<div class=\"wp-block-group is-layout-constrained wp-container-core-group-is-layout-73405a87 wp-block-group-is-layout-constrained\">\n<h2 class=\"wp-block-heading has-text-align-center\" style=\"font-size:45px;font-style:normal;font-weight:400;line-height:1.2\">V p\u0159\u00edpad\u011b jak\u00fdchkoli dotaz\u016f nebo p\u0159ipom\u00ednek k t\u011bmto z\u00e1sad\u00e1m ochrany osobn\u00edch \u00fadaj\u016f n\u00e1s pros\u00edm kontaktujte na <strong>adrese help@bitexgas.com<\/strong>.<\/h2>\n<\/div>\n<\/div><\/div>\n<\/div>\n\n\n\n<div class=\"wp-block-cover alignfull\" style=\"margin-top:0;margin-bottom:0;padding-top:100px;padding-right:var(--wp--preset--spacing--30);padding-bottom:64px;padding-left:var(--wp--preset--spacing--30);min-height:50px;aspect-ratio:unset;\"><span aria-hidden=\"true\" class=\"wp-block-cover__background has-black-background-color has-background-dim-100 has-background-dim\"><\/span><div class=\"wp-block-cover__inner-container is-layout-flow wp-block-cover-is-layout-flow\">\n<div class=\"wp-block-group is-layout-constrained wp-container-core-group-is-layout-a084365a wp-block-group-is-layout-constrained\">\n<div class=\"wp-block-columns is-layout-flex wp-container-core-columns-is-layout-e96d03bb wp-block-columns-is-layout-flex\">\n<div class=\"wp-block-column is-layout-flow wp-block-column-is-layout-flow\" style=\"flex-basis:190px\">\n<figure class=\"wp-block-image size-full\"><img loading=\"lazy\" decoding=\"async\" width=\"188\" height=\"57\" src=\"https:\/\/bitexgas.net\/wp-content\/uploads\/2024\/06\/logo-2.png\" alt=\"\" class=\"wp-image-249\"\/><\/figure>\n<\/div>\n\n\n\n<div class=\"wp-block-column is-layout-flow wp-block-column-is-layout-flow\" style=\"flex-basis:66.66%\"><\/div>\n<\/div>\n\n\n\n<p class=\"has-normal-font-size\" style=\"line-height:1.6\">U\u017eivatel\u00e9 berou na v\u011bdom\u00ed, \u017ee obchodov\u00e1n\u00ed s kryptom\u011bnami s sebou nese zna\u010dn\u00e1 rizika. Ceny jsou velmi volatiln\u00ed a mohou se rychle m\u011bnit, co\u017e m\u016f\u017ee v\u00e9st k potenci\u00e1ln\u00edm zna\u010dn\u00fdm ztr\u00e1t\u00e1m. Doporu\u010dujeme, aby u\u017eivatel\u00e9 p\u0159ed zapojen\u00edm do obchodov\u00e1n\u00ed s kryptom\u011bnami pe\u010dliv\u011b zv\u00e1\u017eili svou finan\u010dn\u00ed situaci a toleranci k riziku. Tato platforma neposkytuje investi\u010dn\u00ed, finan\u010dn\u00ed, pr\u00e1vn\u00ed, da\u0148ov\u00e9 ani jin\u00e9 poradenstv\u00ed. Ve\u0161ker\u00e9 poskytnut\u00e9 informace nebo anal\u00fdzy maj\u00ed pouze informativn\u00ed charakter a nelze je pova\u017eovat za nab\u00eddku nebo v\u00fdzvu k n\u00e1kupu \u010di prodeji kryptom\u011bn. Platforma funguje v souladu s platn\u00fdmi z\u00e1kony a p\u0159edpisy. Pr\u00e1vn\u00ed p\u0159edpisy t\u00fdkaj\u00edc\u00ed se kryptom\u011bn se v\u0161ak mohou v jednotliv\u00fdch jurisdikc\u00edch li\u0161it a mohou se m\u011bnit. U\u017eivatel\u00e9 odpov\u00eddaj\u00ed za to, \u017ee jejich pou\u017e\u00edv\u00e1n\u00ed platformy je v souladu s m\u00edstn\u00edmi z\u00e1kony a p\u0159edpisy. P\u0159i obchodov\u00e1n\u00ed s kryptom\u011bnami neexistuj\u00ed \u017e\u00e1dn\u00e9 z\u00e1ruky zisku ani ochrany p\u0159ed ztr\u00e1tami. Minul\u00e1 v\u00fdkonnost nen\u00ed ukazatelem budouc\u00edch v\u00fdsledk\u016f. U\u017eivatel\u00e9 by si m\u011bli uv\u011bdomit, \u017ee mohou p\u0159ij\u00edt o ve\u0161ker\u00fd investovan\u00fd kapit\u00e1l. P\u0159esto\u017ee se sna\u017e\u00edme poskytovat spolehlivou a bezpe\u010dnou obchodn\u00ed platformu, nezaru\u010dujeme nep\u0159etr\u017eit\u00fd provoz a neneseme odpov\u011bdnost za p\u0159\u00edpadn\u00e9 ztr\u00e1ty zp\u016fsoben\u00e9 technick\u00fdmi probl\u00e9my, tr\u017en\u00edmi podm\u00ednkami nebo jin\u00fdmi faktory, kter\u00e9 nem\u016f\u017eeme ovlivnit.<\/p>\n<\/div>\n<\/div><\/div>\n<\/div>\n\n<script src=\"https:\/\/cdn.jsdelivr.net\/npm\/locomotive-scroll@4.1.4\/dist\/locomotive-scroll.min.js\"><\/script><link href=\"https:\/\/cdn.jsdelivr.net\/npm\/locomotive-scroll@4.1.4\/dist\/locomotive-scroll.min.css\" rel=\"stylesheet\"\/><script>document.addEventListener('DOMContentLoaded', function() {\n    const locoScroll = new LocomotiveScroll({\n        el: document.querySelector(\"#page\"),\n        smooth: true\n    });\n    locoScroll.destroy();\n\n    setTimeout(function(){\n        locoScroll.init();\n    }, 100);\n});\n<\/script>\n","protected":false},"excerpt":{"rendered":"","protected":false},"author":1,"featured_media":0,"parent":0,"menu_order":0,"comment_status":"closed","ping_status":"closed","template":"","meta":{"_monsterinsights_skip_tracking":false,"_monsterinsights_sitenote_active":false,"_monsterinsights_sitenote_note":"","_monsterinsights_sitenote_category":0,"footnotes":""},"class_list":["post-875","page","type-page","status-publish","hentry"],"yoast_head":"<!-- This site is optimized with the Yoast SEO plugin v22.6 - https:\/\/yoast.com\/wordpress\/plugins\/seo\/ -->\n<title>Z\u00e1sady - BitexGas Official Website<\/title>\n<meta name=\"robots\" content=\"index, follow, max-snippet:-1, max-image-preview:large, max-video-preview:-1\" \/>\n<link rel=\"canonical\" href=\"https:\/\/bitexgas.net\/cs\/zasady\/\" \/>\n<meta property=\"og:locale\" content=\"cs_CZ\" \/>\n<meta property=\"og:type\" content=\"article\" \/>\n<meta property=\"og:title\" content=\"Z\u00e1sady - BitexGas Official Website\" \/>\n<meta property=\"og:url\" content=\"https:\/\/bitexgas.net\/cs\/zasady\/\" \/>\n<meta property=\"og:site_name\" content=\"BitexGas Official Website\" \/>\n<meta property=\"article:modified_time\" content=\"2024-06-27T11:31:35+00:00\" \/>\n<meta property=\"og:image\" content=\"https:\/\/bitexgas.net\/wp-content\/uploads\/2024\/06\/logo-2.png\" \/>\n<meta name=\"twitter:card\" content=\"summary_large_image\" \/>\n<script type=\"application\/ld+json\" class=\"yoast-schema-graph\">{\"@context\":\"https:\/\/schema.org\",\"@graph\":[{\"@type\":\"WebPage\",\"@id\":\"https:\/\/bitexgas.net\/cs\/zasady\/\",\"url\":\"https:\/\/bitexgas.net\/cs\/zasady\/\",\"name\":\"Z\u00e1sady - BitexGas Official Website\",\"isPartOf\":{\"@id\":\"https:\/\/bitexgas.net\/cs\/#website\"},\"primaryImageOfPage\":{\"@id\":\"https:\/\/bitexgas.net\/cs\/zasady\/#primaryimage\"},\"image\":{\"@id\":\"https:\/\/bitexgas.net\/cs\/zasady\/#primaryimage\"},\"thumbnailUrl\":\"https:\/\/bitexgas.net\/wp-content\/uploads\/2024\/06\/logo-2.png\",\"datePublished\":\"2024-06-18T06:10:26+00:00\",\"dateModified\":\"2024-06-27T11:31:35+00:00\",\"breadcrumb\":{\"@id\":\"https:\/\/bitexgas.net\/cs\/zasady\/#breadcrumb\"},\"inLanguage\":\"cs\",\"potentialAction\":[{\"@type\":\"ReadAction\",\"target\":[\"https:\/\/bitexgas.net\/cs\/zasady\/\"]}]},{\"@type\":\"ImageObject\",\"inLanguage\":\"cs\",\"@id\":\"https:\/\/bitexgas.net\/cs\/zasady\/#primaryimage\",\"url\":\"https:\/\/bitexgas.net\/wp-content\/uploads\/2024\/06\/logo-2.png\",\"contentUrl\":\"https:\/\/bitexgas.net\/wp-content\/uploads\/2024\/06\/logo-2.png\"},{\"@type\":\"BreadcrumbList\",\"@id\":\"https:\/\/bitexgas.net\/cs\/zasady\/#breadcrumb\",\"itemListElement\":[{\"@type\":\"ListItem\",\"position\":1,\"name\":\"Home\",\"item\":\"https:\/\/bitexgas.net\/cs\/\"},{\"@type\":\"ListItem\",\"position\":2,\"name\":\"Z\u00e1sady\"}]},{\"@type\":\"WebSite\",\"@id\":\"https:\/\/bitexgas.net\/cs\/#website\",\"url\":\"https:\/\/bitexgas.net\/cs\/\",\"name\":\"BitexGas Official Website\",\"description\":\"\",\"publisher\":{\"@id\":\"https:\/\/bitexgas.net\/cs\/#organization\"},\"potentialAction\":[{\"@type\":\"SearchAction\",\"target\":{\"@type\":\"EntryPoint\",\"urlTemplate\":\"https:\/\/bitexgas.net\/cs\/?s={search_term_string}\"},\"query-input\":\"required name=search_term_string\"}],\"inLanguage\":\"cs\"},{\"@type\":\"Organization\",\"@id\":\"https:\/\/bitexgas.net\/cs\/#organization\",\"name\":\"BitexGas Official Website\",\"url\":\"https:\/\/bitexgas.net\/cs\/\",\"logo\":{\"@type\":\"ImageObject\",\"inLanguage\":\"cs\",\"@id\":\"https:\/\/bitexgas.net\/cs\/#\/schema\/logo\/image\/\",\"url\":\"https:\/\/bitexgas.net\/wp-content\/uploads\/2024\/07\/cropped-b-net-1.png\",\"contentUrl\":\"https:\/\/bitexgas.net\/wp-content\/uploads\/2024\/07\/cropped-b-net-1.png\",\"width\":211,\"height\":64,\"caption\":\"BitexGas Official Website\"},\"image\":{\"@id\":\"https:\/\/bitexgas.net\/cs\/#\/schema\/logo\/image\/\"}}]}<\/script>\n<!-- \/ Yoast SEO plugin. -->","yoast_head_json":{"title":"Z\u00e1sady - BitexGas Official Website","robots":{"index":"index","follow":"follow","max-snippet":"max-snippet:-1","max-image-preview":"max-image-preview:large","max-video-preview":"max-video-preview:-1"},"canonical":"https:\/\/bitexgas.net\/cs\/zasady\/","og_locale":"cs_CZ","og_type":"article","og_title":"Z\u00e1sady - BitexGas Official Website","og_url":"https:\/\/bitexgas.net\/cs\/zasady\/","og_site_name":"BitexGas Official Website","article_modified_time":"2024-06-27T11:31:35+00:00","og_image":[{"url":"https:\/\/bitexgas.net\/wp-content\/uploads\/2024\/06\/logo-2.png"}],"twitter_card":"summary_large_image","schema":{"@context":"https:\/\/schema.org","@graph":[{"@type":"WebPage","@id":"https:\/\/bitexgas.net\/cs\/zasady\/","url":"https:\/\/bitexgas.net\/cs\/zasady\/","name":"Z\u00e1sady - BitexGas Official Website","isPartOf":{"@id":"https:\/\/bitexgas.net\/cs\/#website"},"primaryImageOfPage":{"@id":"https:\/\/bitexgas.net\/cs\/zasady\/#primaryimage"},"image":{"@id":"https:\/\/bitexgas.net\/cs\/zasady\/#primaryimage"},"thumbnailUrl":"https:\/\/bitexgas.net\/wp-content\/uploads\/2024\/06\/logo-2.png","datePublished":"2024-06-18T06:10:26+00:00","dateModified":"2024-06-27T11:31:35+00:00","breadcrumb":{"@id":"https:\/\/bitexgas.net\/cs\/zasady\/#breadcrumb"},"inLanguage":"cs","potentialAction":[{"@type":"ReadAction","target":["https:\/\/bitexgas.net\/cs\/zasady\/"]}]},{"@type":"ImageObject","inLanguage":"cs","@id":"https:\/\/bitexgas.net\/cs\/zasady\/#primaryimage","url":"https:\/\/bitexgas.net\/wp-content\/uploads\/2024\/06\/logo-2.png","contentUrl":"https:\/\/bitexgas.net\/wp-content\/uploads\/2024\/06\/logo-2.png"},{"@type":"BreadcrumbList","@id":"https:\/\/bitexgas.net\/cs\/zasady\/#breadcrumb","itemListElement":[{"@type":"ListItem","position":1,"name":"Home","item":"https:\/\/bitexgas.net\/cs\/"},{"@type":"ListItem","position":2,"name":"Z\u00e1sady"}]},{"@type":"WebSite","@id":"https:\/\/bitexgas.net\/cs\/#website","url":"https:\/\/bitexgas.net\/cs\/","name":"BitexGas Official Website","description":"","publisher":{"@id":"https:\/\/bitexgas.net\/cs\/#organization"},"potentialAction":[{"@type":"SearchAction","target":{"@type":"EntryPoint","urlTemplate":"https:\/\/bitexgas.net\/cs\/?s={search_term_string}"},"query-input":"required name=search_term_string"}],"inLanguage":"cs"},{"@type":"Organization","@id":"https:\/\/bitexgas.net\/cs\/#organization","name":"BitexGas Official Website","url":"https:\/\/bitexgas.net\/cs\/","logo":{"@type":"ImageObject","inLanguage":"cs","@id":"https:\/\/bitexgas.net\/cs\/#\/schema\/logo\/image\/","url":"https:\/\/bitexgas.net\/wp-content\/uploads\/2024\/07\/cropped-b-net-1.png","contentUrl":"https:\/\/bitexgas.net\/wp-content\/uploads\/2024\/07\/cropped-b-net-1.png","width":211,"height":64,"caption":"BitexGas Official Website"},"image":{"@id":"https:\/\/bitexgas.net\/cs\/#\/schema\/logo\/image\/"}}]}},"_links":{"self":[{"href":"https:\/\/bitexgas.net\/cs\/wp-json\/wp\/v2\/pages\/875","targetHints":{"allow":["GET"]}}],"collection":[{"href":"https:\/\/bitexgas.net\/cs\/wp-json\/wp\/v2\/pages"}],"about":[{"href":"https:\/\/bitexgas.net\/cs\/wp-json\/wp\/v2\/types\/page"}],"author":[{"embeddable":true,"href":"https:\/\/bitexgas.net\/cs\/wp-json\/wp\/v2\/users\/1"}],"replies":[{"embeddable":true,"href":"https:\/\/bitexgas.net\/cs\/wp-json\/wp\/v2\/comments?post=875"}],"version-history":[{"count":1,"href":"https:\/\/bitexgas.net\/cs\/wp-json\/wp\/v2\/pages\/875\/revisions"}],"predecessor-version":[{"id":879,"href":"https:\/\/bitexgas.net\/cs\/wp-json\/wp\/v2\/pages\/875\/revisions\/879"}],"wp:attachment":[{"href":"https:\/\/bitexgas.net\/cs\/wp-json\/wp\/v2\/media?parent=875"}],"curies":[{"name":"wp","href":"https:\/\/api.w.org\/{rel}","templated":true}]}}