{"id":846,"date":"2024-06-18T06:10:39","date_gmt":"2024-06-18T06:10:39","guid":{"rendered":"https:\/\/bitexgas.net\/podminky\/"},"modified":"2024-06-27T11:30:31","modified_gmt":"2024-06-27T11:30:31","slug":"podminky","status":"publish","type":"page","link":"https:\/\/bitexgas.net\/cs\/podminky\/","title":{"rendered":"Podm\u00ednky"},"content":{"rendered":"\n<div class=\"wp-block-cover alignfull\" style=\"margin-top:0;margin-bottom:0;padding-top:119px;padding-right:var(--wp--preset--spacing--30);padding-bottom:119px;padding-left:var(--wp--preset--spacing--30);min-height:50px;aspect-ratio:unset;\" id=\"terms-bg\"><span aria-hidden=\"true\" class=\"wp-block-cover__background has-background-dim\" style=\"background-color:#000047\"><\/span><img loading=\"lazy\" decoding=\"async\" width=\"1024\" height=\"197\" class=\"wp-block-cover__image-background wp-image-235\" alt=\"\" src=\"https:\/\/bitexgas.net\/wp-content\/uploads\/2024\/06\/image-2.png\" data-object-fit=\"cover\" srcset=\"https:\/\/bitexgas.net\/wp-content\/uploads\/2024\/06\/image-2.png 1024w, https:\/\/bitexgas.net\/wp-content\/uploads\/2024\/06\/image-2-300x58.png 300w, https:\/\/bitexgas.net\/wp-content\/uploads\/2024\/06\/image-2-768x148.png 768w\" sizes=\"auto, (max-width: 1024px) 100vw, 1024px\" \/><div class=\"wp-block-cover__inner-container is-layout-flow wp-block-cover-is-layout-flow\">\n<div class=\"wp-block-group is-layout-constrained wp-container-core-group-is-layout-bef80c78 wp-block-group-is-layout-constrained\">\n<h2 class=\"wp-block-heading has-text-align-center\" style=\"font-size:45px;font-style:normal;font-weight:700;line-height:1.2\">Podm\u00ednky pou\u017eit\u00ed<\/h2>\n\n\n\n<p class=\"has-text-align-center has-normal-font-size\" style=\"line-height:1.6\">P\u0159\u00edstupem na na\u0161e webov\u00e9 str\u00e1nky a slu\u017eby nebo jejich pou\u017e\u00edv\u00e1n\u00edm souhlas\u00edte s n\u00e1sleduj\u00edc\u00edmi podm\u00ednkami pou\u017e\u00edv\u00e1n\u00ed a zavazujete se jimi. Pe\u010dliv\u011b si p\u0159e\u010dt\u011bte tyto podm\u00ednky. Pokud s t\u011bmito podm\u00ednkami nesouhlas\u00edte, nem\u011bli byste na\u0161e webov\u00e9 str\u00e1nky ani slu\u017eby pou\u017e\u00edvat.<\/p>\n<\/div>\n<\/div><\/div>\n\n<div class=\"wp-block-cover alignfull\" style=\"margin-top:0;margin-bottom:0;padding-top:80px;padding-right:var(--wp--preset--spacing--30);padding-bottom:80px;padding-left:var(--wp--preset--spacing--30);min-height:50px;aspect-ratio:unset;\"><span aria-hidden=\"true\" class=\"wp-block-cover__background has-background-dim-100 has-background-dim\" style=\"background-color:#000047\"><\/span><div class=\"wp-block-cover__inner-container is-layout-flow wp-block-cover-is-layout-flow\">\n<div class=\"wp-block-group is-layout-constrained wp-container-core-group-is-layout-a31aa551 wp-block-group-is-layout-constrained\">\n<div class=\"wp-block-columns is-layout-flex wp-container-core-columns-is-layout-e524df8a wp-block-columns-is-layout-flex\">\n<div class=\"wp-block-column is-layout-flow wp-container-core-column-is-layout-f402376c wp-block-column-is-layout-flow\">\n<h2 class=\"wp-block-heading\" style=\"font-size:30px;font-style:normal;font-weight:700;line-height:1.2\">1. P\u0159ijet\u00ed podm\u00ednek<\/h2>\n\n\n\n<p class=\"has-normal-font-size\" style=\"line-height:1.6\">Pou\u017e\u00edv\u00e1n\u00edm webov\u00fdch str\u00e1nek a slu\u017eeb spole\u010dnosti BitexGas vyjad\u0159ujete souhlas s t\u011bmito podm\u00ednkami pou\u017e\u00edv\u00e1n\u00ed a v\u0161emi z\u00e1sadami, na kter\u00e9 se zde odkazuje. Tyto podm\u00ednky se vztahuj\u00ed na v\u0161echny u\u017eivatele str\u00e1nek, v\u010detn\u011b n\u00e1v\u0161t\u011bvn\u00edk\u016f, registrovan\u00fdch u\u017eivatel\u016f a p\u0159isp\u011bvatel\u016f obsahu.<\/p>\n\n\n\n<h2 class=\"wp-block-heading\" style=\"font-size:30px;font-style:normal;font-weight:700;line-height:1.2\">2. Zp\u016fsobilost<\/h2>\n\n\n\n<p class=\"has-normal-font-size\" style=\"line-height:1.6\">Abyste mohli vyu\u017e\u00edvat na\u0161e slu\u017eby, mus\u00ed v\u00e1m b\u00fdt alespo\u0148 18 let. Pou\u017e\u00edv\u00e1n\u00edm na\u0161\u00ed platformy prohla\u0161ujete a zaru\u010dujete, \u017ee spl\u0148ujete tento v\u011bkov\u00fd po\u017eadavek a m\u00e1te pr\u00e1vn\u00ed zp\u016fsobilost k uzav\u0159en\u00ed z\u00e1vazn\u00e9 smlouvy.<\/p>\n\n\n\n<h2 class=\"wp-block-heading\" style=\"font-size:30px;font-style:normal;font-weight:700;line-height:1.2\">3. Registrace \u00fa\u010dtu<\/h2>\n\n\n\n<ul style=\"line-height:1.6\" class=\"has-normal-font-size wp-block-list\">\n<li>Registrace: Pro p\u0159\u00edstup k n\u011bkter\u00fdm funkc\u00edm na\u0161\u00ed platformy je nutn\u00e9 se zaregistrovat. Souhlas\u00edte s t\u00edm, \u017ee p\u0159i registraci poskytnete p\u0159esn\u00e9 a \u00fapln\u00e9 informace a \u017ee budete udr\u017eovat informace o sv\u00e9m \u00fa\u010dtu aktu\u00e1ln\u00ed.<\/li>\n\n\n\n<li>Zabezpe\u010den\u00ed \u00fa\u010dtu: Odpov\u011bdnost za zachov\u00e1n\u00ed d\u016fv\u011brnosti p\u0159ihla\u0161ovac\u00edch \u00fadaj\u016f k \u00fa\u010dtu a za v\u0161echny \u010dinnosti, kter\u00e9 se pod va\u0161\u00edm \u00fa\u010dtem prov\u00e1d\u011bj\u00ed, nesete vy. Pokud m\u00e1te podez\u0159en\u00ed na neopr\u00e1vn\u011bn\u00e9 pou\u017eit\u00ed sv\u00e9ho \u00fa\u010dtu, neprodlen\u011b n\u00e1m to oznamte.<\/li>\n<\/ul>\n\n\n\n<h2 class=\"wp-block-heading\" style=\"font-size:30px;font-style:normal;font-weight:700;line-height:1.2\">4. Slu\u017eby<\/h2>\n\n\n\n<ul style=\"line-height:1.6\" class=\"has-normal-font-size wp-block-list\">\n<li>P\u0159\u00edstup a pou\u017eit\u00ed: BitexGas poskytuje platformu pro obchodov\u00e1n\u00ed a investov\u00e1n\u00ed do ropy a zemn\u00edho plynu. Souhlas\u00edte s t\u00edm, \u017ee budete na\u0161e slu\u017eby pou\u017e\u00edvat pouze pro z\u00e1konn\u00e9 \u00fa\u010dely a v souladu s t\u011bmito podm\u00ednkami.<\/li>\n\n\n\n<li>Vklady a v\u00fdb\u011bry: Vklady a v\u00fdb\u011bry z \u00fa\u010dtu: Vkl\u00e1dat a vyb\u00edrat pen\u00edze z \u00fa\u010dtu m\u016f\u017eete podle na\u0161ich pravidel. V\u0161echny finan\u010dn\u00ed transakce podl\u00e9haj\u00ed na\u0161im proces\u016fm ov\u011b\u0159ov\u00e1n\u00ed.<\/li>\n<\/ul>\n\n\n\n<h2 class=\"wp-block-heading\" style=\"font-size:30px;font-style:normal;font-weight:700;line-height:1.2\">5. Chov\u00e1n\u00ed u\u017eivatele<\/h2>\n\n\n\n<div class=\"wp-block-group is-layout-constrained wp-container-core-group-is-layout-19e250f3 wp-block-group-is-layout-constrained\">\n<p class=\"has-normal-font-size\" style=\"line-height:1.6\">Zak\u00e1zan\u00e9 \u010dinnosti: Souhlas\u00edte s t\u00edm, \u017ee se nebudete pod\u00edlet na \u017e\u00e1dn\u00e9 z n\u00e1sleduj\u00edc\u00edch zak\u00e1zan\u00fdch \u010dinnost\u00ed:<\/p>\n\n\n\n<ul style=\"line-height:1.6\" class=\"has-normal-font-size wp-block-list\">\n<li>Poru\u0161ov\u00e1n\u00ed platn\u00fdch z\u00e1kon\u016f nebo p\u0159edpis\u016f.<\/li>\n\n\n\n<li>pou\u017e\u00edv\u00e1n\u00ed na\u0161\u00ed platformy k podvodn\u00fdm nebo klamav\u00fdm praktik\u00e1m.<\/li>\n\n\n\n<li>naru\u0161ov\u00e1n\u00ed bezpe\u010dnosti nebo provozu na\u0161ich slu\u017eeb.<\/li>\n\n\n\n<li>Zkreslov\u00e1n\u00ed sv\u00e9 identity nebo p\u0159\u00edslu\u0161nosti k jak\u00e9koli osob\u011b nebo subjektu.<\/li>\n\n\n\n<li>zve\u0159ej\u0148ov\u00e1n\u00ed nebo p\u0159en\u00e1\u0161en\u00ed jak\u00e9hokoli \u0161kodliv\u00e9ho, ur\u00e1\u017eliv\u00e9ho nebo nez\u00e1konn\u00e9ho obsahu.<\/li>\n<\/ul>\n<\/div>\n\n\n\n<h2 class=\"wp-block-heading\" style=\"font-size:30px;font-style:normal;font-weight:700;line-height:1.2\">6. Platby a poplatky<\/h2>\n\n\n\n<ul style=\"line-height:1.6\" class=\"has-normal-font-size wp-block-list\">\n<li>Po\u017eadavky na vklady: Pro aktivaci pen\u011b\u017eenky a zah\u00e1jen\u00ed pou\u017e\u00edv\u00e1n\u00ed na\u0161ich slu\u017eeb je nutn\u00e9 prov\u00e9st minim\u00e1ln\u00ed vklad.<\/li>\n\n\n\n<li>Poplatky: Za n\u011bkter\u00e9 transakce nebo slu\u017eby m\u016f\u017eeme \u00fa\u010dtovat poplatky. P\u0159\u00edpadn\u00e9 poplatky v\u00e1m budou sd\u011bleny p\u0159ed proveden\u00edm transakce.<\/li>\n<\/ul>\n\n\n\n<h2 class=\"wp-block-heading\" style=\"font-size:30px;font-style:normal;font-weight:700;line-height:1.2\">7. Du\u0161evn\u00ed vlastnictv\u00ed<\/h2>\n\n\n\n<ul style=\"line-height:1.6\" class=\"has-normal-font-size wp-block-list\">\n<li>Vlastnictv\u00ed: Ve\u0161ker\u00fd obsah webov\u00fdch str\u00e1nek BitexGas, v\u010detn\u011b textu, grafiky, log a softwaru, je majetkem spole\u010dnosti BitexGas nebo jej\u00edch poskytovatel\u016f licenc\u00ed a je chr\u00e1n\u011bn z\u00e1kony o du\u0161evn\u00edm vlastnictv\u00ed.<\/li>\n\n\n\n<li>Licence: BitexGas v\u00e1m ud\u011bluje omezenou, nev\u00fdhradn\u00ed a nep\u0159enosnou licenci k p\u0159\u00edstupu a pou\u017e\u00edv\u00e1n\u00ed na\u0161\u00ed platformy pro osobn\u00ed a nekomer\u010dn\u00ed \u00fa\u010dely.<\/li>\n<\/ul>\n<\/div>\n\n\n\n<div class=\"wp-block-column is-layout-flow wp-container-core-column-is-layout-f402376c wp-block-column-is-layout-flow\">\n<h2 class=\"wp-block-heading\" style=\"font-size:30px;font-style:normal;font-weight:700;line-height:1.2\">8. Ochrana osobn\u00edch \u00fadaj\u016f<\/h2>\n\n\n\n<p class=\"has-normal-font-size\" style=\"line-height:1.6\">Va\u0161e pou\u017e\u00edv\u00e1n\u00ed na\u0161ich webov\u00fdch str\u00e1nek a slu\u017eeb se \u0159\u00edd\u00ed tak\u00e9 na\u0161imi Z\u00e1sadami ochrany osobn\u00edch \u00fadaj\u016f, kter\u00e9 vysv\u011btluj\u00ed, jak shroma\u017e\u010fujeme, pou\u017e\u00edv\u00e1me a sd\u00edl\u00edme va\u0161e osobn\u00ed \u00fadaje. Pou\u017e\u00edv\u00e1n\u00edm na\u0161\u00ed platformy souhlas\u00edte s postupy popsan\u00fdmi v na\u0161ich Z\u00e1sad\u00e1ch ochrany osobn\u00edch \u00fadaj\u016f.<\/p>\n\n\n\n<h2 class=\"wp-block-heading\" style=\"font-size:30px;font-style:normal;font-weight:700;line-height:1.2\">9. Prohl\u00e1\u0161en\u00ed o vylou\u010den\u00ed odpov\u011bdnosti<\/h2>\n\n\n\n<ul style=\"line-height:1.6\" class=\"has-normal-font-size wp-block-list\">\n<li>\u017d\u00e1dn\u00e9 finan\u010dn\u00ed poradenstv\u00ed: Informace poskytovan\u00e9 na na\u0161\u00ed platform\u011b maj\u00ed pouze informativn\u00ed charakter a nelze je pova\u017eovat za finan\u010dn\u00ed poradenstv\u00ed. P\u0159ed jak\u00fdmkoli investi\u010dn\u00edm rozhodnut\u00edm byste se m\u011bli poradit s finan\u010dn\u00edm poradcem.<\/li>\n\n\n\n<li>Dostupnost slu\u017eby: Sna\u017e\u00edme se zajistit, aby na\u0161e slu\u017eby byly v\u017edy dostupn\u00e9, ale nezaru\u010dujeme nep\u0159etr\u017eit\u00fd p\u0159\u00edstup. Slu\u017eby m\u016f\u017eeme kdykoli pozastavit nebo p\u0159eru\u0161it bez p\u0159edchoz\u00edho upozorn\u011bn\u00ed.<\/li>\n<\/ul>\n\n\n\n<h2 class=\"wp-block-heading\" style=\"font-size:30px;font-style:normal;font-weight:700;line-height:1.2\">10. Omezen\u00ed odpov\u011bdnosti<\/h2>\n\n\n\n<p class=\"has-normal-font-size\" style=\"line-height:1.6\">Spole\u010dnost BitexGas nenese v maxim\u00e1ln\u00edm rozsahu povolen\u00e9m z\u00e1konem odpov\u011bdnost za jak\u00e9koli p\u0159\u00edm\u00e9, nep\u0159\u00edm\u00e9, n\u00e1hodn\u00e9, zvl\u00e1\u0161tn\u00ed nebo n\u00e1sledn\u00e9 \u0161kody vypl\u00fdvaj\u00edc\u00ed z pou\u017e\u00edv\u00e1n\u00ed na\u0161\u00ed platformy nebo slu\u017eeb, mimo jin\u00e9 v\u010detn\u011b ztr\u00e1ty zisku, dat nebo jin\u00fdch nehmotn\u00fdch ztr\u00e1t.<\/p>\n\n\n\n<h2 class=\"wp-block-heading\" style=\"font-size:30px;font-style:normal;font-weight:700;line-height:1.2\">11. Od\u0161kodn\u011bn\u00ed<\/h2>\n\n\n\n<p class=\"has-normal-font-size\" style=\"line-height:1.6\">  Souhlas\u00edte s t\u00edm, \u017ee spole\u010dnost BitexGas, jej\u00ed p\u0159idru\u017een\u00e9 spole\u010dnosti a jejich p\u0159\u00edslu\u0161n\u00e9 vedouc\u00ed pracovn\u00edky, \u0159editele, zam\u011bstnance a z\u00e1stupce od\u0161kodn\u00edte a zbav\u00edte odpov\u011bdnosti za jak\u00e9koli n\u00e1roky, z\u00e1vazky, \u0161kody, ztr\u00e1ty nebo v\u00fddaje vypl\u00fdvaj\u00edc\u00ed z va\u0161eho pou\u017e\u00edv\u00e1n\u00ed na\u0161ich slu\u017eeb nebo poru\u0161en\u00ed t\u011bchto podm\u00ednek.<\/p>\n\n\n\n<h2 class=\"wp-block-heading\" style=\"font-size:30px;font-style:normal;font-weight:700;line-height:1.2\">12. \u00dapravy podm\u00ednek<\/h2>\n\n\n\n<p class=\"has-normal-font-size\" style=\"line-height:1.6\">Tyto podm\u00ednky pou\u017e\u00edv\u00e1n\u00ed m\u016f\u017eeme \u010das od \u010dasu aktualizovat. O p\u0159\u00edpadn\u00fdch zm\u011bn\u00e1ch v\u00e1s budeme informovat zve\u0159ejn\u011bn\u00edm nov\u00fdch podm\u00ednek na t\u00e9to str\u00e1nce. Pokud budete na\u0161e slu\u017eby vyu\u017e\u00edvat i po zm\u011bn\u00e1ch, znamen\u00e1 to, \u017ee s nov\u00fdmi podm\u00ednkami souhlas\u00edte.<\/p>\n\n\n\n<h2 class=\"wp-block-heading\" style=\"font-size:30px;font-style:normal;font-weight:700;line-height:1.2\">13. Ukon\u010den\u00ed<\/h2>\n\n\n\n<p class=\"has-normal-font-size\" style=\"line-height:1.6\">Vyhrazujeme si pr\u00e1vo kdykoli zru\u0161it nebo pozastavit v\u00e1\u0161 \u00fa\u010det z jak\u00e9hokoli d\u016fvodu, v\u010detn\u011b p\u0159\u00edpadu, kdy se domn\u00edv\u00e1me, \u017ee jste poru\u0161ili tyto podm\u00ednky. Po ukon\u010den\u00ed smlouvy va\u0161e pr\u00e1vo pou\u017e\u00edvat na\u0161e slu\u017eby okam\u017eit\u011b zanik\u00e1.<\/p>\n\n\n\n<h2 class=\"wp-block-heading\" style=\"font-size:30px;font-style:normal;font-weight:700;line-height:1.2\">14. Rozhodn\u00e9 pr\u00e1vo<\/h2>\n\n\n\n<p class=\"has-normal-font-size\" style=\"line-height:1.6\">Tyto Podm\u00ednky pou\u017e\u00edv\u00e1n\u00ed se \u0159\u00edd\u00ed a vykl\u00e1daj\u00ed v souladu se z\u00e1kony jurisdikce, ve kter\u00e9 spole\u010dnost BitexGas p\u016fsob\u00ed, bez ohledu na jej\u00ed kolizn\u00ed normy.<\/p>\n<\/div>\n<\/div>\n<\/div>\n<\/div><\/div>\n\n<div class=\"wp-block-cover alignfull is-light\" style=\"margin-top:0;margin-bottom:0;padding-top:104px;padding-right:var(--wp--preset--spacing--30);padding-bottom:104px;padding-left:var(--wp--preset--spacing--30);min-height:50px;aspect-ratio:unset;\"><span aria-hidden=\"true\" class=\"wp-block-cover__background has-background-dim-90 has-background-dim\" style=\"background-color:#ff4d00\"><\/span><div class=\"wp-block-cover__inner-container is-layout-flow wp-block-cover-is-layout-flow\">\n<div class=\"wp-block-group is-layout-constrained wp-container-core-group-is-layout-f2250d96 wp-block-group-is-layout-constrained\">\n<h2 class=\"wp-block-heading has-text-align-center has-gray-color has-text-color has-link-color wp-elements-7a07e448d733db3f94a6c7a8b6562909\" style=\"font-size:30px;line-height:1.2\">M\u00e1te-li jak\u00e9koli dotazy nebo p\u0159ipom\u00ednky k t\u011bmto podm\u00ednk\u00e1m pou\u017e\u00edv\u00e1n\u00ed, kontaktujte n\u00e1s na adrese help@bitexgas.com.<\/h2>\n<\/div>\n<\/div><\/div>\n\n<div class=\"wp-block-group alignfull is-layout-constrained wp-block-group-is-layout-constrained\" id=\"footer\" style=\"margin-top:0;margin-bottom:0\">\n<div class=\"wp-block-cover alignfull\" style=\"margin-top:0;margin-bottom:0;padding-top:100px;padding-right:var(--wp--preset--spacing--30);padding-bottom:64px;padding-left:var(--wp--preset--spacing--30);min-height:50px;aspect-ratio:unset;\"><span aria-hidden=\"true\" class=\"wp-block-cover__background has-black-background-color has-background-dim-100 has-background-dim\"><\/span><div class=\"wp-block-cover__inner-container is-layout-flow wp-block-cover-is-layout-flow\">\n<div class=\"wp-block-group is-layout-constrained wp-container-core-group-is-layout-a084365a wp-block-group-is-layout-constrained\">\n<div class=\"wp-block-columns is-layout-flex wp-container-core-columns-is-layout-e96d03bb wp-block-columns-is-layout-flex\">\n<div class=\"wp-block-column is-layout-flow wp-block-column-is-layout-flow\" style=\"flex-basis:190px\">\n<figure class=\"wp-block-image size-full\"><img loading=\"lazy\" decoding=\"async\" width=\"188\" height=\"57\" src=\"https:\/\/bitexgas.net\/wp-content\/uploads\/2024\/06\/logo-1.png\" alt=\"\" class=\"wp-image-229\"\/><\/figure>\n<\/div>\n\n\n\n<div class=\"wp-block-column is-layout-flow wp-block-column-is-layout-flow\" style=\"flex-basis:66.66%\"><\/div>\n<\/div>\n\n\n\n<p class=\"has-normal-font-size\" style=\"line-height:1.6\">U\u017eivatel\u00e9 berou na v\u011bdom\u00ed, \u017ee obchodov\u00e1n\u00ed s kryptom\u011bnami s sebou nese zna\u010dn\u00e1 rizika. Ceny jsou velmi volatiln\u00ed a mohou se rychle m\u011bnit, co\u017e m\u016f\u017ee v\u00e9st k potenci\u00e1ln\u00edm zna\u010dn\u00fdm ztr\u00e1t\u00e1m. Doporu\u010dujeme, aby u\u017eivatel\u00e9 p\u0159ed zapojen\u00edm do obchodov\u00e1n\u00ed s kryptom\u011bnami pe\u010dliv\u011b zv\u00e1\u017eili svou finan\u010dn\u00ed situaci a toleranci k riziku. Tato platforma neposkytuje investi\u010dn\u00ed, finan\u010dn\u00ed, pr\u00e1vn\u00ed, da\u0148ov\u00e9 ani jin\u00e9 poradenstv\u00ed. Ve\u0161ker\u00e9 poskytnut\u00e9 informace nebo anal\u00fdzy maj\u00ed pouze informativn\u00ed charakter a nelze je pova\u017eovat za nab\u00eddku nebo v\u00fdzvu k n\u00e1kupu \u010di prodeji kryptom\u011bn. Platforma funguje v souladu s platn\u00fdmi z\u00e1kony a p\u0159edpisy. Pr\u00e1vn\u00ed p\u0159edpisy t\u00fdkaj\u00edc\u00ed se kryptom\u011bn se v\u0161ak mohou v jednotliv\u00fdch jurisdikc\u00edch li\u0161it a mohou se m\u011bnit. U\u017eivatel\u00e9 odpov\u00eddaj\u00ed za to, \u017ee jejich pou\u017e\u00edv\u00e1n\u00ed platformy je v souladu s m\u00edstn\u00edmi z\u00e1kony a p\u0159edpisy. P\u0159i obchodov\u00e1n\u00ed s kryptom\u011bnami neexistuj\u00ed \u017e\u00e1dn\u00e9 z\u00e1ruky zisku ani ochrany p\u0159ed ztr\u00e1tami. Minul\u00e1 v\u00fdkonnost nen\u00ed ukazatelem budouc\u00edch v\u00fdsledk\u016f. U\u017eivatel\u00e9 by si m\u011bli uv\u011bdomit, \u017ee mohou p\u0159ij\u00edt o ve\u0161ker\u00fd investovan\u00fd kapit\u00e1l. P\u0159esto\u017ee se sna\u017e\u00edme poskytovat spolehlivou a bezpe\u010dnou obchodn\u00ed platformu, nezaru\u010dujeme nep\u0159etr\u017eit\u00fd provoz a neneseme odpov\u011bdnost za p\u0159\u00edpadn\u00e9 ztr\u00e1ty zp\u016fsoben\u00e9 technick\u00fdmi probl\u00e9my, tr\u017en\u00edmi podm\u00ednkami nebo jin\u00fdmi faktory, kter\u00e9 nem\u016f\u017eeme ovlivnit.<\/p>\n<\/div>\n<\/div><\/div>\n<\/div>\n\n<script src=\"https:\/\/cdn.jsdelivr.net\/npm\/locomotive-scroll@4.1.4\/dist\/locomotive-scroll.min.js\"><\/script><link href=\"https:\/\/cdn.jsdelivr.net\/npm\/locomotive-scroll@4.1.4\/dist\/locomotive-scroll.min.css\" rel=\"stylesheet\"\/><script>document.addEventListener('DOMContentLoaded', function() {\n    const locoScroll = new LocomotiveScroll({\n        el: document.querySelector(\"#page\"),\n        smooth: true\n    });\n    locoScroll.destroy();\n\n    setTimeout(function(){\n        locoScroll.init();\n    }, 100);\n});\n<\/script>\n","protected":false},"excerpt":{"rendered":"","protected":false},"author":1,"featured_media":0,"parent":0,"menu_order":0,"comment_status":"closed","ping_status":"closed","template":"","meta":{"_monsterinsights_skip_tracking":false,"_monsterinsights_sitenote_active":false,"_monsterinsights_sitenote_note":"","_monsterinsights_sitenote_category":0,"footnotes":""},"class_list":["post-846","page","type-page","status-publish","hentry"],"yoast_head":"<!-- This site is optimized with the Yoast SEO plugin v22.6 - https:\/\/yoast.com\/wordpress\/plugins\/seo\/ -->\n<title>Podm\u00ednky - BitexGas Official Website<\/title>\n<meta name=\"robots\" content=\"index, follow, max-snippet:-1, max-image-preview:large, max-video-preview:-1\" \/>\n<link rel=\"canonical\" href=\"https:\/\/bitexgas.net\/cs\/podminky\/\" \/>\n<meta property=\"og:locale\" content=\"cs_CZ\" \/>\n<meta property=\"og:type\" content=\"article\" \/>\n<meta property=\"og:title\" content=\"Podm\u00ednky - BitexGas Official Website\" \/>\n<meta property=\"og:url\" content=\"https:\/\/bitexgas.net\/cs\/podminky\/\" \/>\n<meta property=\"og:site_name\" content=\"BitexGas Official Website\" \/>\n<meta property=\"article:modified_time\" content=\"2024-06-27T11:30:31+00:00\" \/>\n<meta property=\"og:image\" content=\"https:\/\/bitexgas.net\/wp-content\/uploads\/2024\/06\/image-2.png\" \/>\n<meta name=\"twitter:card\" content=\"summary_large_image\" \/>\n<script type=\"application\/ld+json\" class=\"yoast-schema-graph\">{\"@context\":\"https:\/\/schema.org\",\"@graph\":[{\"@type\":\"WebPage\",\"@id\":\"https:\/\/bitexgas.net\/cs\/podminky\/\",\"url\":\"https:\/\/bitexgas.net\/cs\/podminky\/\",\"name\":\"Podm\u00ednky - BitexGas Official Website\",\"isPartOf\":{\"@id\":\"https:\/\/bitexgas.net\/cs\/#website\"},\"primaryImageOfPage\":{\"@id\":\"https:\/\/bitexgas.net\/cs\/podminky\/#primaryimage\"},\"image\":{\"@id\":\"https:\/\/bitexgas.net\/cs\/podminky\/#primaryimage\"},\"thumbnailUrl\":\"https:\/\/bitexgas.net\/wp-content\/uploads\/2024\/06\/image-2.png\",\"datePublished\":\"2024-06-18T06:10:39+00:00\",\"dateModified\":\"2024-06-27T11:30:31+00:00\",\"breadcrumb\":{\"@id\":\"https:\/\/bitexgas.net\/cs\/podminky\/#breadcrumb\"},\"inLanguage\":\"cs\",\"potentialAction\":[{\"@type\":\"ReadAction\",\"target\":[\"https:\/\/bitexgas.net\/cs\/podminky\/\"]}]},{\"@type\":\"ImageObject\",\"inLanguage\":\"cs\",\"@id\":\"https:\/\/bitexgas.net\/cs\/podminky\/#primaryimage\",\"url\":\"https:\/\/bitexgas.net\/wp-content\/uploads\/2024\/06\/image-2.png\",\"contentUrl\":\"https:\/\/bitexgas.net\/wp-content\/uploads\/2024\/06\/image-2.png\"},{\"@type\":\"BreadcrumbList\",\"@id\":\"https:\/\/bitexgas.net\/cs\/podminky\/#breadcrumb\",\"itemListElement\":[{\"@type\":\"ListItem\",\"position\":1,\"name\":\"Home\",\"item\":\"https:\/\/bitexgas.net\/cs\/\"},{\"@type\":\"ListItem\",\"position\":2,\"name\":\"Podm\u00ednky\"}]},{\"@type\":\"WebSite\",\"@id\":\"https:\/\/bitexgas.net\/cs\/#website\",\"url\":\"https:\/\/bitexgas.net\/cs\/\",\"name\":\"BitexGas Official Website\",\"description\":\"\",\"publisher\":{\"@id\":\"https:\/\/bitexgas.net\/cs\/#organization\"},\"potentialAction\":[{\"@type\":\"SearchAction\",\"target\":{\"@type\":\"EntryPoint\",\"urlTemplate\":\"https:\/\/bitexgas.net\/cs\/?s={search_term_string}\"},\"query-input\":\"required name=search_term_string\"}],\"inLanguage\":\"cs\"},{\"@type\":\"Organization\",\"@id\":\"https:\/\/bitexgas.net\/cs\/#organization\",\"name\":\"BitexGas Official Website\",\"url\":\"https:\/\/bitexgas.net\/cs\/\",\"logo\":{\"@type\":\"ImageObject\",\"inLanguage\":\"cs\",\"@id\":\"https:\/\/bitexgas.net\/cs\/#\/schema\/logo\/image\/\",\"url\":\"https:\/\/bitexgas.net\/wp-content\/uploads\/2024\/07\/cropped-b-net-1.png\",\"contentUrl\":\"https:\/\/bitexgas.net\/wp-content\/uploads\/2024\/07\/cropped-b-net-1.png\",\"width\":211,\"height\":64,\"caption\":\"BitexGas Official Website\"},\"image\":{\"@id\":\"https:\/\/bitexgas.net\/cs\/#\/schema\/logo\/image\/\"}}]}<\/script>\n<!-- \/ Yoast SEO plugin. -->","yoast_head_json":{"title":"Podm\u00ednky - BitexGas Official Website","robots":{"index":"index","follow":"follow","max-snippet":"max-snippet:-1","max-image-preview":"max-image-preview:large","max-video-preview":"max-video-preview:-1"},"canonical":"https:\/\/bitexgas.net\/cs\/podminky\/","og_locale":"cs_CZ","og_type":"article","og_title":"Podm\u00ednky - BitexGas Official Website","og_url":"https:\/\/bitexgas.net\/cs\/podminky\/","og_site_name":"BitexGas Official Website","article_modified_time":"2024-06-27T11:30:31+00:00","og_image":[{"url":"https:\/\/bitexgas.net\/wp-content\/uploads\/2024\/06\/image-2.png"}],"twitter_card":"summary_large_image","schema":{"@context":"https:\/\/schema.org","@graph":[{"@type":"WebPage","@id":"https:\/\/bitexgas.net\/cs\/podminky\/","url":"https:\/\/bitexgas.net\/cs\/podminky\/","name":"Podm\u00ednky - BitexGas Official Website","isPartOf":{"@id":"https:\/\/bitexgas.net\/cs\/#website"},"primaryImageOfPage":{"@id":"https:\/\/bitexgas.net\/cs\/podminky\/#primaryimage"},"image":{"@id":"https:\/\/bitexgas.net\/cs\/podminky\/#primaryimage"},"thumbnailUrl":"https:\/\/bitexgas.net\/wp-content\/uploads\/2024\/06\/image-2.png","datePublished":"2024-06-18T06:10:39+00:00","dateModified":"2024-06-27T11:30:31+00:00","breadcrumb":{"@id":"https:\/\/bitexgas.net\/cs\/podminky\/#breadcrumb"},"inLanguage":"cs","potentialAction":[{"@type":"ReadAction","target":["https:\/\/bitexgas.net\/cs\/podminky\/"]}]},{"@type":"ImageObject","inLanguage":"cs","@id":"https:\/\/bitexgas.net\/cs\/podminky\/#primaryimage","url":"https:\/\/bitexgas.net\/wp-content\/uploads\/2024\/06\/image-2.png","contentUrl":"https:\/\/bitexgas.net\/wp-content\/uploads\/2024\/06\/image-2.png"},{"@type":"BreadcrumbList","@id":"https:\/\/bitexgas.net\/cs\/podminky\/#breadcrumb","itemListElement":[{"@type":"ListItem","position":1,"name":"Home","item":"https:\/\/bitexgas.net\/cs\/"},{"@type":"ListItem","position":2,"name":"Podm\u00ednky"}]},{"@type":"WebSite","@id":"https:\/\/bitexgas.net\/cs\/#website","url":"https:\/\/bitexgas.net\/cs\/","name":"BitexGas Official Website","description":"","publisher":{"@id":"https:\/\/bitexgas.net\/cs\/#organization"},"potentialAction":[{"@type":"SearchAction","target":{"@type":"EntryPoint","urlTemplate":"https:\/\/bitexgas.net\/cs\/?s={search_term_string}"},"query-input":"required name=search_term_string"}],"inLanguage":"cs"},{"@type":"Organization","@id":"https:\/\/bitexgas.net\/cs\/#organization","name":"BitexGas Official Website","url":"https:\/\/bitexgas.net\/cs\/","logo":{"@type":"ImageObject","inLanguage":"cs","@id":"https:\/\/bitexgas.net\/cs\/#\/schema\/logo\/image\/","url":"https:\/\/bitexgas.net\/wp-content\/uploads\/2024\/07\/cropped-b-net-1.png","contentUrl":"https:\/\/bitexgas.net\/wp-content\/uploads\/2024\/07\/cropped-b-net-1.png","width":211,"height":64,"caption":"BitexGas Official Website"},"image":{"@id":"https:\/\/bitexgas.net\/cs\/#\/schema\/logo\/image\/"}}]}},"_links":{"self":[{"href":"https:\/\/bitexgas.net\/cs\/wp-json\/wp\/v2\/pages\/846","targetHints":{"allow":["GET"]}}],"collection":[{"href":"https:\/\/bitexgas.net\/cs\/wp-json\/wp\/v2\/pages"}],"about":[{"href":"https:\/\/bitexgas.net\/cs\/wp-json\/wp\/v2\/types\/page"}],"author":[{"embeddable":true,"href":"https:\/\/bitexgas.net\/cs\/wp-json\/wp\/v2\/users\/1"}],"replies":[{"embeddable":true,"href":"https:\/\/bitexgas.net\/cs\/wp-json\/wp\/v2\/comments?post=846"}],"version-history":[{"count":1,"href":"https:\/\/bitexgas.net\/cs\/wp-json\/wp\/v2\/pages\/846\/revisions"}],"predecessor-version":[{"id":855,"href":"https:\/\/bitexgas.net\/cs\/wp-json\/wp\/v2\/pages\/846\/revisions\/855"}],"wp:attachment":[{"href":"https:\/\/bitexgas.net\/cs\/wp-json\/wp\/v2\/media?parent=846"}],"curies":[{"name":"wp","href":"https:\/\/api.w.org\/{rel}","templated":true}]}}